{"id":6530,"date":"2025-02-27T10:48:03","date_gmt":"2025-02-27T10:48:03","guid":{"rendered":"https:\/\/aevaledeste.pt\/site\/?page_id=6530"},"modified":"2025-10-07T10:16:21","modified_gmt":"2025-10-07T10:16:21","slug":"oferta-educativa","status":"publish","type":"page","link":"https:\/\/aevaledeste.pt\/site\/oferta-educativa\/","title":{"rendered":"Oferta Formativa"},"content":{"rendered":"\t\t<div data-elementor-type=\"wp-post\" data-elementor-id=\"6530\" class=\"elementor elementor-6530\">\n\t\t\t\t\t\t<section class=\"elementor-section elementor-top-section elementor-element elementor-element-94686a6 elementor-section-boxed elementor-section-height-default elementor-section-height-default\" data-id=\"94686a6\" data-element_type=\"section\">\n\t\t\t\t\t\t<div class=\"elementor-container elementor-column-gap-default\">\n\t\t\t\t\t<div class=\"elementor-column elementor-col-100 elementor-top-column elementor-element elementor-element-80209df\" data-id=\"80209df\" data-element_type=\"column\">\n\t\t\t<div class=\"elementor-widget-wrap elementor-element-populated\">\n\t\t\t\t\t\t<div class=\"elementor-element elementor-element-1693d80 elementor-widget__width-initial elementor-widget elementor-widget-heading\" data-id=\"1693d80\" data-element_type=\"widget\" data-widget_type=\"heading.default\">\n\t\t\t\t<div class=\"elementor-widget-container\">\n\t\t\t<h1 class=\"elementor-heading-title elementor-size-xl\">Oferta Formativa<\/h1>\t\t<\/div>\n\t\t\t\t<\/div>\n\t\t\t\t<div class=\"elementor-element elementor-element-0176d28 elementor-widget-divider--view-line elementor-widget elementor-widget-divider\" data-id=\"0176d28\" data-element_type=\"widget\" data-widget_type=\"divider.default\">\n\t\t\t\t<div class=\"elementor-widget-container\">\n\t\t\t\t\t<div class=\"elementor-divider\">\n\t\t\t<span class=\"elementor-divider-separator\">\n\t\t\t\t\t\t<\/span>\n\t\t<\/div>\n\t\t\t\t<\/div>\n\t\t\t\t<\/div>\n\t\t\t\t\t<\/div>\n\t\t<\/div>\n\t\t\t\t\t<\/div>\n\t\t<\/section>\n\t\t\t\t<section class=\"elementor-section elementor-top-section elementor-element elementor-element-298fee0 elementor-section-boxed elementor-section-height-default elementor-section-height-default\" data-id=\"298fee0\" data-element_type=\"section\">\n\t\t\t\t\t\t<div class=\"elementor-container elementor-column-gap-default\">\n\t\t\t\t\t<div class=\"elementor-column elementor-col-100 elementor-top-column elementor-element elementor-element-c5023cb\" data-id=\"c5023cb\" data-element_type=\"column\">\n\t\t\t<div class=\"elementor-widget-wrap elementor-element-populated\">\n\t\t\t\t\t\t<div class=\"elementor-element elementor-element-98e500f elementor-view-stacked elementor-shape-square elementor-position-left elementor-widget__width-initial elementor-vertical-align-middle elementor-mobile-position-top elementor-widget elementor-widget-icon-box\" data-id=\"98e500f\" data-element_type=\"widget\" data-widget_type=\"icon-box.default\">\n\t\t\t\t<div class=\"elementor-widget-container\">\n\t\t\t\t\t<div class=\"elementor-icon-box-wrapper\">\n\n\t\t\t\t\t\t<div class=\"elementor-icon-box-icon\">\n\t\t\t\t<span  class=\"elementor-icon elementor-animation-\">\n\t\t\t\t<i aria-hidden=\"true\" class=\"fas fa-chevron-right\"><\/i>\t\t\t\t<\/span>\n\t\t\t<\/div>\n\t\t\t\n\t\t\t\t\t\t<div class=\"elementor-icon-box-content\">\n\n\t\t\t\t\t\t\t\t\t<h5 class=\"elementor-icon-box-title\">\n\t\t\t\t\t\t<span  >\n\t\t\t\t\t\t\tCursos profissionais (financiados)\t\t\t\t\t\t<\/span>\n\t\t\t\t\t<\/h5>\n\t\t\t\t\n\t\t\t\t\n\t\t\t<\/div>\n\t\t\t\n\t\t<\/div>\n\t\t\t\t<\/div>\n\t\t\t\t<\/div>\n\t\t\t\t<div class=\"elementor-element elementor-element-fb7994e elementor-widget elementor-widget-text-editor\" data-id=\"fb7994e\" data-element_type=\"widget\" data-widget_type=\"text-editor.default\">\n\t\t\t\t<div class=\"elementor-widget-container\">\n\t\t\t\t\t\t\t<p><span style=\"text-decoration: underline;\"><strong>Ano Letivo 2023\/2024<\/strong><\/span><\/p><ul><li>T\u00e9cnico de Inform\u00e1tica \u2013 Sistemas\/T\u00e9cnico de Desporto: 2021-2024<\/li><li>T\u00e9cnico de Opera\u00e7\u00f5es Tur\u00edsticas: 2022-2025<\/li><li>T\u00e9cnico de Multim\u00e9dia: 2023-2026<\/li><li><a href=\"https:\/\/aevaledeste.pt\/site\/wp-content\/uploads\/2025\/02\/PESSOAS2030_FichaOperacao_A4_23_24.pdf\" target=\"_blank\" rel=\"noopener\">Ficha da Opera\u00e7\u00e3o<\/a><\/li><\/ul><p><span style=\"text-decoration: underline;\"><strong>Ano Letivo 2024\/2025<\/strong><\/span><\/p><ul><li>T\u00e9cnico de Opera\u00e7\u00f5es Tur\u00edsticas: 2022-2025<\/li><li>T\u00e9cnico de Multim\u00e9dia: 2023-2026<\/li><li>T\u00e9cnico de Inform\u00e1tica \u2013 Sistemas: 2024-2027<\/li><li><a href=\"https:\/\/aevaledeste.pt\/site\/wp-content\/uploads\/2025\/03\/PESSOAS2030_FichaOperacao_A4_24_25_n.pdf\" target=\"_blank\" rel=\"noopener\">Ficha da Opera\u00e7\u00e3o<\/a><\/li><\/ul><p><span style=\"text-decoration: underline;\"><strong>Ano Letivo 2025\/2026<\/strong><\/span><\/p><ul><li>T\u00e9cnico de Multim\u00e9dia: 2023-2026<\/li><li>T\u00e9cnico de Inform\u00e1tica \u2013 Sistemas: 2024-2027<\/li><li>T\u00e9cnico de Turismo: 2025-2028<\/li><\/ul><p>\u00a0 \u00a0 \u00a0 \u00a0 \u00a0 \u00a0 \u00a0 \u00a0 \u00a0 \u00a0 \u00a0 \u00a0 \u00a0 \u00a0 \u00a0 \u00a0 \u00a0 \u00a0 \u00a0 \u00a0 \u00a0 \u00a0 \u00a0 \u00a0 \u00a0 \u00a0 \u00a0 \u00a0<img decoding=\"async\" class=\"wp-image-6526 alignnone\" src=\"https:\/\/aevaledeste.pt\/site\/wp-content\/uploads\/2025\/02\/Selo_OIE_1-150x150.png\" alt=\"\" width=\"92\" height=\"92\" srcset=\"https:\/\/aevaledeste.pt\/site\/wp-content\/uploads\/2025\/02\/Selo_OIE_1-150x150.png 150w, https:\/\/aevaledeste.pt\/site\/wp-content\/uploads\/2025\/02\/Selo_OIE_1-12x12.png 12w, https:\/\/aevaledeste.pt\/site\/wp-content\/uploads\/2025\/02\/Selo_OIE_1-420x420.png 420w\" sizes=\"(max-width: 92px) 100vw, 92px\" \/><img decoding=\"async\" class=\"alignnone wp-image-6524\" src=\"https:\/\/aevaledeste.pt\/site\/wp-content\/uploads\/2025\/02\/Bannner_Profiss_2030-300x65.png\" alt=\"\" width=\"400\" height=\"87\" srcset=\"https:\/\/aevaledeste.pt\/site\/wp-content\/uploads\/2025\/02\/Bannner_Profiss_2030-300x65.png 300w, https:\/\/aevaledeste.pt\/site\/wp-content\/uploads\/2025\/02\/Bannner_Profiss_2030-1024x223.png 1024w, https:\/\/aevaledeste.pt\/site\/wp-content\/uploads\/2025\/02\/Bannner_Profiss_2030-768x167.png 768w, https:\/\/aevaledeste.pt\/site\/wp-content\/uploads\/2025\/02\/Bannner_Profiss_2030-1536x335.png 1536w, https:\/\/aevaledeste.pt\/site\/wp-content\/uploads\/2025\/02\/Bannner_Profiss_2030-2048x446.png 2048w, https:\/\/aevaledeste.pt\/site\/wp-content\/uploads\/2025\/02\/Bannner_Profiss_2030-18x4.png 18w, https:\/\/aevaledeste.pt\/site\/wp-content\/uploads\/2025\/02\/Bannner_Profiss_2030-150x33.png 150w\" sizes=\"(max-width: 400px) 100vw, 400px\" \/><\/p>\t\t\t\t\t\t<\/div>\n\t\t\t\t<\/div>\n\t\t\t\t\t<\/div>\n\t\t<\/div>\n\t\t\t\t\t<\/div>\n\t\t<\/section>\n\t\t\t\t<section class=\"elementor-section elementor-top-section elementor-element elementor-element-3e57045 elementor-section-boxed elementor-section-height-default elementor-section-height-default\" data-id=\"3e57045\" data-element_type=\"section\">\n\t\t\t\t\t\t<div class=\"elementor-container elementor-column-gap-default\">\n\t\t\t\t\t<div class=\"elementor-column elementor-col-100 elementor-top-column elementor-element elementor-element-2b27c0e\" data-id=\"2b27c0e\" data-element_type=\"column\">\n\t\t\t<div class=\"elementor-widget-wrap elementor-element-populated\">\n\t\t\t\t\t\t<div class=\"elementor-element elementor-element-d347763 elementor-view-stacked elementor-shape-square elementor-position-left elementor-vertical-align-middle elementor-mobile-position-top elementor-widget elementor-widget-icon-box\" data-id=\"d347763\" data-element_type=\"widget\" data-widget_type=\"icon-box.default\">\n\t\t\t\t<div class=\"elementor-widget-container\">\n\t\t\t\t\t<div class=\"elementor-icon-box-wrapper\">\n\n\t\t\t\t\t\t<div class=\"elementor-icon-box-icon\">\n\t\t\t\t<span  class=\"elementor-icon elementor-animation-\">\n\t\t\t\t<i aria-hidden=\"true\" class=\"fas fa-chevron-right\"><\/i>\t\t\t\t<\/span>\n\t\t\t<\/div>\n\t\t\t\n\t\t\t\t\t\t<div class=\"elementor-icon-box-content\">\n\n\t\t\t\t\t\t\t\t\t<h5 class=\"elementor-icon-box-title\">\n\t\t\t\t\t\t<span  >\n\t\t\t\t\t\t\tEnsino Regular\t\t\t\t\t\t<\/span>\n\t\t\t\t\t<\/h5>\n\t\t\t\t\n\t\t\t\t\n\t\t\t<\/div>\n\t\t\t\n\t\t<\/div>\n\t\t\t\t<\/div>\n\t\t\t\t<\/div>\n\t\t\t\t<div class=\"elementor-element elementor-element-b5824f2 elementor-widget elementor-widget-text-editor\" data-id=\"b5824f2\" data-element_type=\"widget\" data-widget_type=\"text-editor.default\">\n\t\t\t\t<div class=\"elementor-widget-container\">\n\t\t\t\t\t\t\t<ul><li>Pr\u00e9-Escolar<\/li><li>1.\u00baCiclo<\/li><li>2.\u00baCiclo<\/li><li>3.\u00baCiclo<\/li><li>Ensino Secund\u00e1rio<ul><li>Curso Cient\u00edfico-Human\u00edsticos:<ul><li>Curso de Ci\u00eancias e Tecnologias<\/li><li>Curso de L\u00ednguas e Humanidades<\/li><\/ul><\/li><\/ul><\/li><\/ul>\t\t\t\t\t\t<\/div>\n\t\t\t\t<\/div>\n\t\t\t\t\t<\/div>\n\t\t<\/div>\n\t\t\t\t\t<\/div>\n\t\t<\/section>\n\t\t\t\t<\/div>\n\t\t","protected":false},"excerpt":{"rendered":"<p>Oferta Formativa Cursos profissionais (financiados) Ano Letivo 2023\/2024 T\u00e9cnico de Inform\u00e1tica \u2013 Sistemas\/T\u00e9cnico de Desporto: 2021-2024 T\u00e9cnico de Opera\u00e7\u00f5es Tur\u00edsticas: 2022-2025 T\u00e9cnico de Multim\u00e9dia: 2023-2026 Ficha da Opera\u00e7\u00e3o Ano Letivo 2024\/2025 T\u00e9cnico de Opera\u00e7\u00f5es Tur\u00edsticas: 2022-2025 T\u00e9cnico de Multim\u00e9dia: 2023-2026 T\u00e9cnico de Inform\u00e1tica \u2013 Sistemas:&nbsp;<a href=\"https:\/\/aevaledeste.pt\/site\/oferta-educativa\/\">&hellip;<\/a><\/p>\n","protected":false},"author":5,"featured_media":0,"parent":0,"menu_order":0,"comment_status":"closed","ping_status":"closed","template":"","meta":{"footnotes":""},"class_list":["post-6530","page","type-page","status-publish","hentry","odd"],"yoast_head":"<!-- This site is optimized with the Yoast SEO plugin v23.7 - https:\/\/yoast.com\/wordpress\/plugins\/seo\/ -->\n<title>Oferta Formativa - Agrupamento de Escolas de Vale D&#039;Este<\/title>\n<meta name=\"robots\" content=\"index, follow, max-snippet:-1, max-image-preview:large, max-video-preview:-1\" \/>\n<link rel=\"canonical\" href=\"https:\/\/aevaledeste.pt\/site\/oferta-educativa\/\" \/>\n<meta property=\"og:locale\" content=\"pt_PT\" \/>\n<meta property=\"og:type\" content=\"article\" \/>\n<meta property=\"og:title\" content=\"Oferta Formativa - Agrupamento de Escolas de Vale D&#039;Este\" \/>\n<meta property=\"og:description\" content=\"Oferta Formativa Cursos profissionais (financiados) Ano Letivo 2023\/2024 T\u00e9cnico de Inform\u00e1tica \u2013 Sistemas\/T\u00e9cnico de Desporto: 2021-2024 T\u00e9cnico de Opera\u00e7\u00f5es Tur\u00edsticas: 2022-2025 T\u00e9cnico de Multim\u00e9dia: 2023-2026 Ficha da Opera\u00e7\u00e3o Ano Letivo 2024\/2025 T\u00e9cnico de Opera\u00e7\u00f5es Tur\u00edsticas: 2022-2025 T\u00e9cnico de Multim\u00e9dia: 2023-2026 T\u00e9cnico de Inform\u00e1tica \u2013 Sistemas:&nbsp;&hellip;\" \/>\n<meta property=\"og:url\" content=\"https:\/\/aevaledeste.pt\/site\/oferta-educativa\/\" \/>\n<meta property=\"og:site_name\" content=\"Agrupamento de Escolas de Vale D&#039;Este\" \/>\n<meta property=\"article:modified_time\" content=\"2025-10-07T10:16:21+00:00\" \/>\n<meta property=\"og:image\" content=\"https:\/\/aevaledeste.pt\/site\/wp-content\/uploads\/2025\/02\/Selo_OIE_1.png\" \/>\n\t<meta property=\"og:image:width\" content=\"604\" \/>\n\t<meta property=\"og:image:height\" content=\"582\" \/>\n\t<meta property=\"og:image:type\" content=\"image\/png\" \/>\n<meta name=\"twitter:card\" content=\"summary_large_image\" \/>\n<meta name=\"twitter:label1\" content=\"Tempo estimado de leitura\" \/>\n\t<meta name=\"twitter:data1\" content=\"1 minuto\" \/>\n<script type=\"application\/ld+json\" class=\"yoast-schema-graph\">{\"@context\":\"https:\/\/schema.org\",\"@graph\":[{\"@type\":\"WebPage\",\"@id\":\"https:\/\/aevaledeste.pt\/site\/oferta-educativa\/\",\"url\":\"https:\/\/aevaledeste.pt\/site\/oferta-educativa\/\",\"name\":\"Oferta Formativa - Agrupamento de Escolas de Vale D&#039;Este\",\"isPartOf\":{\"@id\":\"https:\/\/aevaledeste.pt\/site\/#website\"},\"primaryImageOfPage\":{\"@id\":\"https:\/\/aevaledeste.pt\/site\/oferta-educativa\/#primaryimage\"},\"image\":{\"@id\":\"https:\/\/aevaledeste.pt\/site\/oferta-educativa\/#primaryimage\"},\"thumbnailUrl\":\"https:\/\/aevaledeste.pt\/site\/wp-content\/uploads\/2025\/02\/Selo_OIE_1-150x150.png\",\"datePublished\":\"2025-02-27T10:48:03+00:00\",\"dateModified\":\"2025-10-07T10:16:21+00:00\",\"breadcrumb\":{\"@id\":\"https:\/\/aevaledeste.pt\/site\/oferta-educativa\/#breadcrumb\"},\"inLanguage\":\"pt-PT\",\"potentialAction\":[{\"@type\":\"ReadAction\",\"target\":[\"https:\/\/aevaledeste.pt\/site\/oferta-educativa\/\"]}]},{\"@type\":\"ImageObject\",\"inLanguage\":\"pt-PT\",\"@id\":\"https:\/\/aevaledeste.pt\/site\/oferta-educativa\/#primaryimage\",\"url\":\"https:\/\/aevaledeste.pt\/site\/wp-content\/uploads\/2025\/02\/Selo_OIE_1.png\",\"contentUrl\":\"https:\/\/aevaledeste.pt\/site\/wp-content\/uploads\/2025\/02\/Selo_OIE_1.png\",\"width\":604,\"height\":582},{\"@type\":\"BreadcrumbList\",\"@id\":\"https:\/\/aevaledeste.pt\/site\/oferta-educativa\/#breadcrumb\",\"itemListElement\":[{\"@type\":\"ListItem\",\"position\":1,\"name\":\"In\u00edcio\",\"item\":\"https:\/\/aevaledeste.pt\/site\/\"},{\"@type\":\"ListItem\",\"position\":2,\"name\":\"Oferta Formativa\"}]},{\"@type\":\"WebSite\",\"@id\":\"https:\/\/aevaledeste.pt\/site\/#website\",\"url\":\"https:\/\/aevaledeste.pt\/site\/\",\"name\":\"Agrupamento de Escolas de Vale D&#039;Este\",\"description\":\"Faz a tua escolha!\",\"publisher\":{\"@id\":\"https:\/\/aevaledeste.pt\/site\/#organization\"},\"potentialAction\":[{\"@type\":\"SearchAction\",\"target\":{\"@type\":\"EntryPoint\",\"urlTemplate\":\"https:\/\/aevaledeste.pt\/site\/?s={search_term_string}\"},\"query-input\":{\"@type\":\"PropertyValueSpecification\",\"valueRequired\":true,\"valueName\":\"search_term_string\"}}],\"inLanguage\":\"pt-PT\"},{\"@type\":\"Organization\",\"@id\":\"https:\/\/aevaledeste.pt\/site\/#organization\",\"name\":\"Agrupamento de Escolas de Vale D&#039;Este\",\"url\":\"https:\/\/aevaledeste.pt\/site\/\",\"logo\":{\"@type\":\"ImageObject\",\"inLanguage\":\"pt-PT\",\"@id\":\"https:\/\/aevaledeste.pt\/site\/#\/schema\/logo\/image\/\",\"url\":\"https:\/\/aevaledeste.pt\/site\/wp-content\/uploads\/2022\/09\/1-e1664446422139.png\",\"contentUrl\":\"https:\/\/aevaledeste.pt\/site\/wp-content\/uploads\/2022\/09\/1-e1664446422139.png\",\"width\":600,\"height\":78,\"caption\":\"Agrupamento de Escolas de Vale D&#039;Este\"},\"image\":{\"@id\":\"https:\/\/aevaledeste.pt\/site\/#\/schema\/logo\/image\/\"}}]}<\/script>\n<!-- \/ Yoast SEO plugin. -->","yoast_head_json":{"title":"Oferta Formativa - Agrupamento de Escolas de Vale D&#039;Este","robots":{"index":"index","follow":"follow","max-snippet":"max-snippet:-1","max-image-preview":"max-image-preview:large","max-video-preview":"max-video-preview:-1"},"canonical":"https:\/\/aevaledeste.pt\/site\/oferta-educativa\/","og_locale":"pt_PT","og_type":"article","og_title":"Oferta Formativa - Agrupamento de Escolas de Vale D&#039;Este","og_description":"Oferta Formativa Cursos profissionais (financiados) Ano Letivo 2023\/2024 T\u00e9cnico de Inform\u00e1tica \u2013 Sistemas\/T\u00e9cnico de Desporto: 2021-2024 T\u00e9cnico de Opera\u00e7\u00f5es Tur\u00edsticas: 2022-2025 T\u00e9cnico de Multim\u00e9dia: 2023-2026 Ficha da Opera\u00e7\u00e3o Ano Letivo 2024\/2025 T\u00e9cnico de Opera\u00e7\u00f5es Tur\u00edsticas: 2022-2025 T\u00e9cnico de Multim\u00e9dia: 2023-2026 T\u00e9cnico de Inform\u00e1tica \u2013 Sistemas:&nbsp;&hellip;","og_url":"https:\/\/aevaledeste.pt\/site\/oferta-educativa\/","og_site_name":"Agrupamento de Escolas de Vale D&#039;Este","article_modified_time":"2025-10-07T10:16:21+00:00","og_image":[{"width":604,"height":582,"url":"https:\/\/aevaledeste.pt\/site\/wp-content\/uploads\/2025\/02\/Selo_OIE_1.png","type":"image\/png"}],"twitter_card":"summary_large_image","twitter_misc":{"Tempo estimado de leitura":"1 minuto"},"schema":{"@context":"https:\/\/schema.org","@graph":[{"@type":"WebPage","@id":"https:\/\/aevaledeste.pt\/site\/oferta-educativa\/","url":"https:\/\/aevaledeste.pt\/site\/oferta-educativa\/","name":"Oferta Formativa - Agrupamento de Escolas de Vale D&#039;Este","isPartOf":{"@id":"https:\/\/aevaledeste.pt\/site\/#website"},"primaryImageOfPage":{"@id":"https:\/\/aevaledeste.pt\/site\/oferta-educativa\/#primaryimage"},"image":{"@id":"https:\/\/aevaledeste.pt\/site\/oferta-educativa\/#primaryimage"},"thumbnailUrl":"https:\/\/aevaledeste.pt\/site\/wp-content\/uploads\/2025\/02\/Selo_OIE_1-150x150.png","datePublished":"2025-02-27T10:48:03+00:00","dateModified":"2025-10-07T10:16:21+00:00","breadcrumb":{"@id":"https:\/\/aevaledeste.pt\/site\/oferta-educativa\/#breadcrumb"},"inLanguage":"pt-PT","potentialAction":[{"@type":"ReadAction","target":["https:\/\/aevaledeste.pt\/site\/oferta-educativa\/"]}]},{"@type":"ImageObject","inLanguage":"pt-PT","@id":"https:\/\/aevaledeste.pt\/site\/oferta-educativa\/#primaryimage","url":"https:\/\/aevaledeste.pt\/site\/wp-content\/uploads\/2025\/02\/Selo_OIE_1.png","contentUrl":"https:\/\/aevaledeste.pt\/site\/wp-content\/uploads\/2025\/02\/Selo_OIE_1.png","width":604,"height":582},{"@type":"BreadcrumbList","@id":"https:\/\/aevaledeste.pt\/site\/oferta-educativa\/#breadcrumb","itemListElement":[{"@type":"ListItem","position":1,"name":"In\u00edcio","item":"https:\/\/aevaledeste.pt\/site\/"},{"@type":"ListItem","position":2,"name":"Oferta Formativa"}]},{"@type":"WebSite","@id":"https:\/\/aevaledeste.pt\/site\/#website","url":"https:\/\/aevaledeste.pt\/site\/","name":"Agrupamento de Escolas de Vale D&#039;Este","description":"Faz a tua escolha!","publisher":{"@id":"https:\/\/aevaledeste.pt\/site\/#organization"},"potentialAction":[{"@type":"SearchAction","target":{"@type":"EntryPoint","urlTemplate":"https:\/\/aevaledeste.pt\/site\/?s={search_term_string}"},"query-input":{"@type":"PropertyValueSpecification","valueRequired":true,"valueName":"search_term_string"}}],"inLanguage":"pt-PT"},{"@type":"Organization","@id":"https:\/\/aevaledeste.pt\/site\/#organization","name":"Agrupamento de Escolas de Vale D&#039;Este","url":"https:\/\/aevaledeste.pt\/site\/","logo":{"@type":"ImageObject","inLanguage":"pt-PT","@id":"https:\/\/aevaledeste.pt\/site\/#\/schema\/logo\/image\/","url":"https:\/\/aevaledeste.pt\/site\/wp-content\/uploads\/2022\/09\/1-e1664446422139.png","contentUrl":"https:\/\/aevaledeste.pt\/site\/wp-content\/uploads\/2022\/09\/1-e1664446422139.png","width":600,"height":78,"caption":"Agrupamento de Escolas de Vale D&#039;Este"},"image":{"@id":"https:\/\/aevaledeste.pt\/site\/#\/schema\/logo\/image\/"}}]}},"_links":{"self":[{"href":"https:\/\/aevaledeste.pt\/site\/wp-json\/wp\/v2\/pages\/6530","targetHints":{"allow":["GET"]}}],"collection":[{"href":"https:\/\/aevaledeste.pt\/site\/wp-json\/wp\/v2\/pages"}],"about":[{"href":"https:\/\/aevaledeste.pt\/site\/wp-json\/wp\/v2\/types\/page"}],"author":[{"embeddable":true,"href":"https:\/\/aevaledeste.pt\/site\/wp-json\/wp\/v2\/users\/5"}],"replies":[{"embeddable":true,"href":"https:\/\/aevaledeste.pt\/site\/wp-json\/wp\/v2\/comments?post=6530"}],"version-history":[{"count":30,"href":"https:\/\/aevaledeste.pt\/site\/wp-json\/wp\/v2\/pages\/6530\/revisions"}],"predecessor-version":[{"id":8027,"href":"https:\/\/aevaledeste.pt\/site\/wp-json\/wp\/v2\/pages\/6530\/revisions\/8027"}],"wp:attachment":[{"href":"https:\/\/aevaledeste.pt\/site\/wp-json\/wp\/v2\/media?parent=6530"}],"curies":[{"name":"wp","href":"https:\/\/api.w.org\/{rel}","templated":true}]}}