{"id":4254,"date":"2024-02-08T22:25:06","date_gmt":"2024-02-08T22:25:06","guid":{"rendered":"https:\/\/aevaledeste.pt\/site\/?page_id=4254"},"modified":"2024-02-28T15:51:47","modified_gmt":"2024-02-28T15:51:47","slug":"milage-aprender","status":"publish","type":"page","link":"https:\/\/aevaledeste.pt\/site\/milage-aprender\/","title":{"rendered":"Milage , Aprender+"},"content":{"rendered":"\t\t<div data-elementor-type=\"wp-page\" data-elementor-id=\"4254\" class=\"elementor elementor-4254\">\n\t\t\t\t\t\t<section class=\"elementor-section elementor-top-section elementor-element elementor-element-23c05d2 elementor-section-boxed elementor-section-height-default elementor-section-height-default\" data-id=\"23c05d2\" data-element_type=\"section\">\n\t\t\t\t\t\t<div class=\"elementor-container elementor-column-gap-default\">\n\t\t\t\t\t<div class=\"elementor-column elementor-col-100 elementor-top-column elementor-element elementor-element-480daa2\" data-id=\"480daa2\" data-element_type=\"column\">\n\t\t\t<div class=\"elementor-widget-wrap elementor-element-populated\">\n\t\t\t\t\t\t<div class=\"elementor-element elementor-element-a2ed1e1 elementor-widget elementor-widget-text-editor\" data-id=\"a2ed1e1\" data-element_type=\"widget\" data-widget_type=\"text-editor.default\">\n\t\t\t\t<div class=\"elementor-widget-container\">\n\t\t\t\t\t\t\t<p><!-- wp:paragraph --><\/p>\n<blockquote>\n<h4>Milage, Aprender+<\/h4>\n<\/blockquote>\n<p><!-- \/wp:quote --><\/p>\n<p><!-- wp:paragraph --><\/p>\n<p><span style=\"text-decoration: underline;\"><strong>Universidade do Algarve distingue AE Vale D\u00b4Este &#8211; Viatodos com o Selo Escola Inovadora MILAGE APRENDER+ 2023\/2024<\/strong><\/span><\/p>\n<p><br \/>O Agrupamento de Escolas Vale D\u00b4Este &#8211; Viatodos recebeu o Selo Escola Inovadora MILAGE APRENDER+ 2023\/2024. A obten\u00e7\u00e3o deste selo representa o compromisso que temos assumido na promo\u00e7\u00e3o de ambientes de aprendizagem inovadores com recurso \u00e0s tecnologias digitais, com \u00eanfase no fortalecimento da avalia\u00e7\u00e3o formativa, na utiliza\u00e7\u00e3o de feedback, na diferencia\u00e7\u00e3o pedag\u00f3gica, assim como no desenvolvimento das compet\u00eancias do s\u00e9c. XXI.<br \/>De acordo com a professora Lurdes Martins, respons\u00e1vel pelo projeto de implementa\u00e7\u00e3o da Milage, Aprender+ no nosso agrupamento, \u201ceste selo evidencia um percurso que vem gradualmente envolvendo cada vez mais alunos e disciplinas no nosso AE. Os meus alunos est\u00e3o de parab\u00e9ns pois distinguem-se h\u00e1 dois anos consecutivos, a n\u00edvel nacional, com os pr\u00e9mios de melhor aluno de ensino b\u00e1sico e secund\u00e1rio. Aguardamos a chegada, em breve, da nova vers\u00e3o da aplica\u00e7\u00e3o que poder\u00e1 tornar ainda mais c\u00e9lere e apelativa a sua utiliza\u00e7\u00e3o\u201d.<br \/>Acrescentou ainda que a aplica\u00e7\u00e3o Milage, Aprender +, criada na Universidade do Algarve, distinguida com o \u201cPr\u00e9mio Boas Pr\u00e1ticas\u201d e recomendada pela DGE, conta j\u00e1 com utiliza\u00e7\u00e3o de mais de 50 mil alunos e com mais de 15 mil exerc\u00edcios feitos por professores. Na nossa escola estamos a us\u00e1-la com alunos do ensino b\u00e1sico e do secund\u00e1rio (do 5.\u00ba ao 12.\u00ba ano), incluindo tanto alunos do ensino regular, como do ensino profissional. Trata-se de uma app gratuita e acess\u00edvel a partir de qualquer dispositivo m\u00f3vel a que o aluno acede (ao seu ritmo) a qualquer hora e em qualquer lugar, por isso pode ser usada no ensino presencial e a dist\u00e2ncia. \u00c9 t\u00e3o vers\u00e1til e simples de usar que o aluno resolve os exerc\u00edcios no seu caderno, fotografa-os e submete-os na plataforma, aliando o anal\u00f3gico com o digital. Depois, o aluno acede a um portef\u00f3lio que colige todos os exerc\u00edcios realizados ao longo do ano. <br \/>As professoras Lurdes Martins, Ana Moreira, S\u00f3nia Arezes e S\u00f3nia Freitas, respons\u00e1veis pela utiliza\u00e7\u00e3o nas disciplinas de espanhol, matem\u00e1tica e portugu\u00eas, respetivamente, est\u00e3o a dinamizar uma turma no Google Classroom, onde partilham recursos e sugest\u00f5es de utiliza\u00e7\u00e3o desta aplica\u00e7\u00e3o. Todos os docentes interessados poder\u00e3o ser adicionados a esta equipa.<br \/>Aluna Paula Couto do AE Vale D\u00b4Este &#8211; Viatodos distingue-se na 5.\u00aa Edi\u00e7\u00e3o dos Pr\u00e9mios MILAGE APRENDER+ <br \/>Decorreu 13 de julho de 2023, em Sesimbra, a 5.\u00aa Edi\u00e7\u00e3o dos Pr\u00e9mios MILAGE APRENDER+ O Ministro da Educa\u00e7\u00e3o, Jo\u00e3o Costa, presidiu \u00e0 cerim\u00f3nia de entrega dos pr\u00e9mios, no Cineteatro Jo\u00e3o Mota, em que a nossa escola esteve representada pela aluna Paula Couto, do 10.\u00ba ano, que foi a primeira classificada a n\u00edvel nacional na disciplina de Espanhol do ensino secund\u00e1rio, sob orienta\u00e7\u00e3o da Professora Maria de Lurdes Martins.<br \/>Aqui fica o testemunho da aluna: \u201cEm Sesimbra tive a oportunidade de embarcar numa emocionante viagem. Foi uma oportunidade incr\u00edvel para conhecer a hist\u00f3ria e a cultura da regi\u00e3o. A parte mais emocionante foi, sem d\u00favida, a cerim\u00f3nia de entrega de pr\u00e9mios, onde fomos reconhecidos pelo nosso esfor\u00e7o e dedica\u00e7\u00e3o. O encontro com outros estudantes de diferentes \u00e1reas tamb\u00e9m nos mostrou como a Educa\u00e7\u00e3o pode ser um fator de uni\u00e3o, independentemente das disciplinas em que nos destacamos. E, para tornar a experi\u00eancia ainda mais especial, tivemos a honra de conhecer o Senhor Ministro da Educa\u00e7\u00e3o durante a cerim\u00f3nia. Este encontro deixou uma marca indel\u00e9vel nas nossas mem\u00f3rias, n\u00e3o apenas pelo pr\u00e9mio, mas tamb\u00e9m pelo sentimento de gratid\u00e3o, pelas amizades feitas e pelo enriquecimento pessoal que tivemos juntos em Sesimbra. Estou muito grata \u00e0 minha professora de Espanhol por esta conquista.\u201d<br \/>Convidamos todos os alunos a utilizar esta aplica\u00e7\u00e3o e a seguir o exemplo da nossa aluna vencedora desta edi\u00e7\u00e3o.<\/p>\n<p style=\"text-align: right;\"><br \/>Professora Lurdes Martins<\/p>\n<p><img fetchpriority=\"high\" decoding=\"async\" class=\"alignnone size-medium wp-image-4256\" src=\"https:\/\/aevaledeste.pt\/site\/wp-content\/uploads\/2024\/02\/IMG_8526-scaled-205x300.jpg\" alt=\"\" width=\"205\" height=\"300\" srcset=\"https:\/\/aevaledeste.pt\/site\/wp-content\/uploads\/2024\/02\/IMG_8526-scaled-205x300.jpg 205w, https:\/\/aevaledeste.pt\/site\/wp-content\/uploads\/2024\/02\/IMG_8526-scaled-700x1024.jpg 700w, https:\/\/aevaledeste.pt\/site\/wp-content\/uploads\/2024\/02\/IMG_8526-scaled-8x12.jpg 8w, https:\/\/aevaledeste.pt\/site\/wp-content\/uploads\/2024\/02\/IMG_8526-scaled.jpg 1751w\" sizes=\"(max-width: 205px) 100vw, 205px\" \/> <img decoding=\"async\" class=\"alignnone wp-image-4257 size-medium\" src=\"https:\/\/aevaledeste.pt\/site\/wp-content\/uploads\/2024\/02\/IMG_0849-scaled-225x300.jpg\" alt=\"\" width=\"225\" height=\"300\" srcset=\"https:\/\/aevaledeste.pt\/site\/wp-content\/uploads\/2024\/02\/IMG_0849-scaled-225x300.jpg 225w, https:\/\/aevaledeste.pt\/site\/wp-content\/uploads\/2024\/02\/IMG_0849-scaled-768x1024.jpg 768w, https:\/\/aevaledeste.pt\/site\/wp-content\/uploads\/2024\/02\/IMG_0849-scaled-9x12.jpg 9w, https:\/\/aevaledeste.pt\/site\/wp-content\/uploads\/2024\/02\/IMG_0849-scaled.jpg 1920w\" sizes=\"(max-width: 225px) 100vw, 225px\" \/> <img decoding=\"async\" class=\"alignnone wp-image-4258\" src=\"https:\/\/aevaledeste.pt\/site\/wp-content\/uploads\/2024\/02\/1Classificado-escola-300x174.jpg\" alt=\"\" width=\"400\" height=\"232\" srcset=\"https:\/\/aevaledeste.pt\/site\/wp-content\/uploads\/2024\/02\/1Classificado-escola-300x174.jpg 300w, https:\/\/aevaledeste.pt\/site\/wp-content\/uploads\/2024\/02\/1Classificado-escola.jpg 1020w, https:\/\/aevaledeste.pt\/site\/wp-content\/uploads\/2024\/02\/1Classificado-escola-18x10.jpg 18w\" sizes=\"(max-width: 400px) 100vw, 400px\" \/><\/p>\n<p><!-- \/wp:quote --><\/p>\n<p><!-- wp:paragraph --><\/p>\n<p><!-- \/wp:paragraph --><\/p>\n<p>\u00a0<\/p>\t\t\t\t\t\t<\/div>\n\t\t\t\t<\/div>\n\t\t\t\t\t<\/div>\n\t\t<\/div>\n\t\t\t\t\t<\/div>\n\t\t<\/section>\n\t\t\t\t<section class=\"elementor-section elementor-top-section elementor-element elementor-element-8f4b9e3 elementor-section-boxed elementor-section-height-default elementor-section-height-default\" data-id=\"8f4b9e3\" data-element_type=\"section\">\n\t\t\t\t\t\t<div class=\"elementor-container elementor-column-gap-default\">\n\t\t\t\t\t<div class=\"elementor-column elementor-col-100 elementor-top-column elementor-element elementor-element-20c015b\" data-id=\"20c015b\" data-element_type=\"column\">\n\t\t\t<div class=\"elementor-widget-wrap elementor-element-populated\">\n\t\t\t\t\t\t<div class=\"elementor-element elementor-element-f9ae448 elementor-widget elementor-widget-text-editor\" data-id=\"f9ae448\" data-element_type=\"widget\" data-widget_type=\"text-editor.default\">\n\t\t\t\t<div class=\"elementor-widget-container\">\n\t\t\t\t\t\t\t<hr \/>\n<p><span style=\"text-decoration: underline;\"><strong>ALUNOS: Como instalar a APP MILAGE, Aprender+, vers\u00e3o 2.0<\/strong><\/span><\/p>\n<p><img loading=\"lazy\" decoding=\"async\" class=\"size-medium wp-image-4416 aligncenter\" src=\"https:\/\/aevaledeste.pt\/site\/wp-content\/uploads\/2024\/02\/Milage-300x298.png\" alt=\"\" width=\"300\" height=\"298\" srcset=\"https:\/\/aevaledeste.pt\/site\/wp-content\/uploads\/2024\/02\/Milage-300x298.png 300w, https:\/\/aevaledeste.pt\/site\/wp-content\/uploads\/2024\/02\/Milage-150x150.png 150w, https:\/\/aevaledeste.pt\/site\/wp-content\/uploads\/2024\/02\/Milage.png 850w, https:\/\/aevaledeste.pt\/site\/wp-content\/uploads\/2024\/02\/Milage-12x12.png 12w\" sizes=\"(max-width: 300px) 100vw, 300px\" \/><\/p>\n<p>Documento dispon\u00edvel <a href=\"https:\/\/aevaledeste.pt\/site\/wp-content\/uploads\/2024\/02\/Ambientacao_Instalar-app2.0-para-alunos-Portugues.pdf\" target=\"_blank\" rel=\"noopener\">aqui.<\/a><\/p>\t\t\t\t\t\t<\/div>\n\t\t\t\t<\/div>\n\t\t\t\t\t<\/div>\n\t\t<\/div>\n\t\t\t\t\t<\/div>\n\t\t<\/section>\n\t\t\t\t<\/div>\n\t\t","protected":false},"excerpt":{"rendered":"<p>Milage, Aprender+ Universidade do Algarve distingue AE Vale D\u00b4Este &#8211; Viatodos com o Selo Escola Inovadora MILAGE APRENDER+ 2023\/2024 O Agrupamento de Escolas Vale D\u00b4Este &#8211; Viatodos recebeu o Selo Escola Inovadora MILAGE APRENDER+ 2023\/2024. A obten\u00e7\u00e3o deste selo representa o compromisso que temos assumido&nbsp;<a href=\"https:\/\/aevaledeste.pt\/site\/milage-aprender\/\">&hellip;<\/a><\/p>\n","protected":false},"author":5,"featured_media":0,"parent":0,"menu_order":0,"comment_status":"closed","ping_status":"closed","template":"","meta":{"footnotes":""},"class_list":["post-4254","page","type-page","status-publish","hentry","odd"],"yoast_head":"<!-- This site is optimized with the Yoast SEO plugin v23.7 - https:\/\/yoast.com\/wordpress\/plugins\/seo\/ -->\n<title>Milage , Aprender+ - Agrupamento de Escolas de Vale D&#039;Este<\/title>\n<meta name=\"robots\" content=\"index, follow, max-snippet:-1, max-image-preview:large, max-video-preview:-1\" \/>\n<link rel=\"canonical\" href=\"https:\/\/aevaledeste.pt\/site\/milage-aprender\/\" \/>\n<meta property=\"og:locale\" content=\"pt_PT\" \/>\n<meta property=\"og:type\" content=\"article\" \/>\n<meta property=\"og:title\" content=\"Milage , Aprender+ - Agrupamento de Escolas de Vale D&#039;Este\" \/>\n<meta property=\"og:description\" content=\"Milage, Aprender+ Universidade do Algarve distingue AE Vale D\u00b4Este &#8211; Viatodos com o Selo Escola Inovadora MILAGE APRENDER+ 2023\/2024 O Agrupamento de Escolas Vale D\u00b4Este &#8211; Viatodos recebeu o Selo Escola Inovadora MILAGE APRENDER+ 2023\/2024. A obten\u00e7\u00e3o deste selo representa o compromisso que temos assumido&nbsp;&hellip;\" \/>\n<meta property=\"og:url\" content=\"https:\/\/aevaledeste.pt\/site\/milage-aprender\/\" \/>\n<meta property=\"og:site_name\" content=\"Agrupamento de Escolas de Vale D&#039;Este\" \/>\n<meta property=\"article:modified_time\" content=\"2024-02-28T15:51:47+00:00\" \/>\n<meta property=\"og:image\" content=\"https:\/\/aevaledeste.pt\/site\/wp-content\/uploads\/2024\/02\/IMG_8526-scaled.jpg\" \/>\n\t<meta property=\"og:image:width\" content=\"1751\" \/>\n\t<meta property=\"og:image:height\" content=\"2560\" \/>\n\t<meta property=\"og:image:type\" content=\"image\/jpeg\" \/>\n<meta name=\"twitter:card\" content=\"summary_large_image\" \/>\n<meta name=\"twitter:label1\" content=\"Tempo estimado de leitura\" \/>\n\t<meta name=\"twitter:data1\" content=\"3 minutos\" \/>\n<script type=\"application\/ld+json\" class=\"yoast-schema-graph\">{\"@context\":\"https:\/\/schema.org\",\"@graph\":[{\"@type\":\"WebPage\",\"@id\":\"https:\/\/aevaledeste.pt\/site\/milage-aprender\/\",\"url\":\"https:\/\/aevaledeste.pt\/site\/milage-aprender\/\",\"name\":\"Milage , Aprender+ - Agrupamento de Escolas de Vale D&#039;Este\",\"isPartOf\":{\"@id\":\"https:\/\/aevaledeste.pt\/site\/#website\"},\"primaryImageOfPage\":{\"@id\":\"https:\/\/aevaledeste.pt\/site\/milage-aprender\/#primaryimage\"},\"image\":{\"@id\":\"https:\/\/aevaledeste.pt\/site\/milage-aprender\/#primaryimage\"},\"thumbnailUrl\":\"https:\/\/aevaledeste.pt\/site\/wp-content\/uploads\/2024\/02\/IMG_8526-scaled-205x300.jpg\",\"datePublished\":\"2024-02-08T22:25:06+00:00\",\"dateModified\":\"2024-02-28T15:51:47+00:00\",\"breadcrumb\":{\"@id\":\"https:\/\/aevaledeste.pt\/site\/milage-aprender\/#breadcrumb\"},\"inLanguage\":\"pt-PT\",\"potentialAction\":[{\"@type\":\"ReadAction\",\"target\":[\"https:\/\/aevaledeste.pt\/site\/milage-aprender\/\"]}]},{\"@type\":\"ImageObject\",\"inLanguage\":\"pt-PT\",\"@id\":\"https:\/\/aevaledeste.pt\/site\/milage-aprender\/#primaryimage\",\"url\":\"https:\/\/aevaledeste.pt\/site\/wp-content\/uploads\/2024\/02\/IMG_8526-scaled.jpg\",\"contentUrl\":\"https:\/\/aevaledeste.pt\/site\/wp-content\/uploads\/2024\/02\/IMG_8526-scaled.jpg\",\"width\":1751,\"height\":2560},{\"@type\":\"BreadcrumbList\",\"@id\":\"https:\/\/aevaledeste.pt\/site\/milage-aprender\/#breadcrumb\",\"itemListElement\":[{\"@type\":\"ListItem\",\"position\":1,\"name\":\"In\u00edcio\",\"item\":\"https:\/\/aevaledeste.pt\/site\/\"},{\"@type\":\"ListItem\",\"position\":2,\"name\":\"Milage , Aprender+\"}]},{\"@type\":\"WebSite\",\"@id\":\"https:\/\/aevaledeste.pt\/site\/#website\",\"url\":\"https:\/\/aevaledeste.pt\/site\/\",\"name\":\"Agrupamento de Escolas de Vale D&#039;Este\",\"description\":\"Faz a tua escolha!\",\"publisher\":{\"@id\":\"https:\/\/aevaledeste.pt\/site\/#organization\"},\"potentialAction\":[{\"@type\":\"SearchAction\",\"target\":{\"@type\":\"EntryPoint\",\"urlTemplate\":\"https:\/\/aevaledeste.pt\/site\/?s={search_term_string}\"},\"query-input\":{\"@type\":\"PropertyValueSpecification\",\"valueRequired\":true,\"valueName\":\"search_term_string\"}}],\"inLanguage\":\"pt-PT\"},{\"@type\":\"Organization\",\"@id\":\"https:\/\/aevaledeste.pt\/site\/#organization\",\"name\":\"Agrupamento de Escolas de Vale D&#039;Este\",\"url\":\"https:\/\/aevaledeste.pt\/site\/\",\"logo\":{\"@type\":\"ImageObject\",\"inLanguage\":\"pt-PT\",\"@id\":\"https:\/\/aevaledeste.pt\/site\/#\/schema\/logo\/image\/\",\"url\":\"https:\/\/aevaledeste.pt\/site\/wp-content\/uploads\/2022\/09\/1-e1664446422139.png\",\"contentUrl\":\"https:\/\/aevaledeste.pt\/site\/wp-content\/uploads\/2022\/09\/1-e1664446422139.png\",\"width\":600,\"height\":78,\"caption\":\"Agrupamento de Escolas de Vale D&#039;Este\"},\"image\":{\"@id\":\"https:\/\/aevaledeste.pt\/site\/#\/schema\/logo\/image\/\"}}]}<\/script>\n<!-- \/ Yoast SEO plugin. -->","yoast_head_json":{"title":"Milage , Aprender+ - Agrupamento de Escolas de Vale D&#039;Este","robots":{"index":"index","follow":"follow","max-snippet":"max-snippet:-1","max-image-preview":"max-image-preview:large","max-video-preview":"max-video-preview:-1"},"canonical":"https:\/\/aevaledeste.pt\/site\/milage-aprender\/","og_locale":"pt_PT","og_type":"article","og_title":"Milage , Aprender+ - Agrupamento de Escolas de Vale D&#039;Este","og_description":"Milage, Aprender+ Universidade do Algarve distingue AE Vale D\u00b4Este &#8211; Viatodos com o Selo Escola Inovadora MILAGE APRENDER+ 2023\/2024 O Agrupamento de Escolas Vale D\u00b4Este &#8211; Viatodos recebeu o Selo Escola Inovadora MILAGE APRENDER+ 2023\/2024. A obten\u00e7\u00e3o deste selo representa o compromisso que temos assumido&nbsp;&hellip;","og_url":"https:\/\/aevaledeste.pt\/site\/milage-aprender\/","og_site_name":"Agrupamento de Escolas de Vale D&#039;Este","article_modified_time":"2024-02-28T15:51:47+00:00","og_image":[{"width":1751,"height":2560,"url":"https:\/\/aevaledeste.pt\/site\/wp-content\/uploads\/2024\/02\/IMG_8526-scaled.jpg","type":"image\/jpeg"}],"twitter_card":"summary_large_image","twitter_misc":{"Tempo estimado de leitura":"3 minutos"},"schema":{"@context":"https:\/\/schema.org","@graph":[{"@type":"WebPage","@id":"https:\/\/aevaledeste.pt\/site\/milage-aprender\/","url":"https:\/\/aevaledeste.pt\/site\/milage-aprender\/","name":"Milage , Aprender+ - Agrupamento de Escolas de Vale D&#039;Este","isPartOf":{"@id":"https:\/\/aevaledeste.pt\/site\/#website"},"primaryImageOfPage":{"@id":"https:\/\/aevaledeste.pt\/site\/milage-aprender\/#primaryimage"},"image":{"@id":"https:\/\/aevaledeste.pt\/site\/milage-aprender\/#primaryimage"},"thumbnailUrl":"https:\/\/aevaledeste.pt\/site\/wp-content\/uploads\/2024\/02\/IMG_8526-scaled-205x300.jpg","datePublished":"2024-02-08T22:25:06+00:00","dateModified":"2024-02-28T15:51:47+00:00","breadcrumb":{"@id":"https:\/\/aevaledeste.pt\/site\/milage-aprender\/#breadcrumb"},"inLanguage":"pt-PT","potentialAction":[{"@type":"ReadAction","target":["https:\/\/aevaledeste.pt\/site\/milage-aprender\/"]}]},{"@type":"ImageObject","inLanguage":"pt-PT","@id":"https:\/\/aevaledeste.pt\/site\/milage-aprender\/#primaryimage","url":"https:\/\/aevaledeste.pt\/site\/wp-content\/uploads\/2024\/02\/IMG_8526-scaled.jpg","contentUrl":"https:\/\/aevaledeste.pt\/site\/wp-content\/uploads\/2024\/02\/IMG_8526-scaled.jpg","width":1751,"height":2560},{"@type":"BreadcrumbList","@id":"https:\/\/aevaledeste.pt\/site\/milage-aprender\/#breadcrumb","itemListElement":[{"@type":"ListItem","position":1,"name":"In\u00edcio","item":"https:\/\/aevaledeste.pt\/site\/"},{"@type":"ListItem","position":2,"name":"Milage , Aprender+"}]},{"@type":"WebSite","@id":"https:\/\/aevaledeste.pt\/site\/#website","url":"https:\/\/aevaledeste.pt\/site\/","name":"Agrupamento de Escolas de Vale D&#039;Este","description":"Faz a tua escolha!","publisher":{"@id":"https:\/\/aevaledeste.pt\/site\/#organization"},"potentialAction":[{"@type":"SearchAction","target":{"@type":"EntryPoint","urlTemplate":"https:\/\/aevaledeste.pt\/site\/?s={search_term_string}"},"query-input":{"@type":"PropertyValueSpecification","valueRequired":true,"valueName":"search_term_string"}}],"inLanguage":"pt-PT"},{"@type":"Organization","@id":"https:\/\/aevaledeste.pt\/site\/#organization","name":"Agrupamento de Escolas de Vale D&#039;Este","url":"https:\/\/aevaledeste.pt\/site\/","logo":{"@type":"ImageObject","inLanguage":"pt-PT","@id":"https:\/\/aevaledeste.pt\/site\/#\/schema\/logo\/image\/","url":"https:\/\/aevaledeste.pt\/site\/wp-content\/uploads\/2022\/09\/1-e1664446422139.png","contentUrl":"https:\/\/aevaledeste.pt\/site\/wp-content\/uploads\/2022\/09\/1-e1664446422139.png","width":600,"height":78,"caption":"Agrupamento de Escolas de Vale D&#039;Este"},"image":{"@id":"https:\/\/aevaledeste.pt\/site\/#\/schema\/logo\/image\/"}}]}},"_links":{"self":[{"href":"https:\/\/aevaledeste.pt\/site\/wp-json\/wp\/v2\/pages\/4254","targetHints":{"allow":["GET"]}}],"collection":[{"href":"https:\/\/aevaledeste.pt\/site\/wp-json\/wp\/v2\/pages"}],"about":[{"href":"https:\/\/aevaledeste.pt\/site\/wp-json\/wp\/v2\/types\/page"}],"author":[{"embeddable":true,"href":"https:\/\/aevaledeste.pt\/site\/wp-json\/wp\/v2\/users\/5"}],"replies":[{"embeddable":true,"href":"https:\/\/aevaledeste.pt\/site\/wp-json\/wp\/v2\/comments?post=4254"}],"version-history":[{"count":7,"href":"https:\/\/aevaledeste.pt\/site\/wp-json\/wp\/v2\/pages\/4254\/revisions"}],"predecessor-version":[{"id":4420,"href":"https:\/\/aevaledeste.pt\/site\/wp-json\/wp\/v2\/pages\/4254\/revisions\/4420"}],"wp:attachment":[{"href":"https:\/\/aevaledeste.pt\/site\/wp-json\/wp\/v2\/media?parent=4254"}],"curies":[{"name":"wp","href":"https:\/\/api.w.org\/{rel}","templated":true}]}}