{"id":4101,"date":"2024-01-15T14:22:51","date_gmt":"2024-01-15T14:22:51","guid":{"rendered":"https:\/\/aevaledeste.pt\/site\/?page_id=4101"},"modified":"2025-02-18T15:35:03","modified_gmt":"2025-02-18T15:35:03","slug":"departamento-do-1-o-ciclo","status":"publish","type":"page","link":"https:\/\/aevaledeste.pt\/site\/departamento-do-1-o-ciclo\/","title":{"rendered":"Departamento do 1.\u00ba Ciclo"},"content":{"rendered":"\t\t<div data-elementor-type=\"wp-page\" data-elementor-id=\"4101\" class=\"elementor elementor-4101\">\n\t\t\t\t\t\t<section class=\"elementor-section elementor-top-section elementor-element elementor-element-23c05d2 elementor-section-boxed elementor-section-height-default elementor-section-height-default\" data-id=\"23c05d2\" data-element_type=\"section\">\n\t\t\t\t\t\t<div class=\"elementor-container elementor-column-gap-default\">\n\t\t\t\t\t<div class=\"elementor-column elementor-col-100 elementor-top-column elementor-element elementor-element-480daa2\" data-id=\"480daa2\" data-element_type=\"column\">\n\t\t\t<div class=\"elementor-widget-wrap elementor-element-populated\">\n\t\t\t\t\t\t<div class=\"elementor-element elementor-element-a2ed1e1 elementor-widget elementor-widget-text-editor\" data-id=\"a2ed1e1\" data-element_type=\"widget\" data-widget_type=\"text-editor.default\">\n\t\t\t\t<div class=\"elementor-widget-container\">\n\t\t\t\t\t\t\t<blockquote>\n<h4>DEPARTAMENTO DO 1.\u00ba CICLO<\/h4>\n<\/blockquote>\n<p><!-- \/wp:quote --><\/p>\n<p><!-- wp:paragraph --><\/p>\n<p><span style=\"font-family: var( --e-global-typography-secondary-font-family ), Sans-serif; letter-spacing: 0.1px;\"><b>Coordenador (a): <\/b>Alcina Sim\u00f5es<\/span><\/p>\n<p><!-- \/wp:quote --><\/p>\n<p><!-- wp:paragraph --><\/p>\n<p><!-- \/wp:paragraph --><\/p>\t\t\t\t\t\t<\/div>\n\t\t\t\t<\/div>\n\t\t\t\t\t<\/div>\n\t\t<\/div>\n\t\t\t\t\t<\/div>\n\t\t<\/section>\n\t\t\t\t<section class=\"elementor-section elementor-top-section elementor-element elementor-element-25b030b elementor-section-boxed elementor-section-height-default elementor-section-height-default\" data-id=\"25b030b\" data-element_type=\"section\">\n\t\t\t\t\t\t<div class=\"elementor-container elementor-column-gap-default\">\n\t\t\t\t\t<div class=\"elementor-column elementor-col-100 elementor-top-column elementor-element elementor-element-f169dca\" data-id=\"f169dca\" data-element_type=\"column\">\n\t\t\t<div class=\"elementor-widget-wrap elementor-element-populated\">\n\t\t\t\t\t\t<div class=\"elementor-element elementor-element-f4b4064 elementor-widget elementor-widget-text-editor\" data-id=\"f4b4064\" data-element_type=\"widget\" data-widget_type=\"text-editor.default\">\n\t\t\t\t<div class=\"elementor-widget-container\">\n\t\t\t\t\t\t\t<blockquote>\n<h4>CRIT\u00c9RIOS DE AVALIA\u00c7\u00c3O<\/h4>\n<\/blockquote>\n<p><!-- \/wp:quote --><\/p>\n<p><!-- wp:paragraph --><\/p>\n<p>Consulte os crit\u00e9rios de avalia\u00e7\u00e3o deste departamento<span style=\"letter-spacing: 0.1px;\">\u00a0<\/span><a href=\"https:\/\/aevaledeste.pt\/site\/wp-content\/uploads\/2025\/02\/Criterios-de-Avaliacao-1ociclo-2024-25.pdf\" target=\"_blank\" rel=\"noopener\">aqui.<\/a><\/p>\n<p class=\"MsoNormal\">\u00a0<\/p>\n<p><!-- \/wp:quote --><\/p>\n<p><!-- wp:paragraph --><\/p>\n<p><!-- \/wp:paragraph --><\/p>\t\t\t\t\t\t<\/div>\n\t\t\t\t<\/div>\n\t\t\t\t\t<\/div>\n\t\t<\/div>\n\t\t\t\t\t<\/div>\n\t\t<\/section>\n\t\t\t\t<section class=\"elementor-section elementor-top-section elementor-element elementor-element-a584585 elementor-section-boxed elementor-section-height-default elementor-section-height-default\" data-id=\"a584585\" data-element_type=\"section\">\n\t\t\t\t\t\t<div class=\"elementor-container elementor-column-gap-default\">\n\t\t\t\t\t<div class=\"elementor-column elementor-col-100 elementor-top-column elementor-element elementor-element-2d87cfb\" data-id=\"2d87cfb\" data-element_type=\"column\">\n\t\t\t<div class=\"elementor-widget-wrap elementor-element-populated\">\n\t\t\t\t\t\t<div class=\"elementor-element elementor-element-a3094c5 elementor-widget elementor-widget-text-editor\" data-id=\"a3094c5\" data-element_type=\"widget\" data-widget_type=\"text-editor.default\">\n\t\t\t\t<div class=\"elementor-widget-container\">\n\t\t\t\t\t\t\t<p><!-- wp:paragraph --><\/p>\n<blockquote>\n<h4>INDICADORES DE SUCESSO<\/h4>\n<\/blockquote>\n<p><!-- \/wp:quote --><\/p>\n<p><!-- wp:paragraph --><\/p>\n<p>Aceda aqui aos indicadores de sucesso deste departamento.\u00a0\u00a0<\/p>\n<p>Dispon\u00edvel\u00a0aqui.<\/p>\n<p>\u00a0<\/p>\n<p><!-- \/wp:quote --><\/p>\n<p><!-- wp:paragraph --><\/p>\n<p><!-- \/wp:paragraph --><\/p>\t\t\t\t\t\t<\/div>\n\t\t\t\t<\/div>\n\t\t\t\t\t<\/div>\n\t\t<\/div>\n\t\t\t\t\t<\/div>\n\t\t<\/section>\n\t\t\t\t<section class=\"elementor-section elementor-top-section elementor-element elementor-element-582c479 elementor-section-boxed elementor-section-height-default elementor-section-height-default\" data-id=\"582c479\" data-element_type=\"section\">\n\t\t\t\t\t\t<div class=\"elementor-container elementor-column-gap-default\">\n\t\t\t\t\t<div class=\"elementor-column elementor-col-100 elementor-top-column elementor-element elementor-element-976fcdf\" data-id=\"976fcdf\" data-element_type=\"column\">\n\t\t\t<div class=\"elementor-widget-wrap elementor-element-populated\">\n\t\t\t\t\t\t<div class=\"elementor-element elementor-element-6a9a934 elementor-widget elementor-widget-text-editor\" data-id=\"6a9a934\" data-element_type=\"widget\" data-widget_type=\"text-editor.default\">\n\t\t\t\t<div class=\"elementor-widget-container\">\n\t\t\t\t\t\t\t<p><!-- wp:paragraph --><\/p>\n<blockquote>\n<h4>APRENDIZAGENS ESSENCIAIS<\/h4>\n<\/blockquote>\n<p><!-- \/wp:quote --><\/p>\n<p><!-- wp:paragraph --><\/p>\n<p>Consulte as diferentes aprendizagens essenciais das disciplinas deste departamento\u00a0<a href=\"https:\/\/www.dge.mec.pt\/aprendizagens-essenciais-ensino-basico\" target=\"_blank\" rel=\"noopener\">aqui.<\/a><\/p>\n<p>\u00a0<\/p>\n<p><!-- \/wp:quote --><\/p>\n<p><!-- wp:paragraph --><\/p>\n<p><!-- \/wp:paragraph --><\/p>\t\t\t\t\t\t<\/div>\n\t\t\t\t<\/div>\n\t\t\t\t\t<\/div>\n\t\t<\/div>\n\t\t\t\t\t<\/div>\n\t\t<\/section>\n\t\t\t\t<section class=\"elementor-section elementor-top-section elementor-element elementor-element-882a90d elementor-section-boxed elementor-section-height-default elementor-section-height-default\" data-id=\"882a90d\" data-element_type=\"section\">\n\t\t\t\t\t\t<div class=\"elementor-container elementor-column-gap-default\">\n\t\t\t\t\t<div class=\"elementor-column elementor-col-100 elementor-top-column elementor-element elementor-element-8daef15\" data-id=\"8daef15\" data-element_type=\"column\">\n\t\t\t<div class=\"elementor-widget-wrap elementor-element-populated\">\n\t\t\t\t\t\t<div class=\"elementor-element elementor-element-13bf1e2 elementor-widget elementor-widget-text-editor\" data-id=\"13bf1e2\" data-element_type=\"widget\" data-widget_type=\"text-editor.default\">\n\t\t\t\t<div class=\"elementor-widget-container\">\n\t\t\t\t\t\t\t<blockquote>\n<h4>PLANO CURRICULAR<\/h4>\n<\/blockquote>\n<p><!-- \/wp:quote --><\/p>\n<p><!-- wp:paragraph --><\/p>\n<p>Consulte o Plano Curricular deste departamento <a href=\"https:\/\/aevaledeste.pt\/site\/wp-content\/uploads\/2025\/02\/Plano-Curricular-de-Departamento-1CEB_2024-25_Com-Ingles.pdf\" target=\"_blank\" rel=\"noopener\">aqui.<\/a><\/p>\n<p>\u00a0<\/p>\n<p><!-- \/wp:quote --><\/p>\n<p><!-- wp:paragraph --><\/p>\n<p><!-- \/wp:paragraph --><\/p>\t\t\t\t\t\t<\/div>\n\t\t\t\t<\/div>\n\t\t\t\t\t<\/div>\n\t\t<\/div>\n\t\t\t\t\t<\/div>\n\t\t<\/section>\n\t\t\t\t<\/div>\n\t\t","protected":false},"excerpt":{"rendered":"<p>DEPARTAMENTO DO 1.\u00ba CICLO Coordenador (a): Alcina Sim\u00f5es CRIT\u00c9RIOS DE AVALIA\u00c7\u00c3O Consulte os crit\u00e9rios de avalia\u00e7\u00e3o deste departamento\u00a0aqui. \u00a0 INDICADORES DE SUCESSO Aceda aqui aos indicadores de sucesso deste departamento.\u00a0\u00a0 Dispon\u00edvel\u00a0aqui. \u00a0 APRENDIZAGENS ESSENCIAIS Consulte as diferentes aprendizagens essenciais das disciplinas deste departamento\u00a0aqui. \u00a0 PLANO&nbsp;<a href=\"https:\/\/aevaledeste.pt\/site\/departamento-do-1-o-ciclo\/\">&hellip;<\/a><\/p>\n","protected":false},"author":5,"featured_media":0,"parent":0,"menu_order":0,"comment_status":"closed","ping_status":"closed","template":"","meta":{"footnotes":""},"class_list":["post-4101","page","type-page","status-publish","hentry","odd"],"yoast_head":"<!-- This site is optimized with the Yoast SEO plugin v23.7 - https:\/\/yoast.com\/wordpress\/plugins\/seo\/ -->\n<title>Departamento do 1.\u00ba Ciclo - Agrupamento de Escolas de Vale D&#039;Este<\/title>\n<meta name=\"robots\" content=\"index, follow, max-snippet:-1, max-image-preview:large, max-video-preview:-1\" \/>\n<link rel=\"canonical\" href=\"https:\/\/aevaledeste.pt\/site\/departamento-do-1-o-ciclo\/\" \/>\n<meta property=\"og:locale\" content=\"pt_PT\" \/>\n<meta property=\"og:type\" content=\"article\" \/>\n<meta property=\"og:title\" content=\"Departamento do 1.\u00ba Ciclo - Agrupamento de Escolas de Vale D&#039;Este\" \/>\n<meta property=\"og:description\" content=\"DEPARTAMENTO DO 1.\u00ba CICLO Coordenador (a): Alcina Sim\u00f5es CRIT\u00c9RIOS DE AVALIA\u00c7\u00c3O Consulte os crit\u00e9rios de avalia\u00e7\u00e3o deste departamento\u00a0aqui. \u00a0 INDICADORES DE SUCESSO Aceda aqui aos indicadores de sucesso deste departamento.\u00a0\u00a0 Dispon\u00edvel\u00a0aqui. \u00a0 APRENDIZAGENS ESSENCIAIS Consulte as diferentes aprendizagens essenciais das disciplinas deste departamento\u00a0aqui. \u00a0 PLANO&nbsp;&hellip;\" \/>\n<meta property=\"og:url\" content=\"https:\/\/aevaledeste.pt\/site\/departamento-do-1-o-ciclo\/\" \/>\n<meta property=\"og:site_name\" content=\"Agrupamento de Escolas de Vale D&#039;Este\" \/>\n<meta property=\"article:modified_time\" content=\"2025-02-18T15:35:03+00:00\" \/>\n<meta name=\"twitter:card\" content=\"summary_large_image\" \/>\n<meta name=\"twitter:label1\" content=\"Tempo estimado de leitura\" \/>\n\t<meta name=\"twitter:data1\" content=\"1 minuto\" \/>\n<script type=\"application\/ld+json\" class=\"yoast-schema-graph\">{\"@context\":\"https:\/\/schema.org\",\"@graph\":[{\"@type\":\"WebPage\",\"@id\":\"https:\/\/aevaledeste.pt\/site\/departamento-do-1-o-ciclo\/\",\"url\":\"https:\/\/aevaledeste.pt\/site\/departamento-do-1-o-ciclo\/\",\"name\":\"Departamento do 1.\u00ba Ciclo - Agrupamento de Escolas de Vale D&#039;Este\",\"isPartOf\":{\"@id\":\"https:\/\/aevaledeste.pt\/site\/#website\"},\"datePublished\":\"2024-01-15T14:22:51+00:00\",\"dateModified\":\"2025-02-18T15:35:03+00:00\",\"breadcrumb\":{\"@id\":\"https:\/\/aevaledeste.pt\/site\/departamento-do-1-o-ciclo\/#breadcrumb\"},\"inLanguage\":\"pt-PT\",\"potentialAction\":[{\"@type\":\"ReadAction\",\"target\":[\"https:\/\/aevaledeste.pt\/site\/departamento-do-1-o-ciclo\/\"]}]},{\"@type\":\"BreadcrumbList\",\"@id\":\"https:\/\/aevaledeste.pt\/site\/departamento-do-1-o-ciclo\/#breadcrumb\",\"itemListElement\":[{\"@type\":\"ListItem\",\"position\":1,\"name\":\"In\u00edcio\",\"item\":\"https:\/\/aevaledeste.pt\/site\/\"},{\"@type\":\"ListItem\",\"position\":2,\"name\":\"Departamento do 1.\u00ba Ciclo\"}]},{\"@type\":\"WebSite\",\"@id\":\"https:\/\/aevaledeste.pt\/site\/#website\",\"url\":\"https:\/\/aevaledeste.pt\/site\/\",\"name\":\"Agrupamento de Escolas de Vale D&#039;Este\",\"description\":\"Faz a tua escolha!\",\"publisher\":{\"@id\":\"https:\/\/aevaledeste.pt\/site\/#organization\"},\"potentialAction\":[{\"@type\":\"SearchAction\",\"target\":{\"@type\":\"EntryPoint\",\"urlTemplate\":\"https:\/\/aevaledeste.pt\/site\/?s={search_term_string}\"},\"query-input\":{\"@type\":\"PropertyValueSpecification\",\"valueRequired\":true,\"valueName\":\"search_term_string\"}}],\"inLanguage\":\"pt-PT\"},{\"@type\":\"Organization\",\"@id\":\"https:\/\/aevaledeste.pt\/site\/#organization\",\"name\":\"Agrupamento de Escolas de Vale D&#039;Este\",\"url\":\"https:\/\/aevaledeste.pt\/site\/\",\"logo\":{\"@type\":\"ImageObject\",\"inLanguage\":\"pt-PT\",\"@id\":\"https:\/\/aevaledeste.pt\/site\/#\/schema\/logo\/image\/\",\"url\":\"https:\/\/aevaledeste.pt\/site\/wp-content\/uploads\/2022\/09\/1-e1664446422139.png\",\"contentUrl\":\"https:\/\/aevaledeste.pt\/site\/wp-content\/uploads\/2022\/09\/1-e1664446422139.png\",\"width\":600,\"height\":78,\"caption\":\"Agrupamento de Escolas de Vale D&#039;Este\"},\"image\":{\"@id\":\"https:\/\/aevaledeste.pt\/site\/#\/schema\/logo\/image\/\"}}]}<\/script>\n<!-- \/ Yoast SEO plugin. -->","yoast_head_json":{"title":"Departamento do 1.\u00ba Ciclo - Agrupamento de Escolas de Vale D&#039;Este","robots":{"index":"index","follow":"follow","max-snippet":"max-snippet:-1","max-image-preview":"max-image-preview:large","max-video-preview":"max-video-preview:-1"},"canonical":"https:\/\/aevaledeste.pt\/site\/departamento-do-1-o-ciclo\/","og_locale":"pt_PT","og_type":"article","og_title":"Departamento do 1.\u00ba Ciclo - Agrupamento de Escolas de Vale D&#039;Este","og_description":"DEPARTAMENTO DO 1.\u00ba CICLO Coordenador (a): Alcina Sim\u00f5es CRIT\u00c9RIOS DE AVALIA\u00c7\u00c3O Consulte os crit\u00e9rios de avalia\u00e7\u00e3o deste departamento\u00a0aqui. \u00a0 INDICADORES DE SUCESSO Aceda aqui aos indicadores de sucesso deste departamento.\u00a0\u00a0 Dispon\u00edvel\u00a0aqui. \u00a0 APRENDIZAGENS ESSENCIAIS Consulte as diferentes aprendizagens essenciais das disciplinas deste departamento\u00a0aqui. \u00a0 PLANO&nbsp;&hellip;","og_url":"https:\/\/aevaledeste.pt\/site\/departamento-do-1-o-ciclo\/","og_site_name":"Agrupamento de Escolas de Vale D&#039;Este","article_modified_time":"2025-02-18T15:35:03+00:00","twitter_card":"summary_large_image","twitter_misc":{"Tempo estimado de leitura":"1 minuto"},"schema":{"@context":"https:\/\/schema.org","@graph":[{"@type":"WebPage","@id":"https:\/\/aevaledeste.pt\/site\/departamento-do-1-o-ciclo\/","url":"https:\/\/aevaledeste.pt\/site\/departamento-do-1-o-ciclo\/","name":"Departamento do 1.\u00ba Ciclo - Agrupamento de Escolas de Vale D&#039;Este","isPartOf":{"@id":"https:\/\/aevaledeste.pt\/site\/#website"},"datePublished":"2024-01-15T14:22:51+00:00","dateModified":"2025-02-18T15:35:03+00:00","breadcrumb":{"@id":"https:\/\/aevaledeste.pt\/site\/departamento-do-1-o-ciclo\/#breadcrumb"},"inLanguage":"pt-PT","potentialAction":[{"@type":"ReadAction","target":["https:\/\/aevaledeste.pt\/site\/departamento-do-1-o-ciclo\/"]}]},{"@type":"BreadcrumbList","@id":"https:\/\/aevaledeste.pt\/site\/departamento-do-1-o-ciclo\/#breadcrumb","itemListElement":[{"@type":"ListItem","position":1,"name":"In\u00edcio","item":"https:\/\/aevaledeste.pt\/site\/"},{"@type":"ListItem","position":2,"name":"Departamento do 1.\u00ba Ciclo"}]},{"@type":"WebSite","@id":"https:\/\/aevaledeste.pt\/site\/#website","url":"https:\/\/aevaledeste.pt\/site\/","name":"Agrupamento de Escolas de Vale D&#039;Este","description":"Faz a tua escolha!","publisher":{"@id":"https:\/\/aevaledeste.pt\/site\/#organization"},"potentialAction":[{"@type":"SearchAction","target":{"@type":"EntryPoint","urlTemplate":"https:\/\/aevaledeste.pt\/site\/?s={search_term_string}"},"query-input":{"@type":"PropertyValueSpecification","valueRequired":true,"valueName":"search_term_string"}}],"inLanguage":"pt-PT"},{"@type":"Organization","@id":"https:\/\/aevaledeste.pt\/site\/#organization","name":"Agrupamento de Escolas de Vale D&#039;Este","url":"https:\/\/aevaledeste.pt\/site\/","logo":{"@type":"ImageObject","inLanguage":"pt-PT","@id":"https:\/\/aevaledeste.pt\/site\/#\/schema\/logo\/image\/","url":"https:\/\/aevaledeste.pt\/site\/wp-content\/uploads\/2022\/09\/1-e1664446422139.png","contentUrl":"https:\/\/aevaledeste.pt\/site\/wp-content\/uploads\/2022\/09\/1-e1664446422139.png","width":600,"height":78,"caption":"Agrupamento de Escolas de Vale D&#039;Este"},"image":{"@id":"https:\/\/aevaledeste.pt\/site\/#\/schema\/logo\/image\/"}}]}},"_links":{"self":[{"href":"https:\/\/aevaledeste.pt\/site\/wp-json\/wp\/v2\/pages\/4101","targetHints":{"allow":["GET"]}}],"collection":[{"href":"https:\/\/aevaledeste.pt\/site\/wp-json\/wp\/v2\/pages"}],"about":[{"href":"https:\/\/aevaledeste.pt\/site\/wp-json\/wp\/v2\/types\/page"}],"author":[{"embeddable":true,"href":"https:\/\/aevaledeste.pt\/site\/wp-json\/wp\/v2\/users\/5"}],"replies":[{"embeddable":true,"href":"https:\/\/aevaledeste.pt\/site\/wp-json\/wp\/v2\/comments?post=4101"}],"version-history":[{"count":19,"href":"https:\/\/aevaledeste.pt\/site\/wp-json\/wp\/v2\/pages\/4101\/revisions"}],"predecessor-version":[{"id":6464,"href":"https:\/\/aevaledeste.pt\/site\/wp-json\/wp\/v2\/pages\/4101\/revisions\/6464"}],"wp:attachment":[{"href":"https:\/\/aevaledeste.pt\/site\/wp-json\/wp\/v2\/media?parent=4101"}],"curies":[{"name":"wp","href":"https:\/\/api.w.org\/{rel}","templated":true}]}}