{"id":4050,"date":"2024-01-03T16:45:45","date_gmt":"2024-01-03T16:45:45","guid":{"rendered":"https:\/\/aevaledeste.pt\/site\/?page_id=4050"},"modified":"2025-07-20T17:10:02","modified_gmt":"2025-07-20T17:10:02","slug":"centro-de-aprendizagem-em-comunicacao-social","status":"publish","type":"page","link":"https:\/\/aevaledeste.pt\/site\/centro-de-aprendizagem-em-comunicacao-social\/","title":{"rendered":"Centro de Aprendizagem em Comunica\u00e7\u00e3o Social"},"content":{"rendered":"\t\t<div data-elementor-type=\"wp-page\" data-elementor-id=\"4050\" class=\"elementor elementor-4050\">\n\t\t\t\t\t\t<section class=\"elementor-section elementor-top-section elementor-element elementor-element-23c05d2 elementor-section-boxed elementor-section-height-default elementor-section-height-default\" data-id=\"23c05d2\" data-element_type=\"section\">\n\t\t\t\t\t\t<div class=\"elementor-container elementor-column-gap-default\">\n\t\t\t\t\t<div class=\"elementor-column elementor-col-100 elementor-top-column elementor-element elementor-element-480daa2\" data-id=\"480daa2\" data-element_type=\"column\">\n\t\t\t<div class=\"elementor-widget-wrap elementor-element-populated\">\n\t\t\t\t\t\t<div class=\"elementor-element elementor-element-a2ed1e1 elementor-widget elementor-widget-text-editor\" data-id=\"a2ed1e1\" data-element_type=\"widget\" data-widget_type=\"text-editor.default\">\n\t\t\t\t<div class=\"elementor-widget-container\">\n\t\t\t\t\t\t\t<p><!-- wp:paragraph --><\/p>\n<blockquote>\n<h4>CENTRO DE APRENDIZAGEM EM COMUNICA\u00c7\u00c3O SOCIAL<\/h4>\n<\/blockquote>\n<p><!-- \/wp:quote --><\/p>\n<p><!-- wp:paragraph --><\/p>\n<p>O Centro de Aprendizagem em Comunica\u00e7\u00e3o Social, laborat\u00f3rio pedag\u00f3gico do jornal \u201cO Despertar\u201d e oficina formativa de alunos-jornalistas, \u00e9 um projeto de \u00e2mbito escolar e social com sede no Agrupamento de Escolas Vale d\u2019Este h\u00e1 mais de tr\u00eas d\u00e9cadas, que continua a consolidar-se. Por um lado, pretende marcar uma linha de a\u00e7\u00e3o com uma matriz escolar, que pretende chegar a toda a Comunidade Educativa; por outro lado, refletir as sensibilidades, os valores, a energia de todos os que diretamente fazem parte desta fam\u00edlia educativa \u2013 desde alunos, a professores, passando ainda pelos familiares e Encarregados de Educa\u00e7\u00e3o, Auxiliares da A\u00e7\u00e3o Educativa e outras for\u00e7as vivas da regi\u00e3o.<\/p>\n<p>Na sua matriz de identifica\u00e7\u00e3o, e ainda que aspetos de natureza formal, t\u00e9cnica e tecnol\u00f3gica tenham vindo a sofrer altera\u00e7\u00f5es com o tempo, h\u00e1 princ\u00edpios que permanecem inalterados e que nos movem. Assim, este projecto visa:<\/p>\n<ul>\n<li>Dar a conhecer as linhas orientadoras pelas quais se rege o Agrupamento de Escolas Vale d\u2019Este;<\/li>\n<li>Documentar os trabalhos\/atividades mais significativos produzidos pelos elementos da Comunidade Educativa;<\/li>\n<li>Refor\u00e7ar a consci\u00eancia c\u00edvica, cr\u00edtica e interventiva enquanto cidad\u00e3os ativos e participativos;<\/li>\n<li>Potenciar a escrita como ferramenta formativa e, por iner\u00eancia, de aprendizagem;<\/li>\n<li>Desenvolver capacidades de investiga\u00e7\u00e3o e pesquisa em jornalismo;<\/li>\n<li>Promover a partilha e a discuss\u00e3o cr\u00edtica de informa\u00e7\u00e3o;<\/li>\n<li>Desenvolver pesquisas e recolhas de informa\u00e7\u00e3o suscet\u00edveis de ajudar a caracterizar, compreender e agir sobre o Homem e o Meio.<\/li>\n<\/ul>\n<p>\u00a0<\/p>\n<p><!-- \/wp:quote --><\/p>\n<p><!-- wp:paragraph --><\/p>\n<p><!-- \/wp:paragraph --><\/p>\t\t\t\t\t\t<\/div>\n\t\t\t\t<\/div>\n\t\t\t\t\t<\/div>\n\t\t<\/div>\n\t\t\t\t\t<\/div>\n\t\t<\/section>\n\t\t\t\t<section class=\"elementor-section elementor-top-section elementor-element elementor-element-2587f03 elementor-section-boxed elementor-section-height-default elementor-section-height-default\" data-id=\"2587f03\" data-element_type=\"section\">\n\t\t\t\t\t\t<div class=\"elementor-container elementor-column-gap-default\">\n\t\t\t\t\t<div class=\"elementor-column elementor-col-100 elementor-top-column elementor-element elementor-element-dcddb71\" data-id=\"dcddb71\" data-element_type=\"column\">\n\t\t\t<div class=\"elementor-widget-wrap elementor-element-populated\">\n\t\t\t\t\t\t<div class=\"elementor-element elementor-element-c1ddc87 elementor-widget elementor-widget-text-editor\" data-id=\"c1ddc87\" data-element_type=\"widget\" data-widget_type=\"text-editor.default\">\n\t\t\t\t<div class=\"elementor-widget-container\">\n\t\t\t\t\t\t\t<blockquote>\n<h4>\u00daLTIMA EDI\u00c7\u00c3O<\/h4>\n<p>\u00a0<\/p>\n<\/blockquote>\n<p><!-- \/wp:quote --><\/p>\n<p><!-- wp:paragraph --><\/p>\n<p><a href=\"https:\/\/aevaledeste.pt\/site\/wp-content\/uploads\/2025\/07\/Despertar93.pdf\" target=\"_blank\" rel=\"noopener\"><img fetchpriority=\"high\" decoding=\"async\" class=\"size-medium wp-image-7786 aligncenter\" src=\"https:\/\/aevaledeste.pt\/site\/wp-content\/uploads\/2025\/07\/despertar_maio_24_25-228x300.png\" alt=\"\" width=\"228\" height=\"300\" srcset=\"https:\/\/aevaledeste.pt\/site\/wp-content\/uploads\/2025\/07\/despertar_maio_24_25-228x300.png 228w, https:\/\/aevaledeste.pt\/site\/wp-content\/uploads\/2025\/07\/despertar_maio_24_25-9x12.png 9w, https:\/\/aevaledeste.pt\/site\/wp-content\/uploads\/2025\/07\/despertar_maio_24_25-114x150.png 114w, https:\/\/aevaledeste.pt\/site\/wp-content\/uploads\/2025\/07\/despertar_maio_24_25.png 491w\" sizes=\"(max-width: 228px) 100vw, 228px\" \/><\/a>\u00a0 \u00a0 \u00a0 \u00a0 \u00a0 \u00a0 \u00a0 \u00a0 \u00a0 \u00a0 \u00a0 \u00a0 \u00a0 \u00a0 \u00a0 \u00a0 \u00a0 \u00a0 \u00a0 \u00a0 \u00a0 \u00a0 \u00a0 \u00a0 \u00a0 \u00a0 \u00a0 \u00a0<\/p>\n<p>O Despertar: \u00faltima edi\u00e7\u00e3o em vers\u00e3o .pdf dispon\u00edvel <a href=\"https:\/\/aevaledeste.pt\/site\/wp-content\/uploads\/2025\/07\/Despertar93.pdf\" target=\"_blank\" rel=\"noopener\">aqui.<\/a><\/p>\n<p><!-- \/wp:quote --><\/p>\n<p><!-- wp:paragraph --><\/p>\n<p><!-- \/wp:paragraph --><\/p>\t\t\t\t\t\t<\/div>\n\t\t\t\t<\/div>\n\t\t\t\t<div class=\"elementor-element elementor-element-c8233a0 elementor-widget elementor-widget-text-editor\" data-id=\"c8233a0\" data-element_type=\"widget\" data-widget_type=\"text-editor.default\">\n\t\t\t\t<div class=\"elementor-widget-container\">\n\t\t\t\t\t\t\t<blockquote>\n<h4>EDI\u00c7\u00d5ES<\/h4>\n<\/blockquote>\n<p><a href=\"https:\/\/aevaledeste.pt\/site\/wp-content\/uploads\/2025\/04\/Despertar92-8.pdf\" target=\"_blank\" rel=\"noopener\"><img decoding=\"async\" class=\"size-medium wp-image-7163 alignleft\" src=\"https:\/\/aevaledeste.pt\/site\/wp-content\/uploads\/2025\/04\/despertar-228x300.png\" alt=\"\" width=\"228\" height=\"300\" srcset=\"https:\/\/aevaledeste.pt\/site\/wp-content\/uploads\/2025\/04\/despertar-228x300.png 228w, https:\/\/aevaledeste.pt\/site\/wp-content\/uploads\/2025\/04\/despertar-9x12.png 9w, https:\/\/aevaledeste.pt\/site\/wp-content\/uploads\/2025\/04\/despertar-114x150.png 114w, https:\/\/aevaledeste.pt\/site\/wp-content\/uploads\/2025\/04\/despertar.png 507w\" sizes=\"(max-width: 228px) 100vw, 228px\" \/><\/a><\/p>\n<p>\u00a0<\/p>\n<p>\u00a0<\/p>\n<p>\u00a0<\/p>\n<p>\u00a0<\/p>\n<p>\u00a0<\/p>\n<p>\u00a0<\/p>\n<p>\u00a0<\/p>\n<p>\u00a0<\/p>\n<p>\u00a0<\/p>\n<p><a href=\"https:\/\/issuu.com\/despertar-aeve\/docs\/despertar90\" target=\"_blank\" rel=\"noopener\" data-wplink-edit=\"true\"><img decoding=\"async\" class=\"size-medium wp-image-4422 alignleft\" src=\"https:\/\/aevaledeste.pt\/site\/wp-content\/uploads\/2024\/02\/jornal-225x300.png\" alt=\"\" width=\"225\" height=\"300\" srcset=\"https:\/\/aevaledeste.pt\/site\/wp-content\/uploads\/2024\/02\/jornal-225x300.png 225w, https:\/\/aevaledeste.pt\/site\/wp-content\/uploads\/2024\/02\/jornal.png 443w, https:\/\/aevaledeste.pt\/site\/wp-content\/uploads\/2024\/02\/jornal-9x12.png 9w\" sizes=\"(max-width: 225px) 100vw, 225px\" \/><\/a> <a href=\"https:\/\/issuu.com\/despertar-aeve\/docs\/suplementoed90\" target=\"_blank\" rel=\"noopener\" data-wplink-edit=\"true\"><img loading=\"lazy\" decoding=\"async\" class=\"wp-image-4423 alignleft\" src=\"https:\/\/aevaledeste.pt\/site\/wp-content\/uploads\/2024\/02\/suplemento-231x300.png\" alt=\"\" width=\"229\" height=\"297\" srcset=\"https:\/\/aevaledeste.pt\/site\/wp-content\/uploads\/2024\/02\/suplemento-231x300.png 231w, https:\/\/aevaledeste.pt\/site\/wp-content\/uploads\/2024\/02\/suplemento.png 455w, https:\/\/aevaledeste.pt\/site\/wp-content\/uploads\/2024\/02\/suplemento-9x12.png 9w\" sizes=\"(max-width: 229px) 100vw, 229px\" \/><\/a><\/p>\n<p>\u00a0<\/p>\n<p>\u00a0<\/p>\n<p>\u00a0<\/p>\n<p>\u00a0<\/p>\n<p>\u00a0<\/p>\n<p>\u00a0<\/p>\n<p>\u00a0<\/p>\n<p>\u00a0<\/p>\n<p>\u00a0<\/p>\n<p>O Despertar: vers\u00e3o .pdf dispon\u00edvel <a href=\"https:\/\/aevaledeste.pt\/site\/wp-content\/uploads\/2024\/02\/Despertar90_FINAL.pdf\" target=\"_blank\" rel=\"noopener\">aqui.<\/a><\/p>\n<p>Suplemento: vers\u00e3o .pdf dispon\u00edvel <a href=\"https:\/\/aevaledeste.pt\/site\/wp-content\/uploads\/2024\/02\/Suplemento_FINAL.pdf\" target=\"_blank\" rel=\"noopener\">aqui.<\/a><\/p>\n<p>\u00a0<\/p>\n<p><a href=\"https:\/\/aevaledeste.pt\/site\/wp-content\/uploads\/2024\/02\/Despertar88_vWEB.pdf\" target=\"_blank\" rel=\"noopener\"><img loading=\"lazy\" decoding=\"async\" class=\"alignnone size-medium wp-image-4053\" src=\"https:\/\/aevaledeste.pt\/site\/wp-content\/uploads\/2024\/01\/Despertar_88-229x300.jpg\" alt=\"\" width=\"229\" height=\"300\" srcset=\"https:\/\/aevaledeste.pt\/site\/wp-content\/uploads\/2024\/01\/Despertar_88-229x300.jpg 229w, https:\/\/aevaledeste.pt\/site\/wp-content\/uploads\/2024\/01\/Despertar_88.jpg 666w, https:\/\/aevaledeste.pt\/site\/wp-content\/uploads\/2024\/01\/Despertar_88-9x12.jpg 9w\" sizes=\"(max-width: 229px) 100vw, 229px\" \/><\/a> <a href=\"https:\/\/aevaledeste.pt\/site\/wp-content\/uploads\/2024\/02\/Despertar87_FINAL.pdf\" target=\"_blank\" rel=\"noopener\"><img loading=\"lazy\" decoding=\"async\" class=\"alignnone size-medium wp-image-4054\" src=\"https:\/\/aevaledeste.pt\/site\/wp-content\/uploads\/2024\/01\/Despertar_87-228x300.jpg\" alt=\"\" width=\"228\" height=\"300\" srcset=\"https:\/\/aevaledeste.pt\/site\/wp-content\/uploads\/2024\/01\/Despertar_87-228x300.jpg 228w, https:\/\/aevaledeste.pt\/site\/wp-content\/uploads\/2024\/01\/Despertar_87.jpg 610w, https:\/\/aevaledeste.pt\/site\/wp-content\/uploads\/2024\/01\/Despertar_87-9x12.jpg 9w\" sizes=\"(max-width: 228px) 100vw, 228px\" \/><\/a> <a href=\"https:\/\/aevaledeste.pt\/site\/wp-content\/uploads\/2024\/02\/Despertar86vWEB.pdf\" target=\"_blank\" rel=\"noopener\"><img loading=\"lazy\" decoding=\"async\" class=\"alignnone size-medium wp-image-4055\" src=\"https:\/\/aevaledeste.pt\/site\/wp-content\/uploads\/2024\/01\/Despertar_86-237x300.jpg\" alt=\"\" width=\"237\" height=\"300\" srcset=\"https:\/\/aevaledeste.pt\/site\/wp-content\/uploads\/2024\/01\/Despertar_86-237x300.jpg 237w, https:\/\/aevaledeste.pt\/site\/wp-content\/uploads\/2024\/01\/Despertar_86.jpg 678w, https:\/\/aevaledeste.pt\/site\/wp-content\/uploads\/2024\/01\/Despertar_86-9x12.jpg 9w\" sizes=\"(max-width: 237px) 100vw, 237px\" \/><\/a> <a href=\"https:\/\/aevaledeste.pt\/site\/wp-content\/uploads\/2024\/02\/Despertar85final.pdf\" target=\"_blank\" rel=\"noopener\"><img loading=\"lazy\" decoding=\"async\" class=\"alignnone size-medium wp-image-4056\" src=\"https:\/\/aevaledeste.pt\/site\/wp-content\/uploads\/2024\/01\/Despertar85-229x300.jpg\" alt=\"\" width=\"229\" height=\"300\" srcset=\"https:\/\/aevaledeste.pt\/site\/wp-content\/uploads\/2024\/01\/Despertar85-229x300.jpg 229w, https:\/\/aevaledeste.pt\/site\/wp-content\/uploads\/2024\/01\/Despertar85-781x1024.jpg 781w, https:\/\/aevaledeste.pt\/site\/wp-content\/uploads\/2024\/01\/Despertar85-9x12.jpg 9w, https:\/\/aevaledeste.pt\/site\/wp-content\/uploads\/2024\/01\/Despertar85.jpg 1764w\" sizes=\"(max-width: 229px) 100vw, 229px\" \/><\/a> <a href=\"https:\/\/aevaledeste.pt\/site\/wp-content\/uploads\/2024\/02\/Despertar84.pdf\" target=\"_blank\" rel=\"noopener\"><img loading=\"lazy\" decoding=\"async\" class=\"alignnone size-medium wp-image-4057\" src=\"https:\/\/aevaledeste.pt\/site\/wp-content\/uploads\/2024\/01\/Despertar84-236x300.jpg\" alt=\"\" width=\"236\" height=\"300\" srcset=\"https:\/\/aevaledeste.pt\/site\/wp-content\/uploads\/2024\/01\/Despertar84-236x300.jpg 236w, https:\/\/aevaledeste.pt\/site\/wp-content\/uploads\/2024\/01\/Despertar84-806x1024.jpg 806w, https:\/\/aevaledeste.pt\/site\/wp-content\/uploads\/2024\/01\/Despertar84-9x12.jpg 9w, https:\/\/aevaledeste.pt\/site\/wp-content\/uploads\/2024\/01\/Despertar84.jpg 838w\" sizes=\"(max-width: 236px) 100vw, 236px\" \/><\/a> <a href=\"https:\/\/aevaledeste.pt\/site\/wp-content\/uploads\/2024\/02\/Despertar83.pdf\" target=\"_blank\" rel=\"noopener\"><img loading=\"lazy\" decoding=\"async\" class=\"alignnone size-medium wp-image-4058\" src=\"https:\/\/aevaledeste.pt\/site\/wp-content\/uploads\/2024\/01\/Despertar83-236x300.jpg\" alt=\"\" width=\"236\" height=\"300\" srcset=\"https:\/\/aevaledeste.pt\/site\/wp-content\/uploads\/2024\/01\/Despertar83-236x300.jpg 236w, https:\/\/aevaledeste.pt\/site\/wp-content\/uploads\/2024\/01\/Despertar83-806x1024.jpg 806w, https:\/\/aevaledeste.pt\/site\/wp-content\/uploads\/2024\/01\/Despertar83-9x12.jpg 9w, https:\/\/aevaledeste.pt\/site\/wp-content\/uploads\/2024\/01\/Despertar83.jpg 838w\" sizes=\"(max-width: 236px) 100vw, 236px\" \/><\/a> <a href=\"https:\/\/aevaledeste.pt\/site\/wp-content\/uploads\/2024\/02\/Despertar82.pdf\" target=\"_blank\" rel=\"noopener\"><img loading=\"lazy\" decoding=\"async\" class=\"alignnone size-medium wp-image-4052\" src=\"https:\/\/aevaledeste.pt\/site\/wp-content\/uploads\/2024\/01\/Despertar82-229x300.jpg\" alt=\"\" width=\"229\" height=\"300\" srcset=\"https:\/\/aevaledeste.pt\/site\/wp-content\/uploads\/2024\/01\/Despertar82-229x300.jpg 229w, https:\/\/aevaledeste.pt\/site\/wp-content\/uploads\/2024\/01\/Despertar82-781x1024.jpg 781w, https:\/\/aevaledeste.pt\/site\/wp-content\/uploads\/2024\/01\/Despertar82-9x12.jpg 9w, https:\/\/aevaledeste.pt\/site\/wp-content\/uploads\/2024\/01\/Despertar82.jpg 1764w\" sizes=\"(max-width: 229px) 100vw, 229px\" \/><\/a><\/p>\n<p><!-- \/wp:quote --><\/p>\n<p><!-- wp:paragraph --><\/p>\n<p><!-- \/wp:paragraph --><\/p>\t\t\t\t\t\t<\/div>\n\t\t\t\t<\/div>\n\t\t\t\t\t<\/div>\n\t\t<\/div>\n\t\t\t\t\t<\/div>\n\t\t<\/section>\n\t\t\t\t<section class=\"elementor-section elementor-top-section elementor-element elementor-element-20e5d86 elementor-section-boxed elementor-section-height-default elementor-section-height-default\" data-id=\"20e5d86\" data-element_type=\"section\">\n\t\t\t\t\t\t<div class=\"elementor-container elementor-column-gap-default\">\n\t\t\t\t\t<div class=\"elementor-column elementor-col-100 elementor-top-column elementor-element elementor-element-efa65c2\" data-id=\"efa65c2\" data-element_type=\"column\">\n\t\t\t<div class=\"elementor-widget-wrap\">\n\t\t\t\t\t\t\t<\/div>\n\t\t<\/div>\n\t\t\t\t\t<\/div>\n\t\t<\/section>\n\t\t\t\t<\/div>\n\t\t","protected":false},"excerpt":{"rendered":"<p>CENTRO DE APRENDIZAGEM EM COMUNICA\u00c7\u00c3O SOCIAL O Centro de Aprendizagem em Comunica\u00e7\u00e3o Social, laborat\u00f3rio pedag\u00f3gico do jornal \u201cO Despertar\u201d e oficina formativa de alunos-jornalistas, \u00e9 um projeto de \u00e2mbito escolar e social com sede no Agrupamento de Escolas Vale d\u2019Este h\u00e1 mais de tr\u00eas d\u00e9cadas,&nbsp;<a href=\"https:\/\/aevaledeste.pt\/site\/centro-de-aprendizagem-em-comunicacao-social\/\">&hellip;<\/a><\/p>\n","protected":false},"author":5,"featured_media":0,"parent":0,"menu_order":0,"comment_status":"closed","ping_status":"closed","template":"","meta":{"footnotes":""},"class_list":["post-4050","page","type-page","status-publish","hentry","odd"],"yoast_head":"<!-- This site is optimized with the Yoast SEO plugin v23.7 - https:\/\/yoast.com\/wordpress\/plugins\/seo\/ -->\n<title>Centro de Aprendizagem em Comunica\u00e7\u00e3o Social - Agrupamento de Escolas de Vale D&#039;Este<\/title>\n<meta name=\"robots\" content=\"index, follow, max-snippet:-1, max-image-preview:large, max-video-preview:-1\" \/>\n<link rel=\"canonical\" href=\"https:\/\/aevaledeste.pt\/site\/centro-de-aprendizagem-em-comunicacao-social\/\" \/>\n<meta property=\"og:locale\" content=\"pt_PT\" \/>\n<meta property=\"og:type\" content=\"article\" \/>\n<meta property=\"og:title\" content=\"Centro de Aprendizagem em Comunica\u00e7\u00e3o Social - Agrupamento de Escolas de Vale D&#039;Este\" \/>\n<meta property=\"og:description\" content=\"CENTRO DE APRENDIZAGEM EM COMUNICA\u00c7\u00c3O SOCIAL O Centro de Aprendizagem em Comunica\u00e7\u00e3o Social, laborat\u00f3rio pedag\u00f3gico do jornal \u201cO Despertar\u201d e oficina formativa de alunos-jornalistas, \u00e9 um projeto de \u00e2mbito escolar e social com sede no Agrupamento de Escolas Vale d\u2019Este h\u00e1 mais de tr\u00eas d\u00e9cadas,&nbsp;&hellip;\" \/>\n<meta property=\"og:url\" content=\"https:\/\/aevaledeste.pt\/site\/centro-de-aprendizagem-em-comunicacao-social\/\" \/>\n<meta property=\"og:site_name\" content=\"Agrupamento de Escolas de Vale D&#039;Este\" \/>\n<meta property=\"article:modified_time\" content=\"2025-07-20T17:10:02+00:00\" \/>\n<meta property=\"og:image\" content=\"https:\/\/aevaledeste.pt\/site\/wp-content\/uploads\/2025\/07\/despertar_maio_24_25.png\" \/>\n\t<meta property=\"og:image:width\" content=\"491\" \/>\n\t<meta property=\"og:image:height\" content=\"646\" \/>\n\t<meta property=\"og:image:type\" content=\"image\/png\" \/>\n<meta name=\"twitter:card\" content=\"summary_large_image\" \/>\n<meta name=\"twitter:label1\" content=\"Tempo estimado de leitura\" \/>\n\t<meta name=\"twitter:data1\" content=\"4 minutos\" \/>\n<script type=\"application\/ld+json\" class=\"yoast-schema-graph\">{\"@context\":\"https:\/\/schema.org\",\"@graph\":[{\"@type\":\"WebPage\",\"@id\":\"https:\/\/aevaledeste.pt\/site\/centro-de-aprendizagem-em-comunicacao-social\/\",\"url\":\"https:\/\/aevaledeste.pt\/site\/centro-de-aprendizagem-em-comunicacao-social\/\",\"name\":\"Centro de Aprendizagem em Comunica\u00e7\u00e3o Social - Agrupamento de Escolas de Vale D&#039;Este\",\"isPartOf\":{\"@id\":\"https:\/\/aevaledeste.pt\/site\/#website\"},\"primaryImageOfPage\":{\"@id\":\"https:\/\/aevaledeste.pt\/site\/centro-de-aprendizagem-em-comunicacao-social\/#primaryimage\"},\"image\":{\"@id\":\"https:\/\/aevaledeste.pt\/site\/centro-de-aprendizagem-em-comunicacao-social\/#primaryimage\"},\"thumbnailUrl\":\"https:\/\/aevaledeste.pt\/site\/wp-content\/uploads\/2025\/07\/despertar_maio_24_25-228x300.png\",\"datePublished\":\"2024-01-03T16:45:45+00:00\",\"dateModified\":\"2025-07-20T17:10:02+00:00\",\"breadcrumb\":{\"@id\":\"https:\/\/aevaledeste.pt\/site\/centro-de-aprendizagem-em-comunicacao-social\/#breadcrumb\"},\"inLanguage\":\"pt-PT\",\"potentialAction\":[{\"@type\":\"ReadAction\",\"target\":[\"https:\/\/aevaledeste.pt\/site\/centro-de-aprendizagem-em-comunicacao-social\/\"]}]},{\"@type\":\"ImageObject\",\"inLanguage\":\"pt-PT\",\"@id\":\"https:\/\/aevaledeste.pt\/site\/centro-de-aprendizagem-em-comunicacao-social\/#primaryimage\",\"url\":\"https:\/\/aevaledeste.pt\/site\/wp-content\/uploads\/2025\/07\/despertar_maio_24_25.png\",\"contentUrl\":\"https:\/\/aevaledeste.pt\/site\/wp-content\/uploads\/2025\/07\/despertar_maio_24_25.png\",\"width\":491,\"height\":646},{\"@type\":\"BreadcrumbList\",\"@id\":\"https:\/\/aevaledeste.pt\/site\/centro-de-aprendizagem-em-comunicacao-social\/#breadcrumb\",\"itemListElement\":[{\"@type\":\"ListItem\",\"position\":1,\"name\":\"In\u00edcio\",\"item\":\"https:\/\/aevaledeste.pt\/site\/\"},{\"@type\":\"ListItem\",\"position\":2,\"name\":\"Centro de Aprendizagem em Comunica\u00e7\u00e3o Social\"}]},{\"@type\":\"WebSite\",\"@id\":\"https:\/\/aevaledeste.pt\/site\/#website\",\"url\":\"https:\/\/aevaledeste.pt\/site\/\",\"name\":\"Agrupamento de Escolas de Vale D&#039;Este\",\"description\":\"Faz a tua escolha!\",\"publisher\":{\"@id\":\"https:\/\/aevaledeste.pt\/site\/#organization\"},\"potentialAction\":[{\"@type\":\"SearchAction\",\"target\":{\"@type\":\"EntryPoint\",\"urlTemplate\":\"https:\/\/aevaledeste.pt\/site\/?s={search_term_string}\"},\"query-input\":{\"@type\":\"PropertyValueSpecification\",\"valueRequired\":true,\"valueName\":\"search_term_string\"}}],\"inLanguage\":\"pt-PT\"},{\"@type\":\"Organization\",\"@id\":\"https:\/\/aevaledeste.pt\/site\/#organization\",\"name\":\"Agrupamento de Escolas de Vale D&#039;Este\",\"url\":\"https:\/\/aevaledeste.pt\/site\/\",\"logo\":{\"@type\":\"ImageObject\",\"inLanguage\":\"pt-PT\",\"@id\":\"https:\/\/aevaledeste.pt\/site\/#\/schema\/logo\/image\/\",\"url\":\"https:\/\/aevaledeste.pt\/site\/wp-content\/uploads\/2022\/09\/1-e1664446422139.png\",\"contentUrl\":\"https:\/\/aevaledeste.pt\/site\/wp-content\/uploads\/2022\/09\/1-e1664446422139.png\",\"width\":600,\"height\":78,\"caption\":\"Agrupamento de Escolas de Vale D&#039;Este\"},\"image\":{\"@id\":\"https:\/\/aevaledeste.pt\/site\/#\/schema\/logo\/image\/\"}}]}<\/script>\n<!-- \/ Yoast SEO plugin. -->","yoast_head_json":{"title":"Centro de Aprendizagem em Comunica\u00e7\u00e3o Social - Agrupamento de Escolas de Vale D&#039;Este","robots":{"index":"index","follow":"follow","max-snippet":"max-snippet:-1","max-image-preview":"max-image-preview:large","max-video-preview":"max-video-preview:-1"},"canonical":"https:\/\/aevaledeste.pt\/site\/centro-de-aprendizagem-em-comunicacao-social\/","og_locale":"pt_PT","og_type":"article","og_title":"Centro de Aprendizagem em Comunica\u00e7\u00e3o Social - Agrupamento de Escolas de Vale D&#039;Este","og_description":"CENTRO DE APRENDIZAGEM EM COMUNICA\u00c7\u00c3O SOCIAL O Centro de Aprendizagem em Comunica\u00e7\u00e3o Social, laborat\u00f3rio pedag\u00f3gico do jornal \u201cO Despertar\u201d e oficina formativa de alunos-jornalistas, \u00e9 um projeto de \u00e2mbito escolar e social com sede no Agrupamento de Escolas Vale d\u2019Este h\u00e1 mais de tr\u00eas d\u00e9cadas,&nbsp;&hellip;","og_url":"https:\/\/aevaledeste.pt\/site\/centro-de-aprendizagem-em-comunicacao-social\/","og_site_name":"Agrupamento de Escolas de Vale D&#039;Este","article_modified_time":"2025-07-20T17:10:02+00:00","og_image":[{"width":491,"height":646,"url":"https:\/\/aevaledeste.pt\/site\/wp-content\/uploads\/2025\/07\/despertar_maio_24_25.png","type":"image\/png"}],"twitter_card":"summary_large_image","twitter_misc":{"Tempo estimado de leitura":"4 minutos"},"schema":{"@context":"https:\/\/schema.org","@graph":[{"@type":"WebPage","@id":"https:\/\/aevaledeste.pt\/site\/centro-de-aprendizagem-em-comunicacao-social\/","url":"https:\/\/aevaledeste.pt\/site\/centro-de-aprendizagem-em-comunicacao-social\/","name":"Centro de Aprendizagem em Comunica\u00e7\u00e3o Social - Agrupamento de Escolas de Vale D&#039;Este","isPartOf":{"@id":"https:\/\/aevaledeste.pt\/site\/#website"},"primaryImageOfPage":{"@id":"https:\/\/aevaledeste.pt\/site\/centro-de-aprendizagem-em-comunicacao-social\/#primaryimage"},"image":{"@id":"https:\/\/aevaledeste.pt\/site\/centro-de-aprendizagem-em-comunicacao-social\/#primaryimage"},"thumbnailUrl":"https:\/\/aevaledeste.pt\/site\/wp-content\/uploads\/2025\/07\/despertar_maio_24_25-228x300.png","datePublished":"2024-01-03T16:45:45+00:00","dateModified":"2025-07-20T17:10:02+00:00","breadcrumb":{"@id":"https:\/\/aevaledeste.pt\/site\/centro-de-aprendizagem-em-comunicacao-social\/#breadcrumb"},"inLanguage":"pt-PT","potentialAction":[{"@type":"ReadAction","target":["https:\/\/aevaledeste.pt\/site\/centro-de-aprendizagem-em-comunicacao-social\/"]}]},{"@type":"ImageObject","inLanguage":"pt-PT","@id":"https:\/\/aevaledeste.pt\/site\/centro-de-aprendizagem-em-comunicacao-social\/#primaryimage","url":"https:\/\/aevaledeste.pt\/site\/wp-content\/uploads\/2025\/07\/despertar_maio_24_25.png","contentUrl":"https:\/\/aevaledeste.pt\/site\/wp-content\/uploads\/2025\/07\/despertar_maio_24_25.png","width":491,"height":646},{"@type":"BreadcrumbList","@id":"https:\/\/aevaledeste.pt\/site\/centro-de-aprendizagem-em-comunicacao-social\/#breadcrumb","itemListElement":[{"@type":"ListItem","position":1,"name":"In\u00edcio","item":"https:\/\/aevaledeste.pt\/site\/"},{"@type":"ListItem","position":2,"name":"Centro de Aprendizagem em Comunica\u00e7\u00e3o Social"}]},{"@type":"WebSite","@id":"https:\/\/aevaledeste.pt\/site\/#website","url":"https:\/\/aevaledeste.pt\/site\/","name":"Agrupamento de Escolas de Vale D&#039;Este","description":"Faz a tua escolha!","publisher":{"@id":"https:\/\/aevaledeste.pt\/site\/#organization"},"potentialAction":[{"@type":"SearchAction","target":{"@type":"EntryPoint","urlTemplate":"https:\/\/aevaledeste.pt\/site\/?s={search_term_string}"},"query-input":{"@type":"PropertyValueSpecification","valueRequired":true,"valueName":"search_term_string"}}],"inLanguage":"pt-PT"},{"@type":"Organization","@id":"https:\/\/aevaledeste.pt\/site\/#organization","name":"Agrupamento de Escolas de Vale D&#039;Este","url":"https:\/\/aevaledeste.pt\/site\/","logo":{"@type":"ImageObject","inLanguage":"pt-PT","@id":"https:\/\/aevaledeste.pt\/site\/#\/schema\/logo\/image\/","url":"https:\/\/aevaledeste.pt\/site\/wp-content\/uploads\/2022\/09\/1-e1664446422139.png","contentUrl":"https:\/\/aevaledeste.pt\/site\/wp-content\/uploads\/2022\/09\/1-e1664446422139.png","width":600,"height":78,"caption":"Agrupamento de Escolas de Vale D&#039;Este"},"image":{"@id":"https:\/\/aevaledeste.pt\/site\/#\/schema\/logo\/image\/"}}]}},"_links":{"self":[{"href":"https:\/\/aevaledeste.pt\/site\/wp-json\/wp\/v2\/pages\/4050","targetHints":{"allow":["GET"]}}],"collection":[{"href":"https:\/\/aevaledeste.pt\/site\/wp-json\/wp\/v2\/pages"}],"about":[{"href":"https:\/\/aevaledeste.pt\/site\/wp-json\/wp\/v2\/types\/page"}],"author":[{"embeddable":true,"href":"https:\/\/aevaledeste.pt\/site\/wp-json\/wp\/v2\/users\/5"}],"replies":[{"embeddable":true,"href":"https:\/\/aevaledeste.pt\/site\/wp-json\/wp\/v2\/comments?post=4050"}],"version-history":[{"count":25,"href":"https:\/\/aevaledeste.pt\/site\/wp-json\/wp\/v2\/pages\/4050\/revisions"}],"predecessor-version":[{"id":7793,"href":"https:\/\/aevaledeste.pt\/site\/wp-json\/wp\/v2\/pages\/4050\/revisions\/7793"}],"wp:attachment":[{"href":"https:\/\/aevaledeste.pt\/site\/wp-json\/wp\/v2\/media?parent=4050"}],"curies":[{"name":"wp","href":"https:\/\/api.w.org\/{rel}","templated":true}]}}