{"id":3454,"date":"2023-09-27T15:13:52","date_gmt":"2023-09-27T15:13:52","guid":{"rendered":"https:\/\/aevaledeste.pt\/site\/?page_id=3454"},"modified":"2025-02-04T11:51:35","modified_gmt":"2025-02-04T11:51:35","slug":"eqavet_relatorios","status":"publish","type":"page","link":"https:\/\/aevaledeste.pt\/site\/eqavet_relatorios\/","title":{"rendered":"EQAVET_Relat\u00f3rios"},"content":{"rendered":"\t\t<div data-elementor-type=\"wp-page\" data-elementor-id=\"3454\" class=\"elementor elementor-3454\">\n\t\t\t\t\t\t<section class=\"elementor-section elementor-top-section elementor-element elementor-element-68a6da79 elementor-section-boxed elementor-section-height-default elementor-section-height-default\" data-id=\"68a6da79\" data-element_type=\"section\">\n\t\t\t\t\t\t<div class=\"elementor-container elementor-column-gap-default\">\n\t\t\t\t\t<div class=\"elementor-column elementor-col-100 elementor-top-column elementor-element elementor-element-4c036a1f\" data-id=\"4c036a1f\" data-element_type=\"column\">\n\t\t\t<div class=\"elementor-widget-wrap elementor-element-populated\">\n\t\t\t\t\t\t<div class=\"elementor-element elementor-element-5545584f elementor-widget elementor-widget-text-editor\" data-id=\"5545584f\" data-element_type=\"widget\" data-widget_type=\"text-editor.default\">\n\t\t\t\t<div class=\"elementor-widget-container\">\n\t\t\t\t\t\t\t<blockquote>\n<h4>RELAT\u00d3RIOS EQAVET\u00a0<\/h4>\n<\/blockquote>\n<p>\u00a0<\/p>\n<hr \/>\n<p><a href=\"https:\/\/drive.google.com\/drive\/folders\/1jMS90IM83dofZx6a1zxDMs6s5rZPaSGK?usp=sharing\" target=\"_blank\" rel=\"noopener\">Relat\u00f3rio SPO<\/a><\/p>\n<hr \/>\n<p><a href=\"https:\/\/drive.google.com\/drive\/folders\/1rQk39jYDyv_HVuXs4uEEBcIUaonAPQ2Q?usp=sharing\" target=\"_blank\" rel=\"noopener\">Relat\u00f3rio DreamShaper<\/a><\/p>\n<hr \/>\n<p><a href=\"https:\/\/aevaledeste.pt\/site\/wp-content\/uploads\/2023\/09\/Relatorio_Inquerito_AO_TE.pdf\" target=\"_blank\" rel=\"noopener\">Relat\u00f3rio Assistentes Operacionais e T\u00e9cnicos Especializados<\/a><\/p>\n<hr \/>\n<p>Cursos Profissionais de T\u00e9cnico de Inform\u00e1tica + Desporto<\/p>\n<ul>\n<li><span style=\"text-decoration: underline;\">Ano letivo 2021-2022<\/span>\n<ul>\n<li><a href=\"https:\/\/drive.google.com\/file\/d\/1dGrdwrgAVDjDDw_QOEZCWrYixXDbe55R\/view?usp=sharing\" target=\"_blank\" rel=\"noopener\">Inqu\u00e9ritos de satisfa\u00e7\u00e3o &#8211; Alunos<\/a><\/li>\n<li><a href=\"https:\/\/drive.google.com\/file\/d\/1ZcAbNjAVb6qHlQ2pw3zC7b9dGEgQ-TXn\/view?usp=sharing\" target=\"_blank\" rel=\"noopener\">Inqu\u00e9ritos de satisfa\u00e7\u00e3o &#8211; Docentes<\/a><\/li>\n<li><a href=\"https:\/\/drive.google.com\/file\/d\/1OEFOgnx4QElA1CehTZhYzVTyUaPXr2pb\/view?usp=sharing\" target=\"_blank\" rel=\"noopener\">Inqu\u00e9ritos de satisfa\u00e7\u00e3o &#8211; Encarregados de Educa\u00e7\u00e3o<\/a><\/li>\n<li><a href=\"https:\/\/drive.google.com\/file\/d\/1AboGJ5sVW2vhCiwk4TiA6lpEXoDTAbep\/view?usp=sharing\" target=\"_blank\" rel=\"noopener\">Inqu\u00e9ritos de satisfa\u00e7\u00e3o &#8211; Assistentes Operacionais<\/a><\/li>\n<\/ul>\n<\/li>\n<li><span style=\"text-decoration: underline;\">Ano letivo 2022-2023<\/span><\/li>\n<li style=\"list-style-type: none;\">\n<ul>\n<li style=\"list-style-type: none;\">\n<ul>\n<li><a href=\"https:\/\/drive.google.com\/file\/d\/1F8BWVogjPCJ2zNikJMdjbvc5rVEiIKR1\/view?usp=sharing\" target=\"_blank\" rel=\"noopener\">Inqu\u00e9ritos de satisfa\u00e7\u00e3o &#8211; Alunos<\/a><\/li>\n<li><a href=\"https:\/\/drive.google.com\/file\/d\/1PzvVR6a4IVMdcI_1kLWOQq_GinBBT4Yx\/view?usp=sharing\" target=\"_blank\" rel=\"noopener\">Inqu\u00e9ritos de satisfa\u00e7\u00e3o &#8211; Docentes<\/a><\/li>\n<li><a href=\"https:\/\/drive.google.com\/file\/d\/1fkHdI24EYF-h_S8ezVHsJHNiSOJVA0BN\/view?usp=sharing\" target=\"_blank\" rel=\"noopener\">Inqu\u00e9ritos de satisfa\u00e7\u00e3o &#8211; Encarregados de Educa\u00e7\u00e3o<\/a><\/li>\n<li><a href=\"https:\/\/drive.google.com\/file\/d\/1D-LbriKUowSs7ctmD0JCPoLoG8jeTmea\/view?usp=sharing\" target=\"_blank\" rel=\"noopener\">Inqu\u00e9ritos de satisfa\u00e7\u00e3o &#8211; Stakeholders<\/a><\/li>\n<\/ul>\n<\/li>\n<\/ul>\n<\/li>\n<li><span style=\"text-decoration: underline;\">Ano letivo 2023-2024<\/span>\n<ul>\n<li><a href=\"https:\/\/drive.google.com\/file\/d\/1sj2sIJ9eKfRCSFRIxOx_nDvdbqfXwTV7\/view?usp=sharing\" target=\"_blank\" rel=\"noopener\">Inqu\u00e9ritos de satisfa\u00e7\u00e3o &#8211; Alunos<\/a><\/li>\n<li><a href=\"https:\/\/drive.google.com\/file\/d\/1YJGsEVeKr0vsSISQFk7SAw8dzeg_EB53\/view?usp=sharing\" target=\"_blank\" rel=\"noopener\">Inqu\u00e9ritos de satisfa\u00e7\u00e3o &#8211; Docentes<\/a><\/li>\n<li><a href=\"https:\/\/drive.google.com\/file\/d\/19jExKEP6JIxGTJQ0YAN9i60HvDBoemFQ\/view?usp=sharing\" target=\"_blank\" rel=\"noopener\">Inqu\u00e9ritos de satisfa\u00e7\u00e3o &#8211; Encarregados de Educa\u00e7\u00e3o<\/a><\/li>\n<li><a href=\"https:\/\/drive.google.com\/file\/d\/1NGEUOlL88TM7QqSMPMMytktgRjB21wdd\/view?usp=sharing\" target=\"_blank\" rel=\"noopener\">Inqu\u00e9ritos de satisfa\u00e7\u00e3o &#8211; Stakeholders<\/a><\/li>\n<\/ul>\n<\/li>\n<\/ul>\n<hr \/>\n<p>Curso Profissional de T\u00e9cnico de Multim\u00e9dia<\/p>\n<ul>\n<li><span style=\"text-decoration: underline;\">Ano letivo 2023-2024<\/span>\n<ul>\n<li><a href=\"https:\/\/drive.google.com\/file\/d\/1NQuoEFNhjGZqus3xdK4XHF6lZm4VkHpD\/view?usp=sharing\" target=\"_blank\" rel=\"noopener\">Inqu\u00e9ritos de satisfa\u00e7\u00e3o &#8211; Alunos<\/a><\/li>\n<li><a href=\"https:\/\/drive.google.com\/file\/d\/1svocV7fZRFVsLaN3vlrMMFqQCYRHYxMe\/view?usp=sharing\" target=\"_blank\" rel=\"noopener\">Inqu\u00e9ritos de satisfa\u00e7\u00e3o &#8211; Docentes<\/a><\/li>\n<li><a href=\"https:\/\/drive.google.com\/file\/d\/1-4B1vdqsUWIAE2ugRXdPqB8rukA6eXIg\/view?usp=sharing\" target=\"_blank\" rel=\"noopener\">Inqu\u00e9ritos de satisfa\u00e7\u00e3o &#8211; Encarregados de Educa\u00e7\u00e3o<\/a><\/li>\n<\/ul>\n<\/li>\n<\/ul>\n<hr \/>\n<p><a href=\"https:\/\/aevaledeste.pt\/site\/wp-content\/uploads\/2023\/09\/Result_inq_empregadores_16_19.pdf\" target=\"_blank\" rel=\"noopener\">T\u00e9cnico de Turismo &#8211; Relat\u00f3rio Empregadores<\/a><\/p>\n<hr \/>\n<p><a href=\"https:\/\/aevaledeste.pt\/site\/wp-content\/uploads\/2023\/09\/Introducao_PDE.pdf\" target=\"_blank\" rel=\"noopener\">Plano de Desenvolvimento Europeu<\/a><\/p>\n<hr \/>\n<p><a href=\"https:\/\/drive.google.com\/drive\/folders\/1rKBNMMn4O2qgKZexxz82nFhJA0u-R1Ea?usp=sharing\" target=\"_blank\" rel=\"noopener\">Avalia\u00e7\u00e3o Externa<\/a><\/p>\n<hr \/>\n<p><a href=\"https:\/\/drive.google.com\/drive\/folders\/1Uukii0XcM7U78oaKAHYoXZM8Sogx8x6Y?usp=sharing\" target=\"_blank\" rel=\"noopener\">Erasmus KA1<\/a><\/p>\n<hr \/>\n<p><a href=\"https:\/\/drive.google.com\/drive\/folders\/1gpefvRsY9cw1mJcgdNvt17RB_SaJX48g?usp=sharing\" target=\"_blank\" rel=\"noopener\">R\u00e1dio Escola<\/a><\/p>\n<hr \/>\n<p><!-- \/wp:quote --><\/p>\n<p><!-- wp:paragraph --><\/p>\n<p><!-- \/wp:paragraph --><\/p>\t\t\t\t\t\t<\/div>\n\t\t\t\t<\/div>\n\t\t\t\t\t<\/div>\n\t\t<\/div>\n\t\t\t\t\t<\/div>\n\t\t<\/section>\n\t\t\t\t<\/div>\n\t\t","protected":false},"excerpt":{"rendered":"<p>RELAT\u00d3RIOS EQAVET\u00a0 \u00a0 Relat\u00f3rio SPO Relat\u00f3rio DreamShaper Relat\u00f3rio Assistentes Operacionais e T\u00e9cnicos Especializados Cursos Profissionais de T\u00e9cnico de Inform\u00e1tica + Desporto Ano letivo 2021-2022 Inqu\u00e9ritos de satisfa\u00e7\u00e3o &#8211; Alunos Inqu\u00e9ritos de satisfa\u00e7\u00e3o &#8211; Docentes Inqu\u00e9ritos de satisfa\u00e7\u00e3o &#8211; Encarregados de Educa\u00e7\u00e3o Inqu\u00e9ritos de satisfa\u00e7\u00e3o &#8211;&nbsp;<a href=\"https:\/\/aevaledeste.pt\/site\/eqavet_relatorios\/\">&hellip;<\/a><\/p>\n","protected":false},"author":5,"featured_media":0,"parent":0,"menu_order":0,"comment_status":"closed","ping_status":"closed","template":"","meta":{"footnotes":""},"class_list":["post-3454","page","type-page","status-publish","hentry","odd"],"yoast_head":"<!-- This site is optimized with the Yoast SEO plugin v23.7 - https:\/\/yoast.com\/wordpress\/plugins\/seo\/ -->\n<title>EQAVET_Relat\u00f3rios - Agrupamento de Escolas de Vale D&#039;Este<\/title>\n<meta name=\"robots\" content=\"index, follow, max-snippet:-1, max-image-preview:large, max-video-preview:-1\" \/>\n<link rel=\"canonical\" href=\"https:\/\/aevaledeste.pt\/site\/eqavet_relatorios\/\" \/>\n<meta property=\"og:locale\" content=\"pt_PT\" \/>\n<meta property=\"og:type\" content=\"article\" \/>\n<meta property=\"og:title\" content=\"EQAVET_Relat\u00f3rios - Agrupamento de Escolas de Vale D&#039;Este\" \/>\n<meta property=\"og:description\" content=\"RELAT\u00d3RIOS EQAVET\u00a0 \u00a0 Relat\u00f3rio SPO Relat\u00f3rio DreamShaper Relat\u00f3rio Assistentes Operacionais e T\u00e9cnicos Especializados Cursos Profissionais de T\u00e9cnico de Inform\u00e1tica + Desporto Ano letivo 2021-2022 Inqu\u00e9ritos de satisfa\u00e7\u00e3o &#8211; Alunos Inqu\u00e9ritos de satisfa\u00e7\u00e3o &#8211; Docentes Inqu\u00e9ritos de satisfa\u00e7\u00e3o &#8211; Encarregados de Educa\u00e7\u00e3o Inqu\u00e9ritos de satisfa\u00e7\u00e3o &#8211;&nbsp;&hellip;\" \/>\n<meta property=\"og:url\" content=\"https:\/\/aevaledeste.pt\/site\/eqavet_relatorios\/\" \/>\n<meta property=\"og:site_name\" content=\"Agrupamento de Escolas de Vale D&#039;Este\" \/>\n<meta property=\"article:modified_time\" content=\"2025-02-04T11:51:35+00:00\" \/>\n<meta name=\"twitter:card\" content=\"summary_large_image\" \/>\n<meta name=\"twitter:label1\" content=\"Tempo estimado de leitura\" \/>\n\t<meta name=\"twitter:data1\" content=\"1 minuto\" \/>\n<script type=\"application\/ld+json\" class=\"yoast-schema-graph\">{\"@context\":\"https:\/\/schema.org\",\"@graph\":[{\"@type\":\"WebPage\",\"@id\":\"https:\/\/aevaledeste.pt\/site\/eqavet_relatorios\/\",\"url\":\"https:\/\/aevaledeste.pt\/site\/eqavet_relatorios\/\",\"name\":\"EQAVET_Relat\u00f3rios - Agrupamento de Escolas de Vale D&#039;Este\",\"isPartOf\":{\"@id\":\"https:\/\/aevaledeste.pt\/site\/#website\"},\"datePublished\":\"2023-09-27T15:13:52+00:00\",\"dateModified\":\"2025-02-04T11:51:35+00:00\",\"breadcrumb\":{\"@id\":\"https:\/\/aevaledeste.pt\/site\/eqavet_relatorios\/#breadcrumb\"},\"inLanguage\":\"pt-PT\",\"potentialAction\":[{\"@type\":\"ReadAction\",\"target\":[\"https:\/\/aevaledeste.pt\/site\/eqavet_relatorios\/\"]}]},{\"@type\":\"BreadcrumbList\",\"@id\":\"https:\/\/aevaledeste.pt\/site\/eqavet_relatorios\/#breadcrumb\",\"itemListElement\":[{\"@type\":\"ListItem\",\"position\":1,\"name\":\"In\u00edcio\",\"item\":\"https:\/\/aevaledeste.pt\/site\/\"},{\"@type\":\"ListItem\",\"position\":2,\"name\":\"EQAVET_Relat\u00f3rios\"}]},{\"@type\":\"WebSite\",\"@id\":\"https:\/\/aevaledeste.pt\/site\/#website\",\"url\":\"https:\/\/aevaledeste.pt\/site\/\",\"name\":\"Agrupamento de Escolas de Vale D&#039;Este\",\"description\":\"Faz a tua escolha!\",\"publisher\":{\"@id\":\"https:\/\/aevaledeste.pt\/site\/#organization\"},\"potentialAction\":[{\"@type\":\"SearchAction\",\"target\":{\"@type\":\"EntryPoint\",\"urlTemplate\":\"https:\/\/aevaledeste.pt\/site\/?s={search_term_string}\"},\"query-input\":{\"@type\":\"PropertyValueSpecification\",\"valueRequired\":true,\"valueName\":\"search_term_string\"}}],\"inLanguage\":\"pt-PT\"},{\"@type\":\"Organization\",\"@id\":\"https:\/\/aevaledeste.pt\/site\/#organization\",\"name\":\"Agrupamento de Escolas de Vale D&#039;Este\",\"url\":\"https:\/\/aevaledeste.pt\/site\/\",\"logo\":{\"@type\":\"ImageObject\",\"inLanguage\":\"pt-PT\",\"@id\":\"https:\/\/aevaledeste.pt\/site\/#\/schema\/logo\/image\/\",\"url\":\"https:\/\/aevaledeste.pt\/site\/wp-content\/uploads\/2022\/09\/1-e1664446422139.png\",\"contentUrl\":\"https:\/\/aevaledeste.pt\/site\/wp-content\/uploads\/2022\/09\/1-e1664446422139.png\",\"width\":600,\"height\":78,\"caption\":\"Agrupamento de Escolas de Vale D&#039;Este\"},\"image\":{\"@id\":\"https:\/\/aevaledeste.pt\/site\/#\/schema\/logo\/image\/\"}}]}<\/script>\n<!-- \/ Yoast SEO plugin. -->","yoast_head_json":{"title":"EQAVET_Relat\u00f3rios - Agrupamento de Escolas de Vale D&#039;Este","robots":{"index":"index","follow":"follow","max-snippet":"max-snippet:-1","max-image-preview":"max-image-preview:large","max-video-preview":"max-video-preview:-1"},"canonical":"https:\/\/aevaledeste.pt\/site\/eqavet_relatorios\/","og_locale":"pt_PT","og_type":"article","og_title":"EQAVET_Relat\u00f3rios - Agrupamento de Escolas de Vale D&#039;Este","og_description":"RELAT\u00d3RIOS EQAVET\u00a0 \u00a0 Relat\u00f3rio SPO Relat\u00f3rio DreamShaper Relat\u00f3rio Assistentes Operacionais e T\u00e9cnicos Especializados Cursos Profissionais de T\u00e9cnico de Inform\u00e1tica + Desporto Ano letivo 2021-2022 Inqu\u00e9ritos de satisfa\u00e7\u00e3o &#8211; Alunos Inqu\u00e9ritos de satisfa\u00e7\u00e3o &#8211; Docentes Inqu\u00e9ritos de satisfa\u00e7\u00e3o &#8211; Encarregados de Educa\u00e7\u00e3o Inqu\u00e9ritos de satisfa\u00e7\u00e3o &#8211;&nbsp;&hellip;","og_url":"https:\/\/aevaledeste.pt\/site\/eqavet_relatorios\/","og_site_name":"Agrupamento de Escolas de Vale D&#039;Este","article_modified_time":"2025-02-04T11:51:35+00:00","twitter_card":"summary_large_image","twitter_misc":{"Tempo estimado de leitura":"1 minuto"},"schema":{"@context":"https:\/\/schema.org","@graph":[{"@type":"WebPage","@id":"https:\/\/aevaledeste.pt\/site\/eqavet_relatorios\/","url":"https:\/\/aevaledeste.pt\/site\/eqavet_relatorios\/","name":"EQAVET_Relat\u00f3rios - Agrupamento de Escolas de Vale D&#039;Este","isPartOf":{"@id":"https:\/\/aevaledeste.pt\/site\/#website"},"datePublished":"2023-09-27T15:13:52+00:00","dateModified":"2025-02-04T11:51:35+00:00","breadcrumb":{"@id":"https:\/\/aevaledeste.pt\/site\/eqavet_relatorios\/#breadcrumb"},"inLanguage":"pt-PT","potentialAction":[{"@type":"ReadAction","target":["https:\/\/aevaledeste.pt\/site\/eqavet_relatorios\/"]}]},{"@type":"BreadcrumbList","@id":"https:\/\/aevaledeste.pt\/site\/eqavet_relatorios\/#breadcrumb","itemListElement":[{"@type":"ListItem","position":1,"name":"In\u00edcio","item":"https:\/\/aevaledeste.pt\/site\/"},{"@type":"ListItem","position":2,"name":"EQAVET_Relat\u00f3rios"}]},{"@type":"WebSite","@id":"https:\/\/aevaledeste.pt\/site\/#website","url":"https:\/\/aevaledeste.pt\/site\/","name":"Agrupamento de Escolas de Vale D&#039;Este","description":"Faz a tua escolha!","publisher":{"@id":"https:\/\/aevaledeste.pt\/site\/#organization"},"potentialAction":[{"@type":"SearchAction","target":{"@type":"EntryPoint","urlTemplate":"https:\/\/aevaledeste.pt\/site\/?s={search_term_string}"},"query-input":{"@type":"PropertyValueSpecification","valueRequired":true,"valueName":"search_term_string"}}],"inLanguage":"pt-PT"},{"@type":"Organization","@id":"https:\/\/aevaledeste.pt\/site\/#organization","name":"Agrupamento de Escolas de Vale D&#039;Este","url":"https:\/\/aevaledeste.pt\/site\/","logo":{"@type":"ImageObject","inLanguage":"pt-PT","@id":"https:\/\/aevaledeste.pt\/site\/#\/schema\/logo\/image\/","url":"https:\/\/aevaledeste.pt\/site\/wp-content\/uploads\/2022\/09\/1-e1664446422139.png","contentUrl":"https:\/\/aevaledeste.pt\/site\/wp-content\/uploads\/2022\/09\/1-e1664446422139.png","width":600,"height":78,"caption":"Agrupamento de Escolas de Vale D&#039;Este"},"image":{"@id":"https:\/\/aevaledeste.pt\/site\/#\/schema\/logo\/image\/"}}]}},"_links":{"self":[{"href":"https:\/\/aevaledeste.pt\/site\/wp-json\/wp\/v2\/pages\/3454","targetHints":{"allow":["GET"]}}],"collection":[{"href":"https:\/\/aevaledeste.pt\/site\/wp-json\/wp\/v2\/pages"}],"about":[{"href":"https:\/\/aevaledeste.pt\/site\/wp-json\/wp\/v2\/types\/page"}],"author":[{"embeddable":true,"href":"https:\/\/aevaledeste.pt\/site\/wp-json\/wp\/v2\/users\/5"}],"replies":[{"embeddable":true,"href":"https:\/\/aevaledeste.pt\/site\/wp-json\/wp\/v2\/comments?post=3454"}],"version-history":[{"count":86,"href":"https:\/\/aevaledeste.pt\/site\/wp-json\/wp\/v2\/pages\/3454\/revisions"}],"predecessor-version":[{"id":6327,"href":"https:\/\/aevaledeste.pt\/site\/wp-json\/wp\/v2\/pages\/3454\/revisions\/6327"}],"wp:attachment":[{"href":"https:\/\/aevaledeste.pt\/site\/wp-json\/wp\/v2\/media?parent=3454"}],"curies":[{"name":"wp","href":"https:\/\/api.w.org\/{rel}","templated":true}]}}