{"id":2304,"date":"2023-08-07T21:20:51","date_gmt":"2023-08-07T21:20:51","guid":{"rendered":"https:\/\/aevaledeste.pt\/site\/?page_id=2304"},"modified":"2025-11-18T01:02:03","modified_gmt":"2025-11-18T01:02:03","slug":"emaei-2","status":"publish","type":"page","link":"https:\/\/aevaledeste.pt\/site\/emaei-2\/","title":{"rendered":"EMAEI"},"content":{"rendered":"\t\t<div data-elementor-type=\"wp-page\" data-elementor-id=\"2304\" class=\"elementor elementor-2304\">\n\t\t\t\t\t\t<section class=\"elementor-section elementor-top-section elementor-element elementor-element-23c05d2 elementor-section-boxed elementor-section-height-default elementor-section-height-default\" data-id=\"23c05d2\" data-element_type=\"section\">\n\t\t\t\t\t\t<div class=\"elementor-container elementor-column-gap-default\">\n\t\t\t\t\t<div class=\"elementor-column elementor-col-100 elementor-top-column elementor-element elementor-element-480daa2\" data-id=\"480daa2\" data-element_type=\"column\">\n\t\t\t<div class=\"elementor-widget-wrap elementor-element-populated\">\n\t\t\t\t\t\t<div class=\"elementor-element elementor-element-a2ed1e1 elementor-widget elementor-widget-text-editor\" data-id=\"a2ed1e1\" data-element_type=\"widget\" data-widget_type=\"text-editor.default\">\n\t\t\t\t<div class=\"elementor-widget-container\">\n\t\t\t\t\t\t\t<p><!-- wp:paragraph --><\/p>\n<blockquote>\n<h4><span class=\"wrap-accordion-title\">EQUIPA MULTIDISCIPLINAR DE APOIO \u00c0 EDUCA\u00c7\u00c3O INCLUSIVA (EMAEI)<\/span><\/h4>\n<\/blockquote>\n<p><!-- \/wp:quote --><\/p>\n<p><!-- wp:paragraph --><\/p>\n<p><span style=\"font-family: var( --e-global-typography-secondary-font-family ), Sans-serif; font-weight: var( --e-global-typography-secondary-font-weight ); letter-spacing: 0.1px;\"><span class=\"wrap-accordion-title\">A publica\u00e7\u00e3o do Decreto-Lei n.\u00ba 54\/2018, de 6 de julho, veio introduzir altera\u00e7\u00f5es na forma como a escola e as estruturas de apoio se encontram organizadas, para assegurar que cada aluno tenha acesso ao curr\u00edculo e \u00e0s aprendizagens.<b>\u00a0<\/b>A<b>\u00a0Equipa Multidisciplinar de Apoio \u00e0 Educa\u00e7\u00e3o Inclusiva (EMAEI)\u00a0<\/b>constitui-se como um dos recursos organizacionais espec\u00edficos de apoio \u00e0 aprendizagem e \u00e0 inclus\u00e3o, tendo em vista uma leitura alargada, integrada e participada de todos os intervenientes no processo educativo.<\/span><\/span><\/p>\n<p><!-- \/wp:quote --><\/p>\n<p><!-- wp:paragraph --><\/p>\n<p><!-- \/wp:paragraph --><\/p>\t\t\t\t\t\t<\/div>\n\t\t\t\t<\/div>\n\t\t\t\t\t<\/div>\n\t\t<\/div>\n\t\t\t\t\t<\/div>\n\t\t<\/section>\n\t\t\t\t<section class=\"elementor-section elementor-top-section elementor-element elementor-element-25b030b elementor-section-boxed elementor-section-height-default elementor-section-height-default\" data-id=\"25b030b\" data-element_type=\"section\">\n\t\t\t\t\t\t<div class=\"elementor-container elementor-column-gap-default\">\n\t\t\t\t\t<div class=\"elementor-column elementor-col-100 elementor-top-column elementor-element elementor-element-f169dca\" data-id=\"f169dca\" data-element_type=\"column\">\n\t\t\t<div class=\"elementor-widget-wrap elementor-element-populated\">\n\t\t\t\t\t\t<div class=\"elementor-element elementor-element-f4b4064 elementor-widget elementor-widget-text-editor\" data-id=\"f4b4064\" data-element_type=\"widget\" data-widget_type=\"text-editor.default\">\n\t\t\t\t<div class=\"elementor-widget-container\">\n\t\t\t\t\t\t\t<p><!-- wp:paragraph --><\/p>\n<blockquote>\n<h4><span class=\"wrap-accordion-title\">CONSTITUI\u00c7\u00c3O<\/span><\/h4>\n<\/blockquote>\n<p><!-- \/wp:quote --><\/p>\n<p><!-- wp:paragraph --><\/p>\n<p style=\"font-weight: 400;\"><strong>S\u00e3o\u00a0<u>elementos permanentes<\/u>\u00a0da EMAEI:<\/strong><\/p>\n<ul>\n<li style=\"font-weight: 400;\">Um docente de Educa\u00e7\u00e3o Especial \u2013\u00a0<b><strong>Jo\u00e3o Arantes<\/strong><\/b>\u00a0(coordenador da equipa);<\/li>\n<li style=\"font-weight: 400;\">Um dos docentes que coadjuva o Diretor \u2013\u00a0<b><strong>Goreti Almeida\u00a0<\/strong><\/b>(subcoordenadora da equipa);<\/li>\n<li style=\"font-weight: 400;\">Uma psic\u00f3loga, representante do Servi\u00e7o de Psicologia e Orienta\u00e7\u00e3o (SPO) \u2013\u00a0<b><strong>Marta Fernandes<\/strong><\/b>;<\/li>\n<li style=\"font-weight: 400;\">Tr\u00eas elementos do conselho pedag\u00f3gico com fun\u00e7\u00f5es de coordena\u00e7\u00e3o pedag\u00f3gica de diferentes n\u00edveis de educa\u00e7\u00e3o e ensino:\n<ul>\n<li style=\"font-weight: 400;\">\u00a0Coordenadora do Departamento do Pr\u00e9-Escolar \u2013 <b><strong>Lurdes Silva<\/strong><\/b>;<\/li>\n<li style=\"font-weight: 400;\">Coordenadora do Departamento do 1.\u00ba Ciclo \u2013 <b><strong>Alcina Sim\u00f5es<\/strong><\/b>;<\/li>\n<li style=\"font-weight: 400;\">Coordenadora dos Diretores de Turma \u2013 <b><strong>Filomena Oliveira<\/strong><\/b>.<\/li>\n<\/ul>\n<\/li>\n<\/ul>\n<p style=\"font-weight: 400;\"><strong>S\u00e3o\u00a0<u>elementos vari\u00e1veis<\/u> da EMAEI:<\/strong><\/p>\n<ul>\n<li style=\"list-style-type: none;\">\n<ul>\n<li style=\"font-weight: 400;\">Um docente de Educa\u00e7\u00e3o Especial;<\/li>\n<li style=\"font-weight: 400;\">O Diretor de Turma \/ Professor Titular de Turma \/ Educadora;<\/li>\n<li style=\"font-weight: 400;\">Outros docentes do aluno;<\/li>\n<li style=\"font-weight: 400;\">O Encarregado de Educa\u00e7\u00e3o do aluno identificado;<\/li>\n<li style=\"font-weight: 400;\">Outros t\u00e9cnicos que interv\u00eam com o aluno, caso existam.<\/li>\n<\/ul>\n<\/li>\n<\/ul>\n<p><!-- \/wp:quote --><\/p>\n<p><!-- wp:paragraph --><\/p>\n<p><!-- \/wp:paragraph --><\/p>\t\t\t\t\t\t<\/div>\n\t\t\t\t<\/div>\n\t\t\t\t\t<\/div>\n\t\t<\/div>\n\t\t\t\t\t<\/div>\n\t\t<\/section>\n\t\t\t\t<section class=\"elementor-section elementor-top-section elementor-element elementor-element-a584585 elementor-section-boxed elementor-section-height-default elementor-section-height-default\" data-id=\"a584585\" data-element_type=\"section\">\n\t\t\t\t\t\t<div class=\"elementor-container elementor-column-gap-default\">\n\t\t\t\t\t<div class=\"elementor-column elementor-col-100 elementor-top-column elementor-element elementor-element-2d87cfb\" data-id=\"2d87cfb\" data-element_type=\"column\">\n\t\t\t<div class=\"elementor-widget-wrap elementor-element-populated\">\n\t\t\t\t\t\t<div class=\"elementor-element elementor-element-a3094c5 elementor-widget elementor-widget-text-editor\" data-id=\"a3094c5\" data-element_type=\"widget\" data-widget_type=\"text-editor.default\">\n\t\t\t\t<div class=\"elementor-widget-container\">\n\t\t\t\t\t\t\t<blockquote>\n<p><span style=\"color: #000000; font-size: 20px; font-weight: bold; letter-spacing: 0.1px;\">COMPET\u00caNCIAS<\/span><\/p>\n<\/blockquote>\n<p><!-- \/wp:quote --><\/p>\n<p><!-- wp:paragraph --><\/p>\n<div>\n<p style=\"font-weight: 400;\">\u00c0 EMAEI cabe um conjunto de atribui\u00e7\u00f5es e compet\u00eancias de apoio \u00e0 operacionaliza\u00e7\u00e3o da educa\u00e7\u00e3o inclusiva: por um lado, propor o apoio \u00e0 sua implementa\u00e7\u00e3o e respetivo acompanhamento e monitoriza\u00e7\u00e3o da efic\u00e1cia das medidas de suporte \u00e0 aprendizagem; por outro lado, cabe-lhe o aconselhamento dos docentes na implementa\u00e7\u00e3o de pr\u00e1ticas pedag\u00f3gicas inclusivas, o acompanhamento do centro de apoio \u00e0 aprendizagem e a sensibiliza\u00e7\u00e3o da comunidade educativa para a educa\u00e7\u00e3o inclusiva, atrav\u00e9s de a\u00e7\u00f5es diversas. As suas compet\u00eancias s\u00e3o:<\/p>\n<ul>\n<li style=\"list-style-type: none;\">\n<ul>\n<li style=\"font-weight: 400;\">Sensibilizar a comunidade educativa para a educa\u00e7\u00e3o inclusiva;<\/li>\n<li style=\"font-weight: 400;\">Propor as medidas de suporte a mobilizar para responder a necessidades educativas;<\/li>\n<li style=\"font-weight: 400;\">Acompanhar e monitorizar a aplica\u00e7\u00e3o de medidas de suporte \u00e0 aprendizagem;<\/li>\n<li style=\"font-weight: 400;\">Prestar aconselhamento aos docentes na implementa\u00e7\u00e3o de pr\u00e1ticas pedag\u00f3gicas inclusivas;<\/li>\n<li style=\"font-weight: 400;\">Elaborar o relat\u00f3rio t\u00e9cnico-pedag\u00f3gico e, se aplic\u00e1vel, o programa educativo individual e o plano individual de transi\u00e7\u00e3o previstos;<\/li>\n<li style=\"font-weight: 400;\">Acompanhar o funcionamento do Centro de Apoio \u00e0 Aprendizagem;<\/li>\n<li style=\"font-weight: 400;\">Cria\u00e7\u00e3o de formul\u00e1rios do Agrupamento, no \u00e2mbito da Educa\u00e7\u00e3o Inclusiva.<\/li>\n<\/ul>\n<\/li>\n<\/ul>\n<p><span style=\"font-weight: bold; line-height: 1em; color: #333333; font-family: 'Share Tech Mono', sans-serif; font-size: 14px; letter-spacing: normal; text-indent: -24px; background-color: #ffffff;\"><span style=\"line-height: 24px; font-size: 12pt; font-family: Arial, sans-serif;\">Processo de Identifica\u00e7\u00e3o de medidas de suporte \u00e0 aprendizagem e \u00e0 inclus\u00e3o<\/span><\/span><\/p>\n<p>Documento de Apoio dispon\u00edvel <a href=\"https:\/\/aevaledeste.pt\/site\/wp-content\/uploads\/2023\/08\/EMAEIVALEDESTE1819.pdf\">aqui.<\/a><\/p>\n<p>\u00a0<\/p>\n<\/div>\n<p><!-- \/wp:quote --><\/p>\n<p><!-- wp:paragraph --><\/p>\n<p><!-- \/wp:paragraph --><\/p>\t\t\t\t\t\t<\/div>\n\t\t\t\t<\/div>\n\t\t\t\t\t<\/div>\n\t\t<\/div>\n\t\t\t\t\t<\/div>\n\t\t<\/section>\n\t\t\t\t<section class=\"elementor-section elementor-top-section elementor-element elementor-element-582c479 elementor-section-boxed elementor-section-height-default elementor-section-height-default\" data-id=\"582c479\" data-element_type=\"section\">\n\t\t\t\t\t\t<div class=\"elementor-container elementor-column-gap-default\">\n\t\t\t\t\t<div class=\"elementor-column elementor-col-100 elementor-top-column elementor-element elementor-element-976fcdf\" data-id=\"976fcdf\" data-element_type=\"column\">\n\t\t\t<div class=\"elementor-widget-wrap elementor-element-populated\">\n\t\t\t\t\t\t<div class=\"elementor-element elementor-element-6a9a934 elementor-widget elementor-widget-text-editor\" data-id=\"6a9a934\" data-element_type=\"widget\" data-widget_type=\"text-editor.default\">\n\t\t\t\t<div class=\"elementor-widget-container\">\n\t\t\t\t\t\t\t<p><!-- wp:paragraph --><\/p>\n<blockquote>\n<h4>HOR\u00c1RIO<\/h4>\n<\/blockquote>\n<p><!-- \/wp:quote --><\/p>\n<p><!-- wp:paragraph --><\/p>\n<section id=\"sp-main-body\">\n<div class=\"container\">\n<div class=\"row\">\n<div id=\"sp-component\" class=\"col-sm-12 col-md-12\">\n<div class=\"sp-column \">\n<div class=\"qx quix\">\n<div class=\"qx-inner windows_nt_10_0 frontend\">\n<div id=\"qx-section-712\" class=\"qx-section\">\n<div class=\"qx-container\">\n<div class=\"qx-rows\">\n<div id=\"qx-row-91103\" class=\"qx-row-wrap\">\n<div class=\"qx-row\">\n<div id=\"qx-column-76106\" class=\"qx-column\">\n<div class=\"qx-col-wrap\">\n<div class=\"qx-elements-wrap\">\n<div class=\"qx-element-wrap\">\n<div id=\"qx-text-37179\" class=\"qx-element qx-element-text-v2\">\n<ul>\n<li>A EMAEI re\u00fane-se:\n<ul>\n<li>\u00c0s 4<sup>as <\/sup>feiras, das 14:15H \u00e0s 15:55H, no Gabinete dos Servi\u00e7os de Psicologia e Orienta\u00e7\u00e3o.<\/li>\n<\/ul>\n<\/li>\n<\/ul>\n<\/div>\n<\/div>\n<\/div>\n<\/div>\n<\/div>\n<\/div>\n<\/div>\n<\/div>\n<\/div>\n<\/div>\n<\/div>\n<\/div>\n<\/div>\n<\/div>\n<\/div>\n<\/div>\n<\/section>\n<p><!-- \/wp:quote --><\/p>\n<p><!-- wp:paragraph --><\/p>\n<p><!-- \/wp:paragraph --><\/p>\t\t\t\t\t\t<\/div>\n\t\t\t\t<\/div>\n\t\t\t\t\t<\/div>\n\t\t<\/div>\n\t\t\t\t\t<\/div>\n\t\t<\/section>\n\t\t\t\t<section class=\"elementor-section elementor-top-section elementor-element elementor-element-6786ddc elementor-section-boxed elementor-section-height-default elementor-section-height-default\" data-id=\"6786ddc\" data-element_type=\"section\">\n\t\t\t\t\t\t<div class=\"elementor-container elementor-column-gap-default\">\n\t\t\t\t\t<div class=\"elementor-column elementor-col-100 elementor-top-column elementor-element elementor-element-86da536\" data-id=\"86da536\" data-element_type=\"column\">\n\t\t\t<div class=\"elementor-widget-wrap elementor-element-populated\">\n\t\t\t\t\t\t<div class=\"elementor-element elementor-element-cf4c445 elementor-widget elementor-widget-text-editor\" data-id=\"cf4c445\" data-element_type=\"widget\" data-widget_type=\"text-editor.default\">\n\t\t\t\t<div class=\"elementor-widget-container\">\n\t\t\t\t\t\t\t<blockquote>\n<h4>DOCUMENTOS DE APOIO<\/h4>\n<\/blockquote>\n<p><!-- \/wp:quote --><\/p>\n<p><!-- wp:paragraph --><\/p>\n<section id=\"sp-main-body\">\n<div class=\"container\">\n<div class=\"row\">\n<div id=\"sp-component\" class=\"col-sm-12 col-md-12\">\n<div class=\"sp-column \">\n<div class=\"qx quix\">\n<div class=\"qx-inner windows_nt_10_0 frontend\">\n<div id=\"qx-section-712\" class=\"qx-section\">\n<div class=\"qx-container\">\n<div class=\"qx-rows\">\n<div id=\"qx-row-91103\" class=\"qx-row-wrap\">\n<div class=\"qx-row\">\n<div id=\"qx-column-76106\" class=\"qx-column\">\n<div class=\"qx-col-wrap\">\n<div class=\"qx-elements-wrap\">\n<div class=\"qx-element-wrap\">\n<div id=\"qx-text-37179\" class=\"qx-element qx-element-text-v2\">\n<ul>\n<li>\n<p style=\"font-weight: 400;\">Dispon\u00edveis <a href=\"https:\/\/drive.google.com\/drive\/folders\/1lUFkJ5503sVf9M7ZESFFUtnsXfBinYsI?usp=sharing\" target=\"_blank\" rel=\"noopener\">aqui.<\/a><\/p>\n<\/li>\n<\/ul>\n<\/div>\n<\/div>\n<\/div>\n<\/div>\n<\/div>\n<\/div>\n<\/div>\n<\/div>\n<\/div>\n<\/div>\n<\/div>\n<\/div>\n<\/div>\n<\/div>\n<\/div>\n<\/div>\n<\/section>\n<p><!-- \/wp:quote --><\/p>\n<p><!-- wp:paragraph --><\/p>\n<p><!-- \/wp:paragraph --><\/p>\t\t\t\t\t\t<\/div>\n\t\t\t\t<\/div>\n\t\t\t\t\t<\/div>\n\t\t<\/div>\n\t\t\t\t\t<\/div>\n\t\t<\/section>\n\t\t\t\t<\/div>\n\t\t","protected":false},"excerpt":{"rendered":"<p>EQUIPA MULTIDISCIPLINAR DE APOIO \u00c0 EDUCA\u00c7\u00c3O INCLUSIVA (EMAEI) A publica\u00e7\u00e3o do Decreto-Lei n.\u00ba 54\/2018, de 6 de julho, veio introduzir altera\u00e7\u00f5es na forma como a escola e as estruturas de apoio se encontram organizadas, para assegurar que cada aluno tenha acesso ao curr\u00edculo e \u00e0s&nbsp;<a href=\"https:\/\/aevaledeste.pt\/site\/emaei-2\/\">&hellip;<\/a><\/p>\n","protected":false},"author":5,"featured_media":0,"parent":0,"menu_order":0,"comment_status":"closed","ping_status":"closed","template":"","meta":{"footnotes":""},"class_list":["post-2304","page","type-page","status-publish","hentry","odd"],"yoast_head":"<!-- This site is optimized with the Yoast SEO plugin v23.7 - https:\/\/yoast.com\/wordpress\/plugins\/seo\/ -->\n<title>EMAEI - Agrupamento de Escolas de Vale D&#039;Este<\/title>\n<meta name=\"robots\" content=\"index, follow, max-snippet:-1, max-image-preview:large, max-video-preview:-1\" \/>\n<link rel=\"canonical\" href=\"https:\/\/aevaledeste.pt\/site\/emaei-2\/\" \/>\n<meta property=\"og:locale\" content=\"pt_PT\" \/>\n<meta property=\"og:type\" content=\"article\" \/>\n<meta property=\"og:title\" content=\"EMAEI - Agrupamento de Escolas de Vale D&#039;Este\" \/>\n<meta property=\"og:description\" content=\"EQUIPA MULTIDISCIPLINAR DE APOIO \u00c0 EDUCA\u00c7\u00c3O INCLUSIVA (EMAEI) A publica\u00e7\u00e3o do Decreto-Lei n.\u00ba 54\/2018, de 6 de julho, veio introduzir altera\u00e7\u00f5es na forma como a escola e as estruturas de apoio se encontram organizadas, para assegurar que cada aluno tenha acesso ao curr\u00edculo e \u00e0s&nbsp;&hellip;\" \/>\n<meta property=\"og:url\" content=\"https:\/\/aevaledeste.pt\/site\/emaei-2\/\" \/>\n<meta property=\"og:site_name\" content=\"Agrupamento de Escolas de Vale D&#039;Este\" \/>\n<meta property=\"article:modified_time\" content=\"2025-11-18T01:02:03+00:00\" \/>\n<meta name=\"twitter:card\" content=\"summary_large_image\" \/>\n<meta name=\"twitter:label1\" content=\"Tempo estimado de leitura\" \/>\n\t<meta name=\"twitter:data1\" content=\"3 minutos\" \/>\n<script type=\"application\/ld+json\" class=\"yoast-schema-graph\">{\"@context\":\"https:\/\/schema.org\",\"@graph\":[{\"@type\":\"WebPage\",\"@id\":\"https:\/\/aevaledeste.pt\/site\/emaei-2\/\",\"url\":\"https:\/\/aevaledeste.pt\/site\/emaei-2\/\",\"name\":\"EMAEI - Agrupamento de Escolas de Vale D&#039;Este\",\"isPartOf\":{\"@id\":\"https:\/\/aevaledeste.pt\/site\/#website\"},\"datePublished\":\"2023-08-07T21:20:51+00:00\",\"dateModified\":\"2025-11-18T01:02:03+00:00\",\"breadcrumb\":{\"@id\":\"https:\/\/aevaledeste.pt\/site\/emaei-2\/#breadcrumb\"},\"inLanguage\":\"pt-PT\",\"potentialAction\":[{\"@type\":\"ReadAction\",\"target\":[\"https:\/\/aevaledeste.pt\/site\/emaei-2\/\"]}]},{\"@type\":\"BreadcrumbList\",\"@id\":\"https:\/\/aevaledeste.pt\/site\/emaei-2\/#breadcrumb\",\"itemListElement\":[{\"@type\":\"ListItem\",\"position\":1,\"name\":\"In\u00edcio\",\"item\":\"https:\/\/aevaledeste.pt\/site\/\"},{\"@type\":\"ListItem\",\"position\":2,\"name\":\"EMAEI\"}]},{\"@type\":\"WebSite\",\"@id\":\"https:\/\/aevaledeste.pt\/site\/#website\",\"url\":\"https:\/\/aevaledeste.pt\/site\/\",\"name\":\"Agrupamento de Escolas de Vale D&#039;Este\",\"description\":\"Faz a tua escolha!\",\"publisher\":{\"@id\":\"https:\/\/aevaledeste.pt\/site\/#organization\"},\"potentialAction\":[{\"@type\":\"SearchAction\",\"target\":{\"@type\":\"EntryPoint\",\"urlTemplate\":\"https:\/\/aevaledeste.pt\/site\/?s={search_term_string}\"},\"query-input\":{\"@type\":\"PropertyValueSpecification\",\"valueRequired\":true,\"valueName\":\"search_term_string\"}}],\"inLanguage\":\"pt-PT\"},{\"@type\":\"Organization\",\"@id\":\"https:\/\/aevaledeste.pt\/site\/#organization\",\"name\":\"Agrupamento de Escolas de Vale D&#039;Este\",\"url\":\"https:\/\/aevaledeste.pt\/site\/\",\"logo\":{\"@type\":\"ImageObject\",\"inLanguage\":\"pt-PT\",\"@id\":\"https:\/\/aevaledeste.pt\/site\/#\/schema\/logo\/image\/\",\"url\":\"https:\/\/aevaledeste.pt\/site\/wp-content\/uploads\/2022\/09\/1-e1664446422139.png\",\"contentUrl\":\"https:\/\/aevaledeste.pt\/site\/wp-content\/uploads\/2022\/09\/1-e1664446422139.png\",\"width\":600,\"height\":78,\"caption\":\"Agrupamento de Escolas de Vale D&#039;Este\"},\"image\":{\"@id\":\"https:\/\/aevaledeste.pt\/site\/#\/schema\/logo\/image\/\"}}]}<\/script>\n<!-- \/ Yoast SEO plugin. -->","yoast_head_json":{"title":"EMAEI - Agrupamento de Escolas de Vale D&#039;Este","robots":{"index":"index","follow":"follow","max-snippet":"max-snippet:-1","max-image-preview":"max-image-preview:large","max-video-preview":"max-video-preview:-1"},"canonical":"https:\/\/aevaledeste.pt\/site\/emaei-2\/","og_locale":"pt_PT","og_type":"article","og_title":"EMAEI - Agrupamento de Escolas de Vale D&#039;Este","og_description":"EQUIPA MULTIDISCIPLINAR DE APOIO \u00c0 EDUCA\u00c7\u00c3O INCLUSIVA (EMAEI) A publica\u00e7\u00e3o do Decreto-Lei n.\u00ba 54\/2018, de 6 de julho, veio introduzir altera\u00e7\u00f5es na forma como a escola e as estruturas de apoio se encontram organizadas, para assegurar que cada aluno tenha acesso ao curr\u00edculo e \u00e0s&nbsp;&hellip;","og_url":"https:\/\/aevaledeste.pt\/site\/emaei-2\/","og_site_name":"Agrupamento de Escolas de Vale D&#039;Este","article_modified_time":"2025-11-18T01:02:03+00:00","twitter_card":"summary_large_image","twitter_misc":{"Tempo estimado de leitura":"3 minutos"},"schema":{"@context":"https:\/\/schema.org","@graph":[{"@type":"WebPage","@id":"https:\/\/aevaledeste.pt\/site\/emaei-2\/","url":"https:\/\/aevaledeste.pt\/site\/emaei-2\/","name":"EMAEI - Agrupamento de Escolas de Vale D&#039;Este","isPartOf":{"@id":"https:\/\/aevaledeste.pt\/site\/#website"},"datePublished":"2023-08-07T21:20:51+00:00","dateModified":"2025-11-18T01:02:03+00:00","breadcrumb":{"@id":"https:\/\/aevaledeste.pt\/site\/emaei-2\/#breadcrumb"},"inLanguage":"pt-PT","potentialAction":[{"@type":"ReadAction","target":["https:\/\/aevaledeste.pt\/site\/emaei-2\/"]}]},{"@type":"BreadcrumbList","@id":"https:\/\/aevaledeste.pt\/site\/emaei-2\/#breadcrumb","itemListElement":[{"@type":"ListItem","position":1,"name":"In\u00edcio","item":"https:\/\/aevaledeste.pt\/site\/"},{"@type":"ListItem","position":2,"name":"EMAEI"}]},{"@type":"WebSite","@id":"https:\/\/aevaledeste.pt\/site\/#website","url":"https:\/\/aevaledeste.pt\/site\/","name":"Agrupamento de Escolas de Vale D&#039;Este","description":"Faz a tua escolha!","publisher":{"@id":"https:\/\/aevaledeste.pt\/site\/#organization"},"potentialAction":[{"@type":"SearchAction","target":{"@type":"EntryPoint","urlTemplate":"https:\/\/aevaledeste.pt\/site\/?s={search_term_string}"},"query-input":{"@type":"PropertyValueSpecification","valueRequired":true,"valueName":"search_term_string"}}],"inLanguage":"pt-PT"},{"@type":"Organization","@id":"https:\/\/aevaledeste.pt\/site\/#organization","name":"Agrupamento de Escolas de Vale D&#039;Este","url":"https:\/\/aevaledeste.pt\/site\/","logo":{"@type":"ImageObject","inLanguage":"pt-PT","@id":"https:\/\/aevaledeste.pt\/site\/#\/schema\/logo\/image\/","url":"https:\/\/aevaledeste.pt\/site\/wp-content\/uploads\/2022\/09\/1-e1664446422139.png","contentUrl":"https:\/\/aevaledeste.pt\/site\/wp-content\/uploads\/2022\/09\/1-e1664446422139.png","width":600,"height":78,"caption":"Agrupamento de Escolas de Vale D&#039;Este"},"image":{"@id":"https:\/\/aevaledeste.pt\/site\/#\/schema\/logo\/image\/"}}]}},"_links":{"self":[{"href":"https:\/\/aevaledeste.pt\/site\/wp-json\/wp\/v2\/pages\/2304","targetHints":{"allow":["GET"]}}],"collection":[{"href":"https:\/\/aevaledeste.pt\/site\/wp-json\/wp\/v2\/pages"}],"about":[{"href":"https:\/\/aevaledeste.pt\/site\/wp-json\/wp\/v2\/types\/page"}],"author":[{"embeddable":true,"href":"https:\/\/aevaledeste.pt\/site\/wp-json\/wp\/v2\/users\/5"}],"replies":[{"embeddable":true,"href":"https:\/\/aevaledeste.pt\/site\/wp-json\/wp\/v2\/comments?post=2304"}],"version-history":[{"count":13,"href":"https:\/\/aevaledeste.pt\/site\/wp-json\/wp\/v2\/pages\/2304\/revisions"}],"predecessor-version":[{"id":8621,"href":"https:\/\/aevaledeste.pt\/site\/wp-json\/wp\/v2\/pages\/2304\/revisions\/8621"}],"wp:attachment":[{"href":"https:\/\/aevaledeste.pt\/site\/wp-json\/wp\/v2\/media?parent=2304"}],"curies":[{"name":"wp","href":"https:\/\/api.w.org\/{rel}","templated":true}]}}