{"id":2217,"date":"2023-08-07T14:27:08","date_gmt":"2023-08-07T14:27:08","guid":{"rendered":"https:\/\/aevaledeste.pt\/site\/?page_id=2217"},"modified":"2025-09-11T10:21:43","modified_gmt":"2025-09-11T10:21:43","slug":"conselho-pedagogico","status":"publish","type":"page","link":"https:\/\/aevaledeste.pt\/site\/conselho-pedagogico\/","title":{"rendered":"Conselho Pedag\u00f3gico"},"content":{"rendered":"\t\t<div data-elementor-type=\"wp-post\" data-elementor-id=\"2217\" class=\"elementor elementor-2217\">\n\t\t\t\t\t\t<section class=\"elementor-section elementor-top-section elementor-element elementor-element-94686a6 elementor-section-boxed elementor-section-height-default elementor-section-height-default\" data-id=\"94686a6\" data-element_type=\"section\">\n\t\t\t\t\t\t<div class=\"elementor-container elementor-column-gap-default\">\n\t\t\t\t\t<div class=\"elementor-column elementor-col-100 elementor-top-column elementor-element elementor-element-80209df\" data-id=\"80209df\" data-element_type=\"column\">\n\t\t\t<div class=\"elementor-widget-wrap elementor-element-populated\">\n\t\t\t\t\t\t<div class=\"elementor-element elementor-element-1693d80 elementor-widget__width-initial elementor-widget elementor-widget-heading\" data-id=\"1693d80\" data-element_type=\"widget\" data-widget_type=\"heading.default\">\n\t\t\t\t<div class=\"elementor-widget-container\">\n\t\t\t<h1 class=\"elementor-heading-title elementor-size-xl\">Conselho Pedag\u00f3gico<\/h1>\t\t<\/div>\n\t\t\t\t<\/div>\n\t\t\t\t<div class=\"elementor-element elementor-element-1e986dc elementor-widget elementor-widget-text-editor\" data-id=\"1e986dc\" data-element_type=\"widget\" data-widget_type=\"text-editor.default\">\n\t\t\t\t<div class=\"elementor-widget-container\">\n\t\t\t\t\t\t\t<h5><span style=\"font-weight: normal;\">O Conselho pedag\u00f3gico \u00e9 constitu\u00eddo pelo Diretor, Coordenadores de Departamento Curricular, Coordenadora dos Diretores de Turma, Coordenador da Equipa EMAEI, Coordenadora da Biblioteca Escolar, Coordenador dos Cursos Profissionais, Coordenadora de Projetos e SPO.<\/span><\/h5>\t\t\t\t\t\t<\/div>\n\t\t\t\t<\/div>\n\t\t\t\t<div class=\"elementor-element elementor-element-0176d28 elementor-widget-divider--view-line elementor-widget elementor-widget-divider\" data-id=\"0176d28\" data-element_type=\"widget\" data-widget_type=\"divider.default\">\n\t\t\t\t<div class=\"elementor-widget-container\">\n\t\t\t\t\t<div class=\"elementor-divider\">\n\t\t\t<span class=\"elementor-divider-separator\">\n\t\t\t\t\t\t<\/span>\n\t\t<\/div>\n\t\t\t\t<\/div>\n\t\t\t\t<\/div>\n\t\t\t\t\t<\/div>\n\t\t<\/div>\n\t\t\t\t\t<\/div>\n\t\t<\/section>\n\t\t\t\t<section class=\"elementor-section elementor-top-section elementor-element elementor-element-242feb1 elementor-section-boxed elementor-section-height-default elementor-section-height-default\" data-id=\"242feb1\" data-element_type=\"section\">\n\t\t\t\t\t\t<div class=\"elementor-container elementor-column-gap-default\">\n\t\t\t\t\t<div class=\"elementor-column elementor-col-100 elementor-top-column elementor-element elementor-element-c3e2aa4\" data-id=\"c3e2aa4\" data-element_type=\"column\">\n\t\t\t<div class=\"elementor-widget-wrap elementor-element-populated\">\n\t\t\t\t\t\t<div class=\"elementor-element elementor-element-98e500f elementor-view-stacked elementor-shape-square elementor-position-left elementor-widget__width-initial elementor-mobile-position-top elementor-vertical-align-top elementor-widget elementor-widget-icon-box\" data-id=\"98e500f\" data-element_type=\"widget\" data-widget_type=\"icon-box.default\">\n\t\t\t\t<div class=\"elementor-widget-container\">\n\t\t\t\t\t<div class=\"elementor-icon-box-wrapper\">\n\n\t\t\t\t\t\t<div class=\"elementor-icon-box-icon\">\n\t\t\t\t<span  class=\"elementor-icon elementor-animation-\">\n\t\t\t\t<i aria-hidden=\"true\" class=\"fas fa-chevron-right\"><\/i>\t\t\t\t<\/span>\n\t\t\t<\/div>\n\t\t\t\n\t\t\t\t\t\t<div class=\"elementor-icon-box-content\">\n\n\t\t\t\t\t\t\t\t\t<h5 class=\"elementor-icon-box-title\">\n\t\t\t\t\t\t<span  >\n\t\t\t\t\t\t\tDIRETOR\t\t\t\t\t\t<\/span>\n\t\t\t\t\t<\/h5>\n\t\t\t\t\n\t\t\t\t\t\t\t\t\t<p class=\"elementor-icon-box-description\">\n\t\t\t\t\t\tLu\u00eds Dias Ramos\n\t\t\t\t\t<\/p>\n\t\t\t\t\n\t\t\t<\/div>\n\t\t\t\n\t\t<\/div>\n\t\t\t\t<\/div>\n\t\t\t\t<\/div>\n\t\t\t\t\t<\/div>\n\t\t<\/div>\n\t\t\t\t\t<\/div>\n\t\t<\/section>\n\t\t\t\t<section class=\"elementor-section elementor-top-section elementor-element elementor-element-3e57045 elementor-section-boxed elementor-section-height-default elementor-section-height-default\" data-id=\"3e57045\" data-element_type=\"section\">\n\t\t\t\t\t\t<div class=\"elementor-container elementor-column-gap-default\">\n\t\t\t\t\t<div class=\"elementor-column elementor-col-100 elementor-top-column elementor-element elementor-element-2b27c0e\" data-id=\"2b27c0e\" data-element_type=\"column\">\n\t\t\t<div class=\"elementor-widget-wrap elementor-element-populated\">\n\t\t\t\t\t\t<div class=\"elementor-element elementor-element-fa41c7a elementor-view-stacked elementor-shape-square elementor-position-left elementor-widget__width-initial elementor-mobile-position-top elementor-vertical-align-top elementor-widget elementor-widget-icon-box\" data-id=\"fa41c7a\" data-element_type=\"widget\" data-widget_type=\"icon-box.default\">\n\t\t\t\t<div class=\"elementor-widget-container\">\n\t\t\t\t\t<div class=\"elementor-icon-box-wrapper\">\n\n\t\t\t\t\t\t<div class=\"elementor-icon-box-icon\">\n\t\t\t\t<span  class=\"elementor-icon elementor-animation-\">\n\t\t\t\t<i aria-hidden=\"true\" class=\"fas fa-angle-right\"><\/i>\t\t\t\t<\/span>\n\t\t\t<\/div>\n\t\t\t\n\t\t\t\t\t\t<div class=\"elementor-icon-box-content\">\n\n\t\t\t\t\t\t\t\t\t<h5 class=\"elementor-icon-box-title\">\n\t\t\t\t\t\t<span  >\n\t\t\t\t\t\t\tCoordenadores de Departamento Curricular\t\t\t\t\t\t<\/span>\n\t\t\t\t\t<\/h5>\n\t\t\t\t\n\t\t\t\t\t\t\t\t\t<p class=\"elementor-icon-box-description\">\n\t\t\t\t\t\tMaria de F\u00e1tima Amorim Pinto Amaral de Oliveira<br>Maria de F\u00e1tima Sampaio<br>Domingos Manuel Faria Pimenta Machado<br>Maria da Concei\u00e7\u00e3o Pacheco Cardoso <span style=\"letter-spacing: 0.1px;\">Ferreira<\/span><br>Maria de Lurdes Silva<br>Alcina Silva Sim\u00f5es\n\t\t\t\t\t<\/p>\n\t\t\t\t\n\t\t\t<\/div>\n\t\t\t\n\t\t<\/div>\n\t\t\t\t<\/div>\n\t\t\t\t<\/div>\n\t\t\t\t\t<\/div>\n\t\t<\/div>\n\t\t\t\t\t<\/div>\n\t\t<\/section>\n\t\t\t\t<section class=\"elementor-section elementor-top-section elementor-element elementor-element-104b308 elementor-section-boxed elementor-section-height-default elementor-section-height-default\" data-id=\"104b308\" data-element_type=\"section\">\n\t\t\t\t\t\t<div class=\"elementor-container elementor-column-gap-default\">\n\t\t\t\t\t<div class=\"elementor-column elementor-col-100 elementor-top-column elementor-element elementor-element-dcda5aa\" data-id=\"dcda5aa\" data-element_type=\"column\">\n\t\t\t<div class=\"elementor-widget-wrap elementor-element-populated\">\n\t\t\t\t\t\t<div class=\"elementor-element elementor-element-0522614 elementor-view-stacked elementor-shape-square elementor-position-left elementor-mobile-position-top elementor-vertical-align-top elementor-widget elementor-widget-icon-box\" data-id=\"0522614\" data-element_type=\"widget\" data-widget_type=\"icon-box.default\">\n\t\t\t\t<div class=\"elementor-widget-container\">\n\t\t\t\t\t<div class=\"elementor-icon-box-wrapper\">\n\n\t\t\t\t\t\t<div class=\"elementor-icon-box-icon\">\n\t\t\t\t<span  class=\"elementor-icon elementor-animation-\">\n\t\t\t\t<i aria-hidden=\"true\" class=\"fas fa-angle-right\"><\/i>\t\t\t\t<\/span>\n\t\t\t<\/div>\n\t\t\t\n\t\t\t\t\t\t<div class=\"elementor-icon-box-content\">\n\n\t\t\t\t\t\t\t\t\t<h5 class=\"elementor-icon-box-title\">\n\t\t\t\t\t\t<span  >\n\t\t\t\t\t\t\tCoordenadorA de diretores de turma\t\t\t\t\t\t<\/span>\n\t\t\t\t\t<\/h5>\n\t\t\t\t\n\t\t\t\t\t\t\t\t\t<p class=\"elementor-icon-box-description\">\n\t\t\t\t\t\t<span style=\"letter-spacing: 0.1px;\">Filomena Concei\u00e7\u00e3o Gomes Oliveira<\/span><br>\t\t\t\t\t<\/p>\n\t\t\t\t\n\t\t\t<\/div>\n\t\t\t\n\t\t<\/div>\n\t\t\t\t<\/div>\n\t\t\t\t<\/div>\n\t\t\t\t\t<\/div>\n\t\t<\/div>\n\t\t\t\t\t<\/div>\n\t\t<\/section>\n\t\t\t\t<section class=\"elementor-section elementor-top-section elementor-element elementor-element-d0f0c6d elementor-section-boxed elementor-section-height-default elementor-section-height-default\" data-id=\"d0f0c6d\" data-element_type=\"section\">\n\t\t\t\t\t\t<div class=\"elementor-container elementor-column-gap-default\">\n\t\t\t\t\t<div class=\"elementor-column elementor-col-100 elementor-top-column elementor-element elementor-element-d4ba415\" data-id=\"d4ba415\" data-element_type=\"column\">\n\t\t\t<div class=\"elementor-widget-wrap elementor-element-populated\">\n\t\t\t\t\t\t<div class=\"elementor-element elementor-element-e5ab01c elementor-view-stacked elementor-shape-square elementor-position-left elementor-mobile-position-top elementor-vertical-align-top elementor-widget elementor-widget-icon-box\" data-id=\"e5ab01c\" data-element_type=\"widget\" data-widget_type=\"icon-box.default\">\n\t\t\t\t<div class=\"elementor-widget-container\">\n\t\t\t\t\t<div class=\"elementor-icon-box-wrapper\">\n\n\t\t\t\t\t\t<div class=\"elementor-icon-box-icon\">\n\t\t\t\t<span  class=\"elementor-icon elementor-animation-\">\n\t\t\t\t<i aria-hidden=\"true\" class=\"fas fa-angle-right\"><\/i>\t\t\t\t<\/span>\n\t\t\t<\/div>\n\t\t\t\n\t\t\t\t\t\t<div class=\"elementor-icon-box-content\">\n\n\t\t\t\t\t\t\t\t\t<h5 class=\"elementor-icon-box-title\">\n\t\t\t\t\t\t<span  >\n\t\t\t\t\t\t\tCoordenador da Equipa EMAEI\t\t\t\t\t\t<\/span>\n\t\t\t\t\t<\/h5>\n\t\t\t\t\n\t\t\t\t\t\t\t\t\t<p class=\"elementor-icon-box-description\">\n\t\t\t\t\t\tJo\u00e3o Filipe Carvalho Arantes<br>\t\t\t\t\t<\/p>\n\t\t\t\t\n\t\t\t<\/div>\n\t\t\t\n\t\t<\/div>\n\t\t\t\t<\/div>\n\t\t\t\t<\/div>\n\t\t\t\t\t<\/div>\n\t\t<\/div>\n\t\t\t\t\t<\/div>\n\t\t<\/section>\n\t\t\t\t<section class=\"elementor-section elementor-top-section elementor-element elementor-element-3d6e952 elementor-section-boxed elementor-section-height-default elementor-section-height-default\" data-id=\"3d6e952\" data-element_type=\"section\">\n\t\t\t\t\t\t<div class=\"elementor-container elementor-column-gap-default\">\n\t\t\t\t\t<div class=\"elementor-column elementor-col-100 elementor-top-column elementor-element elementor-element-5e7e815\" data-id=\"5e7e815\" data-element_type=\"column\">\n\t\t\t<div class=\"elementor-widget-wrap elementor-element-populated\">\n\t\t\t\t\t\t<div class=\"elementor-element elementor-element-3a1270b elementor-view-stacked elementor-shape-square elementor-position-left elementor-mobile-position-top elementor-vertical-align-top elementor-widget elementor-widget-icon-box\" data-id=\"3a1270b\" data-element_type=\"widget\" data-widget_type=\"icon-box.default\">\n\t\t\t\t<div class=\"elementor-widget-container\">\n\t\t\t\t\t<div class=\"elementor-icon-box-wrapper\">\n\n\t\t\t\t\t\t<div class=\"elementor-icon-box-icon\">\n\t\t\t\t<span  class=\"elementor-icon elementor-animation-\">\n\t\t\t\t<i aria-hidden=\"true\" class=\"fas fa-angle-right\"><\/i>\t\t\t\t<\/span>\n\t\t\t<\/div>\n\t\t\t\n\t\t\t\t\t\t<div class=\"elementor-icon-box-content\">\n\n\t\t\t\t\t\t\t\t\t<h5 class=\"elementor-icon-box-title\">\n\t\t\t\t\t\t<span  >\n\t\t\t\t\t\t\tCoordenador dos Cursos Profissionais \t\t\t\t\t\t<\/span>\n\t\t\t\t\t<\/h5>\n\t\t\t\t\n\t\t\t\t\t\t\t\t\t<p class=\"elementor-icon-box-description\">\n\t\t\t\t\t\t\u00c1lvaro Jos\u00e9 Ferreira da Cruz<br>\t\t\t\t\t<\/p>\n\t\t\t\t\n\t\t\t<\/div>\n\t\t\t\n\t\t<\/div>\n\t\t\t\t<\/div>\n\t\t\t\t<\/div>\n\t\t\t\t\t<\/div>\n\t\t<\/div>\n\t\t\t\t\t<\/div>\n\t\t<\/section>\n\t\t\t\t<section class=\"elementor-section elementor-top-section elementor-element elementor-element-4d41854 elementor-section-boxed elementor-section-height-default elementor-section-height-default\" data-id=\"4d41854\" data-element_type=\"section\">\n\t\t\t\t\t\t<div class=\"elementor-container elementor-column-gap-default\">\n\t\t\t\t\t<div class=\"elementor-column elementor-col-100 elementor-top-column elementor-element elementor-element-89cac1a\" data-id=\"89cac1a\" data-element_type=\"column\">\n\t\t\t<div class=\"elementor-widget-wrap elementor-element-populated\">\n\t\t\t\t\t\t<div class=\"elementor-element elementor-element-cd60fa1 elementor-view-stacked elementor-shape-square elementor-position-left elementor-mobile-position-top elementor-vertical-align-top elementor-widget elementor-widget-icon-box\" data-id=\"cd60fa1\" data-element_type=\"widget\" data-widget_type=\"icon-box.default\">\n\t\t\t\t<div class=\"elementor-widget-container\">\n\t\t\t\t\t<div class=\"elementor-icon-box-wrapper\">\n\n\t\t\t\t\t\t<div class=\"elementor-icon-box-icon\">\n\t\t\t\t<span  class=\"elementor-icon elementor-animation-\">\n\t\t\t\t<i aria-hidden=\"true\" class=\"fas fa-angle-right\"><\/i>\t\t\t\t<\/span>\n\t\t\t<\/div>\n\t\t\t\n\t\t\t\t\t\t<div class=\"elementor-icon-box-content\">\n\n\t\t\t\t\t\t\t\t\t<h5 class=\"elementor-icon-box-title\">\n\t\t\t\t\t\t<span  >\n\t\t\t\t\t\t\tCoordenadora dos Projetos \t\t\t\t\t\t<\/span>\n\t\t\t\t\t<\/h5>\n\t\t\t\t\n\t\t\t\t\t\t\t\t\t<p class=\"elementor-icon-box-description\">\n\t\t\t\t\t\tAna Maria Felgueiras Abreu Lima Moreira<br>\t\t\t\t\t<\/p>\n\t\t\t\t\n\t\t\t<\/div>\n\t\t\t\n\t\t<\/div>\n\t\t\t\t<\/div>\n\t\t\t\t<\/div>\n\t\t\t\t<div class=\"elementor-element elementor-element-d8bd5e0 elementor-view-stacked elementor-shape-square elementor-position-left elementor-mobile-position-top elementor-vertical-align-top elementor-widget elementor-widget-icon-box\" data-id=\"d8bd5e0\" data-element_type=\"widget\" data-widget_type=\"icon-box.default\">\n\t\t\t\t<div class=\"elementor-widget-container\">\n\t\t\t\t\t<div class=\"elementor-icon-box-wrapper\">\n\n\t\t\t\t\t\t<div class=\"elementor-icon-box-icon\">\n\t\t\t\t<span  class=\"elementor-icon elementor-animation-\">\n\t\t\t\t<i aria-hidden=\"true\" class=\"fas fa-angle-right\"><\/i>\t\t\t\t<\/span>\n\t\t\t<\/div>\n\t\t\t\n\t\t\t\t\t\t<div class=\"elementor-icon-box-content\">\n\n\t\t\t\t\t\t\t\t\t<h5 class=\"elementor-icon-box-title\">\n\t\t\t\t\t\t<span  >\n\t\t\t\t\t\t\tCoordenadora da Biblioteca Escolar\t\t\t\t\t\t<\/span>\n\t\t\t\t\t<\/h5>\n\t\t\t\t\n\t\t\t\t\t\t\t\t\t<p class=\"elementor-icon-box-description\">\n\t\t\t\t\t\tDion\u00edsia Maria Oliveira Costa Rodrigues<br>\t\t\t\t\t<\/p>\n\t\t\t\t\n\t\t\t<\/div>\n\t\t\t\n\t\t<\/div>\n\t\t\t\t<\/div>\n\t\t\t\t<\/div>\n\t\t\t\t\t<\/div>\n\t\t<\/div>\n\t\t\t\t\t<\/div>\n\t\t<\/section>\n\t\t\t\t<section class=\"elementor-section elementor-top-section elementor-element elementor-element-ab26039 elementor-section-boxed elementor-section-height-default elementor-section-height-default\" data-id=\"ab26039\" data-element_type=\"section\">\n\t\t\t\t\t\t<div class=\"elementor-container elementor-column-gap-default\">\n\t\t\t\t\t<div class=\"elementor-column elementor-col-100 elementor-top-column elementor-element elementor-element-ed13f9e\" data-id=\"ed13f9e\" data-element_type=\"column\">\n\t\t\t<div class=\"elementor-widget-wrap elementor-element-populated\">\n\t\t\t\t\t\t<div class=\"elementor-element elementor-element-b0d1323 elementor-view-stacked elementor-shape-square elementor-position-left elementor-mobile-position-top elementor-vertical-align-top elementor-widget elementor-widget-icon-box\" data-id=\"b0d1323\" data-element_type=\"widget\" data-widget_type=\"icon-box.default\">\n\t\t\t\t<div class=\"elementor-widget-container\">\n\t\t\t\t\t<div class=\"elementor-icon-box-wrapper\">\n\n\t\t\t\t\t\t<div class=\"elementor-icon-box-icon\">\n\t\t\t\t<span  class=\"elementor-icon elementor-animation-\">\n\t\t\t\t<i aria-hidden=\"true\" class=\"fas fa-angle-right\"><\/i>\t\t\t\t<\/span>\n\t\t\t<\/div>\n\t\t\t\n\t\t\t\t\t\t<div class=\"elementor-icon-box-content\">\n\n\t\t\t\t\t\t\t\t\t<h5 class=\"elementor-icon-box-title\">\n\t\t\t\t\t\t<span  >\n\t\t\t\t\t\t\tSPO\t\t\t\t\t\t<\/span>\n\t\t\t\t\t<\/h5>\n\t\t\t\t\n\t\t\t\t\t\t\t\t\t<p class=\"elementor-icon-box-description\">\n\t\t\t\t\t\tLiliana Marta Fernandes\t\t\t\t\t<\/p>\n\t\t\t\t\n\t\t\t<\/div>\n\t\t\t\n\t\t<\/div>\n\t\t\t\t<\/div>\n\t\t\t\t<\/div>\n\t\t\t\t\t<\/div>\n\t\t<\/div>\n\t\t\t\t\t<\/div>\n\t\t<\/section>\n\t\t\t\t<\/div>\n\t\t","protected":false},"excerpt":{"rendered":"<p>Conselho Pedag\u00f3gico O Conselho pedag\u00f3gico \u00e9 constitu\u00eddo pelo Diretor, Coordenadores de Departamento Curricular, Coordenadora dos Diretores de Turma, Coordenador da Equipa EMAEI, Coordenadora da Biblioteca Escolar, Coordenador dos Cursos Profissionais, Coordenadora de Projetos e SPO. DIRETOR Lu\u00eds Dias Ramos Coordenadores de Departamento Curricular Maria de&nbsp;<a href=\"https:\/\/aevaledeste.pt\/site\/conselho-pedagogico\/\">&hellip;<\/a><\/p>\n","protected":false},"author":5,"featured_media":0,"parent":0,"menu_order":0,"comment_status":"closed","ping_status":"closed","template":"","meta":{"footnotes":""},"class_list":["post-2217","page","type-page","status-publish","hentry","odd"],"yoast_head":"<!-- This site is optimized with the Yoast SEO plugin v23.7 - https:\/\/yoast.com\/wordpress\/plugins\/seo\/ -->\n<title>Conselho Pedag\u00f3gico - Agrupamento de Escolas de Vale D&#039;Este<\/title>\n<meta name=\"robots\" content=\"index, follow, max-snippet:-1, max-image-preview:large, max-video-preview:-1\" \/>\n<link rel=\"canonical\" href=\"https:\/\/aevaledeste.pt\/site\/conselho-pedagogico\/\" \/>\n<meta property=\"og:locale\" content=\"pt_PT\" \/>\n<meta property=\"og:type\" content=\"article\" \/>\n<meta property=\"og:title\" content=\"Conselho Pedag\u00f3gico - Agrupamento de Escolas de Vale D&#039;Este\" \/>\n<meta property=\"og:description\" content=\"Conselho Pedag\u00f3gico O Conselho pedag\u00f3gico \u00e9 constitu\u00eddo pelo Diretor, Coordenadores de Departamento Curricular, Coordenadora dos Diretores de Turma, Coordenador da Equipa EMAEI, Coordenadora da Biblioteca Escolar, Coordenador dos Cursos Profissionais, Coordenadora de Projetos e SPO. DIRETOR Lu\u00eds Dias Ramos Coordenadores de Departamento Curricular Maria de&nbsp;&hellip;\" \/>\n<meta property=\"og:url\" content=\"https:\/\/aevaledeste.pt\/site\/conselho-pedagogico\/\" \/>\n<meta property=\"og:site_name\" content=\"Agrupamento de Escolas de Vale D&#039;Este\" \/>\n<meta property=\"article:modified_time\" content=\"2025-09-11T10:21:43+00:00\" \/>\n<meta name=\"twitter:card\" content=\"summary_large_image\" \/>\n<meta name=\"twitter:label1\" content=\"Tempo estimado de leitura\" \/>\n\t<meta name=\"twitter:data1\" content=\"1 minuto\" \/>\n<script type=\"application\/ld+json\" class=\"yoast-schema-graph\">{\"@context\":\"https:\/\/schema.org\",\"@graph\":[{\"@type\":\"WebPage\",\"@id\":\"https:\/\/aevaledeste.pt\/site\/conselho-pedagogico\/\",\"url\":\"https:\/\/aevaledeste.pt\/site\/conselho-pedagogico\/\",\"name\":\"Conselho Pedag\u00f3gico - Agrupamento de Escolas de Vale D&#039;Este\",\"isPartOf\":{\"@id\":\"https:\/\/aevaledeste.pt\/site\/#website\"},\"datePublished\":\"2023-08-07T14:27:08+00:00\",\"dateModified\":\"2025-09-11T10:21:43+00:00\",\"breadcrumb\":{\"@id\":\"https:\/\/aevaledeste.pt\/site\/conselho-pedagogico\/#breadcrumb\"},\"inLanguage\":\"pt-PT\",\"potentialAction\":[{\"@type\":\"ReadAction\",\"target\":[\"https:\/\/aevaledeste.pt\/site\/conselho-pedagogico\/\"]}]},{\"@type\":\"BreadcrumbList\",\"@id\":\"https:\/\/aevaledeste.pt\/site\/conselho-pedagogico\/#breadcrumb\",\"itemListElement\":[{\"@type\":\"ListItem\",\"position\":1,\"name\":\"In\u00edcio\",\"item\":\"https:\/\/aevaledeste.pt\/site\/\"},{\"@type\":\"ListItem\",\"position\":2,\"name\":\"Conselho Pedag\u00f3gico\"}]},{\"@type\":\"WebSite\",\"@id\":\"https:\/\/aevaledeste.pt\/site\/#website\",\"url\":\"https:\/\/aevaledeste.pt\/site\/\",\"name\":\"Agrupamento de Escolas de Vale D&#039;Este\",\"description\":\"Faz a tua escolha!\",\"publisher\":{\"@id\":\"https:\/\/aevaledeste.pt\/site\/#organization\"},\"potentialAction\":[{\"@type\":\"SearchAction\",\"target\":{\"@type\":\"EntryPoint\",\"urlTemplate\":\"https:\/\/aevaledeste.pt\/site\/?s={search_term_string}\"},\"query-input\":{\"@type\":\"PropertyValueSpecification\",\"valueRequired\":true,\"valueName\":\"search_term_string\"}}],\"inLanguage\":\"pt-PT\"},{\"@type\":\"Organization\",\"@id\":\"https:\/\/aevaledeste.pt\/site\/#organization\",\"name\":\"Agrupamento de Escolas de Vale D&#039;Este\",\"url\":\"https:\/\/aevaledeste.pt\/site\/\",\"logo\":{\"@type\":\"ImageObject\",\"inLanguage\":\"pt-PT\",\"@id\":\"https:\/\/aevaledeste.pt\/site\/#\/schema\/logo\/image\/\",\"url\":\"https:\/\/aevaledeste.pt\/site\/wp-content\/uploads\/2022\/09\/1-e1664446422139.png\",\"contentUrl\":\"https:\/\/aevaledeste.pt\/site\/wp-content\/uploads\/2022\/09\/1-e1664446422139.png\",\"width\":600,\"height\":78,\"caption\":\"Agrupamento de Escolas de Vale D&#039;Este\"},\"image\":{\"@id\":\"https:\/\/aevaledeste.pt\/site\/#\/schema\/logo\/image\/\"}}]}<\/script>\n<!-- \/ Yoast SEO plugin. -->","yoast_head_json":{"title":"Conselho Pedag\u00f3gico - Agrupamento de Escolas de Vale D&#039;Este","robots":{"index":"index","follow":"follow","max-snippet":"max-snippet:-1","max-image-preview":"max-image-preview:large","max-video-preview":"max-video-preview:-1"},"canonical":"https:\/\/aevaledeste.pt\/site\/conselho-pedagogico\/","og_locale":"pt_PT","og_type":"article","og_title":"Conselho Pedag\u00f3gico - Agrupamento de Escolas de Vale D&#039;Este","og_description":"Conselho Pedag\u00f3gico O Conselho pedag\u00f3gico \u00e9 constitu\u00eddo pelo Diretor, Coordenadores de Departamento Curricular, Coordenadora dos Diretores de Turma, Coordenador da Equipa EMAEI, Coordenadora da Biblioteca Escolar, Coordenador dos Cursos Profissionais, Coordenadora de Projetos e SPO. DIRETOR Lu\u00eds Dias Ramos Coordenadores de Departamento Curricular Maria de&nbsp;&hellip;","og_url":"https:\/\/aevaledeste.pt\/site\/conselho-pedagogico\/","og_site_name":"Agrupamento de Escolas de Vale D&#039;Este","article_modified_time":"2025-09-11T10:21:43+00:00","twitter_card":"summary_large_image","twitter_misc":{"Tempo estimado de leitura":"1 minuto"},"schema":{"@context":"https:\/\/schema.org","@graph":[{"@type":"WebPage","@id":"https:\/\/aevaledeste.pt\/site\/conselho-pedagogico\/","url":"https:\/\/aevaledeste.pt\/site\/conselho-pedagogico\/","name":"Conselho Pedag\u00f3gico - Agrupamento de Escolas de Vale D&#039;Este","isPartOf":{"@id":"https:\/\/aevaledeste.pt\/site\/#website"},"datePublished":"2023-08-07T14:27:08+00:00","dateModified":"2025-09-11T10:21:43+00:00","breadcrumb":{"@id":"https:\/\/aevaledeste.pt\/site\/conselho-pedagogico\/#breadcrumb"},"inLanguage":"pt-PT","potentialAction":[{"@type":"ReadAction","target":["https:\/\/aevaledeste.pt\/site\/conselho-pedagogico\/"]}]},{"@type":"BreadcrumbList","@id":"https:\/\/aevaledeste.pt\/site\/conselho-pedagogico\/#breadcrumb","itemListElement":[{"@type":"ListItem","position":1,"name":"In\u00edcio","item":"https:\/\/aevaledeste.pt\/site\/"},{"@type":"ListItem","position":2,"name":"Conselho Pedag\u00f3gico"}]},{"@type":"WebSite","@id":"https:\/\/aevaledeste.pt\/site\/#website","url":"https:\/\/aevaledeste.pt\/site\/","name":"Agrupamento de Escolas de Vale D&#039;Este","description":"Faz a tua escolha!","publisher":{"@id":"https:\/\/aevaledeste.pt\/site\/#organization"},"potentialAction":[{"@type":"SearchAction","target":{"@type":"EntryPoint","urlTemplate":"https:\/\/aevaledeste.pt\/site\/?s={search_term_string}"},"query-input":{"@type":"PropertyValueSpecification","valueRequired":true,"valueName":"search_term_string"}}],"inLanguage":"pt-PT"},{"@type":"Organization","@id":"https:\/\/aevaledeste.pt\/site\/#organization","name":"Agrupamento de Escolas de Vale D&#039;Este","url":"https:\/\/aevaledeste.pt\/site\/","logo":{"@type":"ImageObject","inLanguage":"pt-PT","@id":"https:\/\/aevaledeste.pt\/site\/#\/schema\/logo\/image\/","url":"https:\/\/aevaledeste.pt\/site\/wp-content\/uploads\/2022\/09\/1-e1664446422139.png","contentUrl":"https:\/\/aevaledeste.pt\/site\/wp-content\/uploads\/2022\/09\/1-e1664446422139.png","width":600,"height":78,"caption":"Agrupamento de Escolas de Vale D&#039;Este"},"image":{"@id":"https:\/\/aevaledeste.pt\/site\/#\/schema\/logo\/image\/"}}]}},"_links":{"self":[{"href":"https:\/\/aevaledeste.pt\/site\/wp-json\/wp\/v2\/pages\/2217","targetHints":{"allow":["GET"]}}],"collection":[{"href":"https:\/\/aevaledeste.pt\/site\/wp-json\/wp\/v2\/pages"}],"about":[{"href":"https:\/\/aevaledeste.pt\/site\/wp-json\/wp\/v2\/types\/page"}],"author":[{"embeddable":true,"href":"https:\/\/aevaledeste.pt\/site\/wp-json\/wp\/v2\/users\/5"}],"replies":[{"embeddable":true,"href":"https:\/\/aevaledeste.pt\/site\/wp-json\/wp\/v2\/comments?post=2217"}],"version-history":[{"count":38,"href":"https:\/\/aevaledeste.pt\/site\/wp-json\/wp\/v2\/pages\/2217\/revisions"}],"predecessor-version":[{"id":7873,"href":"https:\/\/aevaledeste.pt\/site\/wp-json\/wp\/v2\/pages\/2217\/revisions\/7873"}],"wp:attachment":[{"href":"https:\/\/aevaledeste.pt\/site\/wp-json\/wp\/v2\/media?parent=2217"}],"curies":[{"name":"wp","href":"https:\/\/api.w.org\/{rel}","templated":true}]}}