{"id":1839,"date":"2023-07-03T09:28:52","date_gmt":"2023-07-03T09:28:52","guid":{"rendered":"https:\/\/aevaledeste.pt\/site\/?page_id=1839"},"modified":"2025-12-11T10:07:16","modified_gmt":"2025-12-11T10:07:16","slug":"departamento-de-linguas","status":"publish","type":"page","link":"https:\/\/aevaledeste.pt\/site\/departamento-de-linguas\/","title":{"rendered":"Departamento de L\u00ednguas e Literaturas"},"content":{"rendered":"\t\t<div data-elementor-type=\"wp-page\" data-elementor-id=\"1839\" class=\"elementor elementor-1839\">\n\t\t\t\t\t\t<section class=\"elementor-section elementor-top-section elementor-element elementor-element-23c05d2 elementor-section-boxed elementor-section-height-default elementor-section-height-default\" data-id=\"23c05d2\" data-element_type=\"section\">\n\t\t\t\t\t\t<div class=\"elementor-container elementor-column-gap-default\">\n\t\t\t\t\t<div class=\"elementor-column elementor-col-100 elementor-top-column elementor-element elementor-element-480daa2\" data-id=\"480daa2\" data-element_type=\"column\">\n\t\t\t<div class=\"elementor-widget-wrap elementor-element-populated\">\n\t\t\t\t\t\t<div class=\"elementor-element elementor-element-a2ed1e1 elementor-widget elementor-widget-text-editor\" data-id=\"a2ed1e1\" data-element_type=\"widget\" data-widget_type=\"text-editor.default\">\n\t\t\t\t<div class=\"elementor-widget-container\">\n\t\t\t\t\t\t\t<p><!-- wp:paragraph --><\/p>\n<blockquote>\n<h4>DEPARTAMENTO DE L\u00cdNGUAS E LITERATURAS<\/h4>\n<\/blockquote>\n<p><!-- \/wp:quote --><\/p>\n<p><!-- wp:paragraph --><\/p>\n<p><strong>Coordenador (a):<\/strong> Maria de F\u00e1tima Oliveira<\/p>\n<p><span style=\"font-family: var( --e-global-typography-secondary-font-family ), Sans-serif; font-weight: var( --e-global-typography-secondary-font-weight ); letter-spacing: 0.1px;\">O Departamento de L\u00ednguas e Literaturas \u00e9 constitu\u00eddo pelas disciplinas:<\/span><\/p>\n<ul>\n<li>Portugu\u00eas<\/li>\n<\/ul>\n<ul>\n<li>Ingl\u00eas<\/li>\n<\/ul>\n<ul>\n<li style=\"line-height: 1em;\">Franc\u00eas<\/li>\n<\/ul>\n<div>\u00a0<\/div>\n<p><!-- \/wp:quote --><\/p>\n<p><!-- wp:paragraph --><\/p>\n<p><!-- \/wp:paragraph --><\/p>\t\t\t\t\t\t<\/div>\n\t\t\t\t<\/div>\n\t\t\t\t\t<\/div>\n\t\t<\/div>\n\t\t\t\t\t<\/div>\n\t\t<\/section>\n\t\t\t\t<section class=\"elementor-section elementor-top-section elementor-element elementor-element-25b030b elementor-section-boxed elementor-section-height-default elementor-section-height-default\" data-id=\"25b030b\" data-element_type=\"section\">\n\t\t\t\t\t\t<div class=\"elementor-container elementor-column-gap-default\">\n\t\t\t\t\t<div class=\"elementor-column elementor-col-100 elementor-top-column elementor-element elementor-element-f169dca\" data-id=\"f169dca\" data-element_type=\"column\">\n\t\t\t<div class=\"elementor-widget-wrap elementor-element-populated\">\n\t\t\t\t\t\t<div class=\"elementor-element elementor-element-f4b4064 elementor-widget elementor-widget-text-editor\" data-id=\"f4b4064\" data-element_type=\"widget\" data-widget_type=\"text-editor.default\">\n\t\t\t\t<div class=\"elementor-widget-container\">\n\t\t\t\t\t\t\t<blockquote>\n<h4>CRIT\u00c9RIOS DE AVALIA\u00c7\u00c3O<\/h4>\n<\/blockquote>\n<p><!-- \/wp:quote --><\/p>\n<p><!-- wp:paragraph --><\/p>\n<p>Consulte os crit\u00e9rios de avalia\u00e7\u00e3o deste departamento<span style=\"letter-spacing: 0.1px;\">\u00a0<\/span><a href=\"https:\/\/aevaledeste.pt\/site\/wp-content\/uploads\/2025\/12\/Criterios_Dept-LL_25-26.pdf\" target=\"_blank\" rel=\"noopener\">aqui.<\/a><\/p>\n<p class=\"MsoNormal\">\u00a0<\/p>\n<p><!-- \/wp:quote --><\/p>\n<p><!-- wp:paragraph --><\/p>\n<p><!-- \/wp:paragraph --><\/p>\t\t\t\t\t\t<\/div>\n\t\t\t\t<\/div>\n\t\t\t\t\t<\/div>\n\t\t<\/div>\n\t\t\t\t\t<\/div>\n\t\t<\/section>\n\t\t\t\t<section class=\"elementor-section elementor-top-section elementor-element elementor-element-a584585 elementor-section-boxed elementor-section-height-default elementor-section-height-default\" data-id=\"a584585\" data-element_type=\"section\">\n\t\t\t\t\t\t<div class=\"elementor-container elementor-column-gap-default\">\n\t\t\t\t\t<div class=\"elementor-column elementor-col-100 elementor-top-column elementor-element elementor-element-2d87cfb\" data-id=\"2d87cfb\" data-element_type=\"column\">\n\t\t\t<div class=\"elementor-widget-wrap elementor-element-populated\">\n\t\t\t\t\t\t<div class=\"elementor-element elementor-element-a3094c5 elementor-widget elementor-widget-text-editor\" data-id=\"a3094c5\" data-element_type=\"widget\" data-widget_type=\"text-editor.default\">\n\t\t\t\t<div class=\"elementor-widget-container\">\n\t\t\t\t\t\t\t<blockquote>\n<h4>INDICADORES DE SUCESSO<\/h4>\n<\/blockquote>\n<p><!-- \/wp:quote --><\/p>\n<p><!-- wp:paragraph --><\/p>\n<p>Aceda aos indicadores de sucesso deste departamento.\u00a0\u00a0<\/p>\n<p>Dispon\u00edvel\u00a0aqui.<\/p>\n<p>\u00a0<\/p>\n<p><!-- \/wp:quote --><\/p>\n<p><!-- wp:paragraph --><\/p>\n<p><!-- \/wp:paragraph --><\/p>\t\t\t\t\t\t<\/div>\n\t\t\t\t<\/div>\n\t\t\t\t\t<\/div>\n\t\t<\/div>\n\t\t\t\t\t<\/div>\n\t\t<\/section>\n\t\t\t\t<section class=\"elementor-section elementor-top-section elementor-element elementor-element-582c479 elementor-section-boxed elementor-section-height-default elementor-section-height-default\" data-id=\"582c479\" data-element_type=\"section\">\n\t\t\t\t\t\t<div class=\"elementor-container elementor-column-gap-default\">\n\t\t\t\t\t<div class=\"elementor-column elementor-col-100 elementor-top-column elementor-element elementor-element-976fcdf\" data-id=\"976fcdf\" data-element_type=\"column\">\n\t\t\t<div class=\"elementor-widget-wrap elementor-element-populated\">\n\t\t\t\t\t\t<div class=\"elementor-element elementor-element-6a9a934 elementor-widget elementor-widget-text-editor\" data-id=\"6a9a934\" data-element_type=\"widget\" data-widget_type=\"text-editor.default\">\n\t\t\t\t<div class=\"elementor-widget-container\">\n\t\t\t\t\t\t\t<p><!-- wp:paragraph --><\/p>\n<blockquote>\n<h4>APRENDIZAGENS ESSENCIAIS<\/h4>\n<\/blockquote>\n<p><!-- \/wp:quote --><\/p>\n<p><!-- wp:paragraph --><\/p>\n<p>Consulte as diferentes aprendizagens essenciais das disciplinas deste departamento\u00a0<a href=\"https:\/\/www.dge.mec.pt\/aprendizagens-essenciais-ensino-basico\" target=\"_blank\" rel=\"noopener\">aqui.<\/a><a style=\"font-family: var( --e-global-typography-secondary-font-family ), Sans-serif; font-weight: var( --e-global-typography-secondary-font-weight ); font-size: 16px; letter-spacing: 0.1px;\" href=\"https:\/\/aevaledeste.pt\/site\/wp-content\/uploads\/2022\/11\/ENTIDADE_PROMOTORA.pdf\" target=\"_blank\" rel=\"noopener\">\u00a0<\/a><\/p>\n<p>\u00a0<\/p>\n<p><!-- \/wp:quote --><\/p>\n<p><!-- wp:paragraph --><\/p>\n<p><!-- \/wp:paragraph --><\/p>\t\t\t\t\t\t<\/div>\n\t\t\t\t<\/div>\n\t\t\t\t\t<\/div>\n\t\t<\/div>\n\t\t\t\t\t<\/div>\n\t\t<\/section>\n\t\t\t\t<section class=\"elementor-section elementor-top-section elementor-element elementor-element-53f6c08 elementor-section-boxed elementor-section-height-default elementor-section-height-default\" data-id=\"53f6c08\" data-element_type=\"section\">\n\t\t\t\t\t\t<div class=\"elementor-container elementor-column-gap-default\">\n\t\t\t\t\t<div class=\"elementor-column elementor-col-100 elementor-top-column elementor-element elementor-element-44c568f\" data-id=\"44c568f\" data-element_type=\"column\">\n\t\t\t<div class=\"elementor-widget-wrap elementor-element-populated\">\n\t\t\t\t\t\t<div class=\"elementor-element elementor-element-8e14e33 elementor-widget elementor-widget-text-editor\" data-id=\"8e14e33\" data-element_type=\"widget\" data-widget_type=\"text-editor.default\">\n\t\t\t\t<div class=\"elementor-widget-container\">\n\t\t\t\t\t\t\t<blockquote>\n<h4>PLANO CURRICULAR<\/h4>\n<\/blockquote>\n<p><!-- \/wp:quote --><\/p>\n<p><!-- wp:paragraph --><\/p>\n<p>Consulte o Plano Curricular deste departamento <a href=\"https:\/\/aevaledeste.pt\/site\/wp-content\/uploads\/2025\/02\/PDC_Dept-LL_24-25_doc_unico.pdf\" target=\"_blank\" rel=\"noopener\">aqui.\u00a0<\/a><\/p>\n<p>\u00a0<\/p>\n<p><!-- \/wp:quote --><\/p>\n<p><!-- wp:paragraph --><\/p>\n<p><!-- \/wp:paragraph --><\/p>\t\t\t\t\t\t<\/div>\n\t\t\t\t<\/div>\n\t\t\t\t\t<\/div>\n\t\t<\/div>\n\t\t\t\t\t<\/div>\n\t\t<\/section>\n\t\t\t\t<\/div>\n\t\t","protected":false},"excerpt":{"rendered":"<p>DEPARTAMENTO DE L\u00cdNGUAS E LITERATURAS Coordenador (a): Maria de F\u00e1tima Oliveira O Departamento de L\u00ednguas e Literaturas \u00e9 constitu\u00eddo pelas disciplinas: Portugu\u00eas Ingl\u00eas Franc\u00eas \u00a0 CRIT\u00c9RIOS DE AVALIA\u00c7\u00c3O Consulte os crit\u00e9rios de avalia\u00e7\u00e3o deste departamento\u00a0aqui. \u00a0 INDICADORES DE SUCESSO Aceda aos indicadores de sucesso deste&nbsp;<a href=\"https:\/\/aevaledeste.pt\/site\/departamento-de-linguas\/\">&hellip;<\/a><\/p>\n","protected":false},"author":5,"featured_media":0,"parent":0,"menu_order":0,"comment_status":"closed","ping_status":"closed","template":"","meta":{"footnotes":""},"class_list":["post-1839","page","type-page","status-publish","hentry","odd"],"yoast_head":"<!-- This site is optimized with the Yoast SEO plugin v23.7 - https:\/\/yoast.com\/wordpress\/plugins\/seo\/ -->\n<title>Departamento de L\u00ednguas e Literaturas - Agrupamento de Escolas de Vale D&#039;Este<\/title>\n<meta name=\"robots\" content=\"index, follow, max-snippet:-1, max-image-preview:large, max-video-preview:-1\" \/>\n<link rel=\"canonical\" href=\"https:\/\/aevaledeste.pt\/site\/departamento-de-linguas\/\" \/>\n<meta property=\"og:locale\" content=\"pt_PT\" \/>\n<meta property=\"og:type\" content=\"article\" \/>\n<meta property=\"og:title\" content=\"Departamento de L\u00ednguas e Literaturas - Agrupamento de Escolas de Vale D&#039;Este\" \/>\n<meta property=\"og:description\" content=\"DEPARTAMENTO DE L\u00cdNGUAS E LITERATURAS Coordenador (a): Maria de F\u00e1tima Oliveira O Departamento de L\u00ednguas e Literaturas \u00e9 constitu\u00eddo pelas disciplinas: Portugu\u00eas Ingl\u00eas Franc\u00eas \u00a0 CRIT\u00c9RIOS DE AVALIA\u00c7\u00c3O Consulte os crit\u00e9rios de avalia\u00e7\u00e3o deste departamento\u00a0aqui. \u00a0 INDICADORES DE SUCESSO Aceda aos indicadores de sucesso deste&nbsp;&hellip;\" \/>\n<meta property=\"og:url\" content=\"https:\/\/aevaledeste.pt\/site\/departamento-de-linguas\/\" \/>\n<meta property=\"og:site_name\" content=\"Agrupamento de Escolas de Vale D&#039;Este\" \/>\n<meta property=\"article:modified_time\" content=\"2025-12-11T10:07:16+00:00\" \/>\n<meta name=\"twitter:card\" content=\"summary_large_image\" \/>\n<meta name=\"twitter:label1\" content=\"Tempo estimado de leitura\" \/>\n\t<meta name=\"twitter:data1\" content=\"1 minuto\" \/>\n<script type=\"application\/ld+json\" class=\"yoast-schema-graph\">{\"@context\":\"https:\/\/schema.org\",\"@graph\":[{\"@type\":\"WebPage\",\"@id\":\"https:\/\/aevaledeste.pt\/site\/departamento-de-linguas\/\",\"url\":\"https:\/\/aevaledeste.pt\/site\/departamento-de-linguas\/\",\"name\":\"Departamento de L\u00ednguas e Literaturas - Agrupamento de Escolas de Vale D&#039;Este\",\"isPartOf\":{\"@id\":\"https:\/\/aevaledeste.pt\/site\/#website\"},\"datePublished\":\"2023-07-03T09:28:52+00:00\",\"dateModified\":\"2025-12-11T10:07:16+00:00\",\"breadcrumb\":{\"@id\":\"https:\/\/aevaledeste.pt\/site\/departamento-de-linguas\/#breadcrumb\"},\"inLanguage\":\"pt-PT\",\"potentialAction\":[{\"@type\":\"ReadAction\",\"target\":[\"https:\/\/aevaledeste.pt\/site\/departamento-de-linguas\/\"]}]},{\"@type\":\"BreadcrumbList\",\"@id\":\"https:\/\/aevaledeste.pt\/site\/departamento-de-linguas\/#breadcrumb\",\"itemListElement\":[{\"@type\":\"ListItem\",\"position\":1,\"name\":\"In\u00edcio\",\"item\":\"https:\/\/aevaledeste.pt\/site\/\"},{\"@type\":\"ListItem\",\"position\":2,\"name\":\"Departamento de L\u00ednguas e Literaturas\"}]},{\"@type\":\"WebSite\",\"@id\":\"https:\/\/aevaledeste.pt\/site\/#website\",\"url\":\"https:\/\/aevaledeste.pt\/site\/\",\"name\":\"Agrupamento de Escolas de Vale D&#039;Este\",\"description\":\"Faz a tua escolha!\",\"publisher\":{\"@id\":\"https:\/\/aevaledeste.pt\/site\/#organization\"},\"potentialAction\":[{\"@type\":\"SearchAction\",\"target\":{\"@type\":\"EntryPoint\",\"urlTemplate\":\"https:\/\/aevaledeste.pt\/site\/?s={search_term_string}\"},\"query-input\":{\"@type\":\"PropertyValueSpecification\",\"valueRequired\":true,\"valueName\":\"search_term_string\"}}],\"inLanguage\":\"pt-PT\"},{\"@type\":\"Organization\",\"@id\":\"https:\/\/aevaledeste.pt\/site\/#organization\",\"name\":\"Agrupamento de Escolas de Vale D&#039;Este\",\"url\":\"https:\/\/aevaledeste.pt\/site\/\",\"logo\":{\"@type\":\"ImageObject\",\"inLanguage\":\"pt-PT\",\"@id\":\"https:\/\/aevaledeste.pt\/site\/#\/schema\/logo\/image\/\",\"url\":\"https:\/\/aevaledeste.pt\/site\/wp-content\/uploads\/2022\/09\/1-e1664446422139.png\",\"contentUrl\":\"https:\/\/aevaledeste.pt\/site\/wp-content\/uploads\/2022\/09\/1-e1664446422139.png\",\"width\":600,\"height\":78,\"caption\":\"Agrupamento de Escolas de Vale D&#039;Este\"},\"image\":{\"@id\":\"https:\/\/aevaledeste.pt\/site\/#\/schema\/logo\/image\/\"}}]}<\/script>\n<!-- \/ Yoast SEO plugin. -->","yoast_head_json":{"title":"Departamento de L\u00ednguas e Literaturas - Agrupamento de Escolas de Vale D&#039;Este","robots":{"index":"index","follow":"follow","max-snippet":"max-snippet:-1","max-image-preview":"max-image-preview:large","max-video-preview":"max-video-preview:-1"},"canonical":"https:\/\/aevaledeste.pt\/site\/departamento-de-linguas\/","og_locale":"pt_PT","og_type":"article","og_title":"Departamento de L\u00ednguas e Literaturas - Agrupamento de Escolas de Vale D&#039;Este","og_description":"DEPARTAMENTO DE L\u00cdNGUAS E LITERATURAS Coordenador (a): Maria de F\u00e1tima Oliveira O Departamento de L\u00ednguas e Literaturas \u00e9 constitu\u00eddo pelas disciplinas: Portugu\u00eas Ingl\u00eas Franc\u00eas \u00a0 CRIT\u00c9RIOS DE AVALIA\u00c7\u00c3O Consulte os crit\u00e9rios de avalia\u00e7\u00e3o deste departamento\u00a0aqui. \u00a0 INDICADORES DE SUCESSO Aceda aos indicadores de sucesso deste&nbsp;&hellip;","og_url":"https:\/\/aevaledeste.pt\/site\/departamento-de-linguas\/","og_site_name":"Agrupamento de Escolas de Vale D&#039;Este","article_modified_time":"2025-12-11T10:07:16+00:00","twitter_card":"summary_large_image","twitter_misc":{"Tempo estimado de leitura":"1 minuto"},"schema":{"@context":"https:\/\/schema.org","@graph":[{"@type":"WebPage","@id":"https:\/\/aevaledeste.pt\/site\/departamento-de-linguas\/","url":"https:\/\/aevaledeste.pt\/site\/departamento-de-linguas\/","name":"Departamento de L\u00ednguas e Literaturas - Agrupamento de Escolas de Vale D&#039;Este","isPartOf":{"@id":"https:\/\/aevaledeste.pt\/site\/#website"},"datePublished":"2023-07-03T09:28:52+00:00","dateModified":"2025-12-11T10:07:16+00:00","breadcrumb":{"@id":"https:\/\/aevaledeste.pt\/site\/departamento-de-linguas\/#breadcrumb"},"inLanguage":"pt-PT","potentialAction":[{"@type":"ReadAction","target":["https:\/\/aevaledeste.pt\/site\/departamento-de-linguas\/"]}]},{"@type":"BreadcrumbList","@id":"https:\/\/aevaledeste.pt\/site\/departamento-de-linguas\/#breadcrumb","itemListElement":[{"@type":"ListItem","position":1,"name":"In\u00edcio","item":"https:\/\/aevaledeste.pt\/site\/"},{"@type":"ListItem","position":2,"name":"Departamento de L\u00ednguas e Literaturas"}]},{"@type":"WebSite","@id":"https:\/\/aevaledeste.pt\/site\/#website","url":"https:\/\/aevaledeste.pt\/site\/","name":"Agrupamento de Escolas de Vale D&#039;Este","description":"Faz a tua escolha!","publisher":{"@id":"https:\/\/aevaledeste.pt\/site\/#organization"},"potentialAction":[{"@type":"SearchAction","target":{"@type":"EntryPoint","urlTemplate":"https:\/\/aevaledeste.pt\/site\/?s={search_term_string}"},"query-input":{"@type":"PropertyValueSpecification","valueRequired":true,"valueName":"search_term_string"}}],"inLanguage":"pt-PT"},{"@type":"Organization","@id":"https:\/\/aevaledeste.pt\/site\/#organization","name":"Agrupamento de Escolas de Vale D&#039;Este","url":"https:\/\/aevaledeste.pt\/site\/","logo":{"@type":"ImageObject","inLanguage":"pt-PT","@id":"https:\/\/aevaledeste.pt\/site\/#\/schema\/logo\/image\/","url":"https:\/\/aevaledeste.pt\/site\/wp-content\/uploads\/2022\/09\/1-e1664446422139.png","contentUrl":"https:\/\/aevaledeste.pt\/site\/wp-content\/uploads\/2022\/09\/1-e1664446422139.png","width":600,"height":78,"caption":"Agrupamento de Escolas de Vale D&#039;Este"},"image":{"@id":"https:\/\/aevaledeste.pt\/site\/#\/schema\/logo\/image\/"}}]}},"_links":{"self":[{"href":"https:\/\/aevaledeste.pt\/site\/wp-json\/wp\/v2\/pages\/1839","targetHints":{"allow":["GET"]}}],"collection":[{"href":"https:\/\/aevaledeste.pt\/site\/wp-json\/wp\/v2\/pages"}],"about":[{"href":"https:\/\/aevaledeste.pt\/site\/wp-json\/wp\/v2\/types\/page"}],"author":[{"embeddable":true,"href":"https:\/\/aevaledeste.pt\/site\/wp-json\/wp\/v2\/users\/5"}],"replies":[{"embeddable":true,"href":"https:\/\/aevaledeste.pt\/site\/wp-json\/wp\/v2\/comments?post=1839"}],"version-history":[{"count":50,"href":"https:\/\/aevaledeste.pt\/site\/wp-json\/wp\/v2\/pages\/1839\/revisions"}],"predecessor-version":[{"id":8934,"href":"https:\/\/aevaledeste.pt\/site\/wp-json\/wp\/v2\/pages\/1839\/revisions\/8934"}],"wp:attachment":[{"href":"https:\/\/aevaledeste.pt\/site\/wp-json\/wp\/v2\/media?parent=1839"}],"curies":[{"name":"wp","href":"https:\/\/api.w.org\/{rel}","templated":true}]}}