{"id":1394,"date":"2022-11-22T11:16:22","date_gmt":"2022-11-22T11:16:22","guid":{"rendered":"https:\/\/testevaledeste.pt\/angela\/?page_id=1394"},"modified":"2023-09-20T15:42:35","modified_gmt":"2023-09-20T15:42:35","slug":"eqavet","status":"publish","type":"page","link":"https:\/\/aevaledeste.pt\/site\/eqavet\/","title":{"rendered":"EQAVET"},"content":{"rendered":"\t\t<div data-elementor-type=\"wp-page\" data-elementor-id=\"1394\" class=\"elementor elementor-1394\">\n\t\t\t\t\t\t<section class=\"elementor-section elementor-top-section elementor-element elementor-element-23c05d2 elementor-section-boxed elementor-section-height-default elementor-section-height-default\" data-id=\"23c05d2\" data-element_type=\"section\">\n\t\t\t\t\t\t<div class=\"elementor-container elementor-column-gap-default\">\n\t\t\t\t\t<div class=\"elementor-column elementor-col-100 elementor-top-column elementor-element elementor-element-480daa2\" data-id=\"480daa2\" data-element_type=\"column\">\n\t\t\t<div class=\"elementor-widget-wrap elementor-element-populated\">\n\t\t\t\t\t\t<div class=\"elementor-element elementor-element-a2ed1e1 elementor-widget elementor-widget-text-editor\" data-id=\"a2ed1e1\" data-element_type=\"widget\" data-widget_type=\"text-editor.default\">\n\t\t\t\t<div class=\"elementor-widget-container\">\n\t\t\t\t\t\t\t<p><!-- wp:paragraph --><\/p>\n<blockquote>\n<h4>EQAVET &#8211; CERTIFICA\u00c7\u00c3O DE QUALIDADE<\/h4>\n<\/blockquote>\n<p><!-- \/wp:quote --><\/p>\n<p><!-- wp:paragraph --><\/p>\n<p><span style=\"font-family: var( --e-global-typography-secondary-font-family ), Sans-serif; font-weight: var( --e-global-typography-secondary-font-weight ); letter-spacing: 0.1px;\">Aceda a informa\u00e7\u00f5es mais espec\u00edficas sobre o que \u00e9 o EQAVET, documentos de apoio, informa\u00e7\u00f5es sobre stakeholders e certifica\u00e7\u00e3o dos cursos profissionais.<\/span><\/p>\n<p><span style=\"letter-spacing: 0.1px;\">Consulte\u00a0<\/span><a style=\"font-family: var( --e-global-typography-secondary-font-family ), Sans-serif; font-weight: var( --e-global-typography-secondary-font-weight ); font-size: 16px; letter-spacing: 0.1px;\" href=\"https:\/\/aevaledeste.pt\/site\/eqavet_certificacao_qualidade\/\" target=\"_blank\" rel=\"noopener\">aqui.<\/a><\/p>\n<p>\u00a0<\/p>\n<p><!-- \/wp:quote --><\/p>\n<p><!-- wp:paragraph --><\/p>\n<p><!-- \/wp:paragraph --><\/p>\t\t\t\t\t\t<\/div>\n\t\t\t\t<\/div>\n\t\t\t\t\t<\/div>\n\t\t<\/div>\n\t\t\t\t\t<\/div>\n\t\t<\/section>\n\t\t\t\t<section class=\"elementor-section elementor-top-section elementor-element elementor-element-25b030b elementor-section-boxed elementor-section-height-default elementor-section-height-default\" data-id=\"25b030b\" data-element_type=\"section\">\n\t\t\t\t\t\t<div class=\"elementor-container elementor-column-gap-default\">\n\t\t\t\t\t<div class=\"elementor-column elementor-col-100 elementor-top-column elementor-element elementor-element-f169dca\" data-id=\"f169dca\" data-element_type=\"column\">\n\t\t\t<div class=\"elementor-widget-wrap elementor-element-populated\">\n\t\t\t\t\t\t<div class=\"elementor-element elementor-element-f4b4064 elementor-widget elementor-widget-text-editor\" data-id=\"f4b4064\" data-element_type=\"widget\" data-widget_type=\"text-editor.default\">\n\t\t\t\t<div class=\"elementor-widget-container\">\n\t\t\t\t\t\t\t<p><!-- wp:paragraph --><\/p>\n<blockquote>\n<h4>NOT\u00cdCIAS EQAVET<\/h4>\n<\/blockquote>\n<p><!-- \/wp:quote --><\/p>\n<p><!-- wp:paragraph --><\/p>\n<p>Conhe\u00e7a as \u00faltimas not\u00edcias referentes ao\u00a0<span style=\"letter-spacing: 0.1px;\">Quadro de Refer\u00eancia Europeu de Garantia da Qualidade para a Educa\u00e7\u00e3o e Forma\u00e7\u00e3o Profissionais (Quadro EQAVET)<\/span>\u00a0<\/p>\n<p><span style=\"letter-spacing: 0.1px;\">Consulte\u00a0<\/span><a style=\"font-family: var( --e-global-typography-secondary-font-family ), Sans-serif; font-weight: var( --e-global-typography-secondary-font-weight ); font-size: 16px; letter-spacing: 0.1px;\" href=\"https:\/\/aevaledeste.pt\/site\/eqavet_noticias\/\" target=\"_blank\" rel=\"noopener\">aqui.<\/a><\/p>\n<p class=\"MsoNormal\">\u00a0<\/p>\n<p><!-- \/wp:quote --><\/p>\n<p><!-- wp:paragraph --><\/p>\n<p><!-- \/wp:paragraph --><\/p>\t\t\t\t\t\t<\/div>\n\t\t\t\t<\/div>\n\t\t\t\t\t<\/div>\n\t\t<\/div>\n\t\t\t\t\t<\/div>\n\t\t<\/section>\n\t\t\t\t<section class=\"elementor-section elementor-top-section elementor-element elementor-element-c932c5e elementor-section-boxed elementor-section-height-default elementor-section-height-default\" data-id=\"c932c5e\" data-element_type=\"section\">\n\t\t\t\t\t\t<div class=\"elementor-container elementor-column-gap-default\">\n\t\t\t\t\t<div class=\"elementor-column elementor-col-100 elementor-top-column elementor-element elementor-element-e6f8808\" data-id=\"e6f8808\" data-element_type=\"column\">\n\t\t\t<div class=\"elementor-widget-wrap elementor-element-populated\">\n\t\t\t\t\t\t<div class=\"elementor-element elementor-element-55f5eaf elementor-widget elementor-widget-text-editor\" data-id=\"55f5eaf\" data-element_type=\"widget\" data-widget_type=\"text-editor.default\">\n\t\t\t\t<div class=\"elementor-widget-container\">\n\t\t\t\t\t\t\t<p><!-- wp:paragraph --><\/p>\n<blockquote>\n<h4>REGIMENTOS\/REGULAMENTOS<\/h4>\n<\/blockquote>\n<p><!-- \/wp:quote --><\/p>\n<p><!-- wp:paragraph --><\/p>\n<p>Conhe\u00e7a os diferentes regimentos e regulamentos do ensino profissional<span style=\"letter-spacing: 0.1px;\">: <\/span><\/p>\n<ul>\n<li><span style=\"letter-spacing: 0.1px;\"><a href=\"https:\/\/aevaledeste.pt\/site\/wp-content\/uploads\/2023\/09\/regimento_EQAVET.pdf\" target=\"_blank\" rel=\"noopener\">Regimento EQAVET<\/a>;<\/span><\/li>\n<li><a href=\"https:\/\/aevaledeste.pt\/site\/wp-content\/uploads\/2023\/09\/Regulamento_Avaliacao_profissional.pdf\" target=\"_blank\" rel=\"noopener\"><span style=\"letter-spacing: 0.1px;\"> Regulamento de Avalia\u00e7\u00e3o;<\/span><\/a><\/li>\n<li><a href=\"https:\/\/aevaledeste.pt\/site\/wp-content\/uploads\/2023\/09\/regime_assiduidade_20_21_vf.pdf\" target=\"_blank\" rel=\"noopener\"><span style=\"letter-spacing: 0.1px;\"> Regimento de assiduidade;<\/span><\/a><\/li>\n<li><a href=\"https:\/\/aevaledeste.pt\/site\/wp-content\/uploads\/2023\/09\/RegulamentoFCT__portaria_235A_vf.pdf\" target=\"_blank\" rel=\"noopener\">Regulamento de Forma\u00e7\u00e3o em Contexto de Trabalho;<\/a><\/li>\n<li><a href=\"https:\/\/aevaledeste.pt\/site\/wp-content\/uploads\/2023\/09\/RegulamentoPAP_PROF_pelo235A.pdf\" target=\"_blank\" rel=\"noopener\">Regulamento de Prova de Aptid\u00e3o Profissional;<\/a><\/li>\n<li><a href=\"https:\/\/aevaledeste.pt\/site\/wp-content\/uploads\/2023\/09\/regulamento_permutas_reposicoes_cursos_profissionaisVF.pdf\" target=\"_blank\" rel=\"noopener\">Regulamento de Permutas<\/a>.\u00a0<\/li>\n<\/ul>\n<p><!-- \/wp:quote --><\/p>\n<p><!-- wp:paragraph --><\/p>\n<p><!-- \/wp:paragraph --><\/p>\t\t\t\t\t\t<\/div>\n\t\t\t\t<\/div>\n\t\t\t\t\t<\/div>\n\t\t<\/div>\n\t\t\t\t\t<\/div>\n\t\t<\/section>\n\t\t\t\t<section class=\"elementor-section elementor-top-section elementor-element elementor-element-a584585 elementor-section-boxed elementor-section-height-default elementor-section-height-default\" data-id=\"a584585\" data-element_type=\"section\">\n\t\t\t\t\t\t<div class=\"elementor-container elementor-column-gap-default\">\n\t\t\t\t\t<div class=\"elementor-column elementor-col-100 elementor-top-column elementor-element elementor-element-2d87cfb\" data-id=\"2d87cfb\" data-element_type=\"column\">\n\t\t\t<div class=\"elementor-widget-wrap elementor-element-populated\">\n\t\t\t\t\t\t<div class=\"elementor-element elementor-element-a3094c5 elementor-widget elementor-widget-text-editor\" data-id=\"a3094c5\" data-element_type=\"widget\" data-widget_type=\"text-editor.default\">\n\t\t\t\t<div class=\"elementor-widget-container\">\n\t\t\t\t\t\t\t<p><!-- wp:paragraph --><\/p>\n<blockquote>\n<h4>PERFIL DE FUN\u00c7\u00d5ES DO EQAVET<\/h4>\n<\/blockquote>\n<p><!-- \/wp:quote --><\/p>\n<p><!-- wp:paragraph --><\/p>\n<p>Consulte o perfil das fun\u00e7\u00f5es do Diretor, Diretor de Curso, Coordenador dos Cursos Profissionais, Professor\/Formador, professor orientador da Prova de Aptid\u00e3o Profissional (PAP), professor orientador da Forma\u00e7\u00e3o em Contexto de Trabalho, entre outros.\u00a0\u00a0<\/p>\n<p>Dispon\u00edvel\u00a0<a style=\"font-family: var( --e-global-typography-secondary-font-family ), Sans-serif; font-weight: var( --e-global-typography-secondary-font-weight ); font-size: 16px; letter-spacing: 0.1px;\" href=\"https:\/\/aevaledeste.pt\/site\/eqavet_perfil_funcoes\/\" target=\"_blank\" rel=\"noopener\">aqui.<\/a><\/p>\n<p>\u00a0<\/p>\n<p><!-- \/wp:quote --><\/p>\n<p><!-- wp:paragraph --><\/p>\n<p><!-- \/wp:paragraph --><\/p>\t\t\t\t\t\t<\/div>\n\t\t\t\t<\/div>\n\t\t\t\t\t<\/div>\n\t\t<\/div>\n\t\t\t\t\t<\/div>\n\t\t<\/section>\n\t\t\t\t<section class=\"elementor-section elementor-top-section elementor-element elementor-element-582c479 elementor-section-boxed elementor-section-height-default elementor-section-height-default\" data-id=\"582c479\" data-element_type=\"section\">\n\t\t\t\t\t\t<div class=\"elementor-container elementor-column-gap-default\">\n\t\t\t\t\t<div class=\"elementor-column elementor-col-100 elementor-top-column elementor-element elementor-element-976fcdf\" data-id=\"976fcdf\" data-element_type=\"column\">\n\t\t\t<div class=\"elementor-widget-wrap elementor-element-populated\">\n\t\t\t\t\t\t<div class=\"elementor-element elementor-element-6a9a934 elementor-widget elementor-widget-text-editor\" data-id=\"6a9a934\" data-element_type=\"widget\" data-widget_type=\"text-editor.default\">\n\t\t\t\t<div class=\"elementor-widget-container\">\n\t\t\t\t\t\t\t<p><!-- wp:paragraph --><\/p>\n<blockquote>\n<h4>CURSOS PROFISSIONAIS: FINANCIAMENTO<\/h4>\n<\/blockquote>\n<p><!-- \/wp:quote --><\/p>\n<p><!-- wp:paragraph --><\/p>\n<p>Consulte informa\u00e7\u00f5es sobre candidatura, objetivos a alcan\u00e7ar, entre outros.&nbsp;<a style=\"font-family: var( --e-global-typography-secondary-font-family ), Sans-serif; font-weight: var( --e-global-typography-secondary-font-weight ); font-size: 16px; letter-spacing: 0.1px;\" href=\"https:\/\/aevaledeste.pt\/site\/wp-content\/uploads\/2022\/11\/ENTIDADE_PROMOTORA.pdf\" target=\"_blank\" rel=\"noopener\">Aqui.&nbsp;<\/a><\/p>\n<p><\/p>\n<p><!-- \/wp:quote --><\/p>\n<p><!-- wp:paragraph --><\/p>\n<p><!-- \/wp:paragraph --><\/p>\t\t\t\t\t\t<\/div>\n\t\t\t\t<\/div>\n\t\t\t\t\t<\/div>\n\t\t<\/div>\n\t\t\t\t\t<\/div>\n\t\t<\/section>\n\t\t\t\t<\/div>\n\t\t","protected":false},"excerpt":{"rendered":"<p>EQAVET &#8211; CERTIFICA\u00c7\u00c3O DE QUALIDADE Aceda a informa\u00e7\u00f5es mais espec\u00edficas sobre o que \u00e9 o EQAVET, documentos de apoio, informa\u00e7\u00f5es sobre stakeholders e certifica\u00e7\u00e3o dos cursos profissionais. Consulte\u00a0aqui. \u00a0 NOT\u00cdCIAS EQAVET Conhe\u00e7a as \u00faltimas not\u00edcias referentes ao\u00a0Quadro de Refer\u00eancia Europeu de Garantia da Qualidade para&nbsp;<a href=\"https:\/\/aevaledeste.pt\/site\/eqavet\/\">&hellip;<\/a><\/p>\n","protected":false},"author":5,"featured_media":0,"parent":0,"menu_order":0,"comment_status":"closed","ping_status":"closed","template":"","meta":{"footnotes":""},"class_list":["post-1394","page","type-page","status-publish","hentry","odd"],"yoast_head":"<!-- This site is optimized with the Yoast SEO plugin v23.7 - https:\/\/yoast.com\/wordpress\/plugins\/seo\/ -->\n<title>EQAVET - Agrupamento de Escolas de Vale D&#039;Este<\/title>\n<meta name=\"robots\" content=\"index, follow, max-snippet:-1, max-image-preview:large, max-video-preview:-1\" \/>\n<link rel=\"canonical\" href=\"https:\/\/aevaledeste.pt\/site\/eqavet\/\" \/>\n<meta property=\"og:locale\" content=\"pt_PT\" \/>\n<meta property=\"og:type\" content=\"article\" \/>\n<meta property=\"og:title\" content=\"EQAVET - Agrupamento de Escolas de Vale D&#039;Este\" \/>\n<meta property=\"og:description\" content=\"EQAVET &#8211; CERTIFICA\u00c7\u00c3O DE QUALIDADE Aceda a informa\u00e7\u00f5es mais espec\u00edficas sobre o que \u00e9 o EQAVET, documentos de apoio, informa\u00e7\u00f5es sobre stakeholders e certifica\u00e7\u00e3o dos cursos profissionais. Consulte\u00a0aqui. \u00a0 NOT\u00cdCIAS EQAVET Conhe\u00e7a as \u00faltimas not\u00edcias referentes ao\u00a0Quadro de Refer\u00eancia Europeu de Garantia da Qualidade para&nbsp;&hellip;\" \/>\n<meta property=\"og:url\" content=\"https:\/\/aevaledeste.pt\/site\/eqavet\/\" \/>\n<meta property=\"og:site_name\" content=\"Agrupamento de Escolas de Vale D&#039;Este\" \/>\n<meta property=\"article:modified_time\" content=\"2023-09-20T15:42:35+00:00\" \/>\n<meta name=\"twitter:card\" content=\"summary_large_image\" \/>\n<meta name=\"twitter:label1\" content=\"Tempo estimado de leitura\" \/>\n\t<meta name=\"twitter:data1\" content=\"1 minuto\" \/>\n<script type=\"application\/ld+json\" class=\"yoast-schema-graph\">{\"@context\":\"https:\/\/schema.org\",\"@graph\":[{\"@type\":\"WebPage\",\"@id\":\"https:\/\/aevaledeste.pt\/site\/eqavet\/\",\"url\":\"https:\/\/aevaledeste.pt\/site\/eqavet\/\",\"name\":\"EQAVET - Agrupamento de Escolas de Vale D&#039;Este\",\"isPartOf\":{\"@id\":\"https:\/\/aevaledeste.pt\/site\/#website\"},\"datePublished\":\"2022-11-22T11:16:22+00:00\",\"dateModified\":\"2023-09-20T15:42:35+00:00\",\"breadcrumb\":{\"@id\":\"https:\/\/aevaledeste.pt\/site\/eqavet\/#breadcrumb\"},\"inLanguage\":\"pt-PT\",\"potentialAction\":[{\"@type\":\"ReadAction\",\"target\":[\"https:\/\/aevaledeste.pt\/site\/eqavet\/\"]}]},{\"@type\":\"BreadcrumbList\",\"@id\":\"https:\/\/aevaledeste.pt\/site\/eqavet\/#breadcrumb\",\"itemListElement\":[{\"@type\":\"ListItem\",\"position\":1,\"name\":\"In\u00edcio\",\"item\":\"https:\/\/aevaledeste.pt\/site\/\"},{\"@type\":\"ListItem\",\"position\":2,\"name\":\"EQAVET\"}]},{\"@type\":\"WebSite\",\"@id\":\"https:\/\/aevaledeste.pt\/site\/#website\",\"url\":\"https:\/\/aevaledeste.pt\/site\/\",\"name\":\"Agrupamento de Escolas de Vale D&#039;Este\",\"description\":\"Faz a tua escolha!\",\"publisher\":{\"@id\":\"https:\/\/aevaledeste.pt\/site\/#organization\"},\"potentialAction\":[{\"@type\":\"SearchAction\",\"target\":{\"@type\":\"EntryPoint\",\"urlTemplate\":\"https:\/\/aevaledeste.pt\/site\/?s={search_term_string}\"},\"query-input\":{\"@type\":\"PropertyValueSpecification\",\"valueRequired\":true,\"valueName\":\"search_term_string\"}}],\"inLanguage\":\"pt-PT\"},{\"@type\":\"Organization\",\"@id\":\"https:\/\/aevaledeste.pt\/site\/#organization\",\"name\":\"Agrupamento de Escolas de Vale D&#039;Este\",\"url\":\"https:\/\/aevaledeste.pt\/site\/\",\"logo\":{\"@type\":\"ImageObject\",\"inLanguage\":\"pt-PT\",\"@id\":\"https:\/\/aevaledeste.pt\/site\/#\/schema\/logo\/image\/\",\"url\":\"https:\/\/aevaledeste.pt\/site\/wp-content\/uploads\/2022\/09\/1-e1664446422139.png\",\"contentUrl\":\"https:\/\/aevaledeste.pt\/site\/wp-content\/uploads\/2022\/09\/1-e1664446422139.png\",\"width\":600,\"height\":78,\"caption\":\"Agrupamento de Escolas de Vale D&#039;Este\"},\"image\":{\"@id\":\"https:\/\/aevaledeste.pt\/site\/#\/schema\/logo\/image\/\"}}]}<\/script>\n<!-- \/ Yoast SEO plugin. -->","yoast_head_json":{"title":"EQAVET - Agrupamento de Escolas de Vale D&#039;Este","robots":{"index":"index","follow":"follow","max-snippet":"max-snippet:-1","max-image-preview":"max-image-preview:large","max-video-preview":"max-video-preview:-1"},"canonical":"https:\/\/aevaledeste.pt\/site\/eqavet\/","og_locale":"pt_PT","og_type":"article","og_title":"EQAVET - Agrupamento de Escolas de Vale D&#039;Este","og_description":"EQAVET &#8211; CERTIFICA\u00c7\u00c3O DE QUALIDADE Aceda a informa\u00e7\u00f5es mais espec\u00edficas sobre o que \u00e9 o EQAVET, documentos de apoio, informa\u00e7\u00f5es sobre stakeholders e certifica\u00e7\u00e3o dos cursos profissionais. Consulte\u00a0aqui. \u00a0 NOT\u00cdCIAS EQAVET Conhe\u00e7a as \u00faltimas not\u00edcias referentes ao\u00a0Quadro de Refer\u00eancia Europeu de Garantia da Qualidade para&nbsp;&hellip;","og_url":"https:\/\/aevaledeste.pt\/site\/eqavet\/","og_site_name":"Agrupamento de Escolas de Vale D&#039;Este","article_modified_time":"2023-09-20T15:42:35+00:00","twitter_card":"summary_large_image","twitter_misc":{"Tempo estimado de leitura":"1 minuto"},"schema":{"@context":"https:\/\/schema.org","@graph":[{"@type":"WebPage","@id":"https:\/\/aevaledeste.pt\/site\/eqavet\/","url":"https:\/\/aevaledeste.pt\/site\/eqavet\/","name":"EQAVET - Agrupamento de Escolas de Vale D&#039;Este","isPartOf":{"@id":"https:\/\/aevaledeste.pt\/site\/#website"},"datePublished":"2022-11-22T11:16:22+00:00","dateModified":"2023-09-20T15:42:35+00:00","breadcrumb":{"@id":"https:\/\/aevaledeste.pt\/site\/eqavet\/#breadcrumb"},"inLanguage":"pt-PT","potentialAction":[{"@type":"ReadAction","target":["https:\/\/aevaledeste.pt\/site\/eqavet\/"]}]},{"@type":"BreadcrumbList","@id":"https:\/\/aevaledeste.pt\/site\/eqavet\/#breadcrumb","itemListElement":[{"@type":"ListItem","position":1,"name":"In\u00edcio","item":"https:\/\/aevaledeste.pt\/site\/"},{"@type":"ListItem","position":2,"name":"EQAVET"}]},{"@type":"WebSite","@id":"https:\/\/aevaledeste.pt\/site\/#website","url":"https:\/\/aevaledeste.pt\/site\/","name":"Agrupamento de Escolas de Vale D&#039;Este","description":"Faz a tua escolha!","publisher":{"@id":"https:\/\/aevaledeste.pt\/site\/#organization"},"potentialAction":[{"@type":"SearchAction","target":{"@type":"EntryPoint","urlTemplate":"https:\/\/aevaledeste.pt\/site\/?s={search_term_string}"},"query-input":{"@type":"PropertyValueSpecification","valueRequired":true,"valueName":"search_term_string"}}],"inLanguage":"pt-PT"},{"@type":"Organization","@id":"https:\/\/aevaledeste.pt\/site\/#organization","name":"Agrupamento de Escolas de Vale D&#039;Este","url":"https:\/\/aevaledeste.pt\/site\/","logo":{"@type":"ImageObject","inLanguage":"pt-PT","@id":"https:\/\/aevaledeste.pt\/site\/#\/schema\/logo\/image\/","url":"https:\/\/aevaledeste.pt\/site\/wp-content\/uploads\/2022\/09\/1-e1664446422139.png","contentUrl":"https:\/\/aevaledeste.pt\/site\/wp-content\/uploads\/2022\/09\/1-e1664446422139.png","width":600,"height":78,"caption":"Agrupamento de Escolas de Vale D&#039;Este"},"image":{"@id":"https:\/\/aevaledeste.pt\/site\/#\/schema\/logo\/image\/"}}]}},"_links":{"self":[{"href":"https:\/\/aevaledeste.pt\/site\/wp-json\/wp\/v2\/pages\/1394","targetHints":{"allow":["GET"]}}],"collection":[{"href":"https:\/\/aevaledeste.pt\/site\/wp-json\/wp\/v2\/pages"}],"about":[{"href":"https:\/\/aevaledeste.pt\/site\/wp-json\/wp\/v2\/types\/page"}],"author":[{"embeddable":true,"href":"https:\/\/aevaledeste.pt\/site\/wp-json\/wp\/v2\/users\/5"}],"replies":[{"embeddable":true,"href":"https:\/\/aevaledeste.pt\/site\/wp-json\/wp\/v2\/comments?post=1394"}],"version-history":[{"count":120,"href":"https:\/\/aevaledeste.pt\/site\/wp-json\/wp\/v2\/pages\/1394\/revisions"}],"predecessor-version":[{"id":3319,"href":"https:\/\/aevaledeste.pt\/site\/wp-json\/wp\/v2\/pages\/1394\/revisions\/3319"}],"wp:attachment":[{"href":"https:\/\/aevaledeste.pt\/site\/wp-json\/wp\/v2\/media?parent=1394"}],"curies":[{"name":"wp","href":"https:\/\/api.w.org\/{rel}","templated":true}]}}