{"id":1364,"date":"2022-11-22T09:44:21","date_gmt":"2022-11-22T09:44:21","guid":{"rendered":"https:\/\/testevaledeste.pt\/angela\/?page_id=1364"},"modified":"2023-09-27T14:32:24","modified_gmt":"2023-09-27T14:32:24","slug":"eqavet_perfil_funcoes","status":"publish","type":"page","link":"https:\/\/aevaledeste.pt\/site\/eqavet_perfil_funcoes\/","title":{"rendered":"EQAVET_Perfil_funcoes"},"content":{"rendered":"\t\t<div data-elementor-type=\"wp-page\" data-elementor-id=\"1364\" class=\"elementor elementor-1364\">\n\t\t\t\t\t\t<section class=\"elementor-section elementor-top-section elementor-element elementor-element-68a6da79 elementor-section-boxed elementor-section-height-default elementor-section-height-default\" data-id=\"68a6da79\" data-element_type=\"section\">\n\t\t\t\t\t\t<div class=\"elementor-container elementor-column-gap-default\">\n\t\t\t\t\t<div class=\"elementor-column elementor-col-100 elementor-top-column elementor-element elementor-element-4c036a1f\" data-id=\"4c036a1f\" data-element_type=\"column\">\n\t\t\t<div class=\"elementor-widget-wrap elementor-element-populated\">\n\t\t\t\t\t\t<div class=\"elementor-element elementor-element-5545584f elementor-widget elementor-widget-text-editor\" data-id=\"5545584f\" data-element_type=\"widget\" data-widget_type=\"text-editor.default\">\n\t\t\t\t<div class=\"elementor-widget-container\">\n\t\t\t\t\t\t\t<p><!-- wp:paragraph --><\/p>\n<blockquote>\n<h4>PERFIL DE FUN\u00c7\u00d5ES EQAVET<\/h4>\n<\/blockquote>\n<p><!-- \/wp:quote --><\/p>\n<p><!-- wp:paragraph --><\/p>\n<h6><span style=\"text-decoration: underline;\"><strong>Consulte:<\/strong><\/span><\/h6>\n<p><a href=\"https:\/\/aevaledeste.pt\/site\/wp-content\/uploads\/2023\/09\/coordenadordpto.pdf\" target=\"_blank\" rel=\"noopener\">Coordenador de Departamento<\/a><\/p>\n<hr \/>\n<p><a href=\"https:\/\/aevaledeste.pt\/site\/wp-content\/uploads\/2023\/09\/coordenadorDT.pdf\" target=\"_blank\" rel=\"noopener\">Coordenador de Diretores de Turma<\/a><\/p>\n<hr \/>\n<p><a href=\"https:\/\/aevaledeste.pt\/site\/wp-content\/uploads\/2023\/09\/assistenteoperacional.pdf\" target=\"_blank\" rel=\"noopener\">Assistente Operacional<\/a><\/p>\n<hr \/>\n<p><a href=\"https:\/\/aevaledeste.pt\/site\/wp-content\/uploads\/2023\/09\/4.-professor-c-profissional.pdf\" target=\"_blank\" rel=\"noopener\">Professor\/Formador<\/a><\/p>\n<hr \/>\n<p><a href=\"https:\/\/aevaledeste.pt\/site\/wp-content\/uploads\/2023\/09\/diretor.pdf\" target=\"_blank\" rel=\"noopener\">Diretor<\/a><\/p>\n<hr \/>\n<p><a href=\"https:\/\/aevaledeste.pt\/site\/wp-content\/uploads\/2023\/09\/13.-diretor-de-curso.pdf\" target=\"_blank\" rel=\"noopener\">Diretor de Curso<\/a><\/p>\n<hr \/>\n<p><a href=\"https:\/\/aevaledeste.pt\/site\/wp-content\/uploads\/2023\/09\/chefedosservicosadministrativos.pdf\" target=\"_blank\" rel=\"noopener\">Chefe dos Servi\u00e7os Administrativos<\/a><\/p>\n<hr \/>\n<p><a href=\"https:\/\/aevaledeste.pt\/site\/wp-content\/uploads\/2023\/09\/7.-coordenador-cursos-profissionais.pdf\" target=\"_blank\" rel=\"noopener\">Coordenador dos Cursos Profissionais<\/a><\/p>\n<hr \/>\n<p><a href=\"https:\/\/aevaledeste.pt\/site\/wp-content\/uploads\/2023\/09\/SPO.pdf\" target=\"_blank\" rel=\"noopener\">Servi\u00e7o de Psicologia e Orienta\u00e7\u00e3o (SPO)<\/a><\/p>\n<hr \/>\n<p><a href=\"https:\/\/aevaledeste.pt\/site\/wp-content\/uploads\/2023\/09\/diretordeturma.pdf\" target=\"_blank\" rel=\"noopener\">Diretor de Turma<\/a><\/p>\n<hr \/>\n<p><a href=\"https:\/\/aevaledeste.pt\/site\/wp-content\/uploads\/2023\/09\/orientadorPAP.pdf\" target=\"_blank\" rel=\"noopener\">Professor Orientador da Prova de Aptid\u00e3o Profissional (PAP)<\/a><\/p>\n<hr \/>\n<p><a href=\"https:\/\/aevaledeste.pt\/site\/wp-content\/uploads\/2023\/09\/EMAEI.pdf\" target=\"_blank\" rel=\"noopener\">Equipa Multidisciplinar de Apoio \u00e0 Educa\u00e7\u00e3o Inclusiva (EMAEI)<\/a><\/p>\n<hr \/>\n<p><a href=\"https:\/\/aevaledeste.pt\/site\/wp-content\/uploads\/2023\/09\/orientador_FCT.pdf\" target=\"_blank\" rel=\"noopener\">Professor Orientador da Forma\u00e7\u00e3o em Contexto de Trabalho (FCT)<\/a><\/p>\n<p><!-- \/wp:quote --><\/p>\n<p><!-- wp:paragraph --><\/p>\n<p><!-- \/wp:paragraph --><\/p>\t\t\t\t\t\t<\/div>\n\t\t\t\t<\/div>\n\t\t\t\t\t<\/div>\n\t\t<\/div>\n\t\t\t\t\t<\/div>\n\t\t<\/section>\n\t\t\t\t<\/div>\n\t\t","protected":false},"excerpt":{"rendered":"<p>PERFIL DE FUN\u00c7\u00d5ES EQAVET Consulte: Coordenador de Departamento Coordenador de Diretores de Turma Assistente Operacional Professor\/Formador Diretor Diretor de Curso Chefe dos Servi\u00e7os Administrativos Coordenador dos Cursos Profissionais Servi\u00e7o de Psicologia e Orienta\u00e7\u00e3o (SPO) Diretor de Turma Professor Orientador da Prova de Aptid\u00e3o Profissional (PAP)&nbsp;<a href=\"https:\/\/aevaledeste.pt\/site\/eqavet_perfil_funcoes\/\">&hellip;<\/a><\/p>\n","protected":false},"author":5,"featured_media":0,"parent":0,"menu_order":0,"comment_status":"closed","ping_status":"closed","template":"","meta":{"footnotes":""},"class_list":["post-1364","page","type-page","status-publish","hentry","odd"],"yoast_head":"<!-- This site is optimized with the Yoast SEO plugin v23.7 - https:\/\/yoast.com\/wordpress\/plugins\/seo\/ -->\n<title>EQAVET_Perfil_funcoes - Agrupamento de Escolas de Vale D&#039;Este<\/title>\n<meta name=\"robots\" content=\"index, follow, max-snippet:-1, max-image-preview:large, max-video-preview:-1\" \/>\n<link rel=\"canonical\" href=\"https:\/\/aevaledeste.pt\/site\/eqavet_perfil_funcoes\/\" \/>\n<meta property=\"og:locale\" content=\"pt_PT\" \/>\n<meta property=\"og:type\" content=\"article\" \/>\n<meta property=\"og:title\" content=\"EQAVET_Perfil_funcoes - Agrupamento de Escolas de Vale D&#039;Este\" \/>\n<meta property=\"og:description\" content=\"PERFIL DE FUN\u00c7\u00d5ES EQAVET Consulte: Coordenador de Departamento Coordenador de Diretores de Turma Assistente Operacional Professor\/Formador Diretor Diretor de Curso Chefe dos Servi\u00e7os Administrativos Coordenador dos Cursos Profissionais Servi\u00e7o de Psicologia e Orienta\u00e7\u00e3o (SPO) Diretor de Turma Professor Orientador da Prova de Aptid\u00e3o Profissional (PAP)&nbsp;&hellip;\" \/>\n<meta property=\"og:url\" content=\"https:\/\/aevaledeste.pt\/site\/eqavet_perfil_funcoes\/\" \/>\n<meta property=\"og:site_name\" content=\"Agrupamento de Escolas de Vale D&#039;Este\" \/>\n<meta property=\"article:modified_time\" content=\"2023-09-27T14:32:24+00:00\" \/>\n<meta name=\"twitter:card\" content=\"summary_large_image\" \/>\n<script type=\"application\/ld+json\" class=\"yoast-schema-graph\">{\"@context\":\"https:\/\/schema.org\",\"@graph\":[{\"@type\":\"WebPage\",\"@id\":\"https:\/\/aevaledeste.pt\/site\/eqavet_perfil_funcoes\/\",\"url\":\"https:\/\/aevaledeste.pt\/site\/eqavet_perfil_funcoes\/\",\"name\":\"EQAVET_Perfil_funcoes - Agrupamento de Escolas de Vale D&#039;Este\",\"isPartOf\":{\"@id\":\"https:\/\/aevaledeste.pt\/site\/#website\"},\"datePublished\":\"2022-11-22T09:44:21+00:00\",\"dateModified\":\"2023-09-27T14:32:24+00:00\",\"breadcrumb\":{\"@id\":\"https:\/\/aevaledeste.pt\/site\/eqavet_perfil_funcoes\/#breadcrumb\"},\"inLanguage\":\"pt-PT\",\"potentialAction\":[{\"@type\":\"ReadAction\",\"target\":[\"https:\/\/aevaledeste.pt\/site\/eqavet_perfil_funcoes\/\"]}]},{\"@type\":\"BreadcrumbList\",\"@id\":\"https:\/\/aevaledeste.pt\/site\/eqavet_perfil_funcoes\/#breadcrumb\",\"itemListElement\":[{\"@type\":\"ListItem\",\"position\":1,\"name\":\"In\u00edcio\",\"item\":\"https:\/\/aevaledeste.pt\/site\/\"},{\"@type\":\"ListItem\",\"position\":2,\"name\":\"EQAVET_Perfil_funcoes\"}]},{\"@type\":\"WebSite\",\"@id\":\"https:\/\/aevaledeste.pt\/site\/#website\",\"url\":\"https:\/\/aevaledeste.pt\/site\/\",\"name\":\"Agrupamento de Escolas de Vale D&#039;Este\",\"description\":\"Faz a tua escolha!\",\"publisher\":{\"@id\":\"https:\/\/aevaledeste.pt\/site\/#organization\"},\"potentialAction\":[{\"@type\":\"SearchAction\",\"target\":{\"@type\":\"EntryPoint\",\"urlTemplate\":\"https:\/\/aevaledeste.pt\/site\/?s={search_term_string}\"},\"query-input\":{\"@type\":\"PropertyValueSpecification\",\"valueRequired\":true,\"valueName\":\"search_term_string\"}}],\"inLanguage\":\"pt-PT\"},{\"@type\":\"Organization\",\"@id\":\"https:\/\/aevaledeste.pt\/site\/#organization\",\"name\":\"Agrupamento de Escolas de Vale D&#039;Este\",\"url\":\"https:\/\/aevaledeste.pt\/site\/\",\"logo\":{\"@type\":\"ImageObject\",\"inLanguage\":\"pt-PT\",\"@id\":\"https:\/\/aevaledeste.pt\/site\/#\/schema\/logo\/image\/\",\"url\":\"https:\/\/aevaledeste.pt\/site\/wp-content\/uploads\/2022\/09\/1-e1664446422139.png\",\"contentUrl\":\"https:\/\/aevaledeste.pt\/site\/wp-content\/uploads\/2022\/09\/1-e1664446422139.png\",\"width\":600,\"height\":78,\"caption\":\"Agrupamento de Escolas de Vale D&#039;Este\"},\"image\":{\"@id\":\"https:\/\/aevaledeste.pt\/site\/#\/schema\/logo\/image\/\"}}]}<\/script>\n<!-- \/ Yoast SEO plugin. -->","yoast_head_json":{"title":"EQAVET_Perfil_funcoes - Agrupamento de Escolas de Vale D&#039;Este","robots":{"index":"index","follow":"follow","max-snippet":"max-snippet:-1","max-image-preview":"max-image-preview:large","max-video-preview":"max-video-preview:-1"},"canonical":"https:\/\/aevaledeste.pt\/site\/eqavet_perfil_funcoes\/","og_locale":"pt_PT","og_type":"article","og_title":"EQAVET_Perfil_funcoes - Agrupamento de Escolas de Vale D&#039;Este","og_description":"PERFIL DE FUN\u00c7\u00d5ES EQAVET Consulte: Coordenador de Departamento Coordenador de Diretores de Turma Assistente Operacional Professor\/Formador Diretor Diretor de Curso Chefe dos Servi\u00e7os Administrativos Coordenador dos Cursos Profissionais Servi\u00e7o de Psicologia e Orienta\u00e7\u00e3o (SPO) Diretor de Turma Professor Orientador da Prova de Aptid\u00e3o Profissional (PAP)&nbsp;&hellip;","og_url":"https:\/\/aevaledeste.pt\/site\/eqavet_perfil_funcoes\/","og_site_name":"Agrupamento de Escolas de Vale D&#039;Este","article_modified_time":"2023-09-27T14:32:24+00:00","twitter_card":"summary_large_image","schema":{"@context":"https:\/\/schema.org","@graph":[{"@type":"WebPage","@id":"https:\/\/aevaledeste.pt\/site\/eqavet_perfil_funcoes\/","url":"https:\/\/aevaledeste.pt\/site\/eqavet_perfil_funcoes\/","name":"EQAVET_Perfil_funcoes - Agrupamento de Escolas de Vale D&#039;Este","isPartOf":{"@id":"https:\/\/aevaledeste.pt\/site\/#website"},"datePublished":"2022-11-22T09:44:21+00:00","dateModified":"2023-09-27T14:32:24+00:00","breadcrumb":{"@id":"https:\/\/aevaledeste.pt\/site\/eqavet_perfil_funcoes\/#breadcrumb"},"inLanguage":"pt-PT","potentialAction":[{"@type":"ReadAction","target":["https:\/\/aevaledeste.pt\/site\/eqavet_perfil_funcoes\/"]}]},{"@type":"BreadcrumbList","@id":"https:\/\/aevaledeste.pt\/site\/eqavet_perfil_funcoes\/#breadcrumb","itemListElement":[{"@type":"ListItem","position":1,"name":"In\u00edcio","item":"https:\/\/aevaledeste.pt\/site\/"},{"@type":"ListItem","position":2,"name":"EQAVET_Perfil_funcoes"}]},{"@type":"WebSite","@id":"https:\/\/aevaledeste.pt\/site\/#website","url":"https:\/\/aevaledeste.pt\/site\/","name":"Agrupamento de Escolas de Vale D&#039;Este","description":"Faz a tua escolha!","publisher":{"@id":"https:\/\/aevaledeste.pt\/site\/#organization"},"potentialAction":[{"@type":"SearchAction","target":{"@type":"EntryPoint","urlTemplate":"https:\/\/aevaledeste.pt\/site\/?s={search_term_string}"},"query-input":{"@type":"PropertyValueSpecification","valueRequired":true,"valueName":"search_term_string"}}],"inLanguage":"pt-PT"},{"@type":"Organization","@id":"https:\/\/aevaledeste.pt\/site\/#organization","name":"Agrupamento de Escolas de Vale D&#039;Este","url":"https:\/\/aevaledeste.pt\/site\/","logo":{"@type":"ImageObject","inLanguage":"pt-PT","@id":"https:\/\/aevaledeste.pt\/site\/#\/schema\/logo\/image\/","url":"https:\/\/aevaledeste.pt\/site\/wp-content\/uploads\/2022\/09\/1-e1664446422139.png","contentUrl":"https:\/\/aevaledeste.pt\/site\/wp-content\/uploads\/2022\/09\/1-e1664446422139.png","width":600,"height":78,"caption":"Agrupamento de Escolas de Vale D&#039;Este"},"image":{"@id":"https:\/\/aevaledeste.pt\/site\/#\/schema\/logo\/image\/"}}]}},"_links":{"self":[{"href":"https:\/\/aevaledeste.pt\/site\/wp-json\/wp\/v2\/pages\/1364","targetHints":{"allow":["GET"]}}],"collection":[{"href":"https:\/\/aevaledeste.pt\/site\/wp-json\/wp\/v2\/pages"}],"about":[{"href":"https:\/\/aevaledeste.pt\/site\/wp-json\/wp\/v2\/types\/page"}],"author":[{"embeddable":true,"href":"https:\/\/aevaledeste.pt\/site\/wp-json\/wp\/v2\/users\/5"}],"replies":[{"embeddable":true,"href":"https:\/\/aevaledeste.pt\/site\/wp-json\/wp\/v2\/comments?post=1364"}],"version-history":[{"count":31,"href":"https:\/\/aevaledeste.pt\/site\/wp-json\/wp\/v2\/pages\/1364\/revisions"}],"predecessor-version":[{"id":3404,"href":"https:\/\/aevaledeste.pt\/site\/wp-json\/wp\/v2\/pages\/1364\/revisions\/3404"}],"wp:attachment":[{"href":"https:\/\/aevaledeste.pt\/site\/wp-json\/wp\/v2\/media?parent=1364"}],"curies":[{"name":"wp","href":"https:\/\/api.w.org\/{rel}","templated":true}]}}