{"id":1259,"date":"2022-11-21T22:22:14","date_gmt":"2022-11-21T22:22:14","guid":{"rendered":"https:\/\/testevaledeste.pt\/angela\/?page_id=1259"},"modified":"2023-07-03T00:22:37","modified_gmt":"2023-07-03T00:22:37","slug":"eqavet_o_que_e","status":"publish","type":"page","link":"https:\/\/aevaledeste.pt\/site\/eqavet_o_que_e\/","title":{"rendered":"EQAVET_o_que_e"},"content":{"rendered":"\t\t<div data-elementor-type=\"wp-page\" data-elementor-id=\"1259\" class=\"elementor elementor-1259\">\n\t\t\t\t\t\t<section class=\"elementor-section elementor-top-section elementor-element elementor-element-68a6da79 elementor-section-boxed elementor-section-height-default elementor-section-height-default\" data-id=\"68a6da79\" data-element_type=\"section\">\n\t\t\t\t\t\t<div class=\"elementor-container elementor-column-gap-default\">\n\t\t\t\t\t<div class=\"elementor-column elementor-col-100 elementor-top-column elementor-element elementor-element-4c036a1f\" data-id=\"4c036a1f\" data-element_type=\"column\">\n\t\t\t<div class=\"elementor-widget-wrap elementor-element-populated\">\n\t\t\t\t\t\t<div class=\"elementor-element elementor-element-5545584f elementor-widget elementor-widget-text-editor\" data-id=\"5545584f\" data-element_type=\"widget\" data-widget_type=\"text-editor.default\">\n\t\t\t\t<div class=\"elementor-widget-container\">\n\t\t\t\t\t\t\t<p><!-- wp:paragraph --><\/p>\n<blockquote>\n<h4>EQAVET o que \u00e9?<\/h4>\n<\/blockquote>\n<p><!-- \/wp:quote --><\/p>\n<p><!-- wp:paragraph --><\/p>\n<p>O Quadro de Refer\u00eancia Europeu de Garantia da Qualidade para a Educa\u00e7\u00e3o e Forma\u00e7\u00e3o Profissionais (Quadro EQAVET) foi concebido para melhorar o Ensino e Forma\u00e7\u00e3o Profissional (EFP) no espa\u00e7o europeu, colocando \u00e0 disposi\u00e7\u00e3o das autoridades e dos operadores ferramentas comuns para a gest\u00e3o da qualidade, promovendo a confian\u00e7a m\u00fatua, a mobilidade de trabalhadores e de formandos e a aprendizagem ao longo da vida.<\/p>\n<p>O EQAVET \u00e9 um instrumento a adotar que permite documentar, desenvolver, monitorizar, avaliar e melhorar a efici\u00eancia da oferta de EFP e a qualidade das pr\u00e1ticas de gest\u00e3o, implicando processos de monitoriza\u00e7\u00e3o regulares, envolvendo mecanismos de avalia\u00e7\u00e3o interna e externa, relat\u00f3rios de progresso, estabelecendo crit\u00e9rios de qualidade e descritores indicativos que sustentam a monitoriza\u00e7\u00e3o e a produ\u00e7\u00e3o de relat\u00f3rios por parte dos sistemas e dos operadores de EFP, e evidenciando a import\u00e2ncia dos indicadores de qualidade que suportam a avalia\u00e7\u00e3o, monitoriza\u00e7\u00e3o e garantia da qualidade dos sistemas e dos operadores de EFP.<\/p>\n<p>O ciclo de qualidade do EQAVET a implementar inclui quatro fases interligadas:<\/p>\n<p>Planear (definir metas e objetivos apropriados e mensur\u00e1veis);<br>Implementar (estabelecer procedimentos que assegurem o cumprimento das metas e objetivos definidos);<br>Apreciar e avaliar (desenvolver mecanismos de recolha e tratamento de dados que sustentem uma avalia\u00e7\u00e3o fundamentada dos resultados esperados);<br>Ajustar (desenvolver procedimentos para atingir os resultados ainda n\u00e3o alcan\u00e7ados e\/ou estabelecer novos objetivos em fun\u00e7\u00e3o das evid\u00eancias geradas, de forma a garantir a introdu\u00e7\u00e3o das melhorias necess\u00e1rias).<\/p>\n<p>Saiba mais sobre o EQAVET&nbsp;<a href=\"http:\/\/www.qualidade.anqep.gov.pt\/sobre.asp\" target=\"_blank\" style=\"font-family: var( --e-global-typography-secondary-font-family ), Sans-serif; font-weight: var( --e-global-typography-secondary-font-weight ); font-size: 16px; letter-spacing: 0.1px;\">aqui.<\/a><\/p>\n<p><!-- \/wp:quote --><\/p>\n<p><!-- wp:paragraph --><\/p>\n<p><!-- \/wp:paragraph --><\/p>\t\t\t\t\t\t<\/div>\n\t\t\t\t<\/div>\n\t\t\t\t\t<\/div>\n\t\t<\/div>\n\t\t\t\t\t<\/div>\n\t\t<\/section>\n\t\t\t\t<section class=\"elementor-section elementor-top-section elementor-element elementor-element-3b18c7b elementor-section-boxed elementor-section-height-default elementor-section-height-default\" data-id=\"3b18c7b\" data-element_type=\"section\">\n\t\t\t\t\t\t<div class=\"elementor-container elementor-column-gap-default\">\n\t\t\t\t\t<div class=\"elementor-column elementor-col-100 elementor-top-column elementor-element elementor-element-0e4d979\" data-id=\"0e4d979\" data-element_type=\"column\">\n\t\t\t<div class=\"elementor-widget-wrap elementor-element-populated\">\n\t\t\t\t\t\t\t<\/div>\n\t\t<\/div>\n\t\t\t\t\t<\/div>\n\t\t<\/section>\n\t\t\t\t<\/div>\n\t\t","protected":false},"excerpt":{"rendered":"<p>EQAVET o que \u00e9? O Quadro de Refer\u00eancia Europeu de Garantia da Qualidade para a Educa\u00e7\u00e3o e Forma\u00e7\u00e3o Profissionais (Quadro EQAVET) foi concebido para melhorar o Ensino e Forma\u00e7\u00e3o Profissional (EFP) no espa\u00e7o europeu, colocando \u00e0 disposi\u00e7\u00e3o das autoridades e dos operadores ferramentas comuns para&nbsp;<a href=\"https:\/\/aevaledeste.pt\/site\/eqavet_o_que_e\/\">&hellip;<\/a><\/p>\n","protected":false},"author":5,"featured_media":0,"parent":0,"menu_order":0,"comment_status":"closed","ping_status":"closed","template":"","meta":{"footnotes":""},"class_list":["post-1259","page","type-page","status-publish","hentry","odd"],"yoast_head":"<!-- This site is optimized with the Yoast SEO plugin v23.7 - https:\/\/yoast.com\/wordpress\/plugins\/seo\/ -->\n<title>EQAVET_o_que_e - Agrupamento de Escolas de Vale D&#039;Este<\/title>\n<meta name=\"robots\" content=\"index, follow, max-snippet:-1, max-image-preview:large, max-video-preview:-1\" \/>\n<link rel=\"canonical\" href=\"https:\/\/aevaledeste.pt\/site\/eqavet_o_que_e\/\" \/>\n<meta property=\"og:locale\" content=\"pt_PT\" \/>\n<meta property=\"og:type\" content=\"article\" \/>\n<meta property=\"og:title\" content=\"EQAVET_o_que_e - Agrupamento de Escolas de Vale D&#039;Este\" \/>\n<meta property=\"og:description\" content=\"EQAVET o que \u00e9? O Quadro de Refer\u00eancia Europeu de Garantia da Qualidade para a Educa\u00e7\u00e3o e Forma\u00e7\u00e3o Profissionais (Quadro EQAVET) foi concebido para melhorar o Ensino e Forma\u00e7\u00e3o Profissional (EFP) no espa\u00e7o europeu, colocando \u00e0 disposi\u00e7\u00e3o das autoridades e dos operadores ferramentas comuns para&nbsp;&hellip;\" \/>\n<meta property=\"og:url\" content=\"https:\/\/aevaledeste.pt\/site\/eqavet_o_que_e\/\" \/>\n<meta property=\"og:site_name\" content=\"Agrupamento de Escolas de Vale D&#039;Este\" \/>\n<meta property=\"article:modified_time\" content=\"2023-07-03T00:22:37+00:00\" \/>\n<meta name=\"twitter:card\" content=\"summary_large_image\" \/>\n<meta name=\"twitter:label1\" content=\"Tempo estimado de leitura\" \/>\n\t<meta name=\"twitter:data1\" content=\"1 minuto\" \/>\n<script type=\"application\/ld+json\" class=\"yoast-schema-graph\">{\"@context\":\"https:\/\/schema.org\",\"@graph\":[{\"@type\":\"WebPage\",\"@id\":\"https:\/\/aevaledeste.pt\/site\/eqavet_o_que_e\/\",\"url\":\"https:\/\/aevaledeste.pt\/site\/eqavet_o_que_e\/\",\"name\":\"EQAVET_o_que_e - Agrupamento de Escolas de Vale D&#039;Este\",\"isPartOf\":{\"@id\":\"https:\/\/aevaledeste.pt\/site\/#website\"},\"datePublished\":\"2022-11-21T22:22:14+00:00\",\"dateModified\":\"2023-07-03T00:22:37+00:00\",\"breadcrumb\":{\"@id\":\"https:\/\/aevaledeste.pt\/site\/eqavet_o_que_e\/#breadcrumb\"},\"inLanguage\":\"pt-PT\",\"potentialAction\":[{\"@type\":\"ReadAction\",\"target\":[\"https:\/\/aevaledeste.pt\/site\/eqavet_o_que_e\/\"]}]},{\"@type\":\"BreadcrumbList\",\"@id\":\"https:\/\/aevaledeste.pt\/site\/eqavet_o_que_e\/#breadcrumb\",\"itemListElement\":[{\"@type\":\"ListItem\",\"position\":1,\"name\":\"In\u00edcio\",\"item\":\"https:\/\/aevaledeste.pt\/site\/\"},{\"@type\":\"ListItem\",\"position\":2,\"name\":\"EQAVET_o_que_e\"}]},{\"@type\":\"WebSite\",\"@id\":\"https:\/\/aevaledeste.pt\/site\/#website\",\"url\":\"https:\/\/aevaledeste.pt\/site\/\",\"name\":\"Agrupamento de Escolas de Vale D&#039;Este\",\"description\":\"Faz a tua escolha!\",\"publisher\":{\"@id\":\"https:\/\/aevaledeste.pt\/site\/#organization\"},\"potentialAction\":[{\"@type\":\"SearchAction\",\"target\":{\"@type\":\"EntryPoint\",\"urlTemplate\":\"https:\/\/aevaledeste.pt\/site\/?s={search_term_string}\"},\"query-input\":{\"@type\":\"PropertyValueSpecification\",\"valueRequired\":true,\"valueName\":\"search_term_string\"}}],\"inLanguage\":\"pt-PT\"},{\"@type\":\"Organization\",\"@id\":\"https:\/\/aevaledeste.pt\/site\/#organization\",\"name\":\"Agrupamento de Escolas de Vale D&#039;Este\",\"url\":\"https:\/\/aevaledeste.pt\/site\/\",\"logo\":{\"@type\":\"ImageObject\",\"inLanguage\":\"pt-PT\",\"@id\":\"https:\/\/aevaledeste.pt\/site\/#\/schema\/logo\/image\/\",\"url\":\"https:\/\/aevaledeste.pt\/site\/wp-content\/uploads\/2022\/09\/1-e1664446422139.png\",\"contentUrl\":\"https:\/\/aevaledeste.pt\/site\/wp-content\/uploads\/2022\/09\/1-e1664446422139.png\",\"width\":600,\"height\":78,\"caption\":\"Agrupamento de Escolas de Vale D&#039;Este\"},\"image\":{\"@id\":\"https:\/\/aevaledeste.pt\/site\/#\/schema\/logo\/image\/\"}}]}<\/script>\n<!-- \/ Yoast SEO plugin. -->","yoast_head_json":{"title":"EQAVET_o_que_e - Agrupamento de Escolas de Vale D&#039;Este","robots":{"index":"index","follow":"follow","max-snippet":"max-snippet:-1","max-image-preview":"max-image-preview:large","max-video-preview":"max-video-preview:-1"},"canonical":"https:\/\/aevaledeste.pt\/site\/eqavet_o_que_e\/","og_locale":"pt_PT","og_type":"article","og_title":"EQAVET_o_que_e - Agrupamento de Escolas de Vale D&#039;Este","og_description":"EQAVET o que \u00e9? O Quadro de Refer\u00eancia Europeu de Garantia da Qualidade para a Educa\u00e7\u00e3o e Forma\u00e7\u00e3o Profissionais (Quadro EQAVET) foi concebido para melhorar o Ensino e Forma\u00e7\u00e3o Profissional (EFP) no espa\u00e7o europeu, colocando \u00e0 disposi\u00e7\u00e3o das autoridades e dos operadores ferramentas comuns para&nbsp;&hellip;","og_url":"https:\/\/aevaledeste.pt\/site\/eqavet_o_que_e\/","og_site_name":"Agrupamento de Escolas de Vale D&#039;Este","article_modified_time":"2023-07-03T00:22:37+00:00","twitter_card":"summary_large_image","twitter_misc":{"Tempo estimado de leitura":"1 minuto"},"schema":{"@context":"https:\/\/schema.org","@graph":[{"@type":"WebPage","@id":"https:\/\/aevaledeste.pt\/site\/eqavet_o_que_e\/","url":"https:\/\/aevaledeste.pt\/site\/eqavet_o_que_e\/","name":"EQAVET_o_que_e - Agrupamento de Escolas de Vale D&#039;Este","isPartOf":{"@id":"https:\/\/aevaledeste.pt\/site\/#website"},"datePublished":"2022-11-21T22:22:14+00:00","dateModified":"2023-07-03T00:22:37+00:00","breadcrumb":{"@id":"https:\/\/aevaledeste.pt\/site\/eqavet_o_que_e\/#breadcrumb"},"inLanguage":"pt-PT","potentialAction":[{"@type":"ReadAction","target":["https:\/\/aevaledeste.pt\/site\/eqavet_o_que_e\/"]}]},{"@type":"BreadcrumbList","@id":"https:\/\/aevaledeste.pt\/site\/eqavet_o_que_e\/#breadcrumb","itemListElement":[{"@type":"ListItem","position":1,"name":"In\u00edcio","item":"https:\/\/aevaledeste.pt\/site\/"},{"@type":"ListItem","position":2,"name":"EQAVET_o_que_e"}]},{"@type":"WebSite","@id":"https:\/\/aevaledeste.pt\/site\/#website","url":"https:\/\/aevaledeste.pt\/site\/","name":"Agrupamento de Escolas de Vale D&#039;Este","description":"Faz a tua escolha!","publisher":{"@id":"https:\/\/aevaledeste.pt\/site\/#organization"},"potentialAction":[{"@type":"SearchAction","target":{"@type":"EntryPoint","urlTemplate":"https:\/\/aevaledeste.pt\/site\/?s={search_term_string}"},"query-input":{"@type":"PropertyValueSpecification","valueRequired":true,"valueName":"search_term_string"}}],"inLanguage":"pt-PT"},{"@type":"Organization","@id":"https:\/\/aevaledeste.pt\/site\/#organization","name":"Agrupamento de Escolas de Vale D&#039;Este","url":"https:\/\/aevaledeste.pt\/site\/","logo":{"@type":"ImageObject","inLanguage":"pt-PT","@id":"https:\/\/aevaledeste.pt\/site\/#\/schema\/logo\/image\/","url":"https:\/\/aevaledeste.pt\/site\/wp-content\/uploads\/2022\/09\/1-e1664446422139.png","contentUrl":"https:\/\/aevaledeste.pt\/site\/wp-content\/uploads\/2022\/09\/1-e1664446422139.png","width":600,"height":78,"caption":"Agrupamento de Escolas de Vale D&#039;Este"},"image":{"@id":"https:\/\/aevaledeste.pt\/site\/#\/schema\/logo\/image\/"}}]}},"_links":{"self":[{"href":"https:\/\/aevaledeste.pt\/site\/wp-json\/wp\/v2\/pages\/1259","targetHints":{"allow":["GET"]}}],"collection":[{"href":"https:\/\/aevaledeste.pt\/site\/wp-json\/wp\/v2\/pages"}],"about":[{"href":"https:\/\/aevaledeste.pt\/site\/wp-json\/wp\/v2\/types\/page"}],"author":[{"embeddable":true,"href":"https:\/\/aevaledeste.pt\/site\/wp-json\/wp\/v2\/users\/5"}],"replies":[{"embeddable":true,"href":"https:\/\/aevaledeste.pt\/site\/wp-json\/wp\/v2\/comments?post=1259"}],"version-history":[{"count":8,"href":"https:\/\/aevaledeste.pt\/site\/wp-json\/wp\/v2\/pages\/1259\/revisions"}],"predecessor-version":[{"id":1824,"href":"https:\/\/aevaledeste.pt\/site\/wp-json\/wp\/v2\/pages\/1259\/revisions\/1824"}],"wp:attachment":[{"href":"https:\/\/aevaledeste.pt\/site\/wp-json\/wp\/v2\/media?parent=1259"}],"curies":[{"name":"wp","href":"https:\/\/api.w.org\/{rel}","templated":true}]}}