{"id":1187,"date":"2022-11-10T14:49:54","date_gmt":"2022-11-10T14:49:54","guid":{"rendered":"https:\/\/testevaledeste.pt\/angela\/?page_id=1187"},"modified":"2025-01-28T12:13:11","modified_gmt":"2025-01-28T12:13:11","slug":"ptd","status":"publish","type":"page","link":"https:\/\/aevaledeste.pt\/site\/ptd\/","title":{"rendered":"Plano de Transi\u00e7\u00e3o Digital"},"content":{"rendered":"\t\t<div data-elementor-type=\"wp-page\" data-elementor-id=\"1187\" class=\"elementor elementor-1187\">\n\t\t\t\t\t\t<section class=\"elementor-section elementor-top-section elementor-element elementor-element-3065194 elementor-section-boxed elementor-section-height-default elementor-section-height-default\" data-id=\"3065194\" data-element_type=\"section\">\n\t\t\t\t\t\t<div class=\"elementor-container elementor-column-gap-default\">\n\t\t\t\t\t<div class=\"elementor-column elementor-col-100 elementor-top-column elementor-element elementor-element-236dbf3\" data-id=\"236dbf3\" data-element_type=\"column\">\n\t\t\t<div class=\"elementor-widget-wrap elementor-element-populated\">\n\t\t\t\t\t\t<div class=\"elementor-element elementor-element-cc95f9b elementor-widget elementor-widget-text-editor\" data-id=\"cc95f9b\" data-element_type=\"widget\" data-widget_type=\"text-editor.default\">\n\t\t\t\t<div class=\"elementor-widget-container\">\n\t\t\t\t\t\t\t<p><!-- wp:paragraph --><\/p>\n<blockquote>\n<h4>Plano de Transi\u00e7\u00e3o Digital (PTD)<\/h4>\n<\/blockquote>\n<p><!-- \/wp:quote --><\/p>\n<p><!-- wp:paragraph --><\/p>\n<p>O Plano de A\u00e7\u00e3o para a Transi\u00e7\u00e3o Digital, aprovado pela <b>Resolu\u00e7\u00e3o do Conselho de Ministros n.\u00ba 30\/2020, prev\u00ea um investimento nas compet\u00eancias digitais.<\/b><\/p>\n<p style=\"text-align: right;\">&#8220;Os educadores s\u00e3o exemplos para a pr\u00f3xima gera\u00e7\u00e3o. Por isso, \u00e9 vital que estejam equipados com a compet\u00eancia digital que todos os cidad\u00e3os necessitam para participar ativamente numa sociedade digital.&#8221;<br \/>in DigCompEdu, 2018<\/p>\n<p><!-- \/wp:quote --><\/p>\n<p><!-- wp:paragraph --><\/p>\n<p><!-- \/wp:paragraph --><\/p>\t\t\t\t\t\t<\/div>\n\t\t\t\t<\/div>\n\t\t\t\t\t<\/div>\n\t\t<\/div>\n\t\t\t\t\t<\/div>\n\t\t<\/section>\n\t\t\t\t<section class=\"elementor-section elementor-top-section elementor-element elementor-element-3abeae4 elementor-section-boxed elementor-section-height-default elementor-section-height-default\" data-id=\"3abeae4\" data-element_type=\"section\">\n\t\t\t\t\t\t<div class=\"elementor-container elementor-column-gap-default\">\n\t\t\t\t\t<div class=\"elementor-column elementor-col-100 elementor-top-column elementor-element elementor-element-f57bb80\" data-id=\"f57bb80\" data-element_type=\"column\">\n\t\t\t<div class=\"elementor-widget-wrap elementor-element-populated\">\n\t\t\t\t\t\t<div class=\"elementor-element elementor-element-96884eb elementor-widget elementor-widget-text-editor\" data-id=\"96884eb\" data-element_type=\"widget\" data-widget_type=\"text-editor.default\">\n\t\t\t\t<div class=\"elementor-widget-container\">\n\t\t\t\t\t\t\t<blockquote>\n<h4>Plano de A\u00e7\u00e3o para o Desenvolvimento Digital das Escolas (PADDE) 2024_2026<\/h4>\n<\/blockquote>\n<p><!-- \/wp:quote --><\/p>\n<p><!-- wp:paragraph --><\/p>\n<p>Apresentamos o novo Plano de A\u00e7\u00e3o para o Desenvolvimento Digital das Escolas (PADDE) para o per\u00edodo de vig\u00eancia 2024-2026 reiterando e destacando alguns dos seus objetivos:<\/p>\n<ol style=\"letter-spacing: 0.1px;\">\n<li><span style=\"font-weight: normal;\">\u00a0Promover a mudan\u00e7a de pr\u00e1ticas pedag\u00f3gicas com recurso \u00e0s tecnologias digitais<\/span><\/li>\n<li><span style=\"font-weight: normal;\">\u00a0Continuar a d<\/span><span style=\"font-weight: normal;\">esenvolver din\u00e2micas inovadoras e colaborativas<\/span><\/li>\n<li><span style=\"font-weight: normal;\">\u00a0Continuar a promover pr\u00e1ticas de utiliza\u00e7\u00e3o segura e respons\u00e1vel da internet e respeito pelos direitos de autor<\/span><\/li>\n<li><span style=\"font-weight: normal;\">\u00a0Promover a utiliza\u00e7\u00e3o, cr\u00edtica e criativa, de tecnologias digitais em contexto educativo de forma aut\u00f3noma<\/span><\/li>\n<li><span style=\"font-weight: normal;\">Melhorar a literacia digital<\/span><\/li>\n<\/ol>\n<p><span style=\"font-weight: 400;\">Para consultar o documento na \u00edntegra aceda <a href=\"https:\/\/aevaledeste.pt\/site\/wp-content\/uploads\/2025\/01\/PADDE_AEVD_2024_26.pdf\" target=\"_blank\" rel=\"noopener\">aqui.<\/a><\/span><\/p>\n<p>\u00a0<\/p>\n<p><!-- \/wp:quote --><\/p>\n<p><!-- wp:paragraph --><\/p>\n<p><!-- \/wp:paragraph --><\/p>\t\t\t\t\t\t<\/div>\n\t\t\t\t<\/div>\n\t\t\t\t\t<\/div>\n\t\t<\/div>\n\t\t\t\t\t<\/div>\n\t\t<\/section>\n\t\t\t\t<section class=\"elementor-section elementor-top-section elementor-element elementor-element-cd313ee elementor-section-boxed elementor-section-height-default elementor-section-height-default\" data-id=\"cd313ee\" data-element_type=\"section\">\n\t\t\t\t\t\t<div class=\"elementor-container elementor-column-gap-default\">\n\t\t\t\t\t<div class=\"elementor-column elementor-col-100 elementor-top-column elementor-element elementor-element-d48a449\" data-id=\"d48a449\" data-element_type=\"column\">\n\t\t\t<div class=\"elementor-widget-wrap elementor-element-populated\">\n\t\t\t\t\t\t<div class=\"elementor-element elementor-element-949cf51 elementor-widget elementor-widget-text-editor\" data-id=\"949cf51\" data-element_type=\"widget\" data-widget_type=\"text-editor.default\">\n\t\t\t\t<div class=\"elementor-widget-container\">\n\t\t\t\t\t\t\t<blockquote>\n<h4>Plano de A\u00e7\u00e3o para o Desenvolvimento Digital das Escolas (PADDE) 2022_2024<\/h4>\n<\/blockquote>\n<p><!-- \/wp:quote --><\/p>\n<p><!-- wp:paragraph --><\/p>\n<p>Apresentamos o novo Plano de A\u00e7\u00e3o para o Desenvolvimento Digital das Escolas (PADDE) para o per\u00edodo de vig\u00eancia 2022-2024 reiterando e destacando alguns dos seus objetivos:<\/p>\n<ol style=\"letter-spacing: 0.1px;\">\n<li><span style=\"font-weight: normal;\">\u00a0Promover a mudan\u00e7a de pr\u00e1ticas pedag\u00f3gicas com recurso \u00e0s tecnologias digitais<\/span><\/li>\n<li><span style=\"font-weight: normal;\">\u00a0Tornar mais eficaz a comunica\u00e7\u00e3o institucional<\/span><\/li>\n<li><span style=\"font-weight: normal;\">\u00a0Desenvolver din\u00e2micas inovadoras e colaborativas<\/span><\/li>\n<li><span style=\"font-weight: normal;\">\u00a0Promover pr\u00e1ticas de utiliza\u00e7\u00e3o segura e respons\u00e1vel da internet e respeito pelos direitos de autor<\/span><\/li>\n<li><span style=\"font-weight: normal;\">\u00a0Promover a utiliza\u00e7\u00e3o, cr\u00edtica e criativa, de tecnologias digitais em contexto educativo de forma aut\u00f3nomo<\/span><\/li>\n<li><span style=\"font-weight: normal;\">Melhorar a literacia digital<\/span><\/li>\n<\/ol>\n<p><span style=\"font-weight: 400;\">Para consultar o documento na \u00edntegra aceda <a href=\"https:\/\/aevaledeste.pt\/site\/wp-content\/uploads\/2023\/04\/PADDE_AEVD_2022_24.pdf\" target=\"_blank\" rel=\"noopener\">aqui.<\/a><\/span><\/p>\n<p>\u00a0<\/p>\n<p><!-- \/wp:quote --><\/p>\n<p><!-- wp:paragraph --><\/p>\n<p><!-- \/wp:paragraph --><\/p>\t\t\t\t\t\t<\/div>\n\t\t\t\t<\/div>\n\t\t\t\t\t<\/div>\n\t\t<\/div>\n\t\t\t\t\t<\/div>\n\t\t<\/section>\n\t\t\t\t<section class=\"elementor-section elementor-top-section elementor-element elementor-element-12892b2 elementor-section-boxed elementor-section-height-default elementor-section-height-default\" data-id=\"12892b2\" data-element_type=\"section\">\n\t\t\t\t\t\t<div class=\"elementor-container elementor-column-gap-default\">\n\t\t\t\t\t<div class=\"elementor-column elementor-col-100 elementor-top-column elementor-element elementor-element-e8e65f9\" data-id=\"e8e65f9\" data-element_type=\"column\">\n\t\t\t<div class=\"elementor-widget-wrap elementor-element-populated\">\n\t\t\t\t\t\t<div class=\"elementor-element elementor-element-28a9a7a elementor-widget elementor-widget-text-editor\" data-id=\"28a9a7a\" data-element_type=\"widget\" data-widget_type=\"text-editor.default\">\n\t\t\t\t<div class=\"elementor-widget-container\">\n\t\t\t\t\t\t\t<blockquote>\n<h4>PADDE &#8211; MONITORIZA\u00c7\u00c3O\/AVALI\u00c7\u00c3O 2022-2024<\/h4>\n<\/blockquote>\n<p><!-- \/wp:quote --><\/p>\n<p><!-- wp:paragraph --><\/p>\n<p>Dado que a vig\u00eancia do PADDE elaborado \u00e9 de 2 anos apresentam-se os diferentes instrumentos de monitoriza\u00e7\u00e3o\/avalia\u00e7\u00e3o bem como o relat\u00f3rio final de avalia\u00e7\u00e3o.<\/p>\n<p><span style=\"font-weight: 400;\">Instrumentos de monitoriza\u00e7\u00e3o\/avalia\u00e7\u00e3o:<\/span><\/p>\n<ol>\n<li><span style=\"font-weight: normal;\">Question\u00e1rios Google;<\/span><\/li>\n<li><span style=\"font-weight: normal;\">Question\u00e1rio SELFIE.<\/span><\/li>\n<\/ol>\n<p>Relat\u00f3rio de monitoriza\u00e7\u00e3o dispon\u00edvel <a href=\"https:\/\/aevaledeste.pt\/site\/wp-content\/uploads\/2023\/08\/Rel_Monitorizacao_PADDE_22_23.pdf\" target=\"_blank\" rel=\"noopener\">aqui.<\/a><\/p>\n<p>Relat\u00f3rio de avalia\u00e7\u00e3o dispon\u00edvel <a href=\"https:\/\/aevaledeste.pt\/site\/wp-content\/uploads\/2025\/01\/Rel_Aval_PADDE_22_24.pdf\" target=\"_blank\" rel=\"noopener\">aqui.<\/a><\/p>\n<p>\u00a0<\/p>\n<p><!-- \/wp:quote --><\/p>\n<p><!-- wp:paragraph --><\/p>\n<p><!-- \/wp:paragraph --><\/p>\t\t\t\t\t\t<\/div>\n\t\t\t\t<\/div>\n\t\t\t\t\t<\/div>\n\t\t<\/div>\n\t\t\t\t\t<\/div>\n\t\t<\/section>\n\t\t\t\t<section class=\"elementor-section elementor-top-section elementor-element elementor-element-3b18c7b elementor-section-boxed elementor-section-height-default elementor-section-height-default\" data-id=\"3b18c7b\" data-element_type=\"section\">\n\t\t\t\t\t\t<div class=\"elementor-container elementor-column-gap-default\">\n\t\t\t\t\t<div class=\"elementor-column elementor-col-100 elementor-top-column elementor-element elementor-element-0e4d979\" data-id=\"0e4d979\" data-element_type=\"column\">\n\t\t\t<div class=\"elementor-widget-wrap elementor-element-populated\">\n\t\t\t\t\t\t<div class=\"elementor-element elementor-element-fc486d9 elementor-widget elementor-widget-text-editor\" data-id=\"fc486d9\" data-element_type=\"widget\" data-widget_type=\"text-editor.default\">\n\t\t\t\t<div class=\"elementor-widget-container\">\n\t\t\t\t\t\t\t<blockquote>\n<h4>Plano de A\u00e7\u00e3o para o Desenvolvimento Digital das Escolas (PADDE) 2021_2022<\/h4>\n<\/blockquote>\n<p><!-- \/wp:quote --><\/p>\n<p><!-- wp:paragraph --><\/p>\n<p>Apresentamos o Plano de A\u00e7\u00e3o para o Desenvolvimento Digital das Escolas (PADDE) destacando alguns dos seus objetivos:<\/p>\n<ol>\n<li><span style=\"font-weight: normal;\">\u00a0Promover a mudan\u00e7a de pr\u00e1ticas pedag\u00f3gicas com recurso \u00e0s tecnologias digitais<\/span><\/li>\n<li><span style=\"font-weight: normal;\">\u00a0Tornar mais eficaz a comunica\u00e7\u00e3o institucional<\/span><\/li>\n<li><span style=\"font-weight: normal;\">\u00a0Desenvolver din\u00e2micas inovadoras e colaborativas<\/span><\/li>\n<li><span style=\"font-weight: normal;\">\u00a0Promover pr\u00e1ticas de utiliza\u00e7\u00e3o segura e respons\u00e1vel da internet e respeito pelos direitos de autor<\/span><\/li>\n<li><span style=\"font-weight: normal;\">\u00a0Promover a utiliza\u00e7\u00e3o, cr\u00edtica e criativa, de tecnologias digitais em contexto educativo de forma aut\u00f3nomo<\/span><\/li>\n<li><span style=\"font-weight: normal;\">Fomentar a participa\u00e7\u00e3o efetiva de todos na constru\u00e7\u00e3o do PADDE<\/span><\/li>\n<li><span style=\"font-weight: normal;\">Melhorar a literacia digital<\/span><\/li>\n<\/ol>\n<div>\n<p><span style=\"font-weight: 400;\">Para consultar o documento na \u00edntegra aceda <a href=\"https:\/\/aevaledeste.pt\/site\/wp-content\/uploads\/2025\/01\/PADDE_AEVD_26_06_2021.pdf\" target=\"_blank\" rel=\"noopener\">aqui<\/a>.<\/span><br \/><span style=\"font-weight: 400;\">Aceda ao v\u00eddeo de apresenta\u00e7\u00e3o:<\/span><\/p>\n<p><iframe title=\"YouTube video player\" src=\"https:\/\/www.youtube.com\/embed\/p3pBpeZKu1U\" width=\"560\" height=\"300\" frameborder=\"1\" allowfullscreen=\"allowfullscreen\"><\/iframe><\/p>\n<\/div>\n<p><!-- \/wp:paragraph --><\/p>\n<p><!-- wp:quote --><\/p>\n<blockquote>\n<h4>PADDE &#8211; MONITORIZA\u00c7\u00c3O\/AVALIA\u00c7\u00c3O 2021-2022<\/h4>\n<\/blockquote>\n<p><!-- \/wp:quote --><\/p>\n<p><!-- wp:paragraph --><\/p>\n<p>Dado que a vig\u00eancia do PADDE elaborado foi de 1 ano apresentam-se os diferentes instrumentos de monitoriza\u00e7\u00e3o\/avalia\u00e7\u00e3o bem como o relat\u00f3rio final de avalia\u00e7\u00e3o.<\/p>\n<p><span style=\"font-weight: 400;\">Instrumentos de monitoriza\u00e7\u00e3o\/avalia\u00e7\u00e3o:<\/span><\/p>\n<ol>\n<li><span style=\"font-weight: normal;\">Question\u00e1rio Google;<\/span><\/li>\n<li><span style=\"font-weight: normal;\">Reflex\u00e3o em sede de Departamentos Curriculares\/Grupos Disciplinares;<\/span><\/li>\n<li><span style=\"font-weight: normal;\">Question\u00e1rio SELFIE.<\/span><\/li>\n<\/ol>\n<p>Relat\u00f3rio de avalia\u00e7\u00e3o dispon\u00edvel <a href=\"https:\/\/aevaledeste.pt\/site\/wp-content\/uploads\/2023\/04\/Rel_Aval_PADDE_21_22.pdf\" target=\"_blank\" rel=\"noopener\">aqui<\/a>.<\/p>\n<p>\u00a0<\/p>\n<p><!-- \/wp:paragraph --><\/p>\t\t\t\t\t\t<\/div>\n\t\t\t\t<\/div>\n\t\t\t\t\t<\/div>\n\t\t<\/div>\n\t\t\t\t\t<\/div>\n\t\t<\/section>\n\t\t\t\t<section class=\"elementor-section elementor-top-section elementor-element elementor-element-68a6da79 elementor-section-boxed elementor-section-height-default elementor-section-height-default\" data-id=\"68a6da79\" data-element_type=\"section\">\n\t\t\t\t\t\t<div class=\"elementor-container elementor-column-gap-default\">\n\t\t\t\t\t<div class=\"elementor-column elementor-col-100 elementor-top-column elementor-element elementor-element-4c036a1f\" data-id=\"4c036a1f\" data-element_type=\"column\">\n\t\t\t<div class=\"elementor-widget-wrap elementor-element-populated\">\n\t\t\t\t\t\t<div class=\"elementor-element elementor-element-5545584f elementor-widget elementor-widget-text-editor\" data-id=\"5545584f\" data-element_type=\"widget\" data-widget_type=\"text-editor.default\">\n\t\t\t\t<div class=\"elementor-widget-container\">\n\t\t\t\t\t\t\t<blockquote>\n<h4>INFORMA\u00c7\u00d5ES<\/h4>\n<\/blockquote>\n<p><!-- \/wp:quote --><\/p>\n<p><!-- wp:paragraph --><\/p>\n<ul>\n<li>Boletim Informativo da Rede Minho de Embaixadores Digitais. Dispon\u00edvel <a href=\"https:\/\/boletimredeminho.blogspot.com\/\" target=\"_blank\" rel=\"noopener\">aqui.<\/a><\/li>\n<\/ul>\n<p><!-- \/wp:quote --><\/p>\n<p><!-- wp:paragraph --><\/p>\n<p><!-- \/wp:paragraph --><\/p>\t\t\t\t\t\t<\/div>\n\t\t\t\t<\/div>\n\t\t\t\t\t<\/div>\n\t\t<\/div>\n\t\t\t\t\t<\/div>\n\t\t<\/section>\n\t\t\t\t<\/div>\n\t\t","protected":false},"excerpt":{"rendered":"<p>Plano de Transi\u00e7\u00e3o Digital (PTD) O Plano de A\u00e7\u00e3o para a Transi\u00e7\u00e3o Digital, aprovado pela Resolu\u00e7\u00e3o do Conselho de Ministros n.\u00ba 30\/2020, prev\u00ea um investimento nas compet\u00eancias digitais. &#8220;Os educadores s\u00e3o exemplos para a pr\u00f3xima gera\u00e7\u00e3o. Por isso, \u00e9 vital que estejam equipados com a&nbsp;<a href=\"https:\/\/aevaledeste.pt\/site\/ptd\/\">&hellip;<\/a><\/p>\n","protected":false},"author":5,"featured_media":0,"parent":0,"menu_order":0,"comment_status":"closed","ping_status":"closed","template":"","meta":{"footnotes":""},"class_list":["post-1187","page","type-page","status-publish","hentry","odd"],"yoast_head":"<!-- This site is optimized with the Yoast SEO plugin v23.7 - https:\/\/yoast.com\/wordpress\/plugins\/seo\/ -->\n<title>Plano de Transi\u00e7\u00e3o Digital - Agrupamento de Escolas de Vale D&#039;Este<\/title>\n<meta name=\"robots\" content=\"index, follow, max-snippet:-1, max-image-preview:large, max-video-preview:-1\" \/>\n<link rel=\"canonical\" href=\"https:\/\/aevaledeste.pt\/site\/ptd\/\" \/>\n<meta property=\"og:locale\" content=\"pt_PT\" \/>\n<meta property=\"og:type\" content=\"article\" \/>\n<meta property=\"og:title\" content=\"Plano de Transi\u00e7\u00e3o Digital - Agrupamento de Escolas de Vale D&#039;Este\" \/>\n<meta property=\"og:description\" content=\"Plano de Transi\u00e7\u00e3o Digital (PTD) O Plano de A\u00e7\u00e3o para a Transi\u00e7\u00e3o Digital, aprovado pela Resolu\u00e7\u00e3o do Conselho de Ministros n.\u00ba 30\/2020, prev\u00ea um investimento nas compet\u00eancias digitais. &#8220;Os educadores s\u00e3o exemplos para a pr\u00f3xima gera\u00e7\u00e3o. Por isso, \u00e9 vital que estejam equipados com a&nbsp;&hellip;\" \/>\n<meta property=\"og:url\" content=\"https:\/\/aevaledeste.pt\/site\/ptd\/\" \/>\n<meta property=\"og:site_name\" content=\"Agrupamento de Escolas de Vale D&#039;Este\" \/>\n<meta property=\"article:modified_time\" content=\"2025-01-28T12:13:11+00:00\" \/>\n<meta name=\"twitter:card\" content=\"summary_large_image\" \/>\n<meta name=\"twitter:label1\" content=\"Tempo estimado de leitura\" \/>\n\t<meta name=\"twitter:data1\" content=\"3 minutos\" \/>\n<script type=\"application\/ld+json\" class=\"yoast-schema-graph\">{\"@context\":\"https:\/\/schema.org\",\"@graph\":[{\"@type\":\"WebPage\",\"@id\":\"https:\/\/aevaledeste.pt\/site\/ptd\/\",\"url\":\"https:\/\/aevaledeste.pt\/site\/ptd\/\",\"name\":\"Plano de Transi\u00e7\u00e3o Digital - Agrupamento de Escolas de Vale D&#039;Este\",\"isPartOf\":{\"@id\":\"https:\/\/aevaledeste.pt\/site\/#website\"},\"datePublished\":\"2022-11-10T14:49:54+00:00\",\"dateModified\":\"2025-01-28T12:13:11+00:00\",\"breadcrumb\":{\"@id\":\"https:\/\/aevaledeste.pt\/site\/ptd\/#breadcrumb\"},\"inLanguage\":\"pt-PT\",\"potentialAction\":[{\"@type\":\"ReadAction\",\"target\":[\"https:\/\/aevaledeste.pt\/site\/ptd\/\"]}]},{\"@type\":\"BreadcrumbList\",\"@id\":\"https:\/\/aevaledeste.pt\/site\/ptd\/#breadcrumb\",\"itemListElement\":[{\"@type\":\"ListItem\",\"position\":1,\"name\":\"In\u00edcio\",\"item\":\"https:\/\/aevaledeste.pt\/site\/\"},{\"@type\":\"ListItem\",\"position\":2,\"name\":\"Plano de Transi\u00e7\u00e3o Digital\"}]},{\"@type\":\"WebSite\",\"@id\":\"https:\/\/aevaledeste.pt\/site\/#website\",\"url\":\"https:\/\/aevaledeste.pt\/site\/\",\"name\":\"Agrupamento de Escolas de Vale D&#039;Este\",\"description\":\"Faz a tua escolha!\",\"publisher\":{\"@id\":\"https:\/\/aevaledeste.pt\/site\/#organization\"},\"potentialAction\":[{\"@type\":\"SearchAction\",\"target\":{\"@type\":\"EntryPoint\",\"urlTemplate\":\"https:\/\/aevaledeste.pt\/site\/?s={search_term_string}\"},\"query-input\":{\"@type\":\"PropertyValueSpecification\",\"valueRequired\":true,\"valueName\":\"search_term_string\"}}],\"inLanguage\":\"pt-PT\"},{\"@type\":\"Organization\",\"@id\":\"https:\/\/aevaledeste.pt\/site\/#organization\",\"name\":\"Agrupamento de Escolas de Vale D&#039;Este\",\"url\":\"https:\/\/aevaledeste.pt\/site\/\",\"logo\":{\"@type\":\"ImageObject\",\"inLanguage\":\"pt-PT\",\"@id\":\"https:\/\/aevaledeste.pt\/site\/#\/schema\/logo\/image\/\",\"url\":\"https:\/\/aevaledeste.pt\/site\/wp-content\/uploads\/2022\/09\/1-e1664446422139.png\",\"contentUrl\":\"https:\/\/aevaledeste.pt\/site\/wp-content\/uploads\/2022\/09\/1-e1664446422139.png\",\"width\":600,\"height\":78,\"caption\":\"Agrupamento de Escolas de Vale D&#039;Este\"},\"image\":{\"@id\":\"https:\/\/aevaledeste.pt\/site\/#\/schema\/logo\/image\/\"}}]}<\/script>\n<!-- \/ Yoast SEO plugin. -->","yoast_head_json":{"title":"Plano de Transi\u00e7\u00e3o Digital - Agrupamento de Escolas de Vale D&#039;Este","robots":{"index":"index","follow":"follow","max-snippet":"max-snippet:-1","max-image-preview":"max-image-preview:large","max-video-preview":"max-video-preview:-1"},"canonical":"https:\/\/aevaledeste.pt\/site\/ptd\/","og_locale":"pt_PT","og_type":"article","og_title":"Plano de Transi\u00e7\u00e3o Digital - Agrupamento de Escolas de Vale D&#039;Este","og_description":"Plano de Transi\u00e7\u00e3o Digital (PTD) O Plano de A\u00e7\u00e3o para a Transi\u00e7\u00e3o Digital, aprovado pela Resolu\u00e7\u00e3o do Conselho de Ministros n.\u00ba 30\/2020, prev\u00ea um investimento nas compet\u00eancias digitais. &#8220;Os educadores s\u00e3o exemplos para a pr\u00f3xima gera\u00e7\u00e3o. Por isso, \u00e9 vital que estejam equipados com a&nbsp;&hellip;","og_url":"https:\/\/aevaledeste.pt\/site\/ptd\/","og_site_name":"Agrupamento de Escolas de Vale D&#039;Este","article_modified_time":"2025-01-28T12:13:11+00:00","twitter_card":"summary_large_image","twitter_misc":{"Tempo estimado de leitura":"3 minutos"},"schema":{"@context":"https:\/\/schema.org","@graph":[{"@type":"WebPage","@id":"https:\/\/aevaledeste.pt\/site\/ptd\/","url":"https:\/\/aevaledeste.pt\/site\/ptd\/","name":"Plano de Transi\u00e7\u00e3o Digital - Agrupamento de Escolas de Vale D&#039;Este","isPartOf":{"@id":"https:\/\/aevaledeste.pt\/site\/#website"},"datePublished":"2022-11-10T14:49:54+00:00","dateModified":"2025-01-28T12:13:11+00:00","breadcrumb":{"@id":"https:\/\/aevaledeste.pt\/site\/ptd\/#breadcrumb"},"inLanguage":"pt-PT","potentialAction":[{"@type":"ReadAction","target":["https:\/\/aevaledeste.pt\/site\/ptd\/"]}]},{"@type":"BreadcrumbList","@id":"https:\/\/aevaledeste.pt\/site\/ptd\/#breadcrumb","itemListElement":[{"@type":"ListItem","position":1,"name":"In\u00edcio","item":"https:\/\/aevaledeste.pt\/site\/"},{"@type":"ListItem","position":2,"name":"Plano de Transi\u00e7\u00e3o Digital"}]},{"@type":"WebSite","@id":"https:\/\/aevaledeste.pt\/site\/#website","url":"https:\/\/aevaledeste.pt\/site\/","name":"Agrupamento de Escolas de Vale D&#039;Este","description":"Faz a tua escolha!","publisher":{"@id":"https:\/\/aevaledeste.pt\/site\/#organization"},"potentialAction":[{"@type":"SearchAction","target":{"@type":"EntryPoint","urlTemplate":"https:\/\/aevaledeste.pt\/site\/?s={search_term_string}"},"query-input":{"@type":"PropertyValueSpecification","valueRequired":true,"valueName":"search_term_string"}}],"inLanguage":"pt-PT"},{"@type":"Organization","@id":"https:\/\/aevaledeste.pt\/site\/#organization","name":"Agrupamento de Escolas de Vale D&#039;Este","url":"https:\/\/aevaledeste.pt\/site\/","logo":{"@type":"ImageObject","inLanguage":"pt-PT","@id":"https:\/\/aevaledeste.pt\/site\/#\/schema\/logo\/image\/","url":"https:\/\/aevaledeste.pt\/site\/wp-content\/uploads\/2022\/09\/1-e1664446422139.png","contentUrl":"https:\/\/aevaledeste.pt\/site\/wp-content\/uploads\/2022\/09\/1-e1664446422139.png","width":600,"height":78,"caption":"Agrupamento de Escolas de Vale D&#039;Este"},"image":{"@id":"https:\/\/aevaledeste.pt\/site\/#\/schema\/logo\/image\/"}}]}},"_links":{"self":[{"href":"https:\/\/aevaledeste.pt\/site\/wp-json\/wp\/v2\/pages\/1187","targetHints":{"allow":["GET"]}}],"collection":[{"href":"https:\/\/aevaledeste.pt\/site\/wp-json\/wp\/v2\/pages"}],"about":[{"href":"https:\/\/aevaledeste.pt\/site\/wp-json\/wp\/v2\/types\/page"}],"author":[{"embeddable":true,"href":"https:\/\/aevaledeste.pt\/site\/wp-json\/wp\/v2\/users\/5"}],"replies":[{"embeddable":true,"href":"https:\/\/aevaledeste.pt\/site\/wp-json\/wp\/v2\/comments?post=1187"}],"version-history":[{"count":78,"href":"https:\/\/aevaledeste.pt\/site\/wp-json\/wp\/v2\/pages\/1187\/revisions"}],"predecessor-version":[{"id":6254,"href":"https:\/\/aevaledeste.pt\/site\/wp-json\/wp\/v2\/pages\/1187\/revisions\/6254"}],"wp:attachment":[{"href":"https:\/\/aevaledeste.pt\/site\/wp-json\/wp\/v2\/media?parent=1187"}],"curies":[{"name":"wp","href":"https:\/\/api.w.org\/{rel}","templated":true}]}}