{"id":6762,"date":"2025-03-26T15:59:46","date_gmt":"2025-03-26T15:59:46","guid":{"rendered":"https:\/\/aevaledeste.pt\/site\/?page_id=6762"},"modified":"2025-05-14T16:23:48","modified_gmt":"2025-05-14T16:23:48","slug":"canal-de-denuncia","status":"publish","type":"page","link":"https:\/\/aevaledeste.pt\/site\/en\/canal-de-denuncia\/","title":{"rendered":"Canal de Den\u00fancia"},"content":{"rendered":"<div data-elementor-type=\"wp-page\" data-elementor-id=\"6762\" class=\"elementor elementor-6762\">\n\t\t\t\t\t\t<section class=\"elementor-section elementor-top-section elementor-element elementor-element-25b030b elementor-section-boxed elementor-section-height-default elementor-section-height-default\" data-id=\"25b030b\" data-element_type=\"section\">\n\t\t\t\t\t\t<div class=\"elementor-container elementor-column-gap-default\">\n\t\t\t\t\t<div class=\"elementor-column elementor-col-100 elementor-top-column elementor-element elementor-element-f169dca\" data-id=\"f169dca\" data-element_type=\"column\">\n\t\t\t<div class=\"elementor-widget-wrap elementor-element-populated\">\n\t\t\t\t\t\t<div class=\"elementor-element elementor-element-a2ed1e1 elementor-widget elementor-widget-text-editor\" data-id=\"a2ed1e1\" data-element_type=\"widget\" data-widget_type=\"text-editor.default\">\n\t\t\t\t<div class=\"elementor-widget-container\">\n\t\t\t\t\t\t\t<blockquote>\n<h4>CANAL DE DEN\u00daNCIA<\/h4>\n<\/blockquote>\n<p><!-- \/wp:quote --><\/p>\n<p><!-- wp:paragraph --><\/p>\n<p>Atendendo ao definido no\u00a0<a href=\"https:\/\/aevaledeste.pt\/site\/wp-content\/uploads\/2025\/03\/Codigo_Conduta_AEVE.pdf\" target=\"_blank\" rel=\"noopener\"><strong>C\u00f3digo de Conduta<\/strong><\/a>, imp\u00f5e-se aos trabalhadores do AEVE o dever de comunicar, ao Diretor e\/ou atrav\u00e9s do Canal de Den\u00fancia, qualquer irregularidade de que tenham conhecimento e possam constituir uma viola\u00e7\u00e3o deste c\u00f3digo. O AEVE disponibiliza <strong>aos seus trabalhadores<\/strong>, como canal de den\u00fancia, o formul\u00e1rio abaixo ou endere\u00e7o de correio eletr\u00f3nico canaldedenuncia@aevaledeste.pt.<\/p>\n<p>O regime geral de prote\u00e7\u00e3o de denunciantes de infra\u00e7\u00f5es disposto na\u00a0<a href=\"https:\/\/diariodarepublica.pt\/dr\/detalhe\/lei\/93-2021-176147929\">Lei n.\u00ba 93\/2021<\/a>, de 20 de dezembro, protege a pessoa singular que denuncie ou divulgue publicamente uma infra\u00e7\u00e3o cometida.<\/p>\n<p>Assegura-se a confidencialidade do processo de den\u00fancia. A identidade do denunciante s\u00f3 ser\u00e1 divulgada em decorr\u00eancia de obriga\u00e7\u00e3o legal ou de decis\u00e3o judicial. O Canal de Den\u00fancia assume um car\u00e1cter, essencialmente, preventivo, sendo um instrumento de autorregula\u00e7\u00e3o e autocontrolo que permitir\u00e1 ao Agrupamento de Escolas de Vale D&#8217;Este, perante factos conhecidos e relatados de boa-f\u00e9, atuar e corrigir eventuais atua\u00e7\u00f5es il\u00edcitas e prevenir a sua ocorr\u00eancia futura, garantindo o cumprimento da lei, regulamentos e procedimentos em vigor, tratando-se de uma atua\u00e7\u00e3o exclusivamente orientada para a prossecu\u00e7\u00e3o do interesse p\u00fablico.<\/p>\n<p class=\"auto-style7\"><strong>N\u00e3o constituem, nem ser\u00e3o consideradas como den\u00fancias, reclama\u00e7\u00f5es, opini\u00f5es ou desabafos realizados atrav\u00e9s do canal atr\u00e1s referido.<\/strong><\/p>\n<p>Formul\u00e1rio para envio de Den\u00fancias dispon\u00edvel <a href=\"https:\/\/forms.gle\/Ta6tr3kHpr7Xeiru6\" target=\"_blank\" rel=\"noopener\">aqui.<\/a><\/p>\n<p>\u00a0<\/p>\n<p><!-- \/wp:quote --><\/p>\n<p><!-- wp:paragraph --><\/p>\n<p><!-- \/wp:paragraph --><\/p>\t\t\t\t\t\t<\/div>\n\t\t\t\t<\/div>\n\t\t\t\t\t<\/div>\n\t\t<\/div>\n\t\t\t\t\t<\/div>\n\t\t<\/section>\n\t\t\t\t<section class=\"elementor-section elementor-top-section elementor-element elementor-element-64af74c elementor-section-boxed elementor-section-height-default elementor-section-height-default\" data-id=\"64af74c\" data-element_type=\"section\">\n\t\t\t\t\t\t<div class=\"elementor-container elementor-column-gap-default\">\n\t\t\t\t\t<div class=\"elementor-column elementor-col-50 elementor-top-column elementor-element elementor-element-ace2a8f\" data-id=\"ace2a8f\" data-element_type=\"column\">\n\t\t\t<div class=\"elementor-widget-wrap elementor-element-populated\">\n\t\t\t\t\t\t<div class=\"elementor-element elementor-element-0a034dc elementor-widget elementor-widget-text-editor\" data-id=\"0a034dc\" data-element_type=\"widget\" data-widget_type=\"text-editor.default\">\n\t\t\t\t<div class=\"elementor-widget-container\">\n\t\t\t\t\t\t\t<blockquote>\n<h6><strong>C\u00d3DIGO DE CONDUTA<\/strong><\/h6>\n<p>\u00a0<\/p>\n<\/blockquote>\n<p><!-- \/wp:quote --><\/p>\n<p><!-- wp:paragraph --><\/p>\n<p>Um C\u00f3digo de Conduta constitui-se como um compromisso de integridade que \u00e9 assumido por todos os que exercem fun\u00e7\u00f5es numa organiza\u00e7\u00e3o ou entidade, perante si pr\u00f3prios, perante aqueles que s\u00e3o os destinat\u00e1rios da sua a\u00e7\u00e3o, ou com quais, de algum modo, t\u00eam de se relacionar, bem como perante os cidad\u00e3os e a sociedade no seu todo. (MENAC, 2023:7)<\/p>\n<p>O presente <a href=\"https:\/\/aevaledeste.pt\/site\/wp-content\/uploads\/2025\/03\/Codigo_Conduta_AEVE.pdf\" target=\"_blank\" rel=\"noopener\">C\u00f3digo de Conduta<\/a> define as normas claras e rigorosas no que respeita ao exerc\u00edcio das fun\u00e7\u00f5es por parte dos representantes dos \u00f3rg\u00e3os, dirigentes e trabalhadores do Agrupamento de Escolas de Vale D\u2019Este.<\/p>\n<p>Documento dispon\u00edvel para download <a href=\"https:\/\/aevaledeste.pt\/site\/wp-content\/uploads\/2025\/03\/Codigo_Conduta_AEVE.pdf\" target=\"_blank\" rel=\"noopener\">aqui.<\/a><\/p>\n<p>\u00a0<\/p>\n<p><!-- \/wp:quote --><\/p>\n<p><!-- wp:paragraph --><\/p>\n<p><!-- \/wp:paragraph --><\/p>\t\t\t\t\t\t<\/div>\n\t\t\t\t<\/div>\n\t\t\t\t\t<\/div>\n\t\t<\/div>\n\t\t\t\t<div class=\"elementor-column elementor-col-50 elementor-top-column elementor-element elementor-element-06fe998\" data-id=\"06fe998\" data-element_type=\"column\">\n\t\t\t<div class=\"elementor-widget-wrap elementor-element-populated\">\n\t\t\t\t\t\t<div class=\"elementor-element elementor-element-c2f403e elementor-widget elementor-widget-text-editor\" data-id=\"c2f403e\" data-element_type=\"widget\" data-widget_type=\"text-editor.default\">\n\t\t\t\t<div class=\"elementor-widget-container\">\n\t\t\t\t\t\t\t<blockquote>\n<h6><strong>PLANO DE PREVEN\u00c7\u00c3O DE RISCOS DE CORRUP\u00c7\u00c3O E INFRA\u00c7\u00d5ES CONEXAS<\/strong><\/h6>\n<\/blockquote>\n<p><!-- \/wp:quote --><\/p>\n<p><!-- wp:paragraph --><\/p>\n<p>\u201cNo Programa do XXII Governo Constitucional foi conferido um lugar de destaque \u00e0s pol\u00edticas anticorrup\u00e7\u00e3o, enquanto instrumento de constru\u00e7\u00e3o de uma sociedade mais justa, igualit\u00e1ria e inclusiva e do restabelecimento de la\u00e7os de confian\u00e7a s\u00f3lidos entre os cidad\u00e3os, as comunidades e as suas institui\u00e7\u00f5es democr\u00e1ticas.\u201d (Preambulo do Decreto-Lei n.\u00ba 109-E\/2021, de 9 de dezembro). Dando cumprimento a este pressuposto o Decreto-Lei n.\u00ba 109-E\/2021, de 9 de dezembro cria o Mecanismo Nacional Anticorrup\u00e7\u00e3o (\u201cMENAC\u201d) e estabelece o Regime Geral de Preven\u00e7\u00e3o da Corrup\u00e7\u00e3o (\u201cRGPC\u201d).<\/p>\n<p>Neste contexto, o Agrupamento de Escolas de Vale D\u2019Este vem, consubstanciado neste documento, implementar um programa de cumprimento normativo com o objetivo de prevenir, detetar e sancionar atos de corrup\u00e7\u00e3o e infra\u00e7\u00f5es conexas, realizadas atrav\u00e9s ou contra a institui\u00e7\u00e3o.\u00a0<\/p>\n<p>Documento dispon\u00edvel para download <a href=\"https:\/\/aevaledeste.pt\/site\/wp-content\/uploads\/2025\/03\/Plano_Prevencao_-Riscos_-Corrup-AEVE.pdf\" target=\"_blank\" rel=\"noopener\">aqui.<\/a><\/p>\n<p><!-- \/wp:quote --><\/p>\n<p><!-- wp:paragraph --><\/p>\n<p><!-- \/wp:paragraph --><\/p>\t\t\t\t\t\t<\/div>\n\t\t\t\t<\/div>\n\t\t\t\t\t<\/div>\n\t\t<\/div>\n\t\t\t\t\t<\/div>\n\t\t<\/section>\n\t\t\t\t<section class=\"elementor-section elementor-top-section elementor-element elementor-element-0f6e83c elementor-section-boxed elementor-section-height-default elementor-section-height-default\" data-id=\"0f6e83c\" data-element_type=\"section\">\n\t\t\t\t\t\t<div class=\"elementor-container elementor-column-gap-default\">\n\t\t\t\t\t<div class=\"elementor-column elementor-col-100 elementor-top-column elementor-element elementor-element-16f2fac\" data-id=\"16f2fac\" data-element_type=\"column\">\n\t\t\t<div class=\"elementor-widget-wrap elementor-element-populated\">\n\t\t\t\t\t\t<div class=\"elementor-element elementor-element-63e19fc elementor-widget elementor-widget-text-editor\" data-id=\"63e19fc\" data-element_type=\"widget\" data-widget_type=\"text-editor.default\">\n\t\t\t\t<div class=\"elementor-widget-container\">\n\t\t\t\t\t\t\t<blockquote>\n<h6><strong>PLANO DE FORMA\u00c7\u00c3O E COMUNICA\u00c7\u00c3O PARA A INTEGRIDADE<\/strong><\/h6>\n<p><\/p>\n<\/blockquote>\n<p><!-- \/wp:quote --><\/p>\n<p><!-- wp:paragraph --><\/p>\n<p>O Programa de Forma\u00e7\u00e3o e Comunica\u00e7\u00e3o para a Integridade, integrado no PCN, pretende regulamentar o previsto no Regime Geral de Preven\u00e7\u00e3o da Corrup\u00e7\u00e3o, com base no artigo 9.\u00ba do Decreto \u2013 Lei n.\u00ba 109- E\/2021 de 9 de dezembro, conforme os seguintes aspetos:<\/p>\n<ol>\n<li>As entidades abrangidas asseguram a realiza\u00e7\u00e3o de programas de forma\u00e7\u00e3o interna a todos os seus dirigentes e trabalhadores, com vista a que estes conhe\u00e7am e compreendam as pol\u00edticas e procedimentos de preven\u00e7\u00e3o da corrup\u00e7\u00e3o e infra\u00e7\u00f5es conexas implementados.<\/li>\n<li>O conte\u00fado e a frequ\u00eancia da forma\u00e7\u00e3o dos dirigentes e trabalhadores t\u00eam em conta a diferente exposi\u00e7\u00e3o dos dirigentes e trabalhadores aos riscos identificados.<\/li>\n<li>As horas da forma\u00e7\u00e3o prevista no n.\u00ba 1 contam como horas de forma\u00e7\u00e3o cont\u00ednua que o empregador deve assegurar ao trabalhador.<\/li>\n<li>As entidades abrangidas diligenciam no sentido de dar a conhecer \u00e0s entidades com as quais se relacionam as pol\u00edticas e procedimentos referidos no n.\u00ba 1.<\/li>\n<\/ol>\n<p>Em alinhamento com as imposi\u00e7\u00f5es legais supra referidas, o AEVE apresenta o seu plano de forma\u00e7\u00e3o interna e espec\u00edfica tendo em vista promover uma cultura organizacional de integridade, preven\u00e7\u00e3o e combate \u00e0 corrup\u00e7\u00e3o, bem como incentivar a responsabiliza\u00e7\u00e3o \u00e9tica e garantir a conformidade com o RGPC.<\/p>\n<p>Documento dispon\u00edvel para download <a href=\"https:\/\/aevaledeste.pt\/site\/wp-content\/uploads\/2025\/05\/Programa_Formacao_Comunicacao_Integridade_AEVE_vrs14_05_2025-1.pdf\" target=\"_blank\" rel=\"noopener\">aqui.<\/a><\/p>\t\t\t\t\t\t<\/div>\n\t\t\t\t<\/div>\n\t\t\t\t\t<\/div>\n\t\t<\/div>\n\t\t\t\t\t<\/div>\n\t\t<\/section>\n\t\t\t\t<\/div>","protected":false},"excerpt":{"rendered":"<p>CANAL DE DEN\u00daNCIA Atendendo ao definido no\u00a0C\u00f3digo de Conduta, imp\u00f5e-se aos trabalhadores do AEVE o dever de comunicar, ao Diretor e\/ou atrav\u00e9s do Canal de Den\u00fancia, qualquer irregularidade de que tenham conhecimento e possam constituir uma viola\u00e7\u00e3o deste c\u00f3digo. O AEVE disponibiliza aos seus trabalhadores,&nbsp;<a href=\"https:\/\/aevaledeste.pt\/site\/en\/canal-de-denuncia\/\">&hellip;<\/a><\/p>","protected":false},"author":5,"featured_media":0,"parent":0,"menu_order":0,"comment_status":"closed","ping_status":"closed","template":"","meta":{"footnotes":""},"class_list":["post-6762","page","type-page","status-publish","hentry","odd"],"yoast_head":"<!-- This site is optimized with the Yoast SEO plugin v23.7 - https:\/\/yoast.com\/wordpress\/plugins\/seo\/ -->\n<title>Canal de Den\u00fancia - Agrupamento de Escolas de Vale D&#039;Este<\/title>\n<meta name=\"robots\" content=\"index, follow, max-snippet:-1, max-image-preview:large, max-video-preview:-1\" \/>\n<link rel=\"canonical\" href=\"https:\/\/aevaledeste.pt\/site\/en\/canal-de-denuncia\/\" \/>\n<meta property=\"og:locale\" content=\"en_US\" \/>\n<meta property=\"og:type\" content=\"article\" \/>\n<meta property=\"og:title\" content=\"Canal de Den\u00fancia - Agrupamento de Escolas de Vale D&#039;Este\" \/>\n<meta property=\"og:description\" content=\"CANAL DE DEN\u00daNCIA Atendendo ao definido no\u00a0C\u00f3digo de Conduta, imp\u00f5e-se aos trabalhadores do AEVE o dever de comunicar, ao Diretor e\/ou atrav\u00e9s do Canal de Den\u00fancia, qualquer irregularidade de que tenham conhecimento e possam constituir uma viola\u00e7\u00e3o deste c\u00f3digo. O AEVE disponibiliza aos seus trabalhadores,&nbsp;&hellip;\" \/>\n<meta property=\"og:url\" content=\"https:\/\/aevaledeste.pt\/site\/en\/canal-de-denuncia\/\" \/>\n<meta property=\"og:site_name\" content=\"Agrupamento de Escolas de Vale D&#039;Este\" \/>\n<meta property=\"article:modified_time\" content=\"2025-05-14T16:23:48+00:00\" \/>\n<meta name=\"twitter:card\" content=\"summary_large_image\" \/>\n<meta name=\"twitter:label1\" content=\"Est. reading time\" \/>\n\t<meta name=\"twitter:data1\" content=\"4 minutes\" \/>\n<script type=\"application\/ld+json\" class=\"yoast-schema-graph\">{\"@context\":\"https:\/\/schema.org\",\"@graph\":[{\"@type\":\"WebPage\",\"@id\":\"https:\/\/aevaledeste.pt\/site\/canal-de-denuncia\/\",\"url\":\"https:\/\/aevaledeste.pt\/site\/canal-de-denuncia\/\",\"name\":\"Canal de Den\u00fancia - Agrupamento de Escolas de Vale D&#039;Este\",\"isPartOf\":{\"@id\":\"https:\/\/aevaledeste.pt\/site\/#website\"},\"datePublished\":\"2025-03-26T15:59:46+00:00\",\"dateModified\":\"2025-05-14T16:23:48+00:00\",\"breadcrumb\":{\"@id\":\"https:\/\/aevaledeste.pt\/site\/canal-de-denuncia\/#breadcrumb\"},\"inLanguage\":\"en-US\",\"potentialAction\":[{\"@type\":\"ReadAction\",\"target\":[\"https:\/\/aevaledeste.pt\/site\/canal-de-denuncia\/\"]}]},{\"@type\":\"BreadcrumbList\",\"@id\":\"https:\/\/aevaledeste.pt\/site\/canal-de-denuncia\/#breadcrumb\",\"itemListElement\":[{\"@type\":\"ListItem\",\"position\":1,\"name\":\"In\u00edcio\",\"item\":\"https:\/\/aevaledeste.pt\/site\/\"},{\"@type\":\"ListItem\",\"position\":2,\"name\":\"Canal de Den\u00fancia\"}]},{\"@type\":\"WebSite\",\"@id\":\"https:\/\/aevaledeste.pt\/site\/#website\",\"url\":\"https:\/\/aevaledeste.pt\/site\/\",\"name\":\"Agrupamento de Escolas de Vale D&#039;Este\",\"description\":\"Faz a tua escolha!\",\"publisher\":{\"@id\":\"https:\/\/aevaledeste.pt\/site\/#organization\"},\"potentialAction\":[{\"@type\":\"SearchAction\",\"target\":{\"@type\":\"EntryPoint\",\"urlTemplate\":\"https:\/\/aevaledeste.pt\/site\/?s={search_term_string}\"},\"query-input\":{\"@type\":\"PropertyValueSpecification\",\"valueRequired\":true,\"valueName\":\"search_term_string\"}}],\"inLanguage\":\"en-US\"},{\"@type\":\"Organization\",\"@id\":\"https:\/\/aevaledeste.pt\/site\/#organization\",\"name\":\"Agrupamento de Escolas de Vale D&#039;Este\",\"url\":\"https:\/\/aevaledeste.pt\/site\/\",\"logo\":{\"@type\":\"ImageObject\",\"inLanguage\":\"en-US\",\"@id\":\"https:\/\/aevaledeste.pt\/site\/#\/schema\/logo\/image\/\",\"url\":\"https:\/\/aevaledeste.pt\/site\/wp-content\/uploads\/2022\/09\/1-e1664446422139.png\",\"contentUrl\":\"https:\/\/aevaledeste.pt\/site\/wp-content\/uploads\/2022\/09\/1-e1664446422139.png\",\"width\":600,\"height\":78,\"caption\":\"Agrupamento de Escolas de Vale D&#039;Este\"},\"image\":{\"@id\":\"https:\/\/aevaledeste.pt\/site\/#\/schema\/logo\/image\/\"}}]}<\/script>\n<!-- \/ Yoast SEO plugin. -->","yoast_head_json":{"title":"Canal de Den\u00fancia - Agrupamento de Escolas de Vale D&#039;Este","robots":{"index":"index","follow":"follow","max-snippet":"max-snippet:-1","max-image-preview":"max-image-preview:large","max-video-preview":"max-video-preview:-1"},"canonical":"https:\/\/aevaledeste.pt\/site\/en\/canal-de-denuncia\/","og_locale":"en_US","og_type":"article","og_title":"Canal de Den\u00fancia - Agrupamento de Escolas de Vale D&#039;Este","og_description":"CANAL DE DEN\u00daNCIA Atendendo ao definido no\u00a0C\u00f3digo de Conduta, imp\u00f5e-se aos trabalhadores do AEVE o dever de comunicar, ao Diretor e\/ou atrav\u00e9s do Canal de Den\u00fancia, qualquer irregularidade de que tenham conhecimento e possam constituir uma viola\u00e7\u00e3o deste c\u00f3digo. O AEVE disponibiliza aos seus trabalhadores,&nbsp;&hellip;","og_url":"https:\/\/aevaledeste.pt\/site\/en\/canal-de-denuncia\/","og_site_name":"Agrupamento de Escolas de Vale D&#039;Este","article_modified_time":"2025-05-14T16:23:48+00:00","twitter_card":"summary_large_image","twitter_misc":{"Est. reading time":"4 minutes"},"schema":{"@context":"https:\/\/schema.org","@graph":[{"@type":"WebPage","@id":"https:\/\/aevaledeste.pt\/site\/canal-de-denuncia\/","url":"https:\/\/aevaledeste.pt\/site\/canal-de-denuncia\/","name":"Canal de Den\u00fancia - Agrupamento de Escolas de Vale D&#039;Este","isPartOf":{"@id":"https:\/\/aevaledeste.pt\/site\/#website"},"datePublished":"2025-03-26T15:59:46+00:00","dateModified":"2025-05-14T16:23:48+00:00","breadcrumb":{"@id":"https:\/\/aevaledeste.pt\/site\/canal-de-denuncia\/#breadcrumb"},"inLanguage":"en-US","potentialAction":[{"@type":"ReadAction","target":["https:\/\/aevaledeste.pt\/site\/canal-de-denuncia\/"]}]},{"@type":"BreadcrumbList","@id":"https:\/\/aevaledeste.pt\/site\/canal-de-denuncia\/#breadcrumb","itemListElement":[{"@type":"ListItem","position":1,"name":"In\u00edcio","item":"https:\/\/aevaledeste.pt\/site\/"},{"@type":"ListItem","position":2,"name":"Canal de Den\u00fancia"}]},{"@type":"WebSite","@id":"https:\/\/aevaledeste.pt\/site\/#website","url":"https:\/\/aevaledeste.pt\/site\/","name":"Agrupamento de Escolas de Vale D&#039;Este","description":"Faz a tua escolha!","publisher":{"@id":"https:\/\/aevaledeste.pt\/site\/#organization"},"potentialAction":[{"@type":"SearchAction","target":{"@type":"EntryPoint","urlTemplate":"https:\/\/aevaledeste.pt\/site\/?s={search_term_string}"},"query-input":{"@type":"PropertyValueSpecification","valueRequired":true,"valueName":"search_term_string"}}],"inLanguage":"en-US"},{"@type":"Organization","@id":"https:\/\/aevaledeste.pt\/site\/#organization","name":"Agrupamento de Escolas de Vale D&#039;Este","url":"https:\/\/aevaledeste.pt\/site\/","logo":{"@type":"ImageObject","inLanguage":"en-US","@id":"https:\/\/aevaledeste.pt\/site\/#\/schema\/logo\/image\/","url":"https:\/\/aevaledeste.pt\/site\/wp-content\/uploads\/2022\/09\/1-e1664446422139.png","contentUrl":"https:\/\/aevaledeste.pt\/site\/wp-content\/uploads\/2022\/09\/1-e1664446422139.png","width":600,"height":78,"caption":"Agrupamento de Escolas de Vale D&#039;Este"},"image":{"@id":"https:\/\/aevaledeste.pt\/site\/#\/schema\/logo\/image\/"}}]}},"_links":{"self":[{"href":"https:\/\/aevaledeste.pt\/site\/en\/wp-json\/wp\/v2\/pages\/6762","targetHints":{"allow":["GET"]}}],"collection":[{"href":"https:\/\/aevaledeste.pt\/site\/en\/wp-json\/wp\/v2\/pages"}],"about":[{"href":"https:\/\/aevaledeste.pt\/site\/en\/wp-json\/wp\/v2\/types\/page"}],"author":[{"embeddable":true,"href":"https:\/\/aevaledeste.pt\/site\/en\/wp-json\/wp\/v2\/users\/5"}],"replies":[{"embeddable":true,"href":"https:\/\/aevaledeste.pt\/site\/en\/wp-json\/wp\/v2\/comments?post=6762"}],"version-history":[{"count":33,"href":"https:\/\/aevaledeste.pt\/site\/en\/wp-json\/wp\/v2\/pages\/6762\/revisions"}],"predecessor-version":[{"id":7319,"href":"https:\/\/aevaledeste.pt\/site\/en\/wp-json\/wp\/v2\/pages\/6762\/revisions\/7319"}],"wp:attachment":[{"href":"https:\/\/aevaledeste.pt\/site\/en\/wp-json\/wp\/v2\/media?parent=6762"}],"curies":[{"name":"wp","href":"https:\/\/api.w.org\/{rel}","templated":true}]}}