{"id":3142,"date":"2023-09-04T21:35:37","date_gmt":"2023-09-04T21:35:37","guid":{"rendered":"https:\/\/aevaledeste.pt\/site\/?page_id=3142"},"modified":"2026-03-12T12:59:53","modified_gmt":"2026-03-12T12:59:53","slug":"concurso-pessoal-docente","status":"publish","type":"page","link":"https:\/\/aevaledeste.pt\/site\/en\/concurso-pessoal-docente\/","title":{"rendered":"Concurso Pessoal Docente"},"content":{"rendered":"<div data-elementor-type=\"wp-page\" data-elementor-id=\"3142\" class=\"elementor elementor-3142\">\n\t\t\t\t\t\t<section class=\"elementor-section elementor-top-section elementor-element elementor-element-bba6afb elementor-section-boxed elementor-section-height-default elementor-section-height-default\" data-id=\"bba6afb\" data-element_type=\"section\">\n\t\t\t\t\t\t<div class=\"elementor-container elementor-column-gap-default\">\n\t\t\t\t\t<div class=\"elementor-column elementor-col-100 elementor-top-column elementor-element elementor-element-7de5ea0\" data-id=\"7de5ea0\" data-element_type=\"column\">\n\t\t\t<div class=\"elementor-widget-wrap elementor-element-populated\">\n\t\t\t\t\t\t<div class=\"elementor-element elementor-element-408fb9c elementor-widget elementor-widget-text-editor\" data-id=\"408fb9c\" data-element_type=\"widget\" data-widget_type=\"text-editor.default\">\n\t\t\t\t<div class=\"elementor-widget-container\">\n\t\t\t\t\t\t\t<p><!-- wp:paragraph --><\/p>\n<blockquote>\n<h4>CONCURSO PESSOAL DOCENTE<\/h4>\n<\/blockquote>\n<p><!-- \/wp:quote --><\/p>\n<p><!-- wp:paragraph --><\/p>\n<p><!-- \/wp:paragraph --><\/p>\t\t\t\t\t\t<\/div>\n\t\t\t\t<\/div>\n\t\t\t\t<div class=\"elementor-element elementor-element-e5cfef4 elementor-widget elementor-widget-text-editor\" data-id=\"e5cfef4\" data-element_type=\"widget\" data-widget_type=\"text-editor.default\">\n\t\t\t\t<div class=\"elementor-widget-container\">\n\t\t\t\t\t\t\t<blockquote>\n<h4>ANO LETIVO 2025-2026<\/h4>\n<\/blockquote>\n<p><!-- \/wp:quote --><\/p>\n<p><!-- wp:paragraph --><\/p>\n<p><!-- \/wp:paragraph --><\/p>\t\t\t\t\t\t<\/div>\n\t\t\t\t<\/div>\n\t\t\t\t<div class=\"elementor-element elementor-element-bc9066f elementor-widget elementor-widget-text-editor\" data-id=\"bc9066f\" data-element_type=\"widget\" data-widget_type=\"text-editor.default\">\n\t\t\t\t<div class=\"elementor-widget-container\">\n\t\t\t\t\t\t\t<ul>\n<li><strong>Aviso n.\u00ba11\/2026 &#8211; Contrata\u00e7\u00e3o de Escola &#8211; Grupo 910<\/strong><span style=\"letter-spacing: 0.1px;\"><strong>. Dispon\u00edvel<\/strong> <a href=\"https:\/\/aevaledeste.pt\/site\/wp-content\/uploads\/2026\/03\/Aviso_Grupo_910_2025_2026_2o_concurso.pdf\" target=\"_blank\" rel=\"noopener\"><strong>aqui.<\/strong><\/a><\/span><\/li>\n<li><strong>Aviso n.\u00ba8\/2026 &#8211; Contrata\u00e7\u00e3o de Escola &#8211; Grupo 910<\/strong><span style=\"letter-spacing: 0.1px;\"><strong>. Dispon\u00edvel<\/strong> <a href=\"https:\/\/aevaledeste.pt\/site\/wp-content\/uploads\/2026\/03\/Aviso_08_2026_Grupo_920.pdf\" target=\"_blank\" rel=\"noopener\"><strong>aqui.<\/strong><\/a><\/span><\/li>\n<li>Lista ordenada. Consulte <a href=\"https:\/\/aevaledeste.pt\/site\/wp-content\/uploads\/2026\/01\/Lista_Final_Graduacao_290_EMRC.pdf\" target=\"_blank\" rel=\"noopener\">aqui<\/a>.<\/li>\n<li><strong>Aviso n.\u00ba2\/2026 &#8211; Contrata\u00e7\u00e3o de Escola &#8211; Grupo 290<\/strong><span style=\"letter-spacing: 0.1px;\"><strong>. Dispon\u00edvel<\/strong> <a href=\"https:\/\/aevaledeste.pt\/site\/wp-content\/uploads\/2026\/01\/Aviso_02_2026.pdf\" target=\"_blank\" rel=\"noopener\"><strong>aqui.<\/strong><\/a><\/span><\/li>\n<li><strong>Lista Ordenada. Dispon\u00edvel <a href=\"https:\/\/aevaledeste.pt\/site\/wp-content\/uploads\/2025\/12\/Lista_Final_Ordenada_Grupo_290.pdf\" target=\"_blank\" rel=\"noopener\">aqui.<\/a><\/strong><\/li>\n<li><strong>Aviso n.\u00ba56\/2025 &#8211; Contrata\u00e7\u00e3o de Escola &#8211; Grupo 290<\/strong><span style=\"letter-spacing: 0.1px;\"><strong>. Dispon\u00edvel<\/strong> <a href=\"https:\/\/aevaledeste.pt\/site\/wp-content\/uploads\/2025\/12\/Aviso_56_2025_GR290.pdf\" target=\"_blank\" rel=\"noopener\"><strong>aqui.<\/strong><\/a><\/span><\/li>\n<\/ul>\n<hr \/>\n<ul>\n<li style=\"list-style-type: none;\">\n<ul>\n<li>Lista ordenada. Consulte <a href=\"https:\/\/aevaledeste.pt\/site\/wp-content\/uploads\/2025\/09\/Lista_Final_Ordenada_Grupo_550.pdf\" target=\"_blank\" rel=\"noopener\">aqui.<\/a><\/li>\n<li><strong>AVISO N.\u00ba40\/2025 &#8211; Contrata\u00e7\u00e3o de Escola &#8211; Grupo 550<\/strong>. Dispon\u00edvel <a href=\"https:\/\/aevaledeste.pt\/site\/wp-content\/uploads\/2025\/09\/Aviso_Grupo_550_2025_2026.pdf\" target=\"_blank\" rel=\"noopener\">aqui.<\/a><\/li>\n<\/ul>\n<\/li>\n<\/ul>\n<hr \/>\n<ul>\n<li><strong>Lista final ordenada.<\/strong> Dispon\u00edvel <a href=\"https:\/\/aevaledeste.pt\/site\/wp-content\/uploads\/2025\/10\/Lista_Final_Ordenada-1.pdf\" target=\"_blank\" rel=\"noopener\">aqui.<\/a><\/li>\n<li><strong>Convocat\u00f3ria para a entrevista.<\/strong>\u00a0Dispon\u00edvel\u00a0<a href=\"https:\/\/aevaledeste.pt\/site\/wp-content\/uploads\/2025\/09\/Convocatoria_Entrevista.pdf\" target=\"_blank\" rel=\"noopener\">aqui<\/a>.<\/li>\n<li><strong>Lista ordenada de candidatos admitidos.<\/strong>\u00a0Dispon\u00edvel\u00a0<a href=\"https:\/\/aevaledeste.pt\/site\/wp-content\/uploads\/2025\/09\/Lista_Ordenada_Candidaturas_Admitidas.pdf\" target=\"_blank\" rel=\"noopener\">aqui.<\/a><\/li>\n<li><strong>Lista de Exclu\u00eddos.\u00a0<\/strong>Dispon\u00edvel\u00a0<a href=\"https:\/\/aevaledeste.pt\/site\/wp-content\/uploads\/2025\/09\/Lista_Excluidos_Concurso.pdf\" target=\"_blank\" rel=\"noopener\">aqui<\/a><strong><a href=\"https:\/\/aevaledeste.pt\/site\/wp-content\/uploads\/2025\/09\/Lista_Excluidos_Concurso.pdf\">.<\/a><\/strong><\/li>\n<li><strong style=\"letter-spacing: 0.1px;\">AVISO N.\u00ba 38\/2025 \u2013 Contrata\u00e7\u00e3o de Escola &#8211; T\u00e9cnico Especializado<\/strong><span style=\"letter-spacing: 0.1px;\">. Curso Profissional de T\u00e9cnico de Turismo. Dispon\u00edvel <\/span><a href=\"https:\/\/aevaledeste.pt\/site\/wp-content\/uploads\/2025\/09\/Aviso_Criterios_Selecao_Tec_Turismo_2025_2026.pdf\" target=\"_blank\" rel=\"noopener\">aqui<\/a>.<\/li>\n<li>Procedimento Concursal dispon\u00edvel <a href=\"https:\/\/aevaledeste.pt\/site\/wp-content\/uploads\/2025\/09\/Procedimento_concursal_2025_2026.pdf\" target=\"_blank\" rel=\"noopener\">aqui.<\/a><\/li>\n<\/ul>\t\t\t\t\t\t<\/div>\n\t\t\t\t<\/div>\n\t\t\t\t<div class=\"elementor-element elementor-element-55fda4e elementor-widget elementor-widget-text-editor\" data-id=\"55fda4e\" data-element_type=\"widget\" data-widget_type=\"text-editor.default\">\n\t\t\t\t<div class=\"elementor-widget-container\">\n\t\t\t\t\t\t\t<blockquote>\n<h4>ANO LETIVO 2024-2025<\/h4>\n<\/blockquote>\n<p><!-- \/wp:quote --><\/p>\n<p><!-- wp:paragraph --><\/p>\n<p><!-- \/wp:paragraph --><\/p>\t\t\t\t\t\t<\/div>\n\t\t\t\t<\/div>\n\t\t\t\t<div class=\"elementor-element elementor-element-61b0aef elementor-widget elementor-widget-text-editor\" data-id=\"61b0aef\" data-element_type=\"widget\" data-widget_type=\"text-editor.default\">\n\t\t\t\t<div class=\"elementor-widget-container\">\n\t\t\t\t\t\t\t<hr \/>\n<ul>\n<li>Lista ordenada. Consulte <a href=\"https:\/\/aevaledeste.pt\/site\/wp-content\/uploads\/2025\/05\/Lista_Final_Ordenada_Grupo_240.pdf\" target=\"_blank\" rel=\"noopener\">aqui<\/a>.<\/li>\n<li><a href=\"https:\/\/aevaledeste.pt\/site\/wp-content\/uploads\/2025\/05\/Aviso_26_Abertura_concurso_240.pdf\" target=\"_blank\" rel=\"noopener\">AVISO N.\u00ba 26\/2025 \u2013 Contrata\u00e7\u00e3o de Escola &#8211; Grupo 240<\/a><span style=\"letter-spacing: 0.1px;\">.\u00a0<\/span><\/li>\n<\/ul>\n<hr \/>\n<ul>\n<li>Lista ordenada. Consulte\u00a0<a href=\"https:\/\/aevaledeste.pt\/site\/wp-content\/uploads\/2025\/04\/Lista_Final_Ordenada_Grupo_320.pdf\" target=\"_blank\" rel=\"noopener\">aqui.<\/a><\/li>\n<li><a href=\"https:\/\/aevaledeste.pt\/site\/wp-content\/uploads\/2025\/04\/Aviso_14_2025_grupo_320.pdf\" target=\"_blank\" rel=\"noopener\">Aviso n.\u00ba 14\/2025 \u2013 Abertura do Concurso &#8211; Grupo 320<\/a><\/li>\n<\/ul>\n<hr \/>\n<ul>\n<li>Lista Ordenada. Consulte <a href=\"https:\/\/aevaledeste.pt\/site\/wp-content\/uploads\/2025\/03\/Lista_Final_Ordenada_Grupo_910.pdf\" target=\"_blank\" rel=\"noopener\">aqui.<\/a><\/li>\n<li><a href=\"https:\/\/aevaledeste.pt\/site\/wp-content\/uploads\/2025\/03\/Aviso_concurso_grupo_910.pdf\" target=\"_blank\" rel=\"noopener\">Aviso n.\u00ba 12\/2025 \u2013 Abertura do Concurso &#8211; Grupo 910<\/a><\/li>\n<\/ul>\n<hr \/>\n<ul>\n<li>Lista Ordenada. Consulte <a href=\"https:\/\/aevaledeste.pt\/site\/wp-content\/uploads\/2025\/02\/Lista_Final_ordenada_grupo_300.pdf\" target=\"_blank\" rel=\"noopener\">aqui.<\/a><\/li>\n<li><a href=\"https:\/\/aevaledeste.pt\/site\/wp-content\/uploads\/2025\/02\/Aviso_07_2025_Grupo_300.pdf\" target=\"_blank\" rel=\"noopener\">Aviso n.\u00ba 07\/2025 \u2013 Abertura do Concurso &#8211; Grupo 300<\/a><\/li>\n<\/ul>\n<hr \/>\n<ul>\n<li><a href=\"https:\/\/aevaledeste.pt\/site\/wp-content\/uploads\/2024\/11\/Concurso_Oferta_Escola_Grupo_400_Historia.pdf\" target=\"_blank\" rel=\"noopener\">Lista Ordenada &#8211; Grupo 400<\/a><\/li>\n<\/ul>\n<hr \/>\n<ul>\n<li><a href=\"https:\/\/aevaledeste.pt\/site\/wp-content\/uploads\/2024\/11\/Concruso_Oferta_Escola_Grupo_420_Geografia.pdf\" target=\"_blank\" rel=\"noopener\">Lista Ordenada &#8211; Grupo 420<\/a><\/li>\n<\/ul>\n<hr \/>\n<ul>\n<li>Lista final ordenada. Consulte <a href=\"https:\/\/aevaledeste.pt\/site\/wp-content\/uploads\/2024\/09\/Lista-Final-Ordenada_TOT.pdf\" target=\"_blank\" rel=\"noopener\">aqui.<\/a><\/li>\n<li>Convocat\u00f3ria para entrevista. Consulte <a href=\"https:\/\/aevaledeste.pt\/site\/wp-content\/uploads\/2024\/09\/Convocatoria_entrevista.pdf\" target=\"_blank\" rel=\"noopener\">aqui<\/a>.<\/li>\n<li>Lista ordenada de candidaturas. Consulte <a href=\"https:\/\/aevaledeste.pt\/site\/wp-content\/uploads\/2024\/09\/Lista_ordenada_candidaturas_TOT_2024_2025.pdf\" target=\"_blank\" rel=\"noopener\">aqui.<\/a><\/li>\n<li>Lista de exclu\u00eddos. Consulte <a href=\"https:\/\/aevaledeste.pt\/site\/wp-content\/uploads\/2024\/09\/Lista_Excluidos_TOT_2024_2025.pdf\" target=\"_blank\" rel=\"noopener\">aqui<\/a>.<\/li>\n<li><a href=\"https:\/\/aevaledeste.pt\/site\/wp-content\/uploads\/2024\/09\/Procedimento-Concursal.pdf\" target=\"_blank\" rel=\"noopener\">Procedimento Concursal &#8211; Publicita\u00e7\u00e3o da Oferta de Contrata\u00e7\u00e3o de Escola (T\u00e9cnico Especializado) &#8211; 2024\/2025<\/a><\/li>\n<li><a href=\"https:\/\/aevaledeste.pt\/site\/wp-content\/uploads\/2024\/09\/Aviso_Concurso_TOT.pdf\" target=\"_blank\" rel=\"noopener\">Aviso N.\u00ba 27\/2024 &#8211; Abertura de Concurso (Contrata\u00e7\u00e3o de Escola &#8211; T\u00e9cnico Especializado &#8211; Curso Profissional de T\u00e9cnico de Opera\u00e7\u00f5es Tur\u00edsticas) &#8211; 2024\/2025<\/a><\/li>\n<\/ul>\t\t\t\t\t\t<\/div>\n\t\t\t\t<\/div>\n\t\t\t\t<div class=\"elementor-element elementor-element-dd0c926 elementor-widget elementor-widget-text-editor\" data-id=\"dd0c926\" data-element_type=\"widget\" data-widget_type=\"text-editor.default\">\n\t\t\t\t<div class=\"elementor-widget-container\">\n\t\t\t\t\t\t\t<blockquote>\n<h4>ANO LETIVO 2023-2024<\/h4>\n<\/blockquote>\n<p><!-- \/wp:quote --><\/p>\n<p><!-- wp:paragraph --><\/p>\n<hr \/>\n<ul>\n<li><a href=\"https:\/\/aevaledeste.pt\/site\/wp-content\/uploads\/2024\/06\/Lista_Final-Ordenada_grupo_110.pdf\" target=\"_blank\" rel=\"noopener\">Lista Ordenada<\/a><\/li>\n<li><a href=\"https:\/\/aevaledeste.pt\/site\/wp-content\/uploads\/2024\/06\/Aviso_21_2024_conc_1o_Ciclo.pdf\" target=\"_blank\" rel=\"noopener\">Aviso n.\u00ba 21\/2024 \u2013 Abertura do Concurso (Grupo 110) \u2013 2023\/2024<\/a><\/li>\n<\/ul>\n<hr \/>\n<ul>\n<li><a href=\"https:\/\/aevaledeste.pt\/site\/wp-content\/uploads\/2024\/05\/Aviso_18_2024_Concurso_Grupo_220.pdf\" target=\"_blank\" rel=\"noopener\">Aviso n.\u00ba 18\/2024 \u2013 Abertura do Concurso (Grupo 220) \u2013 2023\/2024<\/a><\/li>\n<\/ul>\n<hr \/>\n<ul>\n<li><a href=\"https:\/\/aevaledeste.pt\/site\/wp-content\/uploads\/2024\/05\/Lista_Final_Ordenada_910.pdf\" target=\"_blank\" rel=\"noopener\">Lista Ordenada<\/a><\/li>\n<li><a href=\"https:\/\/aevaledeste.pt\/site\/wp-content\/uploads\/2024\/05\/Aviso_16_2024_conc_910.pdf\" target=\"_blank\" rel=\"noopener\">Aviso n.\u00ba 16\/2024 \u2013 Abertura do Concurso (Grupo 910) \u2013 2023\/2024<\/a><\/li>\n<\/ul>\n<hr \/>\n<ul>\n<li><a href=\"https:\/\/aevaledeste.pt\/site\/wp-content\/uploads\/2024\/04\/Lista_Final_Ordenada.pdf\" target=\"_blank\" rel=\"noopener\">Lista Ordenada &#8211; Grupo 240<\/a><\/li>\n<li><a href=\"https:\/\/aevaledeste.pt\/site\/wp-content\/uploads\/2024\/04\/Aviso_09_2024_grupo_240.pdf\" target=\"_blank\" rel=\"noopener\">Aviso n.\u00ba 09\/2024 \u2013 Abertura do Concurso (Grupo 240) \u2013 2023\/2024<\/a><\/li>\n<\/ul>\n<hr \/>\n<ul>\n<li><a href=\"https:\/\/aevaledeste.pt\/site\/wp-content\/uploads\/2024\/03\/Ord.grupo420.pdf\" target=\"_blank\" rel=\"noopener\">Lista Ordenada &#8211; Grupo 420<\/a><\/li>\n<li><a href=\"https:\/\/aevaledeste.pt\/site\/wp-content\/uploads\/2024\/03\/Aviso_08_2024_Grupo_420.pdf\" target=\"_blank\" rel=\"noopener\">Aviso de Abertura n.\u00ba8\/2024 &#8211; Abertura do Concurso (Grupo 420) &#8211; 2023\/2024<\/a><\/li>\n<\/ul>\n<hr \/>\n<ul>\n<li><a href=\"https:\/\/aevaledeste.pt\/site\/wp-content\/uploads\/2023\/10\/Lista_Final_Ordenda_Grupo_600.pdf\" target=\"_blank\" rel=\"noopener\">Lista Ordenada &#8211; Grupo 600<\/a><\/li>\n<li><a href=\"https:\/\/aevaledeste.pt\/site\/wp-content\/uploads\/2023\/09\/Aviso_29_2023_Cont_Escola_600.pdf\" target=\"_blank\" rel=\"noopener\">Aviso de Abertura n.\u00ba29\/2023 &#8211; Contrata\u00e7\u00e3o de Escola &#8211; Grupo 600<\/a><\/li>\n<\/ul>\n<hr \/>\n<ul>\n<li><a href=\"https:\/\/aevaledeste.pt\/site\/wp-content\/uploads\/2023\/09\/Lista_Final_Ordenada_20_09.pdf\" target=\"_blank\" rel=\"noopener\">Lista Final Ordenada<\/a><\/li>\n<li><a href=\"https:\/\/aevaledeste.pt\/site\/wp-content\/uploads\/2023\/09\/Convocatoria_entrevista.pdf\">Convocat\u00f3ria Entrevista <\/a><\/li>\n<li><a href=\"https:\/\/aevaledeste.pt\/site\/wp-content\/uploads\/2023\/09\/Lista_ordenada_Cand_admitidas.pdf\">Lista Ordenada das Candidaturas Admitidas <\/a><\/li>\n<li><a href=\"https:\/\/aevaledeste.pt\/site\/wp-content\/uploads\/2023\/09\/Lista_excluidos.pdf\">Lista de Candidatos Exclu\u00eddos <\/a><\/li>\n<li>\n<p><a href=\"https:\/\/aevaledeste.pt\/site\/wp-content\/uploads\/2023\/09\/Aviso_Abertura_concurso_OpTur_23_24.pdf\">Aviso de Abertura n.\u00ba27\/2023 &#8211; Contrata\u00e7\u00e3o de Escola &#8211; Curso Profissional T\u00e9cnico de Opera\u00e7\u00f5es Tur\u00edsticas<\/a><\/p>\n<\/li>\n<li><a href=\"https:\/\/aevaledeste.pt\/site\/wp-content\/uploads\/2023\/09\/Procedimento_concursal_Op_Tur_23_24.pdf\">Procedimento Concursal<\/a><\/li>\n<\/ul>\n<p><!-- \/wp:quote --><\/p>\n<p><!-- wp:paragraph --><\/p>\n<p><!-- \/wp:paragraph --><\/p>\t\t\t\t\t\t<\/div>\n\t\t\t\t<\/div>\n\t\t\t\t<div class=\"elementor-element elementor-element-a2ed1e1 elementor-widget elementor-widget-text-editor\" data-id=\"a2ed1e1\" data-element_type=\"widget\" data-widget_type=\"text-editor.default\">\n\t\t\t\t<div class=\"elementor-widget-container\">\n\t\t\t\t\t\t\t<p><!-- wp:paragraph --><\/p>\n<blockquote>\n<h4>CONCURSO PESSOAL DOCENTE &#8211; Anos anteriores<\/h4>\n<\/blockquote>\n<p><!-- \/wp:quote --><\/p>\n<p><!-- wp:paragraph --><\/p>\n<p><span style=\"font-family: var( --e-global-typography-secondary-font-family ), Sans-serif; letter-spacing: 0.1px;\"><b>Anos Anteriores:\u00a0<\/b><\/span><\/p>\n<ul>\n<li><a href=\"https:\/\/aevaledeste.pt\/site\/wp-content\/uploads\/2023\/09\/Aviso_32_2022_Tecnico_Operacoes_Turisticas.pdf\">Aviso de Abertura N\u00ba32\/2022 Contrata\u00e7\u00e3o de Escola &#8211; Curso Profissional T\u00e9cnico de opera\u00e7\u00f5es Tur\u00edsticas<\/a><\/li>\n<li>\n<p><a href=\"https:\/\/aevaledeste.pt\/site\/wp-content\/uploads\/2023\/09\/Procedimento_Concursal_Tecnico_Especializado.pdf\">Procedimento Concursal Curso Profissional de T\u00e9cnico de Opera\u00e7\u00f5es Tur\u00edsticas<\/a><\/p>\n<\/li>\n<\/ul>\n<ul>\n<li>\n<p><a href=\"https:\/\/aevaledeste.pt\/site\/wp-content\/uploads\/2023\/09\/Lista_Ordenada_Candidaturas_Admitidas.pdf\">Lista Ordenada das Candidaturas Admitidas<\/a><\/p>\n<\/li>\n<\/ul>\n<ul>\n<li>\n<p><a href=\"https:\/\/aevaledeste.pt\/site\/wp-content\/uploads\/2023\/09\/Lista_Excluidos.pdf\">Lista Candidatos Exclu\u00eddos<\/a><\/p>\n<\/li>\n<\/ul>\n<ul>\n<li>\n<p><a href=\"https:\/\/aevaledeste.pt\/site\/wp-content\/uploads\/2023\/09\/Convocatoria_Entrevista.pdf\">Convocat\u00f3ria Entrevista<\/a><\/p>\n<\/li>\n<\/ul>\n<ul>\n<li>\n<p><a href=\"https:\/\/aevaledeste.pt\/site\/wp-content\/uploads\/2023\/09\/Lista_Final_Ordenada.pdf\">Lista Final Ordenada<\/a><\/p>\n<\/li>\n<\/ul>\n<ul>\n<li>\n<p><a href=\"https:\/\/aevaledeste.pt\/site\/wp-content\/uploads\/2023\/09\/Aviso_15_Grupo_600.pdf\">Concurso Oferta de Escola &#8211; Grupo de Recrutamento 600 &#8211; AVISO DE ABERTURA<\/a><\/p>\n<\/li>\n<\/ul>\n<p><!-- \/wp:quote --><\/p>\n<p><!-- wp:paragraph --><\/p>\n<p><!-- \/wp:paragraph --><\/p>\t\t\t\t\t\t<\/div>\n\t\t\t\t<\/div>\n\t\t\t\t\t<\/div>\n\t\t<\/div>\n\t\t\t\t\t<\/div>\n\t\t<\/section>\n\t\t\t\t<section class=\"elementor-section elementor-top-section elementor-element elementor-element-b998e22 elementor-section-boxed elementor-section-height-default elementor-section-height-default\" data-id=\"b998e22\" data-element_type=\"section\">\n\t\t\t\t\t\t<div class=\"elementor-container elementor-column-gap-default\">\n\t\t\t\t\t<div class=\"elementor-column elementor-col-100 elementor-top-column elementor-element elementor-element-030c8c9\" data-id=\"030c8c9\" data-element_type=\"column\">\n\t\t\t<div class=\"elementor-widget-wrap elementor-element-populated\">\n\t\t\t\t\t\t\t<\/div>\n\t\t<\/div>\n\t\t\t\t\t<\/div>\n\t\t<\/section>\n\t\t\t\t<\/div>","protected":false},"excerpt":{"rendered":"<p>CONCURSO PESSOAL DOCENTE ANO LETIVO 2025-2026 Aviso n.\u00ba11\/2026 &#8211; Contrata\u00e7\u00e3o de Escola &#8211; Grupo 910. Dispon\u00edvel aqui. Aviso n.\u00ba8\/2026 &#8211; Contrata\u00e7\u00e3o de Escola &#8211; Grupo 910. Dispon\u00edvel aqui. Lista ordenada. Consulte aqui. Aviso n.\u00ba2\/2026 &#8211; Contrata\u00e7\u00e3o de Escola &#8211; Grupo 290. Dispon\u00edvel aqui. Lista Ordenada.&nbsp;<a href=\"https:\/\/aevaledeste.pt\/site\/en\/concurso-pessoal-docente\/\">&hellip;<\/a><\/p>","protected":false},"author":5,"featured_media":0,"parent":0,"menu_order":0,"comment_status":"closed","ping_status":"closed","template":"","meta":{"footnotes":""},"class_list":["post-3142","page","type-page","status-publish","hentry","odd"],"yoast_head":"<!-- This site is optimized with the Yoast SEO plugin v23.7 - https:\/\/yoast.com\/wordpress\/plugins\/seo\/ -->\n<title>Concurso Pessoal Docente - Agrupamento de Escolas de Vale D&#039;Este<\/title>\n<meta name=\"robots\" content=\"index, follow, max-snippet:-1, max-image-preview:large, max-video-preview:-1\" \/>\n<link rel=\"canonical\" href=\"https:\/\/aevaledeste.pt\/site\/en\/concurso-pessoal-docente\/\" \/>\n<meta property=\"og:locale\" content=\"en_US\" \/>\n<meta property=\"og:type\" content=\"article\" \/>\n<meta property=\"og:title\" content=\"Concurso Pessoal Docente - Agrupamento de Escolas de Vale D&#039;Este\" \/>\n<meta property=\"og:description\" content=\"CONCURSO PESSOAL DOCENTE ANO LETIVO 2025-2026 Aviso n.\u00ba11\/2026 &#8211; Contrata\u00e7\u00e3o de Escola &#8211; Grupo 910. Dispon\u00edvel aqui. Aviso n.\u00ba8\/2026 &#8211; Contrata\u00e7\u00e3o de Escola &#8211; Grupo 910. Dispon\u00edvel aqui. Lista ordenada. Consulte aqui. Aviso n.\u00ba2\/2026 &#8211; Contrata\u00e7\u00e3o de Escola &#8211; Grupo 290. Dispon\u00edvel aqui. Lista Ordenada.&nbsp;&hellip;\" \/>\n<meta property=\"og:url\" content=\"https:\/\/aevaledeste.pt\/site\/en\/concurso-pessoal-docente\/\" \/>\n<meta property=\"og:site_name\" content=\"Agrupamento de Escolas de Vale D&#039;Este\" \/>\n<meta property=\"article:modified_time\" content=\"2026-03-12T12:59:53+00:00\" \/>\n<meta name=\"twitter:card\" content=\"summary_large_image\" \/>\n<meta name=\"twitter:label1\" content=\"Est. reading time\" \/>\n\t<meta name=\"twitter:data1\" content=\"2 minutes\" \/>\n<script type=\"application\/ld+json\" class=\"yoast-schema-graph\">{\"@context\":\"https:\/\/schema.org\",\"@graph\":[{\"@type\":\"WebPage\",\"@id\":\"https:\/\/aevaledeste.pt\/site\/concurso-pessoal-docente\/\",\"url\":\"https:\/\/aevaledeste.pt\/site\/concurso-pessoal-docente\/\",\"name\":\"Concurso Pessoal Docente - Agrupamento de Escolas de Vale D&#039;Este\",\"isPartOf\":{\"@id\":\"https:\/\/aevaledeste.pt\/site\/#website\"},\"datePublished\":\"2023-09-04T21:35:37+00:00\",\"dateModified\":\"2026-03-12T12:59:53+00:00\",\"breadcrumb\":{\"@id\":\"https:\/\/aevaledeste.pt\/site\/concurso-pessoal-docente\/#breadcrumb\"},\"inLanguage\":\"en-US\",\"potentialAction\":[{\"@type\":\"ReadAction\",\"target\":[\"https:\/\/aevaledeste.pt\/site\/concurso-pessoal-docente\/\"]}]},{\"@type\":\"BreadcrumbList\",\"@id\":\"https:\/\/aevaledeste.pt\/site\/concurso-pessoal-docente\/#breadcrumb\",\"itemListElement\":[{\"@type\":\"ListItem\",\"position\":1,\"name\":\"In\u00edcio\",\"item\":\"https:\/\/aevaledeste.pt\/site\/\"},{\"@type\":\"ListItem\",\"position\":2,\"name\":\"Concurso Pessoal Docente\"}]},{\"@type\":\"WebSite\",\"@id\":\"https:\/\/aevaledeste.pt\/site\/#website\",\"url\":\"https:\/\/aevaledeste.pt\/site\/\",\"name\":\"Agrupamento de Escolas de Vale D&#039;Este\",\"description\":\"Faz a tua escolha!\",\"publisher\":{\"@id\":\"https:\/\/aevaledeste.pt\/site\/#organization\"},\"potentialAction\":[{\"@type\":\"SearchAction\",\"target\":{\"@type\":\"EntryPoint\",\"urlTemplate\":\"https:\/\/aevaledeste.pt\/site\/?s={search_term_string}\"},\"query-input\":{\"@type\":\"PropertyValueSpecification\",\"valueRequired\":true,\"valueName\":\"search_term_string\"}}],\"inLanguage\":\"en-US\"},{\"@type\":\"Organization\",\"@id\":\"https:\/\/aevaledeste.pt\/site\/#organization\",\"name\":\"Agrupamento de Escolas de Vale D&#039;Este\",\"url\":\"https:\/\/aevaledeste.pt\/site\/\",\"logo\":{\"@type\":\"ImageObject\",\"inLanguage\":\"en-US\",\"@id\":\"https:\/\/aevaledeste.pt\/site\/#\/schema\/logo\/image\/\",\"url\":\"https:\/\/aevaledeste.pt\/site\/wp-content\/uploads\/2022\/09\/1-e1664446422139.png\",\"contentUrl\":\"https:\/\/aevaledeste.pt\/site\/wp-content\/uploads\/2022\/09\/1-e1664446422139.png\",\"width\":600,\"height\":78,\"caption\":\"Agrupamento de Escolas de Vale D&#039;Este\"},\"image\":{\"@id\":\"https:\/\/aevaledeste.pt\/site\/#\/schema\/logo\/image\/\"}}]}<\/script>\n<!-- \/ Yoast SEO plugin. -->","yoast_head_json":{"title":"Concurso Pessoal Docente - Agrupamento de Escolas de Vale D&#039;Este","robots":{"index":"index","follow":"follow","max-snippet":"max-snippet:-1","max-image-preview":"max-image-preview:large","max-video-preview":"max-video-preview:-1"},"canonical":"https:\/\/aevaledeste.pt\/site\/en\/concurso-pessoal-docente\/","og_locale":"en_US","og_type":"article","og_title":"Concurso Pessoal Docente - Agrupamento de Escolas de Vale D&#039;Este","og_description":"CONCURSO PESSOAL DOCENTE ANO LETIVO 2025-2026 Aviso n.\u00ba11\/2026 &#8211; Contrata\u00e7\u00e3o de Escola &#8211; Grupo 910. Dispon\u00edvel aqui. Aviso n.\u00ba8\/2026 &#8211; Contrata\u00e7\u00e3o de Escola &#8211; Grupo 910. Dispon\u00edvel aqui. Lista ordenada. Consulte aqui. Aviso n.\u00ba2\/2026 &#8211; Contrata\u00e7\u00e3o de Escola &#8211; Grupo 290. Dispon\u00edvel aqui. Lista Ordenada.&nbsp;&hellip;","og_url":"https:\/\/aevaledeste.pt\/site\/en\/concurso-pessoal-docente\/","og_site_name":"Agrupamento de Escolas de Vale D&#039;Este","article_modified_time":"2026-03-12T12:59:53+00:00","twitter_card":"summary_large_image","twitter_misc":{"Est. reading time":"2 minutes"},"schema":{"@context":"https:\/\/schema.org","@graph":[{"@type":"WebPage","@id":"https:\/\/aevaledeste.pt\/site\/concurso-pessoal-docente\/","url":"https:\/\/aevaledeste.pt\/site\/concurso-pessoal-docente\/","name":"Concurso Pessoal Docente - Agrupamento de Escolas de Vale D&#039;Este","isPartOf":{"@id":"https:\/\/aevaledeste.pt\/site\/#website"},"datePublished":"2023-09-04T21:35:37+00:00","dateModified":"2026-03-12T12:59:53+00:00","breadcrumb":{"@id":"https:\/\/aevaledeste.pt\/site\/concurso-pessoal-docente\/#breadcrumb"},"inLanguage":"en-US","potentialAction":[{"@type":"ReadAction","target":["https:\/\/aevaledeste.pt\/site\/concurso-pessoal-docente\/"]}]},{"@type":"BreadcrumbList","@id":"https:\/\/aevaledeste.pt\/site\/concurso-pessoal-docente\/#breadcrumb","itemListElement":[{"@type":"ListItem","position":1,"name":"In\u00edcio","item":"https:\/\/aevaledeste.pt\/site\/"},{"@type":"ListItem","position":2,"name":"Concurso Pessoal Docente"}]},{"@type":"WebSite","@id":"https:\/\/aevaledeste.pt\/site\/#website","url":"https:\/\/aevaledeste.pt\/site\/","name":"Agrupamento de Escolas de Vale D&#039;Este","description":"Faz a tua escolha!","publisher":{"@id":"https:\/\/aevaledeste.pt\/site\/#organization"},"potentialAction":[{"@type":"SearchAction","target":{"@type":"EntryPoint","urlTemplate":"https:\/\/aevaledeste.pt\/site\/?s={search_term_string}"},"query-input":{"@type":"PropertyValueSpecification","valueRequired":true,"valueName":"search_term_string"}}],"inLanguage":"en-US"},{"@type":"Organization","@id":"https:\/\/aevaledeste.pt\/site\/#organization","name":"Agrupamento de Escolas de Vale D&#039;Este","url":"https:\/\/aevaledeste.pt\/site\/","logo":{"@type":"ImageObject","inLanguage":"en-US","@id":"https:\/\/aevaledeste.pt\/site\/#\/schema\/logo\/image\/","url":"https:\/\/aevaledeste.pt\/site\/wp-content\/uploads\/2022\/09\/1-e1664446422139.png","contentUrl":"https:\/\/aevaledeste.pt\/site\/wp-content\/uploads\/2022\/09\/1-e1664446422139.png","width":600,"height":78,"caption":"Agrupamento de Escolas de Vale D&#039;Este"},"image":{"@id":"https:\/\/aevaledeste.pt\/site\/#\/schema\/logo\/image\/"}}]}},"_links":{"self":[{"href":"https:\/\/aevaledeste.pt\/site\/en\/wp-json\/wp\/v2\/pages\/3142","targetHints":{"allow":["GET"]}}],"collection":[{"href":"https:\/\/aevaledeste.pt\/site\/en\/wp-json\/wp\/v2\/pages"}],"about":[{"href":"https:\/\/aevaledeste.pt\/site\/en\/wp-json\/wp\/v2\/types\/page"}],"author":[{"embeddable":true,"href":"https:\/\/aevaledeste.pt\/site\/en\/wp-json\/wp\/v2\/users\/5"}],"replies":[{"embeddable":true,"href":"https:\/\/aevaledeste.pt\/site\/en\/wp-json\/wp\/v2\/comments?post=3142"}],"version-history":[{"count":181,"href":"https:\/\/aevaledeste.pt\/site\/en\/wp-json\/wp\/v2\/pages\/3142\/revisions"}],"predecessor-version":[{"id":10108,"href":"https:\/\/aevaledeste.pt\/site\/en\/wp-json\/wp\/v2\/pages\/3142\/revisions\/10108"}],"wp:attachment":[{"href":"https:\/\/aevaledeste.pt\/site\/en\/wp-json\/wp\/v2\/media?parent=3142"}],"curies":[{"name":"wp","href":"https:\/\/api.w.org\/{rel}","templated":true}]}}