{"id":3126,"date":"2023-09-03T23:33:02","date_gmt":"2023-09-03T23:33:02","guid":{"rendered":"https:\/\/aevaledeste.pt\/site\/?page_id=3126"},"modified":"2025-10-14T11:30:35","modified_gmt":"2025-10-14T11:30:35","slug":"avaliacao-de-desempenho","status":"publish","type":"page","link":"https:\/\/aevaledeste.pt\/site\/en\/avaliacao-de-desempenho\/","title":{"rendered":"Avalia\u00e7\u00e3o de Desempenho"},"content":{"rendered":"<div data-elementor-type=\"wp-page\" data-elementor-id=\"3126\" class=\"elementor elementor-3126\">\n\t\t\t\t\t\t<section class=\"elementor-section elementor-top-section elementor-element elementor-element-23c05d2 elementor-section-boxed elementor-section-height-default elementor-section-height-default\" data-id=\"23c05d2\" data-element_type=\"section\">\n\t\t\t\t\t\t<div class=\"elementor-container elementor-column-gap-default\">\n\t\t\t\t\t<div class=\"elementor-column elementor-col-100 elementor-top-column elementor-element elementor-element-480daa2\" data-id=\"480daa2\" data-element_type=\"column\">\n\t\t\t<div class=\"elementor-widget-wrap elementor-element-populated\">\n\t\t\t\t\t\t<div class=\"elementor-element elementor-element-a2ed1e1 elementor-widget elementor-widget-text-editor\" data-id=\"a2ed1e1\" data-element_type=\"widget\" data-widget_type=\"text-editor.default\">\n\t\t\t\t<div class=\"elementor-widget-container\">\n\t\t\t\t\t\t\t<blockquote>\n<h4>AVALIA\u00c7\u00c3O DE DESEMPENHO<\/h4>\n<\/blockquote>\n<p><!-- \/wp:quote --><\/p>\n<p><!-- wp:paragraph --><\/p>\n<h5 style=\"letter-spacing: 0.1px;\"><span style=\"text-decoration-line: underline;\"><span style=\"letter-spacing: 0.1px;\">ANO LETIVO 2025-2026<\/span><\/span><\/h5>\n<p style=\"letter-spacing: 0.1px;\"><span style=\"color: #7c7c7c; font-family: 'Roboto Slab', sans-serif; font-size: 16px; font-weight: 400; letter-spacing: 0.1px;\">SADD &#8211; CP: Regimento Interno. Dispon\u00edvel <a href=\"https:\/\/aevaledeste.pt\/site\/wp-content\/uploads\/2025\/10\/Regimento-Interno_2025_2026_SADD.pdf\" target=\"_blank\" rel=\"noopener\">aqui<\/a>. <\/span><\/p>\n<div>\n<p style=\"letter-spacing: 0.1px;\"><span style=\"color: #7c7c7c; font-family: 'Roboto Slab', sans-serif; font-size: 16px; font-weight: 400; letter-spacing: 0.1px;\">Calend\u00e1rio ADD (2025\/26). Dispon\u00edvel <a href=\"https:\/\/aevaledeste.pt\/site\/wp-content\/uploads\/2025\/10\/Calendario_ADD_2025_2026.pdf\" target=\"_blank\" rel=\"noopener\">aqui.<\/a><\/span><\/p>\n<\/div>\n<h5><span style=\"text-decoration: underline;\"><span style=\"letter-spacing: 0.1px;\"><b><br><\/b><\/span><\/span><\/h5><h5><span style=\"text-decoration: underline;\"><span style=\"letter-spacing: 0.1px;\"><b>ANO LETIVO 2024-2025<\/b><\/span><\/span><\/h5>\n<p>SADD. Consulte os resultados globais da avalia\u00e7\u00e3o realizada <a href=\"https:\/\/aevaledeste.pt\/site\/wp-content\/uploads\/2025\/07\/Quadro_Resumo_ADD_2024_2025.pdf\" target=\"_blank\" rel=\"noopener\">aqui.<\/a><\/p>\n<p>SADD Extraordin\u00e1ria. Consulte os resultados globais da avalia\u00e7\u00e3o realizada <a href=\"https:\/\/aevaledeste.pt\/site\/wp-content\/uploads\/2025\/06\/ADD_Extraordinaria.pdf\" target=\"_blank\" rel=\"noopener\">aqui.<\/a><\/p>\n<h5>&nbsp;<\/h5>\n<h5><b style=\"letter-spacing: 0.1px; text-decoration-line: underline;\">ANO LETIVO 2023-2024<\/b><\/h5>\n<p>Resultados globais da avalia\u00e7\u00e3o. Consulte <a href=\"https:\/\/aevaledeste.pt\/site\/wp-content\/uploads\/2024\/08\/ADD_Pessoal-Docente_2023_2024.pdf\" target=\"_blank\" rel=\"noopener\">aqui.<\/a><\/p>\n<p><\/p>\n<h5><span style=\"text-decoration: underline;\"><span style=\"letter-spacing: 0.1px;\"><b><br><\/b><\/span><\/span><\/h5><h5><span style=\"text-decoration: underline;\"><span style=\"letter-spacing: 0.1px;\"><b>ANO LETIVO 2022-2023<\/b><\/span><\/span><\/h5>\n<p style=\"font-weight: 400;\"><span style=\"font-weight: 400;\">AVALIA\u00c7\u00c3O DO DESEMPENHO DOCENTE (ADD) \u2013 2022\/2023<\/span><\/p>\n<p style=\"font-weight: 400;\"><span style=\"font-weight: 400;\">O processo de <\/span><i><span style=\"font-weight: 400;\">Avalia\u00e7\u00e3o do Desempenho Docente<\/span><\/i><span style=\"font-weight: 400;\"> \u00e9 trabalhado pela <\/span><i><span style=\"font-weight: 400;\">Sec\u00e7\u00e3o de Avalia\u00e7\u00e3o do Desempenho Docente<\/span><\/i><span style=\"font-weight: 400;\"> (SADD) designada de entre os membros do <\/span><i><span style=\"font-weight: 400;\">Conselho Pedag\u00f3gico<\/span><\/i><span style=\"font-weight: 400;\">.<\/span><\/p>\n<p style=\"font-weight: 400;\"><span style=\"font-weight: 400;\">Todos os trabalhos realizados nesse \u00e2mbito obedecem ao conjunto de legisla\u00e7\u00e3o existente sobre a mat\u00e9ria, bem como aos procedimentos regimentais em uso na <\/span><i><span style=\"font-weight: 400;\">Organiza\u00e7\u00e3o Escolar<\/span><\/i><span style=\"font-weight: 400;\"> sobre este assunto.<\/span><\/p>\n<p style=\"font-weight: 400;\"><span style=\"font-weight: 400;\">Com vista a tornar o processo de <\/span><i><span style=\"font-weight: 400;\">Avalia\u00e7\u00e3o do Desempenho Docente <\/span><\/i><span style=\"font-weight: 400;\">transparente e para que a informa\u00e7\u00e3o sobre os trabalhos realizados chegue a todos os docentes interessados e, em especial \u00e0queles que se encontram em ano de avalia\u00e7\u00e3o, s\u00e3o apresentados em sede de <\/span><i><span style=\"font-weight: 400;\">Conselho Pedag\u00f3gico<\/span><\/i><span style=\"font-weight: 400;\">, os documentos e as d\u00e9marches subjacentes a todo o processo, com vista a serem discutidos, aprovados e divulgados aos colegas nas <\/span><i><span style=\"font-weight: 400;\">Reuni\u00f5es de Departamento Curricular<\/span><\/i><span style=\"font-weight: 400;\">.<\/span><\/p>\n<p style=\"font-weight: 400;\"><span style=\"font-weight: 400;\">Deste modo, sempre que algum professor tiver d\u00favidas sobre qualquer assunto relacionado com a sua ADD, dever\u00e1 sempre inquirir, em primeira inst\u00e2ncia, o seu <\/span><i><span style=\"font-weight: 400;\">Coordenador de Departamento Curricular<\/span><\/i><span style=\"font-weight: 400;\"> e\/ ou a <\/span><i><span style=\"font-weight: 400;\">Chefe dos Servi\u00e7os Administrativos<\/span><\/i><span style=\"font-weight: 400;\">.<\/span><\/p>\n<p style=\"font-weight: 400;\"><span style=\"font-weight: 400;\">Relembramos que as linhas orientadoras para o estabelecimento dos <\/span><i><span style=\"font-weight: 400;\">Crit\u00e9rios de Avalia\u00e7\u00e3o<\/span><\/i><span style=\"font-weight: 400;\"> da <\/span><i><span style=\"font-weight: 400;\">Avalia\u00e7\u00e3o do Desempenho Docente <\/span><\/i><span style=\"font-weight: 400;\">encontram-se plasmados nos <\/span><i><span style=\"font-weight: 400;\">Artigos 4\u00ba e 19\u00ba do Decreto Regulamentar n\u00ba26\/2012, de 21 de fevereiro <\/span><\/i><span style=\"font-weight: 400;\">e demais legisla\u00e7\u00e3o subsidi\u00e1ria.&nbsp;<\/span><\/p>\n<p style=\"font-weight: 400;\"><span style=\"font-weight: 400;\">Encontrando-se os mesmos definidos na Grelha de Registos\/ Instrumentos de Avalia\u00e7\u00e3o do desempenho docente, 2022\/2023.<\/span><\/p>\n<p style=\"font-weight: 400;\"><span style=\"font-weight: 400;\">Agrupamento de Escolas de Vale D\u00b4Este, Barcelos,<\/span><\/p>\n<p style=\"font-weight: 400;\"><span style=\"font-weight: 400;\">Escola B\u00e1sica e Secund\u00e1ria de Vale D\u00b4Este, Viatodos,<\/span><\/p>\n<p style=\"font-weight: 400;\"><span style=\"font-weight: 400;\">1\/09\/ 2022<\/span><\/p>\n<p style=\"font-weight: 400;\"><span style=\"font-weight: 400;\">O Presidente da Sec\u00e7\u00e3o de Avalia\u00e7\u00e3o do Desempenho Docente,<\/span><\/p>\n<p style=\"font-weight: 400;\"><span style=\"font-weight: 400;\">O Presidente do Conselho Pedag\u00f3gico,<\/span><\/p>\n<p style=\"font-weight: 400;\"><span style=\"font-weight: 400;\">O Diretor,<\/span><\/p>\n<p style=\"font-weight: 400;\"><i><span style=\"font-weight: 400;\">Lu\u00eds Dias Ramos<\/span><\/i><\/p>\n<p><!-- \/wp:quote --><\/p>\n<p><!-- wp:paragraph --><\/p>\n<p><!-- \/wp:paragraph --><\/p>\t\t\t\t\t\t<\/div>\n\t\t\t\t<\/div>\n\t\t\t\t\t<\/div>\n\t\t<\/div>\n\t\t\t\t\t<\/div>\n\t\t<\/section>\n\t\t\t\t<section class=\"elementor-section elementor-top-section elementor-element elementor-element-75fd7e1 elementor-section-boxed elementor-section-height-default elementor-section-height-default\" data-id=\"75fd7e1\" data-element_type=\"section\">\n\t\t\t\t\t\t<div class=\"elementor-container elementor-column-gap-default\">\n\t\t\t\t\t<div class=\"elementor-column elementor-col-100 elementor-top-column elementor-element elementor-element-4933828\" data-id=\"4933828\" data-element_type=\"column\">\n\t\t\t<div class=\"elementor-widget-wrap elementor-element-populated\">\n\t\t\t\t\t\t<div class=\"elementor-element elementor-element-51a9d45 elementor-widget-divider--view-line elementor-widget elementor-widget-divider\" data-id=\"51a9d45\" data-element_type=\"widget\" data-widget_type=\"divider.default\">\n\t\t\t\t<div class=\"elementor-widget-container\">\n\t\t\t\t\t<div class=\"elementor-divider\">\n\t\t\t<span class=\"elementor-divider-separator\">\n\t\t\t\t\t\t<\/span>\n\t\t<\/div>\n\t\t\t\t<\/div>\n\t\t\t\t<\/div>\n\t\t\t\t\t<\/div>\n\t\t<\/div>\n\t\t\t\t\t<\/div>\n\t\t<\/section>\n\t\t\t\t<section class=\"elementor-section elementor-top-section elementor-element elementor-element-582c479 elementor-section-boxed elementor-section-height-default elementor-section-height-default\" data-id=\"582c479\" data-element_type=\"section\">\n\t\t\t\t\t\t<div class=\"elementor-container elementor-column-gap-default\">\n\t\t\t\t\t<div class=\"elementor-column elementor-col-100 elementor-top-column elementor-element elementor-element-976fcdf\" data-id=\"976fcdf\" data-element_type=\"column\">\n\t\t\t<div class=\"elementor-widget-wrap elementor-element-populated\">\n\t\t\t\t\t\t<div class=\"elementor-element elementor-element-6a9a934 elementor-widget elementor-widget-text-editor\" data-id=\"6a9a934\" data-element_type=\"widget\" data-widget_type=\"text-editor.default\">\n\t\t\t\t<div class=\"elementor-widget-container\">\n\t\t\t\t\t\t\t<blockquote>\n<h4>DOCUMENTA\u00c7\u00c3O<\/h4>\n<\/blockquote>\n<p><!-- \/wp:quote --><\/p>\n<p><!-- wp:paragraph --><\/p>\n<ul class=\"qx-list-unstyledqx-list\">\n<li class=\"item-0\"><a href=\"https:\/\/aevaledeste.pt\/site\/wp-content\/uploads\/2023\/09\/1_2022_2023_Grelh_Registo_ADD_Criterios__Profs_com_Cpt_Letiv.pdf\"><span class=\"qx-icon-text\">Grelha Registo ADD Crit\u00e9rios Professores com Componente Letiva<\/span><\/a><\/li>\n<li class=\"item-1\"><i class=\"qxio-star\"><\/i><a href=\"https:\/\/aevaledeste.pt\/site\/wp-content\/uploads\/2023\/09\/2_2022_2023_Grelh_Regist_ADD_Criterios_Profs_sem_Cpnt_Letv.pdf\"><span class=\"qx-icon-text\">Grelha Registo ADD Crit\u00e9rios Professores sem Componente Letiva<\/span><\/a><\/li>\n<li class=\"item-2\"><i class=\"qxio-star\"><\/i><a href=\"https:\/\/aevaledeste.pt\/site\/wp-content\/uploads\/2023\/09\/3_2022_2023_Tabela_Desv_Indic_Suc.pdf\"><span class=\"qx-icon-text\">Tabela de Desvio de Indicadores de Sucesso<\/span><\/a><\/li>\n<li class=\"item-3\"><i class=\"qxio-star\"><\/i><a href=\"https:\/\/aevaledeste.pt\/site\/wp-content\/uploads\/2023\/09\/2022_2023_ADD_Qdr_Sintese_Profs_e_Cotas.pdf\"><span class=\"qx-icon-text\">Mapa Global N\u00e3o Nominal da ADD &#8211; 2022\/2023<\/span><\/a><\/li>\n<\/ul>\n<p>\u00a0<\/p>\n<p><!-- \/wp:quote --><\/p>\n<p><!-- wp:paragraph --><\/p>\n<p><!-- \/wp:paragraph --><\/p>\t\t\t\t\t\t<\/div>\n\t\t\t\t<\/div>\n\t\t\t\t\t<\/div>\n\t\t<\/div>\n\t\t\t\t\t<\/div>\n\t\t<\/section>\n\t\t\t\t<\/div>","protected":false},"excerpt":{"rendered":"<p>AVALIA\u00c7\u00c3O DE DESEMPENHO ANO LETIVO 2025-2026 SADD &#8211; CP: Regimento Interno. Dispon\u00edvel aqui. Calend\u00e1rio ADD (2025\/26). Dispon\u00edvel aqui. ANO LETIVO 2024-2025 SADD. Consulte os resultados globais da avalia\u00e7\u00e3o realizada aqui. SADD Extraordin\u00e1ria. Consulte os resultados globais da avalia\u00e7\u00e3o realizada aqui. &nbsp; ANO LETIVO 2023-2024 Resultados&nbsp;<a href=\"https:\/\/aevaledeste.pt\/site\/en\/avaliacao-de-desempenho\/\">&hellip;<\/a><\/p>","protected":false},"author":5,"featured_media":0,"parent":0,"menu_order":0,"comment_status":"closed","ping_status":"closed","template":"","meta":{"footnotes":""},"class_list":["post-3126","page","type-page","status-publish","hentry","odd"],"yoast_head":"<!-- This site is optimized with the Yoast SEO plugin v23.7 - https:\/\/yoast.com\/wordpress\/plugins\/seo\/ -->\n<title>Avalia\u00e7\u00e3o de Desempenho - Agrupamento de Escolas de Vale D&#039;Este<\/title>\n<meta name=\"robots\" content=\"index, follow, max-snippet:-1, max-image-preview:large, max-video-preview:-1\" \/>\n<link rel=\"canonical\" href=\"https:\/\/aevaledeste.pt\/site\/en\/avaliacao-de-desempenho\/\" \/>\n<meta property=\"og:locale\" content=\"en_US\" \/>\n<meta property=\"og:type\" content=\"article\" \/>\n<meta property=\"og:title\" content=\"Avalia\u00e7\u00e3o de Desempenho - Agrupamento de Escolas de Vale D&#039;Este\" \/>\n<meta property=\"og:description\" content=\"AVALIA\u00c7\u00c3O DE DESEMPENHO ANO LETIVO 2025-2026 SADD &#8211; CP: Regimento Interno. Dispon\u00edvel aqui. Calend\u00e1rio ADD (2025\/26). Dispon\u00edvel aqui. ANO LETIVO 2024-2025 SADD. Consulte os resultados globais da avalia\u00e7\u00e3o realizada aqui. SADD Extraordin\u00e1ria. Consulte os resultados globais da avalia\u00e7\u00e3o realizada aqui. &nbsp; ANO LETIVO 2023-2024 Resultados&nbsp;&hellip;\" \/>\n<meta property=\"og:url\" content=\"https:\/\/aevaledeste.pt\/site\/en\/avaliacao-de-desempenho\/\" \/>\n<meta property=\"og:site_name\" content=\"Agrupamento de Escolas de Vale D&#039;Este\" \/>\n<meta property=\"article:modified_time\" content=\"2025-10-14T11:30:35+00:00\" \/>\n<meta name=\"twitter:card\" content=\"summary_large_image\" \/>\n<meta name=\"twitter:label1\" content=\"Est. reading time\" \/>\n\t<meta name=\"twitter:data1\" content=\"2 minutes\" \/>\n<script type=\"application\/ld+json\" class=\"yoast-schema-graph\">{\"@context\":\"https:\/\/schema.org\",\"@graph\":[{\"@type\":\"WebPage\",\"@id\":\"https:\/\/aevaledeste.pt\/site\/avaliacao-de-desempenho\/\",\"url\":\"https:\/\/aevaledeste.pt\/site\/avaliacao-de-desempenho\/\",\"name\":\"Avalia\u00e7\u00e3o de Desempenho - Agrupamento de Escolas de Vale D&#039;Este\",\"isPartOf\":{\"@id\":\"https:\/\/aevaledeste.pt\/site\/#website\"},\"datePublished\":\"2023-09-03T23:33:02+00:00\",\"dateModified\":\"2025-10-14T11:30:35+00:00\",\"breadcrumb\":{\"@id\":\"https:\/\/aevaledeste.pt\/site\/avaliacao-de-desempenho\/#breadcrumb\"},\"inLanguage\":\"en-US\",\"potentialAction\":[{\"@type\":\"ReadAction\",\"target\":[\"https:\/\/aevaledeste.pt\/site\/avaliacao-de-desempenho\/\"]}]},{\"@type\":\"BreadcrumbList\",\"@id\":\"https:\/\/aevaledeste.pt\/site\/avaliacao-de-desempenho\/#breadcrumb\",\"itemListElement\":[{\"@type\":\"ListItem\",\"position\":1,\"name\":\"In\u00edcio\",\"item\":\"https:\/\/aevaledeste.pt\/site\/\"},{\"@type\":\"ListItem\",\"position\":2,\"name\":\"Avalia\u00e7\u00e3o de Desempenho\"}]},{\"@type\":\"WebSite\",\"@id\":\"https:\/\/aevaledeste.pt\/site\/#website\",\"url\":\"https:\/\/aevaledeste.pt\/site\/\",\"name\":\"Agrupamento de Escolas de Vale D&#039;Este\",\"description\":\"Faz a tua escolha!\",\"publisher\":{\"@id\":\"https:\/\/aevaledeste.pt\/site\/#organization\"},\"potentialAction\":[{\"@type\":\"SearchAction\",\"target\":{\"@type\":\"EntryPoint\",\"urlTemplate\":\"https:\/\/aevaledeste.pt\/site\/?s={search_term_string}\"},\"query-input\":{\"@type\":\"PropertyValueSpecification\",\"valueRequired\":true,\"valueName\":\"search_term_string\"}}],\"inLanguage\":\"en-US\"},{\"@type\":\"Organization\",\"@id\":\"https:\/\/aevaledeste.pt\/site\/#organization\",\"name\":\"Agrupamento de Escolas de Vale D&#039;Este\",\"url\":\"https:\/\/aevaledeste.pt\/site\/\",\"logo\":{\"@type\":\"ImageObject\",\"inLanguage\":\"en-US\",\"@id\":\"https:\/\/aevaledeste.pt\/site\/#\/schema\/logo\/image\/\",\"url\":\"https:\/\/aevaledeste.pt\/site\/wp-content\/uploads\/2022\/09\/1-e1664446422139.png\",\"contentUrl\":\"https:\/\/aevaledeste.pt\/site\/wp-content\/uploads\/2022\/09\/1-e1664446422139.png\",\"width\":600,\"height\":78,\"caption\":\"Agrupamento de Escolas de Vale D&#039;Este\"},\"image\":{\"@id\":\"https:\/\/aevaledeste.pt\/site\/#\/schema\/logo\/image\/\"}}]}<\/script>\n<!-- \/ Yoast SEO plugin. -->","yoast_head_json":{"title":"Avalia\u00e7\u00e3o de Desempenho - Agrupamento de Escolas de Vale D&#039;Este","robots":{"index":"index","follow":"follow","max-snippet":"max-snippet:-1","max-image-preview":"max-image-preview:large","max-video-preview":"max-video-preview:-1"},"canonical":"https:\/\/aevaledeste.pt\/site\/en\/avaliacao-de-desempenho\/","og_locale":"en_US","og_type":"article","og_title":"Avalia\u00e7\u00e3o de Desempenho - Agrupamento de Escolas de Vale D&#039;Este","og_description":"AVALIA\u00c7\u00c3O DE DESEMPENHO ANO LETIVO 2025-2026 SADD &#8211; CP: Regimento Interno. Dispon\u00edvel aqui. Calend\u00e1rio ADD (2025\/26). Dispon\u00edvel aqui. ANO LETIVO 2024-2025 SADD. Consulte os resultados globais da avalia\u00e7\u00e3o realizada aqui. SADD Extraordin\u00e1ria. Consulte os resultados globais da avalia\u00e7\u00e3o realizada aqui. &nbsp; ANO LETIVO 2023-2024 Resultados&nbsp;&hellip;","og_url":"https:\/\/aevaledeste.pt\/site\/en\/avaliacao-de-desempenho\/","og_site_name":"Agrupamento de Escolas de Vale D&#039;Este","article_modified_time":"2025-10-14T11:30:35+00:00","twitter_card":"summary_large_image","twitter_misc":{"Est. reading time":"2 minutes"},"schema":{"@context":"https:\/\/schema.org","@graph":[{"@type":"WebPage","@id":"https:\/\/aevaledeste.pt\/site\/avaliacao-de-desempenho\/","url":"https:\/\/aevaledeste.pt\/site\/avaliacao-de-desempenho\/","name":"Avalia\u00e7\u00e3o de Desempenho - Agrupamento de Escolas de Vale D&#039;Este","isPartOf":{"@id":"https:\/\/aevaledeste.pt\/site\/#website"},"datePublished":"2023-09-03T23:33:02+00:00","dateModified":"2025-10-14T11:30:35+00:00","breadcrumb":{"@id":"https:\/\/aevaledeste.pt\/site\/avaliacao-de-desempenho\/#breadcrumb"},"inLanguage":"en-US","potentialAction":[{"@type":"ReadAction","target":["https:\/\/aevaledeste.pt\/site\/avaliacao-de-desempenho\/"]}]},{"@type":"BreadcrumbList","@id":"https:\/\/aevaledeste.pt\/site\/avaliacao-de-desempenho\/#breadcrumb","itemListElement":[{"@type":"ListItem","position":1,"name":"In\u00edcio","item":"https:\/\/aevaledeste.pt\/site\/"},{"@type":"ListItem","position":2,"name":"Avalia\u00e7\u00e3o de Desempenho"}]},{"@type":"WebSite","@id":"https:\/\/aevaledeste.pt\/site\/#website","url":"https:\/\/aevaledeste.pt\/site\/","name":"Agrupamento de Escolas de Vale D&#039;Este","description":"Faz a tua escolha!","publisher":{"@id":"https:\/\/aevaledeste.pt\/site\/#organization"},"potentialAction":[{"@type":"SearchAction","target":{"@type":"EntryPoint","urlTemplate":"https:\/\/aevaledeste.pt\/site\/?s={search_term_string}"},"query-input":{"@type":"PropertyValueSpecification","valueRequired":true,"valueName":"search_term_string"}}],"inLanguage":"en-US"},{"@type":"Organization","@id":"https:\/\/aevaledeste.pt\/site\/#organization","name":"Agrupamento de Escolas de Vale D&#039;Este","url":"https:\/\/aevaledeste.pt\/site\/","logo":{"@type":"ImageObject","inLanguage":"en-US","@id":"https:\/\/aevaledeste.pt\/site\/#\/schema\/logo\/image\/","url":"https:\/\/aevaledeste.pt\/site\/wp-content\/uploads\/2022\/09\/1-e1664446422139.png","contentUrl":"https:\/\/aevaledeste.pt\/site\/wp-content\/uploads\/2022\/09\/1-e1664446422139.png","width":600,"height":78,"caption":"Agrupamento de Escolas de Vale D&#039;Este"},"image":{"@id":"https:\/\/aevaledeste.pt\/site\/#\/schema\/logo\/image\/"}}]}},"_links":{"self":[{"href":"https:\/\/aevaledeste.pt\/site\/en\/wp-json\/wp\/v2\/pages\/3126","targetHints":{"allow":["GET"]}}],"collection":[{"href":"https:\/\/aevaledeste.pt\/site\/en\/wp-json\/wp\/v2\/pages"}],"about":[{"href":"https:\/\/aevaledeste.pt\/site\/en\/wp-json\/wp\/v2\/types\/page"}],"author":[{"embeddable":true,"href":"https:\/\/aevaledeste.pt\/site\/en\/wp-json\/wp\/v2\/users\/5"}],"replies":[{"embeddable":true,"href":"https:\/\/aevaledeste.pt\/site\/en\/wp-json\/wp\/v2\/comments?post=3126"}],"version-history":[{"count":28,"href":"https:\/\/aevaledeste.pt\/site\/en\/wp-json\/wp\/v2\/pages\/3126\/revisions"}],"predecessor-version":[{"id":8052,"href":"https:\/\/aevaledeste.pt\/site\/en\/wp-json\/wp\/v2\/pages\/3126\/revisions\/8052"}],"wp:attachment":[{"href":"https:\/\/aevaledeste.pt\/site\/en\/wp-json\/wp\/v2\/media?parent=3126"}],"curies":[{"name":"wp","href":"https:\/\/api.w.org\/{rel}","templated":true}]}}