{"id":3090,"date":"2023-09-03T21:52:58","date_gmt":"2023-09-03T21:52:58","guid":{"rendered":"https:\/\/aevaledeste.pt\/site\/?page_id=3090"},"modified":"2023-09-03T22:29:33","modified_gmt":"2023-09-03T22:29:33","slug":"escola-digital","status":"publish","type":"page","link":"https:\/\/aevaledeste.pt\/site\/en\/escola-digital\/","title":{"rendered":"Escola Digital"},"content":{"rendered":"<div data-elementor-type=\"wp-page\" data-elementor-id=\"3090\" class=\"elementor elementor-3090\">\n\t\t\t\t\t\t<section class=\"elementor-section elementor-top-section elementor-element elementor-element-23c05d2 elementor-section-boxed elementor-section-height-default elementor-section-height-default\" data-id=\"23c05d2\" data-element_type=\"section\">\n\t\t\t\t\t\t<div class=\"elementor-container elementor-column-gap-default\">\n\t\t\t\t\t<div class=\"elementor-column elementor-col-100 elementor-top-column elementor-element elementor-element-480daa2\" data-id=\"480daa2\" data-element_type=\"column\">\n\t\t\t<div class=\"elementor-widget-wrap elementor-element-populated\">\n\t\t\t\t\t\t<div class=\"elementor-element elementor-element-a2ed1e1 elementor-widget elementor-widget-text-editor\" data-id=\"a2ed1e1\" data-element_type=\"widget\" data-widget_type=\"text-editor.default\">\n\t\t\t\t<div class=\"elementor-widget-container\">\n\t\t\t\t\t\t\t<p><!-- wp:paragraph --><\/p>\n<blockquote>\n<h4>ESCOLA DIGITAL &#8211; INFORMA\u00c7\u00d5ES<\/h4>\n<\/blockquote>\n<p><!-- \/wp:quote --><\/p>\n<p><!-- wp:paragraph --><\/p>\n<p><span style=\"text-decoration: underline;\"><span style=\"font-family: var( --e-global-typography-secondary-font-family ), Sans-serif; letter-spacing: 0.1px;\"><b>KITS TECNOL\u00d3GICOS:<\/b><\/span><\/span><\/p>\n<ul>\n<li>N\u00e3o deitar fora as caixas e documenta\u00e7\u00e3o.<\/li>\n<li>Tudo ter\u00e1 que ser devolvido em perfeitas condi\u00e7\u00f5es.<\/li>\n<\/ul>\n<p><!-- \/wp:quote --><\/p>\n<p><!-- wp:paragraph --><\/p>\n<p><!-- \/wp:paragraph --><\/p>\t\t\t\t\t\t<\/div>\n\t\t\t\t<\/div>\n\t\t\t\t\t<\/div>\n\t\t<\/div>\n\t\t\t\t\t<\/div>\n\t\t<\/section>\n\t\t\t\t<section class=\"elementor-section elementor-top-section elementor-element elementor-element-a584585 elementor-section-boxed elementor-section-height-default elementor-section-height-default\" data-id=\"a584585\" data-element_type=\"section\">\n\t\t\t\t\t\t<div class=\"elementor-container elementor-column-gap-default\">\n\t\t\t\t\t<div class=\"elementor-column elementor-col-100 elementor-top-column elementor-element elementor-element-2d87cfb\" data-id=\"2d87cfb\" data-element_type=\"column\">\n\t\t\t<div class=\"elementor-widget-wrap elementor-element-populated\">\n\t\t\t\t\t\t<div class=\"elementor-element elementor-element-a3094c5 elementor-widget elementor-widget-text-editor\" data-id=\"a3094c5\" data-element_type=\"widget\" data-widget_type=\"text-editor.default\">\n\t\t\t\t<div class=\"elementor-widget-container\">\n\t\t\t\t\t\t\t<p><!-- wp:paragraph --><\/p>\n<blockquote>\n<h4>DESBLOQUEIO DO SISTEMA CUco<\/h4>\n<\/blockquote>\n<p><!-- \/wp:quote --><\/p>\n<p><!-- wp:paragraph --><\/p>\n<p><strong>Se o seu computador j\u00e1 se encontrar bloqueado deve visitar o seguinte endere\u00e7o:\u00a0<a href=\"https:\/\/cuco.inforlandia.pt\/ucode\/\">https:\/\/cuco.inforlandia.pt\/ucode\/<\/a><\/strong><\/p>\n<p><strong>Pode visualizar o seguinte v\u00eddeo:<\/strong><strong>\u00a0<a href=\"https:\/\/www.youtube.com\/watch?v=Ovxs2F02Cjo\">https:\/\/www.youtube.com\/watch?v=Ovxs2F02Cjo<\/a><\/strong><\/p>\n<p><a href=\"https:\/\/www.youtube.com\/watch?v=Ovxs2F02Cjo\"><img fetchpriority=\"high\" decoding=\"async\" class=\"size-medium wp-image-3099 aligncenter\" src=\"https:\/\/aevaledeste.pt\/site\/wp-content\/uploads\/2023\/09\/CucoCodigo-300x207.jpg\" alt=\"\" width=\"300\" height=\"207\" srcset=\"https:\/\/aevaledeste.pt\/site\/wp-content\/uploads\/2023\/09\/CucoCodigo-300x207.jpg 300w, https:\/\/aevaledeste.pt\/site\/wp-content\/uploads\/2023\/09\/CucoCodigo-1024x705.jpg 1024w, https:\/\/aevaledeste.pt\/site\/wp-content\/uploads\/2023\/09\/CucoCodigo-18x12.jpg 18w, https:\/\/aevaledeste.pt\/site\/wp-content\/uploads\/2023\/09\/CucoCodigo.jpg 1346w\" sizes=\"(max-width: 300px) 100vw, 300px\" \/><\/a><\/p>\n<div>\n<p>\u00a0<\/p>\n<p><strong>Tenha em aten\u00e7\u00e3o as instru\u00e7\u00f5es dadas de forma a obter o c\u00f3digo de desbloqueio.\u00a0<\/strong><\/p>\n<p><strong>Em seguida deve executar a atualiza\u00e7\u00e3o descrita nesta p\u00e1gina.<\/strong><\/p>\n<p>\u00a0<\/p>\n<p>Informamos que alguns computadores, entregues pelo Projeto Escola Digital, est\u00e3o a ter problemas de bloqueio do CUCo (Central Unit Control).<\/p>\n<p><strong>Recomendamos a atualiza\u00e7\u00e3o URGENTE do sistema de seguran\u00e7a dos Computadores para evitar futuros bloqueios!<\/strong><\/p>\n<p><strong>Informamos que a Inforl\u00e2ndia \u00e9 a respons\u00e1vel pela aplica\u00e7\u00e3o CUCo, instalada em computadores do Projeto da Escola Digital.<\/strong><\/p>\n<p>O CUCo \u00e9 uma aplica\u00e7\u00e3o de seguran\u00e7a contratualizada com essa empresa que permite, entre outras funcionalidades, bloquear os equipamentos extraviados.<\/p>\n<p>\u00a0<\/p>\n<p><span style=\"text-decoration: underline;\"><strong>Para a resolu\u00e7\u00e3o deste problema, proceda urgentemente \u00e0 atualiza\u00e7\u00e3o, observando os seguintes passos:<\/strong><\/span><\/p>\n<p>\u00a0<\/p>\n<p><strong>1. Certifique-se que o computador est\u00e1 ligado \u00e0 internet.<\/strong><\/p>\n<p><strong>2. Aceda \u00e0 liga\u00e7\u00e3o abaixo para efetuar a transfer\u00eancia do ficheiro: Liga\u00e7\u00e3o:\u00a0<a href=\"http:\/\/cuco.inforlandia.pt\/updates\">http:\/\/cuco.inforlandia.pt\/updates<\/a><\/strong><\/p>\n<p><strong>3. Ap\u00f3s efetuar o download do ficheiro, dever\u00e1 execut\u00e1-lo no equipamento a atualizar. Para tal, basta fazer duplo clique com o rato em cima do ficheiro. Se tiver programa antiv\u00edrus instalado deve dar sempre autoriza\u00e7\u00e3o para execu\u00e7\u00e3o deste ficheiro. Em alternativa pode desligar a prote\u00e7\u00e3o do antiv\u00edrus temporariamente.<\/strong><\/p>\n<p><strong>4. De seguida, ir\u00e1 abrir-se uma janela onde se ir\u00e3o processar as altera\u00e7\u00f5es necess\u00e1rias.<\/strong><\/p>\n<p><strong>5. Reinicie o computador.<\/strong><\/p>\n<p><strong>6. Ap\u00f3s finaliza\u00e7\u00e3o do processo, o equipamento encontra-se atualizado.<\/strong><\/p>\n<p>A informa\u00e7\u00e3o \u00e9 fidedigna e \u00e9 de grande import\u00e2ncia a instala\u00e7\u00e3o do atual update em todos os computadores do Projeto, por forma a evitar bloqueios &#8211; o que \u00e9 de todo indesejado.<\/p>\n<\/div>\n<p><!-- \/wp:quote --><\/p>\n<p><!-- wp:paragraph --><\/p>\n<p><!-- \/wp:paragraph --><\/p>\t\t\t\t\t\t<\/div>\n\t\t\t\t<\/div>\n\t\t\t\t\t<\/div>\n\t\t<\/div>\n\t\t\t\t\t<\/div>\n\t\t<\/section>\n\t\t\t\t<section class=\"elementor-section elementor-top-section elementor-element elementor-element-582c479 elementor-section-boxed elementor-section-height-default elementor-section-height-default\" data-id=\"582c479\" data-element_type=\"section\">\n\t\t\t\t\t\t<div class=\"elementor-container elementor-column-gap-default\">\n\t\t\t\t\t<div class=\"elementor-column elementor-col-100 elementor-top-column elementor-element elementor-element-976fcdf\" data-id=\"976fcdf\" data-element_type=\"column\">\n\t\t\t<div class=\"elementor-widget-wrap elementor-element-populated\">\n\t\t\t\t\t\t<div class=\"elementor-element elementor-element-6a9a934 elementor-widget elementor-widget-text-editor\" data-id=\"6a9a934\" data-element_type=\"widget\" data-widget_type=\"text-editor.default\">\n\t\t\t\t<div class=\"elementor-widget-container\">\n\t\t\t\t\t\t\t<p><!-- wp:paragraph --><\/p>\n<blockquote>\n<h4>GUI\u00c3O DE CONFIGURA\u00c7\u00c3O DOS COMPUTADORES \u201cEscola Digital\u201d<\/h4>\n<\/blockquote>\n<p><!-- \/wp:quote --><\/p>\n<p><!-- wp:paragraph --><\/p>\n<ul>\n<li>GUI\u00c3O &#8211; <a href=\"https:\/\/aevaledeste.pt\/site\/wp-content\/uploads\/2023\/09\/ManualArranqueTipo3.pdf\">ENSINO SECUND\u00c1RIO<\/a><\/li>\n<li>GUI\u00c3O &#8211; <a href=\"https:\/\/aevaledeste.pt\/site\/wp-content\/uploads\/2023\/09\/ManualArranqueTipo2.pdf\">5.\u00ba ano ao 9.\u00ba ano<\/a><\/li>\n<li><a href=\"https:\/\/aevaledeste.pt\/site\/wp-content\/uploads\/2023\/09\/ED_Configuracao_Hotspot_Tipo_1_Tipo_3.pdf\">Configura\u00e7\u00e3o de Hotspot ThingsMatrix<\/a><\/li>\n<\/ul>\n<p><!-- \/wp:quote --><\/p>\n<p><!-- wp:paragraph --><\/p>\n<p><!-- \/wp:paragraph --><\/p>\t\t\t\t\t\t<\/div>\n\t\t\t\t<\/div>\n\t\t\t\t\t<\/div>\n\t\t<\/div>\n\t\t\t\t\t<\/div>\n\t\t<\/section>\n\t\t\t\t<\/div>","protected":false},"excerpt":{"rendered":"<p>ESCOLA DIGITAL &#8211; INFORMA\u00c7\u00d5ES KITS TECNOL\u00d3GICOS: N\u00e3o deitar fora as caixas e documenta\u00e7\u00e3o. Tudo ter\u00e1 que ser devolvido em perfeitas condi\u00e7\u00f5es. DESBLOQUEIO DO SISTEMA CUco Se o seu computador j\u00e1 se encontrar bloqueado deve visitar o seguinte endere\u00e7o:\u00a0https:\/\/cuco.inforlandia.pt\/ucode\/ Pode visualizar o seguinte v\u00eddeo:\u00a0https:\/\/www.youtube.com\/watch?v=Ovxs2F02Cjo \u00a0 Tenha&nbsp;<a href=\"https:\/\/aevaledeste.pt\/site\/en\/escola-digital\/\">&hellip;<\/a><\/p>","protected":false},"author":5,"featured_media":0,"parent":0,"menu_order":0,"comment_status":"closed","ping_status":"closed","template":"","meta":{"footnotes":""},"class_list":["post-3090","page","type-page","status-publish","hentry","odd"],"yoast_head":"<!-- This site is optimized with the Yoast SEO plugin v23.7 - https:\/\/yoast.com\/wordpress\/plugins\/seo\/ -->\n<title>Escola Digital - Agrupamento de Escolas de Vale D&#039;Este<\/title>\n<meta name=\"robots\" content=\"index, follow, max-snippet:-1, max-image-preview:large, max-video-preview:-1\" \/>\n<link rel=\"canonical\" href=\"https:\/\/aevaledeste.pt\/site\/en\/escola-digital\/\" \/>\n<meta property=\"og:locale\" content=\"en_US\" \/>\n<meta property=\"og:type\" content=\"article\" \/>\n<meta property=\"og:title\" content=\"Escola Digital - Agrupamento de Escolas de Vale D&#039;Este\" \/>\n<meta property=\"og:description\" content=\"ESCOLA DIGITAL &#8211; INFORMA\u00c7\u00d5ES KITS TECNOL\u00d3GICOS: N\u00e3o deitar fora as caixas e documenta\u00e7\u00e3o. Tudo ter\u00e1 que ser devolvido em perfeitas condi\u00e7\u00f5es. DESBLOQUEIO DO SISTEMA CUco Se o seu computador j\u00e1 se encontrar bloqueado deve visitar o seguinte endere\u00e7o:\u00a0https:\/\/cuco.inforlandia.pt\/ucode\/ Pode visualizar o seguinte v\u00eddeo:\u00a0https:\/\/www.youtube.com\/watch?v=Ovxs2F02Cjo \u00a0 Tenha&nbsp;&hellip;\" \/>\n<meta property=\"og:url\" content=\"https:\/\/aevaledeste.pt\/site\/en\/escola-digital\/\" \/>\n<meta property=\"og:site_name\" content=\"Agrupamento de Escolas de Vale D&#039;Este\" \/>\n<meta property=\"article:modified_time\" content=\"2023-09-03T22:29:33+00:00\" \/>\n<meta property=\"og:image\" content=\"https:\/\/aevaledeste.pt\/site\/wp-content\/uploads\/2023\/09\/CucoCodigo.jpg\" \/>\n\t<meta property=\"og:image:width\" content=\"1346\" \/>\n\t<meta property=\"og:image:height\" content=\"927\" \/>\n\t<meta property=\"og:image:type\" content=\"image\/jpeg\" \/>\n<meta name=\"twitter:card\" content=\"summary_large_image\" \/>\n<meta name=\"twitter:label1\" content=\"Est. reading time\" \/>\n\t<meta name=\"twitter:data1\" content=\"2 minutes\" \/>\n<script type=\"application\/ld+json\" class=\"yoast-schema-graph\">{\"@context\":\"https:\/\/schema.org\",\"@graph\":[{\"@type\":\"WebPage\",\"@id\":\"https:\/\/aevaledeste.pt\/site\/escola-digital\/\",\"url\":\"https:\/\/aevaledeste.pt\/site\/escola-digital\/\",\"name\":\"Escola Digital - Agrupamento de Escolas de Vale D&#039;Este\",\"isPartOf\":{\"@id\":\"https:\/\/aevaledeste.pt\/site\/#website\"},\"primaryImageOfPage\":{\"@id\":\"https:\/\/aevaledeste.pt\/site\/escola-digital\/#primaryimage\"},\"image\":{\"@id\":\"https:\/\/aevaledeste.pt\/site\/escola-digital\/#primaryimage\"},\"thumbnailUrl\":\"https:\/\/aevaledeste.pt\/site\/wp-content\/uploads\/2023\/09\/CucoCodigo-300x207.jpg\",\"datePublished\":\"2023-09-03T21:52:58+00:00\",\"dateModified\":\"2023-09-03T22:29:33+00:00\",\"breadcrumb\":{\"@id\":\"https:\/\/aevaledeste.pt\/site\/escola-digital\/#breadcrumb\"},\"inLanguage\":\"en-US\",\"potentialAction\":[{\"@type\":\"ReadAction\",\"target\":[\"https:\/\/aevaledeste.pt\/site\/escola-digital\/\"]}]},{\"@type\":\"ImageObject\",\"inLanguage\":\"en-US\",\"@id\":\"https:\/\/aevaledeste.pt\/site\/escola-digital\/#primaryimage\",\"url\":\"https:\/\/aevaledeste.pt\/site\/wp-content\/uploads\/2023\/09\/CucoCodigo-300x207.jpg\",\"contentUrl\":\"https:\/\/aevaledeste.pt\/site\/wp-content\/uploads\/2023\/09\/CucoCodigo-300x207.jpg\"},{\"@type\":\"BreadcrumbList\",\"@id\":\"https:\/\/aevaledeste.pt\/site\/escola-digital\/#breadcrumb\",\"itemListElement\":[{\"@type\":\"ListItem\",\"position\":1,\"name\":\"In\u00edcio\",\"item\":\"https:\/\/aevaledeste.pt\/site\/\"},{\"@type\":\"ListItem\",\"position\":2,\"name\":\"Escola Digital\"}]},{\"@type\":\"WebSite\",\"@id\":\"https:\/\/aevaledeste.pt\/site\/#website\",\"url\":\"https:\/\/aevaledeste.pt\/site\/\",\"name\":\"Agrupamento de Escolas de Vale D&#039;Este\",\"description\":\"Faz a tua escolha!\",\"publisher\":{\"@id\":\"https:\/\/aevaledeste.pt\/site\/#organization\"},\"potentialAction\":[{\"@type\":\"SearchAction\",\"target\":{\"@type\":\"EntryPoint\",\"urlTemplate\":\"https:\/\/aevaledeste.pt\/site\/?s={search_term_string}\"},\"query-input\":{\"@type\":\"PropertyValueSpecification\",\"valueRequired\":true,\"valueName\":\"search_term_string\"}}],\"inLanguage\":\"en-US\"},{\"@type\":\"Organization\",\"@id\":\"https:\/\/aevaledeste.pt\/site\/#organization\",\"name\":\"Agrupamento de Escolas de Vale D&#039;Este\",\"url\":\"https:\/\/aevaledeste.pt\/site\/\",\"logo\":{\"@type\":\"ImageObject\",\"inLanguage\":\"en-US\",\"@id\":\"https:\/\/aevaledeste.pt\/site\/#\/schema\/logo\/image\/\",\"url\":\"https:\/\/aevaledeste.pt\/site\/wp-content\/uploads\/2022\/09\/1-e1664446422139.png\",\"contentUrl\":\"https:\/\/aevaledeste.pt\/site\/wp-content\/uploads\/2022\/09\/1-e1664446422139.png\",\"width\":600,\"height\":78,\"caption\":\"Agrupamento de Escolas de Vale D&#039;Este\"},\"image\":{\"@id\":\"https:\/\/aevaledeste.pt\/site\/#\/schema\/logo\/image\/\"}}]}<\/script>\n<!-- \/ Yoast SEO plugin. -->","yoast_head_json":{"title":"Escola Digital - Agrupamento de Escolas de Vale D&#039;Este","robots":{"index":"index","follow":"follow","max-snippet":"max-snippet:-1","max-image-preview":"max-image-preview:large","max-video-preview":"max-video-preview:-1"},"canonical":"https:\/\/aevaledeste.pt\/site\/en\/escola-digital\/","og_locale":"en_US","og_type":"article","og_title":"Escola Digital - Agrupamento de Escolas de Vale D&#039;Este","og_description":"ESCOLA DIGITAL &#8211; INFORMA\u00c7\u00d5ES KITS TECNOL\u00d3GICOS: N\u00e3o deitar fora as caixas e documenta\u00e7\u00e3o. Tudo ter\u00e1 que ser devolvido em perfeitas condi\u00e7\u00f5es. DESBLOQUEIO DO SISTEMA CUco Se o seu computador j\u00e1 se encontrar bloqueado deve visitar o seguinte endere\u00e7o:\u00a0https:\/\/cuco.inforlandia.pt\/ucode\/ Pode visualizar o seguinte v\u00eddeo:\u00a0https:\/\/www.youtube.com\/watch?v=Ovxs2F02Cjo \u00a0 Tenha&nbsp;&hellip;","og_url":"https:\/\/aevaledeste.pt\/site\/en\/escola-digital\/","og_site_name":"Agrupamento de Escolas de Vale D&#039;Este","article_modified_time":"2023-09-03T22:29:33+00:00","og_image":[{"width":1346,"height":927,"url":"https:\/\/aevaledeste.pt\/site\/wp-content\/uploads\/2023\/09\/CucoCodigo.jpg","type":"image\/jpeg"}],"twitter_card":"summary_large_image","twitter_misc":{"Est. reading time":"2 minutes"},"schema":{"@context":"https:\/\/schema.org","@graph":[{"@type":"WebPage","@id":"https:\/\/aevaledeste.pt\/site\/escola-digital\/","url":"https:\/\/aevaledeste.pt\/site\/escola-digital\/","name":"Escola Digital - Agrupamento de Escolas de Vale D&#039;Este","isPartOf":{"@id":"https:\/\/aevaledeste.pt\/site\/#website"},"primaryImageOfPage":{"@id":"https:\/\/aevaledeste.pt\/site\/escola-digital\/#primaryimage"},"image":{"@id":"https:\/\/aevaledeste.pt\/site\/escola-digital\/#primaryimage"},"thumbnailUrl":"https:\/\/aevaledeste.pt\/site\/wp-content\/uploads\/2023\/09\/CucoCodigo-300x207.jpg","datePublished":"2023-09-03T21:52:58+00:00","dateModified":"2023-09-03T22:29:33+00:00","breadcrumb":{"@id":"https:\/\/aevaledeste.pt\/site\/escola-digital\/#breadcrumb"},"inLanguage":"en-US","potentialAction":[{"@type":"ReadAction","target":["https:\/\/aevaledeste.pt\/site\/escola-digital\/"]}]},{"@type":"ImageObject","inLanguage":"en-US","@id":"https:\/\/aevaledeste.pt\/site\/escola-digital\/#primaryimage","url":"https:\/\/aevaledeste.pt\/site\/wp-content\/uploads\/2023\/09\/CucoCodigo-300x207.jpg","contentUrl":"https:\/\/aevaledeste.pt\/site\/wp-content\/uploads\/2023\/09\/CucoCodigo-300x207.jpg"},{"@type":"BreadcrumbList","@id":"https:\/\/aevaledeste.pt\/site\/escola-digital\/#breadcrumb","itemListElement":[{"@type":"ListItem","position":1,"name":"In\u00edcio","item":"https:\/\/aevaledeste.pt\/site\/"},{"@type":"ListItem","position":2,"name":"Escola Digital"}]},{"@type":"WebSite","@id":"https:\/\/aevaledeste.pt\/site\/#website","url":"https:\/\/aevaledeste.pt\/site\/","name":"Agrupamento de Escolas de Vale D&#039;Este","description":"Faz a tua escolha!","publisher":{"@id":"https:\/\/aevaledeste.pt\/site\/#organization"},"potentialAction":[{"@type":"SearchAction","target":{"@type":"EntryPoint","urlTemplate":"https:\/\/aevaledeste.pt\/site\/?s={search_term_string}"},"query-input":{"@type":"PropertyValueSpecification","valueRequired":true,"valueName":"search_term_string"}}],"inLanguage":"en-US"},{"@type":"Organization","@id":"https:\/\/aevaledeste.pt\/site\/#organization","name":"Agrupamento de Escolas de Vale D&#039;Este","url":"https:\/\/aevaledeste.pt\/site\/","logo":{"@type":"ImageObject","inLanguage":"en-US","@id":"https:\/\/aevaledeste.pt\/site\/#\/schema\/logo\/image\/","url":"https:\/\/aevaledeste.pt\/site\/wp-content\/uploads\/2022\/09\/1-e1664446422139.png","contentUrl":"https:\/\/aevaledeste.pt\/site\/wp-content\/uploads\/2022\/09\/1-e1664446422139.png","width":600,"height":78,"caption":"Agrupamento de Escolas de Vale D&#039;Este"},"image":{"@id":"https:\/\/aevaledeste.pt\/site\/#\/schema\/logo\/image\/"}}]}},"_links":{"self":[{"href":"https:\/\/aevaledeste.pt\/site\/en\/wp-json\/wp\/v2\/pages\/3090","targetHints":{"allow":["GET"]}}],"collection":[{"href":"https:\/\/aevaledeste.pt\/site\/en\/wp-json\/wp\/v2\/pages"}],"about":[{"href":"https:\/\/aevaledeste.pt\/site\/en\/wp-json\/wp\/v2\/types\/page"}],"author":[{"embeddable":true,"href":"https:\/\/aevaledeste.pt\/site\/en\/wp-json\/wp\/v2\/users\/5"}],"replies":[{"embeddable":true,"href":"https:\/\/aevaledeste.pt\/site\/en\/wp-json\/wp\/v2\/comments?post=3090"}],"version-history":[{"count":10,"href":"https:\/\/aevaledeste.pt\/site\/en\/wp-json\/wp\/v2\/pages\/3090\/revisions"}],"predecessor-version":[{"id":3112,"href":"https:\/\/aevaledeste.pt\/site\/en\/wp-json\/wp\/v2\/pages\/3090\/revisions\/3112"}],"wp:attachment":[{"href":"https:\/\/aevaledeste.pt\/site\/en\/wp-json\/wp\/v2\/media?parent=3090"}],"curies":[{"name":"wp","href":"https:\/\/api.w.org\/{rel}","templated":true}]}}