{"id":2329,"date":"2023-08-07T22:51:02","date_gmt":"2023-08-07T22:51:02","guid":{"rendered":"https:\/\/aevaledeste.pt\/site\/?page_id=2329"},"modified":"2023-08-08T08:53:16","modified_gmt":"2023-08-08T08:53:16","slug":"comunicados","status":"publish","type":"page","link":"https:\/\/aevaledeste.pt\/site\/en\/comunicados\/","title":{"rendered":"Comunicados"},"content":{"rendered":"<div data-elementor-type=\"wp-post\" data-elementor-id=\"2329\" class=\"elementor elementor-2329\">\n\t\t\t\t\t\t<section class=\"elementor-section elementor-top-section elementor-element elementor-element-baf5504 elementor-section-boxed elementor-section-height-default elementor-section-height-default\" data-id=\"baf5504\" data-element_type=\"section\">\n\t\t\t\t\t\t<div class=\"elementor-container elementor-column-gap-default\">\n\t\t\t\t\t<div class=\"elementor-column elementor-col-100 elementor-top-column elementor-element elementor-element-53d898a\" data-id=\"53d898a\" data-element_type=\"column\">\n\t\t\t<div class=\"elementor-widget-wrap elementor-element-populated\">\n\t\t\t\t\t\t<div class=\"elementor-element elementor-element-0fcc2d7 elementor-widget elementor-widget-scp_post_list\" data-id=\"0fcc2d7\" data-element_type=\"widget\" data-widget_type=\"scp_post_list.default\">\n\t\t\t\t<div class=\"elementor-widget-container\">\n\t\t\t\t\t<div class=\"linp-post-list layout_4\">\n\n\t\t\t\t\t\t\t\t\t\t\t\t<div class=\"vc_row\">\n\t\t\t\t\t\t\t\t\t\t\t\t\t<div class=\"item one whole\">\n\t\t\t\t<div class=\"img-container\">\n\t\t\t<a href=\"https:\/\/aevaledeste.pt\/site\/en\/tomada-de-posse-do-diretor\/\"\n\t\t\t   title=\"Tomada de Posse do  Diretor - AEVE\">\n\t\t\t   <img fetchpriority=\"high\" decoding=\"async\" width=\"600\" height=\"350\" src=\"https:\/\/aevaledeste.pt\/site\/wp-content\/uploads\/2025\/01\/Dest2.png\" class=\"post-list-thumb wp-post-image\" alt=\"\" srcset=\"https:\/\/aevaledeste.pt\/site\/wp-content\/uploads\/2025\/01\/Dest2.png 600w, https:\/\/aevaledeste.pt\/site\/wp-content\/uploads\/2025\/01\/Dest2-300x175.png 300w, https:\/\/aevaledeste.pt\/site\/wp-content\/uploads\/2025\/01\/Dest2-18x12.png 18w, https:\/\/aevaledeste.pt\/site\/wp-content\/uploads\/2025\/01\/Dest2-150x88.png 150w\" sizes=\"(max-width: 600px) 100vw, 600px\" \/>\t\t    <\/a>\n\t\t<\/div>\n\t\t<div class=\"data\">\n\t\t<div class=\"meta-data\">\n\t\t\t\t\t\t<span class=\"date\">\n\t\t\t\t\t\t\t\tJanuary 22 2025\t\t\t<\/span>\n\t\t\t\t\t<\/div>\n\t\t<h4>\n\t\t\t<a title=\"Tomada de Posse do  Diretor - AEVE\"\n\t\t\t   href=\"https:\/\/aevaledeste.pt\/site\/en\/tomada-de-posse-do-diretor\/\">\n\t\t\t\tTomada de Posse do  Diretor - AEVE\t\t\t<\/a>\n\t\t<\/h4>\n\t\t\t\t\t<div class=\"content\">\n\t\t\t\t\t\t\t\t\t\t\t<\/div>\n\t\t\n\t\t<hr>\n\n\t\t\n\t\t\t\t\t<div class=\"categories-links\">\n\t\t\t<span>Posted in:<\/span> <a href=\"https:\/\/aevaledeste.pt\/site\/en\/category\/comunicado\/\" rel=\"category tag\">Comunicado<\/a>, <a href=\"https:\/\/aevaledeste.pt\/site\/en\/category\/destaques\/\" rel=\"category tag\">Destaques<\/a>, <a href=\"https:\/\/aevaledeste.pt\/site\/en\/category\/noticias\/\" rel=\"category tag\">Noticias<\/a><\/div>\n\t\t\n\t\t\n\t\t\n\t\t\t\t\t<a class=\"wh-button hoverable\" href=\"https:\/\/aevaledeste.pt\/site\/en\/tomada-de-posse-do-diretor\/\">\n\t\t\t\t<div class=\"anim\"><\/div>\n\t\t\t\tLer mais\t\t\t<\/a>\n\t\t\t<\/div>\n<\/div>\n\t\t\t\t\t\t\t\t\t\t\t<\/div>\n\t\t\t\t\t\t\t\t\t<div class=\"vc_row\">\n\t\t\t\t\t\t\t\t\t\t\t\t\t<div class=\"item one whole\">\n\t\t\t<div class=\"data full\">\n\t\t<div class=\"meta-data\">\n\t\t\t\t\t\t<span class=\"date\">\n\t\t\t\t\t\t\t\tSeptember 17 2024\t\t\t<\/span>\n\t\t\t\t\t<\/div>\n\t\t<h4>\n\t\t\t<a title=\"Recomenda\u00e7\u00f5es \u00e0s escolas sobre uso de smartphones\"\n\t\t\t   href=\"https:\/\/aevaledeste.pt\/site\/en\/recomendacoes-as-escolas-sobre-uso-de-smartphones\/\">\n\t\t\t\tRecomenda\u00e7\u00f5es \u00e0s escolas sobre uso de smartphones\t\t\t<\/a>\n\t\t<\/h4>\n\t\t\t\t\t<div class=\"content\">\n\t\t\t\t\t\t\t\tA vis\u00e3o do Minist\u00e9rio da Educa\u00e7\u00e3o, Ci\u00eancia e Inova\u00e7\u00e3o. Consulte aqui.\t\t\t<\/div>\n\t\t\n\t\t<hr>\n\n\t\t\n\t\t\t\t\t<div class=\"categories-links\">\n\t\t\t<span>Posted in:<\/span> <a href=\"https:\/\/aevaledeste.pt\/site\/en\/category\/comunicado\/\" rel=\"category tag\">Comunicado<\/a>, <a href=\"https:\/\/aevaledeste.pt\/site\/en\/category\/destaques\/\" rel=\"category tag\">Destaques<\/a>, <a href=\"https:\/\/aevaledeste.pt\/site\/en\/category\/noticias\/\" rel=\"category tag\">Noticias<\/a><\/div>\n\t\t\n\t\t\n\t\t\n\t\t\t\t\t<a class=\"wh-button hoverable\" href=\"https:\/\/aevaledeste.pt\/site\/en\/recomendacoes-as-escolas-sobre-uso-de-smartphones\/\">\n\t\t\t\t<div class=\"anim\"><\/div>\n\t\t\t\tLer mais\t\t\t<\/a>\n\t\t\t<\/div>\n<\/div>\n\t\t\t\t\t\t\t\t\t\t\t<\/div>\n\t\t\t\t\t\t\t\n\t\t\t\t\t<\/div>\n\t\t\t\t<\/div>\n\t\t\t\t<\/div>\n\t\t\t\t\t<\/div>\n\t\t<\/div>\n\t\t\t\t\t<\/div>\n\t\t<\/section>\n\t\t\t\t<\/div>","protected":false},"excerpt":{"rendered":"<p>Agosto 07 2023 Estudo Amostral de Aferi\u00e7\u00e3o &#8211; 8.\u00ba Ano de Escolaridade Realiza\u00e7\u00e3o de um Estudo Amostral de Aferi\u00e7\u00e3o nas disciplinas de Matem\u00e1tica e Ingl\u00eas &#8211; 8.\u00ba&hellip; Posted in: Comunicado Ler mais<\/p>","protected":false},"author":5,"featured_media":0,"parent":0,"menu_order":0,"comment_status":"closed","ping_status":"closed","template":"","meta":{"footnotes":""},"class_list":["post-2329","page","type-page","status-publish","hentry","odd"],"yoast_head":"<!-- This site is optimized with the Yoast SEO plugin v23.7 - https:\/\/yoast.com\/wordpress\/plugins\/seo\/ -->\n<title>Comunicados - Agrupamento de Escolas de Vale D&#039;Este<\/title>\n<meta name=\"robots\" content=\"index, follow, max-snippet:-1, max-image-preview:large, max-video-preview:-1\" \/>\n<link rel=\"canonical\" href=\"https:\/\/aevaledeste.pt\/site\/en\/comunicados\/\" \/>\n<meta property=\"og:locale\" content=\"en_US\" \/>\n<meta property=\"og:type\" content=\"article\" \/>\n<meta property=\"og:title\" content=\"Comunicados - Agrupamento de Escolas de Vale D&#039;Este\" \/>\n<meta property=\"og:description\" content=\"Agosto 07 2023 Estudo Amostral de Aferi\u00e7\u00e3o &#8211; 8.\u00ba Ano de Escolaridade Realiza\u00e7\u00e3o de um Estudo Amostral de Aferi\u00e7\u00e3o nas disciplinas de Matem\u00e1tica e Ingl\u00eas &#8211; 8.\u00ba&hellip; Posted in: Comunicado Ler mais\" \/>\n<meta property=\"og:url\" content=\"https:\/\/aevaledeste.pt\/site\/en\/comunicados\/\" \/>\n<meta property=\"og:site_name\" content=\"Agrupamento de Escolas de Vale D&#039;Este\" \/>\n<meta property=\"article:modified_time\" content=\"2023-08-08T08:53:16+00:00\" \/>\n<meta name=\"twitter:card\" content=\"summary_large_image\" \/>\n<script type=\"application\/ld+json\" class=\"yoast-schema-graph\">{\"@context\":\"https:\/\/schema.org\",\"@graph\":[{\"@type\":\"WebPage\",\"@id\":\"https:\/\/aevaledeste.pt\/site\/comunicados\/\",\"url\":\"https:\/\/aevaledeste.pt\/site\/comunicados\/\",\"name\":\"Comunicados - Agrupamento de Escolas de Vale D&#039;Este\",\"isPartOf\":{\"@id\":\"https:\/\/aevaledeste.pt\/site\/#website\"},\"datePublished\":\"2023-08-07T22:51:02+00:00\",\"dateModified\":\"2023-08-08T08:53:16+00:00\",\"breadcrumb\":{\"@id\":\"https:\/\/aevaledeste.pt\/site\/comunicados\/#breadcrumb\"},\"inLanguage\":\"en-US\",\"potentialAction\":[{\"@type\":\"ReadAction\",\"target\":[\"https:\/\/aevaledeste.pt\/site\/comunicados\/\"]}]},{\"@type\":\"BreadcrumbList\",\"@id\":\"https:\/\/aevaledeste.pt\/site\/comunicados\/#breadcrumb\",\"itemListElement\":[{\"@type\":\"ListItem\",\"position\":1,\"name\":\"In\u00edcio\",\"item\":\"https:\/\/aevaledeste.pt\/site\/\"},{\"@type\":\"ListItem\",\"position\":2,\"name\":\"Comunicados\"}]},{\"@type\":\"WebSite\",\"@id\":\"https:\/\/aevaledeste.pt\/site\/#website\",\"url\":\"https:\/\/aevaledeste.pt\/site\/\",\"name\":\"Agrupamento de Escolas de Vale D&#039;Este\",\"description\":\"Faz a tua escolha!\",\"publisher\":{\"@id\":\"https:\/\/aevaledeste.pt\/site\/#organization\"},\"potentialAction\":[{\"@type\":\"SearchAction\",\"target\":{\"@type\":\"EntryPoint\",\"urlTemplate\":\"https:\/\/aevaledeste.pt\/site\/?s={search_term_string}\"},\"query-input\":{\"@type\":\"PropertyValueSpecification\",\"valueRequired\":true,\"valueName\":\"search_term_string\"}}],\"inLanguage\":\"en-US\"},{\"@type\":\"Organization\",\"@id\":\"https:\/\/aevaledeste.pt\/site\/#organization\",\"name\":\"Agrupamento de Escolas de Vale D&#039;Este\",\"url\":\"https:\/\/aevaledeste.pt\/site\/\",\"logo\":{\"@type\":\"ImageObject\",\"inLanguage\":\"en-US\",\"@id\":\"https:\/\/aevaledeste.pt\/site\/#\/schema\/logo\/image\/\",\"url\":\"https:\/\/aevaledeste.pt\/site\/wp-content\/uploads\/2022\/09\/1-e1664446422139.png\",\"contentUrl\":\"https:\/\/aevaledeste.pt\/site\/wp-content\/uploads\/2022\/09\/1-e1664446422139.png\",\"width\":600,\"height\":78,\"caption\":\"Agrupamento de Escolas de Vale D&#039;Este\"},\"image\":{\"@id\":\"https:\/\/aevaledeste.pt\/site\/#\/schema\/logo\/image\/\"}}]}<\/script>\n<!-- \/ Yoast SEO plugin. -->","yoast_head_json":{"title":"Comunicados - Agrupamento de Escolas de Vale D&#039;Este","robots":{"index":"index","follow":"follow","max-snippet":"max-snippet:-1","max-image-preview":"max-image-preview:large","max-video-preview":"max-video-preview:-1"},"canonical":"https:\/\/aevaledeste.pt\/site\/en\/comunicados\/","og_locale":"en_US","og_type":"article","og_title":"Comunicados - Agrupamento de Escolas de Vale D&#039;Este","og_description":"Agosto 07 2023 Estudo Amostral de Aferi\u00e7\u00e3o &#8211; 8.\u00ba Ano de Escolaridade Realiza\u00e7\u00e3o de um Estudo Amostral de Aferi\u00e7\u00e3o nas disciplinas de Matem\u00e1tica e Ingl\u00eas &#8211; 8.\u00ba&hellip; Posted in: Comunicado Ler mais","og_url":"https:\/\/aevaledeste.pt\/site\/en\/comunicados\/","og_site_name":"Agrupamento de Escolas de Vale D&#039;Este","article_modified_time":"2023-08-08T08:53:16+00:00","twitter_card":"summary_large_image","schema":{"@context":"https:\/\/schema.org","@graph":[{"@type":"WebPage","@id":"https:\/\/aevaledeste.pt\/site\/comunicados\/","url":"https:\/\/aevaledeste.pt\/site\/comunicados\/","name":"Comunicados - Agrupamento de Escolas de Vale D&#039;Este","isPartOf":{"@id":"https:\/\/aevaledeste.pt\/site\/#website"},"datePublished":"2023-08-07T22:51:02+00:00","dateModified":"2023-08-08T08:53:16+00:00","breadcrumb":{"@id":"https:\/\/aevaledeste.pt\/site\/comunicados\/#breadcrumb"},"inLanguage":"en-US","potentialAction":[{"@type":"ReadAction","target":["https:\/\/aevaledeste.pt\/site\/comunicados\/"]}]},{"@type":"BreadcrumbList","@id":"https:\/\/aevaledeste.pt\/site\/comunicados\/#breadcrumb","itemListElement":[{"@type":"ListItem","position":1,"name":"In\u00edcio","item":"https:\/\/aevaledeste.pt\/site\/"},{"@type":"ListItem","position":2,"name":"Comunicados"}]},{"@type":"WebSite","@id":"https:\/\/aevaledeste.pt\/site\/#website","url":"https:\/\/aevaledeste.pt\/site\/","name":"Agrupamento de Escolas de Vale D&#039;Este","description":"Faz a tua escolha!","publisher":{"@id":"https:\/\/aevaledeste.pt\/site\/#organization"},"potentialAction":[{"@type":"SearchAction","target":{"@type":"EntryPoint","urlTemplate":"https:\/\/aevaledeste.pt\/site\/?s={search_term_string}"},"query-input":{"@type":"PropertyValueSpecification","valueRequired":true,"valueName":"search_term_string"}}],"inLanguage":"en-US"},{"@type":"Organization","@id":"https:\/\/aevaledeste.pt\/site\/#organization","name":"Agrupamento de Escolas de Vale D&#039;Este","url":"https:\/\/aevaledeste.pt\/site\/","logo":{"@type":"ImageObject","inLanguage":"en-US","@id":"https:\/\/aevaledeste.pt\/site\/#\/schema\/logo\/image\/","url":"https:\/\/aevaledeste.pt\/site\/wp-content\/uploads\/2022\/09\/1-e1664446422139.png","contentUrl":"https:\/\/aevaledeste.pt\/site\/wp-content\/uploads\/2022\/09\/1-e1664446422139.png","width":600,"height":78,"caption":"Agrupamento de Escolas de Vale D&#039;Este"},"image":{"@id":"https:\/\/aevaledeste.pt\/site\/#\/schema\/logo\/image\/"}}]}},"_links":{"self":[{"href":"https:\/\/aevaledeste.pt\/site\/en\/wp-json\/wp\/v2\/pages\/2329","targetHints":{"allow":["GET"]}}],"collection":[{"href":"https:\/\/aevaledeste.pt\/site\/en\/wp-json\/wp\/v2\/pages"}],"about":[{"href":"https:\/\/aevaledeste.pt\/site\/en\/wp-json\/wp\/v2\/types\/page"}],"author":[{"embeddable":true,"href":"https:\/\/aevaledeste.pt\/site\/en\/wp-json\/wp\/v2\/users\/5"}],"replies":[{"embeddable":true,"href":"https:\/\/aevaledeste.pt\/site\/en\/wp-json\/wp\/v2\/comments?post=2329"}],"version-history":[{"count":7,"href":"https:\/\/aevaledeste.pt\/site\/en\/wp-json\/wp\/v2\/pages\/2329\/revisions"}],"predecessor-version":[{"id":2362,"href":"https:\/\/aevaledeste.pt\/site\/en\/wp-json\/wp\/v2\/pages\/2329\/revisions\/2362"}],"wp:attachment":[{"href":"https:\/\/aevaledeste.pt\/site\/en\/wp-json\/wp\/v2\/media?parent=2329"}],"curies":[{"name":"wp","href":"https:\/\/api.w.org\/{rel}","templated":true}]}}