{"id":2319,"date":"2023-08-07T22:19:10","date_gmt":"2023-08-07T22:19:10","guid":{"rendered":"https:\/\/aevaledeste.pt\/site\/?page_id=2319"},"modified":"2026-03-09T12:54:34","modified_gmt":"2026-03-09T12:54:34","slug":"exames-e-provas","status":"publish","type":"page","link":"https:\/\/aevaledeste.pt\/site\/en\/exames-e-provas\/","title":{"rendered":"Exames e Provas"},"content":{"rendered":"<div data-elementor-type=\"wp-page\" data-elementor-id=\"2319\" class=\"elementor elementor-2319\">\n\t\t\t\t\t\t<section class=\"elementor-section elementor-top-section elementor-element elementor-element-23c05d2 elementor-section-boxed elementor-section-height-default elementor-section-height-default\" data-id=\"23c05d2\" data-element_type=\"section\">\n\t\t\t\t\t\t<div class=\"elementor-container elementor-column-gap-default\">\n\t\t\t\t\t<div class=\"elementor-column elementor-col-100 elementor-top-column elementor-element elementor-element-480daa2\" data-id=\"480daa2\" data-element_type=\"column\">\n\t\t\t<div class=\"elementor-widget-wrap elementor-element-populated\">\n\t\t\t\t\t\t<div class=\"elementor-element elementor-element-a2ed1e1 elementor-widget elementor-widget-text-editor\" data-id=\"a2ed1e1\" data-element_type=\"widget\" data-widget_type=\"text-editor.default\">\n\t\t\t\t<div class=\"elementor-widget-container\">\n\t\t\t\t\t\t\t<blockquote>\n<h4><span class=\"wrap-accordion-title\">PROVAS FINAIS, EXAMES FINAIS NACIONAIS E PROVAS DE EQUIVAL\u00caNCIA \u00c0 FREQU\u00caNCIA<\/span><\/h4>\n<\/blockquote>\n<p><!-- \/wp:quote --><\/p>\n<p><!-- wp:paragraph --><\/p>\n<ul>\n<li>\n<h5>2026<\/h5>\n<ul>\n<li><a href=\"https:\/\/aevaledeste.pt\/site\/wp-content\/uploads\/2026\/03\/TabelaC_Cursos-Ensino-Secundario.pdf\" target=\"_blank\" rel=\"noopener\">TABELA C &#8211; Cursos de Ensino Secund\u00e1rio<\/a><\/li>\n<li><a href=\"https:\/\/aevaledeste.pt\/site\/wp-content\/uploads\/2026\/03\/Guia_geral_exames_2026.pdf\" target=\"_blank\" rel=\"noopener\">Guia Geral de Exames 2026<\/a><\/li>\n<li><a href=\"https:\/\/aevaledeste.pt\/site\/wp-content\/uploads\/2026\/03\/Despacho-Normativo_no3_2026.pdf\" target=\"_blank\" rel=\"noopener\">Despacho Normativo n.\u00ba 3\/2026<\/a><\/li>\n<li><a href=\"https:\/\/aevaledeste.pt\/site\/wp-content\/uploads\/2026\/03\/Norma_01_2026.pdf\" target=\"_blank\" rel=\"noopener\">NORMA 01\/JNE\/2026 &#8211; INSTRU\u00c7\u00d5ES PARA A INSCRI\u00c7\u00c3O NAS PROVAS E EXAMES DO ENSINO B\u00c1SICO E DO ENSINO SECUND\u00c1RIO<\/a><\/li>\n<\/ul>\n<\/li>\n<li>\n<h5>2024<\/h5>\n<ul>\n<li><a href=\"https:\/\/aevaledeste.pt\/site\/wp-content\/uploads\/2024\/06\/Sessoes_Preparacao_Provas_Exames.pdf\" target=\"_blank\" rel=\"noopener\">Sess\u00f5es de Prepara\u00e7\u00e3o para Provas Finais e Exames Finais Nacionais<\/a><\/li>\n<li><a href=\"https:\/\/aevaledeste.pt\/site\/wp-content\/uploads\/2024\/06\/provas-finais-informacao-EE-alunos-e-profs.pdf\" target=\"_blank\" rel=\"noopener\">Provas Finais de 9.\u00ba Ano de Escolaridade \u2013 Matem\u00e1tica (Prova 92) \u2013 Pais \/Encarregados de Educa\u00e7\u00e3o<\/a><\/li>\n<li><a href=\"https:\/\/aevaledeste.pt\/site\/wp-content\/uploads\/2024\/06\/Comunicado_Pais_9.oAno_2024-PDF-pagina-agrupamento.pdf\" target=\"_blank\" rel=\"noopener\">Provas Finais de Ciclo para o 9.\u00ba Ano de Escolaridade &#8211; Pais\/Encarregados de Educa\u00e7\u00e3o<\/a><\/li>\n<li><a href=\"https:\/\/aevaledeste.pt\/site\/wp-content\/uploads\/2024\/06\/norma_02_EE_alunos_DT_VF.pdf\" target=\"_blank\" rel=\"noopener\">Provas Finais, Exames Finais Nacionais e Provas de Equival\u00eancia \u00e0 Frequ\u00eancia &#8211; Informa\u00e7\u00f5es<\/a><\/li>\n<li><a href=\"https:\/\/aevaledeste.pt\/site\/wp-content\/uploads\/2024\/06\/Guia-para-a-realizacao-Provas-Afericao_atualizado.pdf\" target=\"_blank\" rel=\"noopener\">Guia para a realiza\u00e7\u00e3o Provas Aferi\u00e7\u00e3o<\/a><\/li>\n<li><a href=\"https:\/\/aevaledeste.pt\/site\/wp-content\/uploads\/2024\/06\/Norma-02_2024-2.pdf\" target=\"_blank\" rel=\"noopener\">NORMA 2\/JNE\/2024 &#8211; Instru\u00e7\u00f5es para a\u00a0 Realiza\u00e7\u00e3o Classifica\u00e7\u00e3o | Reaprecia\u00e7\u00e3o Reclama\u00e7\u00e3o: Provas e Exames do Ensino B\u00e1sico e do Ensino Secund\u00e1rio<\/a><\/li>\n<li><a href=\"https:\/\/aevaledeste.pt\/site\/wp-content\/uploads\/2024\/06\/Norma_01_2024.pdf\" target=\"_blank\" rel=\"noopener\">NORMA 01\/JNE\/2024 \u2013 Instru\u00e7\u00f5es para a Inscri\u00e7\u00e3o nas Provas e Exames do Ensino <\/a><a href=\"https:\/\/aevaledeste.pt\/site\/wp-content\/uploads\/2024\/06\/Norma_01_2024.pdf\" target=\"_blank\" rel=\"noopener\">B\u00e1sico e do Ensino Secund\u00e1rio<\/a><\/li>\n<\/ul>\n<\/li>\n<li>\n<h5>2023<\/h5>\n<ul>\n<li><a href=\"https:\/\/aevaledeste.pt\/site\/wp-content\/uploads\/2023\/08\/2023_norma_02_EE_alunos_DT.pdf\">Informa\u00e7\u00f5es relativas \u00e0 realiza\u00e7\u00e3o de provas Finais e Exames Nacionais.\u00a0<\/a><\/li>\n<\/ul>\n<\/li>\n<\/ul>\n<p><!-- \/wp:quote --><\/p>\n<p><!-- wp:paragraph --><\/p>\n<p><!-- \/wp:paragraph --><\/p>\t\t\t\t\t\t<\/div>\n\t\t\t\t<\/div>\n\t\t\t\t\t<\/div>\n\t\t<\/div>\n\t\t\t\t\t<\/div>\n\t\t<\/section>\n\t\t\t\t<\/div>","protected":false},"excerpt":{"rendered":"<p>PROVAS FINAIS, EXAMES FINAIS NACIONAIS E PROVAS DE EQUIVAL\u00caNCIA \u00c0 FREQU\u00caNCIA 2026 TABELA C &#8211; Cursos de Ensino Secund\u00e1rio Guia Geral de Exames 2026 Despacho Normativo n.\u00ba 3\/2026 NORMA 01\/JNE\/2026 &#8211; INSTRU\u00c7\u00d5ES PARA A INSCRI\u00c7\u00c3O NAS PROVAS E EXAMES DO ENSINO B\u00c1SICO E DO ENSINO&nbsp;<a href=\"https:\/\/aevaledeste.pt\/site\/en\/exames-e-provas\/\">&hellip;<\/a><\/p>","protected":false},"author":5,"featured_media":0,"parent":0,"menu_order":0,"comment_status":"closed","ping_status":"closed","template":"","meta":{"footnotes":""},"class_list":["post-2319","page","type-page","status-publish","hentry","odd"],"yoast_head":"<!-- This site is optimized with the Yoast SEO plugin v23.7 - https:\/\/yoast.com\/wordpress\/plugins\/seo\/ -->\n<title>Exames e Provas - Agrupamento de Escolas de Vale D&#039;Este<\/title>\n<meta name=\"robots\" content=\"index, follow, max-snippet:-1, max-image-preview:large, max-video-preview:-1\" \/>\n<link rel=\"canonical\" href=\"https:\/\/aevaledeste.pt\/site\/en\/exames-e-provas\/\" \/>\n<meta property=\"og:locale\" content=\"en_US\" \/>\n<meta property=\"og:type\" content=\"article\" \/>\n<meta property=\"og:title\" content=\"Exames e Provas - Agrupamento de Escolas de Vale D&#039;Este\" \/>\n<meta property=\"og:description\" content=\"PROVAS FINAIS, EXAMES FINAIS NACIONAIS E PROVAS DE EQUIVAL\u00caNCIA \u00c0 FREQU\u00caNCIA 2026 TABELA C &#8211; Cursos de Ensino Secund\u00e1rio Guia Geral de Exames 2026 Despacho Normativo n.\u00ba 3\/2026 NORMA 01\/JNE\/2026 &#8211; INSTRU\u00c7\u00d5ES PARA A INSCRI\u00c7\u00c3O NAS PROVAS E EXAMES DO ENSINO B\u00c1SICO E DO ENSINO&nbsp;&hellip;\" \/>\n<meta property=\"og:url\" content=\"https:\/\/aevaledeste.pt\/site\/en\/exames-e-provas\/\" \/>\n<meta property=\"og:site_name\" content=\"Agrupamento de Escolas de Vale D&#039;Este\" \/>\n<meta property=\"article:modified_time\" content=\"2026-03-09T12:54:34+00:00\" \/>\n<meta name=\"twitter:card\" content=\"summary_large_image\" \/>\n<meta name=\"twitter:label1\" content=\"Est. reading time\" \/>\n\t<meta name=\"twitter:data1\" content=\"1 minute\" \/>\n<script type=\"application\/ld+json\" class=\"yoast-schema-graph\">{\"@context\":\"https:\/\/schema.org\",\"@graph\":[{\"@type\":\"WebPage\",\"@id\":\"https:\/\/aevaledeste.pt\/site\/exames-e-provas\/\",\"url\":\"https:\/\/aevaledeste.pt\/site\/exames-e-provas\/\",\"name\":\"Exames e Provas - Agrupamento de Escolas de Vale D&#039;Este\",\"isPartOf\":{\"@id\":\"https:\/\/aevaledeste.pt\/site\/#website\"},\"datePublished\":\"2023-08-07T22:19:10+00:00\",\"dateModified\":\"2026-03-09T12:54:34+00:00\",\"breadcrumb\":{\"@id\":\"https:\/\/aevaledeste.pt\/site\/exames-e-provas\/#breadcrumb\"},\"inLanguage\":\"en-US\",\"potentialAction\":[{\"@type\":\"ReadAction\",\"target\":[\"https:\/\/aevaledeste.pt\/site\/exames-e-provas\/\"]}]},{\"@type\":\"BreadcrumbList\",\"@id\":\"https:\/\/aevaledeste.pt\/site\/exames-e-provas\/#breadcrumb\",\"itemListElement\":[{\"@type\":\"ListItem\",\"position\":1,\"name\":\"In\u00edcio\",\"item\":\"https:\/\/aevaledeste.pt\/site\/\"},{\"@type\":\"ListItem\",\"position\":2,\"name\":\"Exames e Provas\"}]},{\"@type\":\"WebSite\",\"@id\":\"https:\/\/aevaledeste.pt\/site\/#website\",\"url\":\"https:\/\/aevaledeste.pt\/site\/\",\"name\":\"Agrupamento de Escolas de Vale D&#039;Este\",\"description\":\"Faz a tua escolha!\",\"publisher\":{\"@id\":\"https:\/\/aevaledeste.pt\/site\/#organization\"},\"potentialAction\":[{\"@type\":\"SearchAction\",\"target\":{\"@type\":\"EntryPoint\",\"urlTemplate\":\"https:\/\/aevaledeste.pt\/site\/?s={search_term_string}\"},\"query-input\":{\"@type\":\"PropertyValueSpecification\",\"valueRequired\":true,\"valueName\":\"search_term_string\"}}],\"inLanguage\":\"en-US\"},{\"@type\":\"Organization\",\"@id\":\"https:\/\/aevaledeste.pt\/site\/#organization\",\"name\":\"Agrupamento de Escolas de Vale D&#039;Este\",\"url\":\"https:\/\/aevaledeste.pt\/site\/\",\"logo\":{\"@type\":\"ImageObject\",\"inLanguage\":\"en-US\",\"@id\":\"https:\/\/aevaledeste.pt\/site\/#\/schema\/logo\/image\/\",\"url\":\"https:\/\/aevaledeste.pt\/site\/wp-content\/uploads\/2022\/09\/1-e1664446422139.png\",\"contentUrl\":\"https:\/\/aevaledeste.pt\/site\/wp-content\/uploads\/2022\/09\/1-e1664446422139.png\",\"width\":600,\"height\":78,\"caption\":\"Agrupamento de Escolas de Vale D&#039;Este\"},\"image\":{\"@id\":\"https:\/\/aevaledeste.pt\/site\/#\/schema\/logo\/image\/\"}}]}<\/script>\n<!-- \/ Yoast SEO plugin. -->","yoast_head_json":{"title":"Exames e Provas - Agrupamento de Escolas de Vale D&#039;Este","robots":{"index":"index","follow":"follow","max-snippet":"max-snippet:-1","max-image-preview":"max-image-preview:large","max-video-preview":"max-video-preview:-1"},"canonical":"https:\/\/aevaledeste.pt\/site\/en\/exames-e-provas\/","og_locale":"en_US","og_type":"article","og_title":"Exames e Provas - Agrupamento de Escolas de Vale D&#039;Este","og_description":"PROVAS FINAIS, EXAMES FINAIS NACIONAIS E PROVAS DE EQUIVAL\u00caNCIA \u00c0 FREQU\u00caNCIA 2026 TABELA C &#8211; Cursos de Ensino Secund\u00e1rio Guia Geral de Exames 2026 Despacho Normativo n.\u00ba 3\/2026 NORMA 01\/JNE\/2026 &#8211; INSTRU\u00c7\u00d5ES PARA A INSCRI\u00c7\u00c3O NAS PROVAS E EXAMES DO ENSINO B\u00c1SICO E DO ENSINO&nbsp;&hellip;","og_url":"https:\/\/aevaledeste.pt\/site\/en\/exames-e-provas\/","og_site_name":"Agrupamento de Escolas de Vale D&#039;Este","article_modified_time":"2026-03-09T12:54:34+00:00","twitter_card":"summary_large_image","twitter_misc":{"Est. reading time":"1 minute"},"schema":{"@context":"https:\/\/schema.org","@graph":[{"@type":"WebPage","@id":"https:\/\/aevaledeste.pt\/site\/exames-e-provas\/","url":"https:\/\/aevaledeste.pt\/site\/exames-e-provas\/","name":"Exames e Provas - Agrupamento de Escolas de Vale D&#039;Este","isPartOf":{"@id":"https:\/\/aevaledeste.pt\/site\/#website"},"datePublished":"2023-08-07T22:19:10+00:00","dateModified":"2026-03-09T12:54:34+00:00","breadcrumb":{"@id":"https:\/\/aevaledeste.pt\/site\/exames-e-provas\/#breadcrumb"},"inLanguage":"en-US","potentialAction":[{"@type":"ReadAction","target":["https:\/\/aevaledeste.pt\/site\/exames-e-provas\/"]}]},{"@type":"BreadcrumbList","@id":"https:\/\/aevaledeste.pt\/site\/exames-e-provas\/#breadcrumb","itemListElement":[{"@type":"ListItem","position":1,"name":"In\u00edcio","item":"https:\/\/aevaledeste.pt\/site\/"},{"@type":"ListItem","position":2,"name":"Exames e Provas"}]},{"@type":"WebSite","@id":"https:\/\/aevaledeste.pt\/site\/#website","url":"https:\/\/aevaledeste.pt\/site\/","name":"Agrupamento de Escolas de Vale D&#039;Este","description":"Faz a tua escolha!","publisher":{"@id":"https:\/\/aevaledeste.pt\/site\/#organization"},"potentialAction":[{"@type":"SearchAction","target":{"@type":"EntryPoint","urlTemplate":"https:\/\/aevaledeste.pt\/site\/?s={search_term_string}"},"query-input":{"@type":"PropertyValueSpecification","valueRequired":true,"valueName":"search_term_string"}}],"inLanguage":"en-US"},{"@type":"Organization","@id":"https:\/\/aevaledeste.pt\/site\/#organization","name":"Agrupamento de Escolas de Vale D&#039;Este","url":"https:\/\/aevaledeste.pt\/site\/","logo":{"@type":"ImageObject","inLanguage":"en-US","@id":"https:\/\/aevaledeste.pt\/site\/#\/schema\/logo\/image\/","url":"https:\/\/aevaledeste.pt\/site\/wp-content\/uploads\/2022\/09\/1-e1664446422139.png","contentUrl":"https:\/\/aevaledeste.pt\/site\/wp-content\/uploads\/2022\/09\/1-e1664446422139.png","width":600,"height":78,"caption":"Agrupamento de Escolas de Vale D&#039;Este"},"image":{"@id":"https:\/\/aevaledeste.pt\/site\/#\/schema\/logo\/image\/"}}]}},"_links":{"self":[{"href":"https:\/\/aevaledeste.pt\/site\/en\/wp-json\/wp\/v2\/pages\/2319","targetHints":{"allow":["GET"]}}],"collection":[{"href":"https:\/\/aevaledeste.pt\/site\/en\/wp-json\/wp\/v2\/pages"}],"about":[{"href":"https:\/\/aevaledeste.pt\/site\/en\/wp-json\/wp\/v2\/types\/page"}],"author":[{"embeddable":true,"href":"https:\/\/aevaledeste.pt\/site\/en\/wp-json\/wp\/v2\/users\/5"}],"replies":[{"embeddable":true,"href":"https:\/\/aevaledeste.pt\/site\/en\/wp-json\/wp\/v2\/comments?post=2319"}],"version-history":[{"count":34,"href":"https:\/\/aevaledeste.pt\/site\/en\/wp-json\/wp\/v2\/pages\/2319\/revisions"}],"predecessor-version":[{"id":10047,"href":"https:\/\/aevaledeste.pt\/site\/en\/wp-json\/wp\/v2\/pages\/2319\/revisions\/10047"}],"wp:attachment":[{"href":"https:\/\/aevaledeste.pt\/site\/en\/wp-json\/wp\/v2\/media?parent=2319"}],"curies":[{"name":"wp","href":"https:\/\/api.w.org\/{rel}","templated":true}]}}