{"id":2311,"date":"2023-08-07T21:59:16","date_gmt":"2023-08-07T21:59:16","guid":{"rendered":"https:\/\/aevaledeste.pt\/site\/?page_id=2311"},"modified":"2023-08-07T22:07:06","modified_gmt":"2023-08-07T22:07:06","slug":"plano-contingencia-covid","status":"publish","type":"page","link":"https:\/\/aevaledeste.pt\/site\/en\/plano-contingencia-covid\/","title":{"rendered":"Plano Conting\u00eancia Covid"},"content":{"rendered":"<div data-elementor-type=\"wp-page\" data-elementor-id=\"2311\" class=\"elementor elementor-2311\">\n\t\t\t\t\t\t<section class=\"elementor-section elementor-top-section elementor-element elementor-element-23c05d2 elementor-section-boxed elementor-section-height-default elementor-section-height-default\" data-id=\"23c05d2\" data-element_type=\"section\">\n\t\t\t\t\t\t<div class=\"elementor-container elementor-column-gap-default\">\n\t\t\t\t\t<div class=\"elementor-column elementor-col-100 elementor-top-column elementor-element elementor-element-480daa2\" data-id=\"480daa2\" data-element_type=\"column\">\n\t\t\t<div class=\"elementor-widget-wrap elementor-element-populated\">\n\t\t\t\t\t\t<div class=\"elementor-element elementor-element-a2ed1e1 elementor-widget elementor-widget-text-editor\" data-id=\"a2ed1e1\" data-element_type=\"widget\" data-widget_type=\"text-editor.default\">\n\t\t\t\t<div class=\"elementor-widget-container\">\n\t\t\t\t\t\t\t<p><!-- wp:paragraph --><\/p>\n<blockquote>\n<h4><span class=\"wrap-accordion-title\">PLANO DE CONTING\u00caNCIA COVID<\/span><\/h4>\n<\/blockquote>\n<p><!-- \/wp:quote --><\/p>\n<p><!-- wp:paragraph --><\/p>\n<ul>\n<li>Plano de Organiza\u00e7\u00e3o do Ano Letivo 2020-2021. Dispon\u00edvel <a href=\"https:\/\/aevaledeste.pt\/site\/wp-content\/uploads\/2023\/08\/Plano_Organizacao_Covid.pdf\">aqui.<\/a>\u00a0<\/li>\n<li>Regresso ao Jardim de Inf\u00e2ncia em Regime Presencial: Orienta\u00e7\u00f5es Gerais dispon\u00edveis <a href=\"https:\/\/aevaledeste.pt\/site\/wp-content\/uploads\/2023\/08\/Plano_Regr_Aulas_Pres_Pre_Escolar.pdf\">aqui.<\/a><\/li>\n<\/ul>\n<p><!-- \/wp:quote --><\/p>\n<p><!-- wp:paragraph --><\/p>\n<p><!-- \/wp:paragraph --><\/p>\t\t\t\t\t\t<\/div>\n\t\t\t\t<\/div>\n\t\t\t\t\t<\/div>\n\t\t<\/div>\n\t\t\t\t\t<\/div>\n\t\t<\/section>\n\t\t\t\t<\/div>","protected":false},"excerpt":{"rendered":"<p>PLANO DE CONTING\u00caNCIA COVID Plano de Organiza\u00e7\u00e3o do Ano Letivo 2020-2021. Dispon\u00edvel aqui.\u00a0 Regresso ao Jardim de Inf\u00e2ncia em Regime Presencial: Orienta\u00e7\u00f5es Gerais dispon\u00edveis aqui.<\/p>","protected":false},"author":5,"featured_media":0,"parent":0,"menu_order":0,"comment_status":"closed","ping_status":"closed","template":"","meta":{"footnotes":""},"class_list":["post-2311","page","type-page","status-publish","hentry","odd"],"yoast_head":"<!-- This site is optimized with the Yoast SEO plugin v23.7 - https:\/\/yoast.com\/wordpress\/plugins\/seo\/ -->\n<title>Plano Conting\u00eancia Covid - Agrupamento de Escolas de Vale D&#039;Este<\/title>\n<meta name=\"robots\" content=\"index, follow, max-snippet:-1, max-image-preview:large, max-video-preview:-1\" \/>\n<link rel=\"canonical\" href=\"https:\/\/aevaledeste.pt\/site\/en\/plano-contingencia-covid\/\" \/>\n<meta property=\"og:locale\" content=\"en_US\" \/>\n<meta property=\"og:type\" content=\"article\" \/>\n<meta property=\"og:title\" content=\"Plano Conting\u00eancia Covid - Agrupamento de Escolas de Vale D&#039;Este\" \/>\n<meta property=\"og:description\" content=\"PLANO DE CONTING\u00caNCIA COVID Plano de Organiza\u00e7\u00e3o do Ano Letivo 2020-2021. Dispon\u00edvel aqui.\u00a0 Regresso ao Jardim de Inf\u00e2ncia em Regime Presencial: Orienta\u00e7\u00f5es Gerais dispon\u00edveis aqui.\" \/>\n<meta property=\"og:url\" content=\"https:\/\/aevaledeste.pt\/site\/en\/plano-contingencia-covid\/\" \/>\n<meta property=\"og:site_name\" content=\"Agrupamento de Escolas de Vale D&#039;Este\" \/>\n<meta property=\"article:modified_time\" content=\"2023-08-07T22:07:06+00:00\" \/>\n<meta name=\"twitter:card\" content=\"summary_large_image\" \/>\n<script type=\"application\/ld+json\" class=\"yoast-schema-graph\">{\"@context\":\"https:\/\/schema.org\",\"@graph\":[{\"@type\":\"WebPage\",\"@id\":\"https:\/\/aevaledeste.pt\/site\/plano-contingencia-covid\/\",\"url\":\"https:\/\/aevaledeste.pt\/site\/plano-contingencia-covid\/\",\"name\":\"Plano Conting\u00eancia Covid - Agrupamento de Escolas de Vale D&#039;Este\",\"isPartOf\":{\"@id\":\"https:\/\/aevaledeste.pt\/site\/#website\"},\"datePublished\":\"2023-08-07T21:59:16+00:00\",\"dateModified\":\"2023-08-07T22:07:06+00:00\",\"breadcrumb\":{\"@id\":\"https:\/\/aevaledeste.pt\/site\/plano-contingencia-covid\/#breadcrumb\"},\"inLanguage\":\"en-US\",\"potentialAction\":[{\"@type\":\"ReadAction\",\"target\":[\"https:\/\/aevaledeste.pt\/site\/plano-contingencia-covid\/\"]}]},{\"@type\":\"BreadcrumbList\",\"@id\":\"https:\/\/aevaledeste.pt\/site\/plano-contingencia-covid\/#breadcrumb\",\"itemListElement\":[{\"@type\":\"ListItem\",\"position\":1,\"name\":\"In\u00edcio\",\"item\":\"https:\/\/aevaledeste.pt\/site\/\"},{\"@type\":\"ListItem\",\"position\":2,\"name\":\"Plano Conting\u00eancia Covid\"}]},{\"@type\":\"WebSite\",\"@id\":\"https:\/\/aevaledeste.pt\/site\/#website\",\"url\":\"https:\/\/aevaledeste.pt\/site\/\",\"name\":\"Agrupamento de Escolas de Vale D&#039;Este\",\"description\":\"Faz a tua escolha!\",\"publisher\":{\"@id\":\"https:\/\/aevaledeste.pt\/site\/#organization\"},\"potentialAction\":[{\"@type\":\"SearchAction\",\"target\":{\"@type\":\"EntryPoint\",\"urlTemplate\":\"https:\/\/aevaledeste.pt\/site\/?s={search_term_string}\"},\"query-input\":{\"@type\":\"PropertyValueSpecification\",\"valueRequired\":true,\"valueName\":\"search_term_string\"}}],\"inLanguage\":\"en-US\"},{\"@type\":\"Organization\",\"@id\":\"https:\/\/aevaledeste.pt\/site\/#organization\",\"name\":\"Agrupamento de Escolas de Vale D&#039;Este\",\"url\":\"https:\/\/aevaledeste.pt\/site\/\",\"logo\":{\"@type\":\"ImageObject\",\"inLanguage\":\"en-US\",\"@id\":\"https:\/\/aevaledeste.pt\/site\/#\/schema\/logo\/image\/\",\"url\":\"https:\/\/aevaledeste.pt\/site\/wp-content\/uploads\/2022\/09\/1-e1664446422139.png\",\"contentUrl\":\"https:\/\/aevaledeste.pt\/site\/wp-content\/uploads\/2022\/09\/1-e1664446422139.png\",\"width\":600,\"height\":78,\"caption\":\"Agrupamento de Escolas de Vale D&#039;Este\"},\"image\":{\"@id\":\"https:\/\/aevaledeste.pt\/site\/#\/schema\/logo\/image\/\"}}]}<\/script>\n<!-- \/ Yoast SEO plugin. -->","yoast_head_json":{"title":"Plano Conting\u00eancia Covid - Agrupamento de Escolas de Vale D&#039;Este","robots":{"index":"index","follow":"follow","max-snippet":"max-snippet:-1","max-image-preview":"max-image-preview:large","max-video-preview":"max-video-preview:-1"},"canonical":"https:\/\/aevaledeste.pt\/site\/en\/plano-contingencia-covid\/","og_locale":"en_US","og_type":"article","og_title":"Plano Conting\u00eancia Covid - Agrupamento de Escolas de Vale D&#039;Este","og_description":"PLANO DE CONTING\u00caNCIA COVID Plano de Organiza\u00e7\u00e3o do Ano Letivo 2020-2021. Dispon\u00edvel aqui.\u00a0 Regresso ao Jardim de Inf\u00e2ncia em Regime Presencial: Orienta\u00e7\u00f5es Gerais dispon\u00edveis aqui.","og_url":"https:\/\/aevaledeste.pt\/site\/en\/plano-contingencia-covid\/","og_site_name":"Agrupamento de Escolas de Vale D&#039;Este","article_modified_time":"2023-08-07T22:07:06+00:00","twitter_card":"summary_large_image","schema":{"@context":"https:\/\/schema.org","@graph":[{"@type":"WebPage","@id":"https:\/\/aevaledeste.pt\/site\/plano-contingencia-covid\/","url":"https:\/\/aevaledeste.pt\/site\/plano-contingencia-covid\/","name":"Plano Conting\u00eancia Covid - Agrupamento de Escolas de Vale D&#039;Este","isPartOf":{"@id":"https:\/\/aevaledeste.pt\/site\/#website"},"datePublished":"2023-08-07T21:59:16+00:00","dateModified":"2023-08-07T22:07:06+00:00","breadcrumb":{"@id":"https:\/\/aevaledeste.pt\/site\/plano-contingencia-covid\/#breadcrumb"},"inLanguage":"en-US","potentialAction":[{"@type":"ReadAction","target":["https:\/\/aevaledeste.pt\/site\/plano-contingencia-covid\/"]}]},{"@type":"BreadcrumbList","@id":"https:\/\/aevaledeste.pt\/site\/plano-contingencia-covid\/#breadcrumb","itemListElement":[{"@type":"ListItem","position":1,"name":"In\u00edcio","item":"https:\/\/aevaledeste.pt\/site\/"},{"@type":"ListItem","position":2,"name":"Plano Conting\u00eancia Covid"}]},{"@type":"WebSite","@id":"https:\/\/aevaledeste.pt\/site\/#website","url":"https:\/\/aevaledeste.pt\/site\/","name":"Agrupamento de Escolas de Vale D&#039;Este","description":"Faz a tua escolha!","publisher":{"@id":"https:\/\/aevaledeste.pt\/site\/#organization"},"potentialAction":[{"@type":"SearchAction","target":{"@type":"EntryPoint","urlTemplate":"https:\/\/aevaledeste.pt\/site\/?s={search_term_string}"},"query-input":{"@type":"PropertyValueSpecification","valueRequired":true,"valueName":"search_term_string"}}],"inLanguage":"en-US"},{"@type":"Organization","@id":"https:\/\/aevaledeste.pt\/site\/#organization","name":"Agrupamento de Escolas de Vale D&#039;Este","url":"https:\/\/aevaledeste.pt\/site\/","logo":{"@type":"ImageObject","inLanguage":"en-US","@id":"https:\/\/aevaledeste.pt\/site\/#\/schema\/logo\/image\/","url":"https:\/\/aevaledeste.pt\/site\/wp-content\/uploads\/2022\/09\/1-e1664446422139.png","contentUrl":"https:\/\/aevaledeste.pt\/site\/wp-content\/uploads\/2022\/09\/1-e1664446422139.png","width":600,"height":78,"caption":"Agrupamento de Escolas de Vale D&#039;Este"},"image":{"@id":"https:\/\/aevaledeste.pt\/site\/#\/schema\/logo\/image\/"}}]}},"_links":{"self":[{"href":"https:\/\/aevaledeste.pt\/site\/en\/wp-json\/wp\/v2\/pages\/2311","targetHints":{"allow":["GET"]}}],"collection":[{"href":"https:\/\/aevaledeste.pt\/site\/en\/wp-json\/wp\/v2\/pages"}],"about":[{"href":"https:\/\/aevaledeste.pt\/site\/en\/wp-json\/wp\/v2\/types\/page"}],"author":[{"embeddable":true,"href":"https:\/\/aevaledeste.pt\/site\/en\/wp-json\/wp\/v2\/users\/5"}],"replies":[{"embeddable":true,"href":"https:\/\/aevaledeste.pt\/site\/en\/wp-json\/wp\/v2\/comments?post=2311"}],"version-history":[{"count":4,"href":"https:\/\/aevaledeste.pt\/site\/en\/wp-json\/wp\/v2\/pages\/2311\/revisions"}],"predecessor-version":[{"id":2317,"href":"https:\/\/aevaledeste.pt\/site\/en\/wp-json\/wp\/v2\/pages\/2311\/revisions\/2317"}],"wp:attachment":[{"href":"https:\/\/aevaledeste.pt\/site\/en\/wp-json\/wp\/v2\/media?parent=2311"}],"curies":[{"name":"wp","href":"https:\/\/api.w.org\/{rel}","templated":true}]}}