{"id":2291,"date":"2023-08-07T20:55:13","date_gmt":"2023-08-07T20:55:13","guid":{"rendered":"https:\/\/aevaledeste.pt\/site\/?page_id=2291"},"modified":"2025-09-18T11:49:08","modified_gmt":"2025-09-18T11:49:08","slug":"servico-de-psicologia-e-orientacao","status":"publish","type":"page","link":"https:\/\/aevaledeste.pt\/site\/en\/servico-de-psicologia-e-orientacao\/","title":{"rendered":"Servi\u00e7o de Psicologia e Orienta\u00e7\u00e3o"},"content":{"rendered":"<div data-elementor-type=\"wp-page\" data-elementor-id=\"2291\" class=\"elementor elementor-2291\">\n\t\t\t\t\t\t<section class=\"elementor-section elementor-top-section elementor-element elementor-element-23c05d2 elementor-section-boxed elementor-section-height-default elementor-section-height-default\" data-id=\"23c05d2\" data-element_type=\"section\">\n\t\t\t\t\t\t<div class=\"elementor-container elementor-column-gap-default\">\n\t\t\t\t\t<div class=\"elementor-column elementor-col-100 elementor-top-column elementor-element elementor-element-480daa2\" data-id=\"480daa2\" data-element_type=\"column\">\n\t\t\t<div class=\"elementor-widget-wrap elementor-element-populated\">\n\t\t\t\t\t\t<div class=\"elementor-element elementor-element-a2ed1e1 elementor-widget elementor-widget-text-editor\" data-id=\"a2ed1e1\" data-element_type=\"widget\" data-widget_type=\"text-editor.default\">\n\t\t\t\t<div class=\"elementor-widget-container\">\n\t\t\t\t\t\t\t<blockquote>\n<h4>SERVI\u00c7O DE PSICOLOGIA E ORIENTA\u00c7\u00c3O<\/h4>\n<\/blockquote>\n<p><!-- \/wp:quote --><\/p>\n<p><!-- wp:paragraph --><\/p>\n<p>O Servi\u00e7o de Psicologia e Orienta\u00e7\u00e3o (SPO) \u00e9 uma unidade especializada de apoio educativo que visa apoiar a comunidade educativa na promo\u00e7\u00e3o do sucesso escolar. De acordo com o Decreto-Lei n\u00ba190\/91 de 17 de maio, este servi\u00e7o atua em tr\u00eas \u00e1reas espec\u00edficas:<\/p>\n<ul>\n<li>Apoio psicopedag\u00f3gico<\/li>\n<li>Orienta\u00e7\u00e3o Escolar e Profissional<\/li>\n<li>Apoio ao desenvolvimento das rela\u00e7\u00f5es na comunidade educativa<\/li>\n<\/ul>\n<p><!-- \/wp:quote --><\/p>\n<p><!-- wp:paragraph --><\/p>\n<p><!-- \/wp:paragraph --><\/p>\t\t\t\t\t\t<\/div>\n\t\t\t\t<\/div>\n\t\t\t\t\t<\/div>\n\t\t<\/div>\n\t\t\t\t\t<\/div>\n\t\t<\/section>\n\t\t\t\t<section class=\"elementor-section elementor-top-section elementor-element elementor-element-582c479 elementor-section-boxed elementor-section-height-default elementor-section-height-default\" data-id=\"582c479\" data-element_type=\"section\">\n\t\t\t\t\t\t<div class=\"elementor-container elementor-column-gap-default\">\n\t\t\t\t\t<div class=\"elementor-column elementor-col-100 elementor-top-column elementor-element elementor-element-976fcdf\" data-id=\"976fcdf\" data-element_type=\"column\">\n\t\t\t<div class=\"elementor-widget-wrap elementor-element-populated\">\n\t\t\t\t\t\t<div class=\"elementor-element elementor-element-6a9a934 elementor-widget elementor-widget-text-editor\" data-id=\"6a9a934\" data-element_type=\"widget\" data-widget_type=\"text-editor.default\">\n\t\t\t\t<div class=\"elementor-widget-container\">\n\t\t\t\t\t\t\t<blockquote>\n<h4>EQUIPA RESPONS\u00c1VEL<\/h4>\n<\/blockquote>\n<p><!-- \/wp:quote --><\/p>\n<p><!-- wp:paragraph --><\/p>\n<section id=\"sp-main-body\">\n<div class=\"container\">\n<div class=\"row\">\n<div id=\"sp-component\" class=\"col-sm-12 col-md-12\">\n<div class=\"sp-column\">\n<div class=\"qx quix\">\n<div class=\"qx-inner windows_nt_10_0 frontend\">\n<div id=\"qx-section-712\" class=\"qx-section\">\n<div class=\"qx-container\">\n<div class=\"qx-rows\">\n<div id=\"qx-row-91103\" class=\"qx-row-wrap\">\n<div class=\"qx-row\">\n<div id=\"qx-column-76106\" class=\"qx-column\">\n<div class=\"qx-col-wrap\">\n<div class=\"qx-elements-wrap\">\n<div class=\"qx-element-wrap\">\n<div id=\"qx-text-37179\" class=\"qx-element qx-element-text-v2\">\n<ul>\n<li><strong>E-mail: <\/strong>spo.viatodos@aevaledeste.pt<\/li>\n<li>Marta Fernandes (<a href=\"mailto:martafernandes.spo@aevaledeste.pt\">martafernandes.spo@aevaledeste.pt<\/a>)<\/li>\n<li>Patr\u00edcia Oliveira (<a href=\"mailto:patriciaoliveira.spo@aevaledeste.pt\">patriciaoliveira.spo@aevaledeste.pt<\/a>)<\/li>\n<\/ul>\n<\/div>\n<\/div>\n<\/div>\n<\/div>\n<\/div>\n<\/div>\n<\/div>\n<\/div>\n<\/div>\n<\/div>\n<\/div>\n<\/div>\n<\/div>\n<\/div>\n<\/div>\n<\/div>\n<\/section>\n<section id=\"sp-bottom\">\n<div class=\"container\">\n<div class=\"row\">\n<div id=\"sp-bottom1\" class=\"col-sm-6 col-md-3\">\n<div class=\"sp-column\">\u00a0<\/div>\n<\/div>\n<\/div>\n<\/div>\n<\/section>\n<p><!-- \/wp:quote --><\/p>\n<p><!-- wp:paragraph --><\/p>\n<p><!-- \/wp:paragraph --><\/p>\t\t\t\t\t\t<\/div>\n\t\t\t\t<\/div>\n\t\t\t\t\t<\/div>\n\t\t<\/div>\n\t\t\t\t\t<\/div>\n\t\t<\/section>\n\t\t\t\t<section class=\"elementor-section elementor-top-section elementor-element elementor-element-a584585 elementor-section-boxed elementor-section-height-default elementor-section-height-default\" data-id=\"a584585\" data-element_type=\"section\">\n\t\t\t\t\t\t<div class=\"elementor-container elementor-column-gap-default\">\n\t\t\t\t\t<div class=\"elementor-column elementor-col-100 elementor-top-column elementor-element elementor-element-2d87cfb\" data-id=\"2d87cfb\" data-element_type=\"column\">\n\t\t\t<div class=\"elementor-widget-wrap elementor-element-populated\">\n\t\t\t\t\t\t<div class=\"elementor-element elementor-element-a3094c5 elementor-widget elementor-widget-text-editor\" data-id=\"a3094c5\" data-element_type=\"widget\" data-widget_type=\"text-editor.default\">\n\t\t\t\t<div class=\"elementor-widget-container\">\n\t\t\t\t\t\t\t<blockquote>\n<h4>HOR\u00c1RIOS<\/h4>\n<\/blockquote>\n<p><!-- \/wp:quote --><\/p>\n<p><!-- wp:paragraph --><\/p>\n<div class=\"qx-element-wrap\">\n<div id=\"qx-text-46220\" class=\"qx-element qx-element-text-v2\">\n<ul>\n<li><b>Segunda-feira<\/b><\/li>\n<\/ul>\n<div>\u00a0 \u00a0 \u00a0 08:30 Horas &#8211; 13:15 Horas<\/div>\n<div>\u00a0 \u00a0 \u00a0 14:15 Horas &#8211; 16:30 Horas<\/div>\n<ul>\n<li><b>Ter\u00e7a-feira<\/b><\/li>\n<\/ul>\n<div>\u00a0 \u00a0 \u00a0 08:30 Horas &#8211; 13:15 Horas\n<div>\u00a0 \u00a0 \u00a0 14:15 Horas &#8211; 16:30 Horas<\/div>\n<\/div>\n<ul>\n<li><b>Quarta-feira<\/b><\/li>\n<\/ul>\n<div>\u00a0 \u00a0 \u00a0 08:30 Horas &#8211; 13:15 Horas\n<div>\u00a0 \u00a0 \u00a0 14:15 Horas &#8211; 16:30 Horas<\/div>\n<\/div>\n<ul>\n<li><b>Quinta-feira<\/b><\/li>\n<\/ul>\n<div>\u00a0 \u00a0 \u00a0 08:30 Horas &#8211; 13:15 Horas\n<div>\u00a0 \u00a0 \u00a0 14:15 Horas &#8211; 16:30 Horas<\/div>\n<div>\n<ul>\n<li><b>Sexta-feira<\/b><\/li>\n<\/ul>\n<div>\u00a0 \u00a0 \u00a0 08:30 Horas &#8211; 13:00 Horas\n<div>\u00a0 \u00a0 \u00a0\u00a0<\/div>\n<\/div>\n<\/div>\n<\/div>\n<\/div>\n<\/div>\n<p><!-- \/wp:quote --><\/p>\n<p><!-- wp:paragraph --><\/p>\n<p><!-- \/wp:paragraph --><\/p>\t\t\t\t\t\t<\/div>\n\t\t\t\t<\/div>\n\t\t\t\t\t<\/div>\n\t\t<\/div>\n\t\t\t\t\t<\/div>\n\t\t<\/section>\n\t\t\t\t<section class=\"elementor-section elementor-top-section elementor-element elementor-element-25b030b elementor-section-boxed elementor-section-height-default elementor-section-height-default\" data-id=\"25b030b\" data-element_type=\"section\">\n\t\t\t\t\t\t<div class=\"elementor-container elementor-column-gap-default\">\n\t\t\t\t\t<div class=\"elementor-column elementor-col-100 elementor-top-column elementor-element elementor-element-f169dca\" data-id=\"f169dca\" data-element_type=\"column\">\n\t\t\t<div class=\"elementor-widget-wrap elementor-element-populated\">\n\t\t\t\t\t\t<div class=\"elementor-element elementor-element-f4b4064 elementor-widget elementor-widget-text-editor\" data-id=\"f4b4064\" data-element_type=\"widget\" data-widget_type=\"text-editor.default\">\n\t\t\t\t<div class=\"elementor-widget-container\">\n\t\t\t\t\t\t\t<blockquote>\n<h4><span class=\"wrap-accordion-title\">PRIORIDADES DE INTERVEN\u00c7\u00c3O<\/span><\/h4>\n<\/blockquote>\n<p><!-- \/wp:quote --><\/p>\n<p><!-- wp:paragraph --><\/p>\n<p>No sentido de otimizar o funcionamento dos servi\u00e7os, \u00e9 estabelecido um sistema de prioriza\u00e7\u00e3o dos casos sinalizados, que define e operacionaliza as \u00e1reas de interven\u00e7\u00e3o do SPO. Assim, o sistema de prioriza\u00e7\u00e3o das situa\u00e7\u00f5es identificadas carateriza-se da seguinte forma:<\/p>\n<ol>\n<li>\u00a0Situa\u00e7\u00f5es que envolvem risco, perigo ou urg\u00eancia;<\/li>\n<li>Alunos com dificuldades de aprendizagem ou relacionadas com o contexto escolar (problemas de comportamento ou indisciplina, desmotiva\u00e7\u00e3o acad\u00e9mica, bullying, ansiedade de desempenho);<\/li>\n<li>Alunos identificados ao abrigo do DL 54\/2018, cuja medida de suporte \u00e0 aprendizagem e inclus\u00e3o seja no \u00e2mbito da interven\u00e7\u00e3o dos SPO;<\/li>\n<li>Orienta\u00e7\u00e3o vocacional e situa\u00e7\u00f5es de reorienta\u00e7\u00e3o dos percursos formativos;<\/li>\n<li>Alunos que apresentem perturba\u00e7\u00e3o emocional, com impacto significativo na aprendizagem e cuja interven\u00e7\u00e3o se coadune com o espa\u00e7o escolar.<\/li>\n<\/ol>\n<p>\u00a0<\/p>\n<p><!-- \/wp:quote --><\/p>\n<p><!-- wp:paragraph --><\/p>\n<p><!-- \/wp:paragraph --><\/p>\t\t\t\t\t\t<\/div>\n\t\t\t\t<\/div>\n\t\t\t\t<div class=\"elementor-element elementor-element-e67845b elementor-widget elementor-widget-text-editor\" data-id=\"e67845b\" data-element_type=\"widget\" data-widget_type=\"text-editor.default\">\n\t\t\t\t<div class=\"elementor-widget-container\">\n\t\t\t\t\t\t\t<blockquote>\n<h4><span class=\"wrap-accordion-title\">PRINCIPAIS DOM\u00cdNIOS DE INTERVEN\u00c7\u00c3O<\/span><\/h4>\n<\/blockquote>\n<p><!-- \/wp:quote --><\/p>\n<p><!-- wp:paragraph --><\/p>\n<p>Apoio psicopedag\u00f3gico \u2013 atividades que visam contribuir para o desenvolvimento integral do aluno, intervindo a n\u00edvel psicol\u00f3gico e psicopedag\u00f3gico ao longo do seu percurso escolar, nomeadamente:<\/p>\n<ol>\n<li>Participar na identifica\u00e7\u00e3o e an\u00e1lise das causas de insucesso escolar e apoiar ou propor o desenho, a implementa\u00e7\u00e3o e a avalia\u00e7\u00e3o de interven\u00e7\u00f5es alargadas com vista \u00e0 promo\u00e7\u00e3o do desenvolvimento global dos alunos;<\/li>\n<li>Proceder \u00e0 avalia\u00e7\u00e3o global de situa\u00e7\u00f5es relacionadas com o desenvolvimento, aprendizagem e comportamento, atrav\u00e9s de processos de avalia\u00e7\u00e3o psicol\u00f3gica e psicopedag\u00f3gica;<\/li>\n<li>Colaborar com a Equipa Multidisciplinar de Apoio \u00e0 Educa\u00e7\u00e3o Inclusiva (EMAEI), na avalia\u00e7\u00e3o e na interven\u00e7\u00e3o multidisciplinar, bem como na proposta de medidas de suporte \u00e0 aprendizagem e \u00e0 inclus\u00e3o e na implementa\u00e7\u00e3o do trabalho colaborativo com demais agentes educativos;<\/li>\n<li>Desenvolver a\u00e7\u00f5es de interven\u00e7\u00e3o direta e indireta, em grupo ou individual de refor\u00e7o de compet\u00eancias cognitivas, emocionais, sociais e intrapessoais.<\/li>\n<\/ol>\n<p>Orienta\u00e7\u00e3o escolar e profissional \u2013 atividades que visam capacitar os alunos a identificar as suas capacidades, compet\u00eancias e interesses, a tomarem decis\u00f5es em mat\u00e9ria de educa\u00e7\u00e3o, forma\u00e7\u00e3o e emprego e a gerirem o seu percurso individual no ensino e no trabalho, designadamente:<\/p>\n<ol>\n<li>Apoiar os alunos no processo de desenvolvimento da sua identidade, autonomia na pesquisa de informa\u00e7\u00e3o e aquisi\u00e7\u00e3o de compet\u00eancias de gest\u00e3o de carreira, atrav\u00e9s da implementa\u00e7\u00e3o de programas estruturados de interven\u00e7\u00e3o na carreira;<\/li>\n<li>Realizar a\u00e7\u00f5es de informa\u00e7\u00e3o sobre o sistema educativo e formativo sobre a oferta existente a n\u00edvel nacional e comunit\u00e1rio;<\/li>\n<li>Colaborar na organiza\u00e7\u00e3o e no acompanhamento de visitas de estudo e atividades de explora\u00e7\u00e3o do mercado de trabalho;<\/li>\n<li>Preparar as transi\u00e7\u00f5es ao longo do percurso educativo e profissional, em colabora\u00e7\u00e3o com outras entidades e agentes educativos da comunidade;<\/li>\n<li>Dinamizar a\u00e7\u00f5es de informa\u00e7\u00e3o e sensibiliza\u00e7\u00e3o dos pais e encarregados de educa\u00e7\u00e3o e da comunidade em geral, sobre aspetos inerentes a tomadas de decis\u00e3o de carreira.<\/li>\n<\/ol>\n<p>Apoio ao desenvolvimento de sistemas de rela\u00e7\u00f5es da comunidade educativa \u2013 a\u00e7\u00f5es que visam mobilizar os diversos agentes educativos, entidades e servi\u00e7os da comunidade com vista ao desenvolvimento e melhoria das respostas educativas, tais como:<\/p>\n<ol>\n<li>Colaborar, na sua \u00e1rea de especialidade, com os \u00f3rg\u00e3os de administra\u00e7\u00e3o e gest\u00e3o, bem como com o Conselho Pedag\u00f3gico do Agrupamento;<\/li>\n<li>Colaborar e intervir em a\u00e7\u00f5es destinadas a prevenir o abandono precoce e absentismo;<\/li>\n<li>Colaborar em a\u00e7\u00f5es comunit\u00e1rias destinadas a promover a sa\u00fade mental e o bem-estar, nomeadamente atrav\u00e9s da elabora\u00e7\u00e3o de projetos, articulando com institui\u00e7\u00f5es da comunidade e da organiza\u00e7\u00e3o de a\u00e7\u00f5es dirigidas a diferentes intervenientes educativos;<br \/>d) Colaborar com a Equipa Multidisciplinar de Apoio \u00e0 Educa\u00e7\u00e3o Inclusiva (EMAEI), com a Equipa de Acolhimento a Alunos Migrantes (EAAM), EQAVET, Projeto de Educa\u00e7\u00e3o para a Sa\u00fade e outras parcerias comunit\u00e1rias estabelecidas anualmente.<\/li>\n<\/ol>\n<p>\u00a0<\/p>\n<p><!-- \/wp:quote --><\/p>\n<p><!-- wp:paragraph --><\/p>\n<p><!-- \/wp:paragraph --><\/p>\t\t\t\t\t\t<\/div>\n\t\t\t\t<\/div>\n\t\t\t\t\t<\/div>\n\t\t<\/div>\n\t\t\t\t\t<\/div>\n\t\t<\/section>\n\t\t\t\t<\/div>","protected":false},"excerpt":{"rendered":"<p>SERVI\u00c7O DE PSICOLOGIA E ORIENTA\u00c7\u00c3O O Servi\u00e7o de Psicologia e Orienta\u00e7\u00e3o (SPO) \u00e9 uma unidade especializada de apoio educativo que visa apoiar a comunidade educativa na promo\u00e7\u00e3o do sucesso escolar. De acordo com o Decreto-Lei n\u00ba190\/91 de 17 de maio, este servi\u00e7o atua em tr\u00eas&nbsp;<a href=\"https:\/\/aevaledeste.pt\/site\/en\/servico-de-psicologia-e-orientacao\/\">&hellip;<\/a><\/p>","protected":false},"author":5,"featured_media":0,"parent":0,"menu_order":0,"comment_status":"closed","ping_status":"closed","template":"","meta":{"footnotes":""},"class_list":["post-2291","page","type-page","status-publish","hentry","odd"],"yoast_head":"<!-- This site is optimized with the Yoast SEO plugin v23.7 - https:\/\/yoast.com\/wordpress\/plugins\/seo\/ -->\n<title>Servi\u00e7o de Psicologia e Orienta\u00e7\u00e3o - Agrupamento de Escolas de Vale D&#039;Este<\/title>\n<meta name=\"robots\" content=\"index, follow, max-snippet:-1, max-image-preview:large, max-video-preview:-1\" \/>\n<link rel=\"canonical\" href=\"https:\/\/aevaledeste.pt\/site\/en\/servico-de-psicologia-e-orientacao\/\" \/>\n<meta property=\"og:locale\" content=\"en_US\" \/>\n<meta property=\"og:type\" content=\"article\" \/>\n<meta property=\"og:title\" content=\"Servi\u00e7o de Psicologia e Orienta\u00e7\u00e3o - Agrupamento de Escolas de Vale D&#039;Este\" \/>\n<meta property=\"og:description\" content=\"SERVI\u00c7O DE PSICOLOGIA E ORIENTA\u00c7\u00c3O O Servi\u00e7o de Psicologia e Orienta\u00e7\u00e3o (SPO) \u00e9 uma unidade especializada de apoio educativo que visa apoiar a comunidade educativa na promo\u00e7\u00e3o do sucesso escolar. De acordo com o Decreto-Lei n\u00ba190\/91 de 17 de maio, este servi\u00e7o atua em tr\u00eas&nbsp;&hellip;\" \/>\n<meta property=\"og:url\" content=\"https:\/\/aevaledeste.pt\/site\/en\/servico-de-psicologia-e-orientacao\/\" \/>\n<meta property=\"og:site_name\" content=\"Agrupamento de Escolas de Vale D&#039;Este\" \/>\n<meta property=\"article:modified_time\" content=\"2025-09-18T11:49:08+00:00\" \/>\n<meta name=\"twitter:card\" content=\"summary_large_image\" \/>\n<meta name=\"twitter:label1\" content=\"Est. reading time\" \/>\n\t<meta name=\"twitter:data1\" content=\"2 minutes\" \/>\n<script type=\"application\/ld+json\" class=\"yoast-schema-graph\">{\"@context\":\"https:\/\/schema.org\",\"@graph\":[{\"@type\":\"WebPage\",\"@id\":\"https:\/\/aevaledeste.pt\/site\/servico-de-psicologia-e-orientacao\/\",\"url\":\"https:\/\/aevaledeste.pt\/site\/servico-de-psicologia-e-orientacao\/\",\"name\":\"Servi\u00e7o de Psicologia e Orienta\u00e7\u00e3o - Agrupamento de Escolas de Vale D&#039;Este\",\"isPartOf\":{\"@id\":\"https:\/\/aevaledeste.pt\/site\/#website\"},\"datePublished\":\"2023-08-07T20:55:13+00:00\",\"dateModified\":\"2025-09-18T11:49:08+00:00\",\"breadcrumb\":{\"@id\":\"https:\/\/aevaledeste.pt\/site\/servico-de-psicologia-e-orientacao\/#breadcrumb\"},\"inLanguage\":\"en-US\",\"potentialAction\":[{\"@type\":\"ReadAction\",\"target\":[\"https:\/\/aevaledeste.pt\/site\/servico-de-psicologia-e-orientacao\/\"]}]},{\"@type\":\"BreadcrumbList\",\"@id\":\"https:\/\/aevaledeste.pt\/site\/servico-de-psicologia-e-orientacao\/#breadcrumb\",\"itemListElement\":[{\"@type\":\"ListItem\",\"position\":1,\"name\":\"In\u00edcio\",\"item\":\"https:\/\/aevaledeste.pt\/site\/\"},{\"@type\":\"ListItem\",\"position\":2,\"name\":\"Servi\u00e7o de Psicologia e Orienta\u00e7\u00e3o\"}]},{\"@type\":\"WebSite\",\"@id\":\"https:\/\/aevaledeste.pt\/site\/#website\",\"url\":\"https:\/\/aevaledeste.pt\/site\/\",\"name\":\"Agrupamento de Escolas de Vale D&#039;Este\",\"description\":\"Faz a tua escolha!\",\"publisher\":{\"@id\":\"https:\/\/aevaledeste.pt\/site\/#organization\"},\"potentialAction\":[{\"@type\":\"SearchAction\",\"target\":{\"@type\":\"EntryPoint\",\"urlTemplate\":\"https:\/\/aevaledeste.pt\/site\/?s={search_term_string}\"},\"query-input\":{\"@type\":\"PropertyValueSpecification\",\"valueRequired\":true,\"valueName\":\"search_term_string\"}}],\"inLanguage\":\"en-US\"},{\"@type\":\"Organization\",\"@id\":\"https:\/\/aevaledeste.pt\/site\/#organization\",\"name\":\"Agrupamento de Escolas de Vale D&#039;Este\",\"url\":\"https:\/\/aevaledeste.pt\/site\/\",\"logo\":{\"@type\":\"ImageObject\",\"inLanguage\":\"en-US\",\"@id\":\"https:\/\/aevaledeste.pt\/site\/#\/schema\/logo\/image\/\",\"url\":\"https:\/\/aevaledeste.pt\/site\/wp-content\/uploads\/2022\/09\/1-e1664446422139.png\",\"contentUrl\":\"https:\/\/aevaledeste.pt\/site\/wp-content\/uploads\/2022\/09\/1-e1664446422139.png\",\"width\":600,\"height\":78,\"caption\":\"Agrupamento de Escolas de Vale D&#039;Este\"},\"image\":{\"@id\":\"https:\/\/aevaledeste.pt\/site\/#\/schema\/logo\/image\/\"}}]}<\/script>\n<!-- \/ Yoast SEO plugin. -->","yoast_head_json":{"title":"Servi\u00e7o de Psicologia e Orienta\u00e7\u00e3o - Agrupamento de Escolas de Vale D&#039;Este","robots":{"index":"index","follow":"follow","max-snippet":"max-snippet:-1","max-image-preview":"max-image-preview:large","max-video-preview":"max-video-preview:-1"},"canonical":"https:\/\/aevaledeste.pt\/site\/en\/servico-de-psicologia-e-orientacao\/","og_locale":"en_US","og_type":"article","og_title":"Servi\u00e7o de Psicologia e Orienta\u00e7\u00e3o - Agrupamento de Escolas de Vale D&#039;Este","og_description":"SERVI\u00c7O DE PSICOLOGIA E ORIENTA\u00c7\u00c3O O Servi\u00e7o de Psicologia e Orienta\u00e7\u00e3o (SPO) \u00e9 uma unidade especializada de apoio educativo que visa apoiar a comunidade educativa na promo\u00e7\u00e3o do sucesso escolar. De acordo com o Decreto-Lei n\u00ba190\/91 de 17 de maio, este servi\u00e7o atua em tr\u00eas&nbsp;&hellip;","og_url":"https:\/\/aevaledeste.pt\/site\/en\/servico-de-psicologia-e-orientacao\/","og_site_name":"Agrupamento de Escolas de Vale D&#039;Este","article_modified_time":"2025-09-18T11:49:08+00:00","twitter_card":"summary_large_image","twitter_misc":{"Est. reading time":"2 minutes"},"schema":{"@context":"https:\/\/schema.org","@graph":[{"@type":"WebPage","@id":"https:\/\/aevaledeste.pt\/site\/servico-de-psicologia-e-orientacao\/","url":"https:\/\/aevaledeste.pt\/site\/servico-de-psicologia-e-orientacao\/","name":"Servi\u00e7o de Psicologia e Orienta\u00e7\u00e3o - Agrupamento de Escolas de Vale D&#039;Este","isPartOf":{"@id":"https:\/\/aevaledeste.pt\/site\/#website"},"datePublished":"2023-08-07T20:55:13+00:00","dateModified":"2025-09-18T11:49:08+00:00","breadcrumb":{"@id":"https:\/\/aevaledeste.pt\/site\/servico-de-psicologia-e-orientacao\/#breadcrumb"},"inLanguage":"en-US","potentialAction":[{"@type":"ReadAction","target":["https:\/\/aevaledeste.pt\/site\/servico-de-psicologia-e-orientacao\/"]}]},{"@type":"BreadcrumbList","@id":"https:\/\/aevaledeste.pt\/site\/servico-de-psicologia-e-orientacao\/#breadcrumb","itemListElement":[{"@type":"ListItem","position":1,"name":"In\u00edcio","item":"https:\/\/aevaledeste.pt\/site\/"},{"@type":"ListItem","position":2,"name":"Servi\u00e7o de Psicologia e Orienta\u00e7\u00e3o"}]},{"@type":"WebSite","@id":"https:\/\/aevaledeste.pt\/site\/#website","url":"https:\/\/aevaledeste.pt\/site\/","name":"Agrupamento de Escolas de Vale D&#039;Este","description":"Faz a tua escolha!","publisher":{"@id":"https:\/\/aevaledeste.pt\/site\/#organization"},"potentialAction":[{"@type":"SearchAction","target":{"@type":"EntryPoint","urlTemplate":"https:\/\/aevaledeste.pt\/site\/?s={search_term_string}"},"query-input":{"@type":"PropertyValueSpecification","valueRequired":true,"valueName":"search_term_string"}}],"inLanguage":"en-US"},{"@type":"Organization","@id":"https:\/\/aevaledeste.pt\/site\/#organization","name":"Agrupamento de Escolas de Vale D&#039;Este","url":"https:\/\/aevaledeste.pt\/site\/","logo":{"@type":"ImageObject","inLanguage":"en-US","@id":"https:\/\/aevaledeste.pt\/site\/#\/schema\/logo\/image\/","url":"https:\/\/aevaledeste.pt\/site\/wp-content\/uploads\/2022\/09\/1-e1664446422139.png","contentUrl":"https:\/\/aevaledeste.pt\/site\/wp-content\/uploads\/2022\/09\/1-e1664446422139.png","width":600,"height":78,"caption":"Agrupamento de Escolas de Vale D&#039;Este"},"image":{"@id":"https:\/\/aevaledeste.pt\/site\/#\/schema\/logo\/image\/"}}]}},"_links":{"self":[{"href":"https:\/\/aevaledeste.pt\/site\/en\/wp-json\/wp\/v2\/pages\/2291","targetHints":{"allow":["GET"]}}],"collection":[{"href":"https:\/\/aevaledeste.pt\/site\/en\/wp-json\/wp\/v2\/pages"}],"about":[{"href":"https:\/\/aevaledeste.pt\/site\/en\/wp-json\/wp\/v2\/types\/page"}],"author":[{"embeddable":true,"href":"https:\/\/aevaledeste.pt\/site\/en\/wp-json\/wp\/v2\/users\/5"}],"replies":[{"embeddable":true,"href":"https:\/\/aevaledeste.pt\/site\/en\/wp-json\/wp\/v2\/comments?post=2291"}],"version-history":[{"count":10,"href":"https:\/\/aevaledeste.pt\/site\/en\/wp-json\/wp\/v2\/pages\/2291\/revisions"}],"predecessor-version":[{"id":7904,"href":"https:\/\/aevaledeste.pt\/site\/en\/wp-json\/wp\/v2\/pages\/2291\/revisions\/7904"}],"wp:attachment":[{"href":"https:\/\/aevaledeste.pt\/site\/en\/wp-json\/wp\/v2\/media?parent=2291"}],"curies":[{"name":"wp","href":"https:\/\/api.w.org\/{rel}","templated":true}]}}