{"id":2284,"date":"2023-08-07T20:40:00","date_gmt":"2023-08-07T20:40:00","guid":{"rendered":"https:\/\/aevaledeste.pt\/site\/?page_id=2284"},"modified":"2023-10-17T09:59:00","modified_gmt":"2023-10-17T09:59:00","slug":"associacao-de-pais","status":"publish","type":"page","link":"https:\/\/aevaledeste.pt\/site\/en\/associacao-de-pais\/","title":{"rendered":"Associa\u00e7\u00e3o de Pais"},"content":{"rendered":"<div data-elementor-type=\"wp-post\" data-elementor-id=\"2284\" class=\"elementor elementor-2284\">\n\t\t\t\t\t\t<section class=\"elementor-section elementor-top-section elementor-element elementor-element-94686a6 elementor-section-boxed elementor-section-height-default elementor-section-height-default\" data-id=\"94686a6\" data-element_type=\"section\">\n\t\t\t\t\t\t<div class=\"elementor-container elementor-column-gap-default\">\n\t\t\t\t\t<div class=\"elementor-column elementor-col-100 elementor-top-column elementor-element elementor-element-80209df\" data-id=\"80209df\" data-element_type=\"column\">\n\t\t\t<div class=\"elementor-widget-wrap elementor-element-populated\">\n\t\t\t\t\t\t<div class=\"elementor-element elementor-element-1693d80 elementor-widget__width-initial elementor-widget elementor-widget-heading\" data-id=\"1693d80\" data-element_type=\"widget\" data-widget_type=\"heading.default\">\n\t\t\t\t<div class=\"elementor-widget-container\">\n\t\t\t<h1 class=\"elementor-heading-title elementor-size-xl\">Associa\u00e7\u00e3o de Pais<\/h1>\t\t<\/div>\n\t\t\t\t<\/div>\n\t\t\t\t<div class=\"elementor-element elementor-element-1e986dc elementor-widget elementor-widget-text-editor\" data-id=\"1e986dc\" data-element_type=\"widget\" data-widget_type=\"text-editor.default\">\n\t\t\t\t<div class=\"elementor-widget-container\">\n\t\t\t\t\t\t\t<h5><span style=\"font-weight: normal;\">A Associa\u00e7\u00e3o de Pais \u00e9 constitu\u00edda pelos Representantes de Pais e Encarregados de Educa\u00e7\u00e3o.\u00a0<\/span><\/h5>\t\t\t\t\t\t<\/div>\n\t\t\t\t<\/div>\n\t\t\t\t<div class=\"elementor-element elementor-element-0176d28 elementor-widget-divider--view-line elementor-widget elementor-widget-divider\" data-id=\"0176d28\" data-element_type=\"widget\" data-widget_type=\"divider.default\">\n\t\t\t\t<div class=\"elementor-widget-container\">\n\t\t\t\t\t<div class=\"elementor-divider\">\n\t\t\t<span class=\"elementor-divider-separator\">\n\t\t\t\t\t\t<\/span>\n\t\t<\/div>\n\t\t\t\t<\/div>\n\t\t\t\t<\/div>\n\t\t\t\t\t<\/div>\n\t\t<\/div>\n\t\t\t\t\t<\/div>\n\t\t<\/section>\n\t\t\t\t<section class=\"elementor-section elementor-top-section elementor-element elementor-element-a19a75a elementor-section-boxed elementor-section-height-default elementor-section-height-default\" data-id=\"a19a75a\" data-element_type=\"section\">\n\t\t\t\t\t\t<div class=\"elementor-container elementor-column-gap-default\">\n\t\t\t\t\t<div class=\"elementor-column elementor-col-100 elementor-top-column elementor-element elementor-element-e0eaba4\" data-id=\"e0eaba4\" data-element_type=\"column\">\n\t\t\t<div class=\"elementor-widget-wrap elementor-element-populated\">\n\t\t\t\t\t\t<div class=\"elementor-element elementor-element-b623f7c elementor-widget elementor-widget-text-editor\" data-id=\"b623f7c\" data-element_type=\"widget\" data-widget_type=\"text-editor.default\">\n\t\t\t\t<div class=\"elementor-widget-container\">\n\t\t\t\t\t\t\t<h3>Mensagem<\/h3><p>A\u00a0<b><strong>Associa\u00e7\u00e3o da Escola B\u00e1sica e Secund\u00e1ria do Vale D\u2019Este de Viato<\/strong><\/b>dos congrega e representa os Pais e Encarregados de Educa\u00e7\u00e3o, cujos filhos ou educandos estejam matriculados na Escola B\u00e1sica e Secund\u00e1ria do Vale D\u2019Este.<\/p><p><b><strong>O que faz? Como pode ser \u00fatil? Que desafios enfrenta?<\/strong><\/b><\/p><p>A Associa\u00e7\u00e3o, eleita a 13 de novembro de 2020,\u00a0existe para dar voz, fazer-se ouvir e intervir nas diversas situa\u00e7\u00f5es que possam interpelar o bom processo educativo dos nossos educandos e rege-se pelos estatutos aprovados, sendo de direito privado e interesse p\u00fablico, educativo, formativo, cultural e cient\u00edfico, sem fins lucrativos.<\/p><p>Para quem gosta e se empenha, rouba muito tempo, \u00e9 certo! \u00c9 um trabalho di\u00e1rio \u00e1rduo, mas, sem d\u00favida, um investimento.\u00a0<b><strong>Uma escola com uma Associa\u00e7\u00e3o de pais \u00e9, em nosso entender, \u00ab<em>uma escola mais feliz<\/em>\u00bb, onde h\u00e1 um di\u00e1logo aberto com agrupamento, seus dirigentes, com a C\u00e2mara Municipal e toda a comunidade escolar. As Associa\u00e7\u00f5es de pais opinam e t\u00eam a porta aberta. Muitas vezes trazem ideias fant\u00e1sticas, porque t\u00eam outra perce\u00e7\u00e3o da realidade, visto que t\u00eam contacto direto e falam com os filhos.<\/strong><\/b><\/p><p>A Associa\u00e7\u00e3o acompanha o sistema, a organiza\u00e7\u00e3o, o espa\u00e7o da escola de forma coletiva, proporcionando um\u00a0<b><strong><em>ganho imaterial enorme<\/em><\/strong><\/b>\u00a0para quem luta pela melhoria das condi\u00e7\u00f5es da escola. A interven\u00e7\u00e3o vai desde o mais \u00ednfimo pormenor que, por vezes, passa despercebido \u00e0 escola, at\u00e9 coisas mais significativas,\u00a0quando a resposta da tutela n\u00e3o tem a celeridade desejada.<\/p><p><b><strong><em>Um bem-haja a todos e votos de sucesso escolar!!<\/em><\/strong><\/b><\/p><p><b><strong><em>\u00a0<\/em><\/strong><\/b><\/p><p style=\"text-align: right;\"><b><strong><em>Os Elementos da Associa\u00e7\u00e3o<\/em><\/strong><\/b><\/p>\t\t\t\t\t\t<\/div>\n\t\t\t\t<\/div>\n\t\t\t\t\t<\/div>\n\t\t<\/div>\n\t\t\t\t\t<\/div>\n\t\t<\/section>\n\t\t\t\t<section class=\"elementor-section elementor-top-section elementor-element elementor-element-205078b elementor-section-boxed elementor-section-height-default elementor-section-height-default\" data-id=\"205078b\" data-element_type=\"section\">\n\t\t\t\t\t\t<div class=\"elementor-container elementor-column-gap-default\">\n\t\t\t\t\t<div class=\"elementor-column elementor-col-100 elementor-top-column elementor-element elementor-element-92f3ca5\" data-id=\"92f3ca5\" data-element_type=\"column\">\n\t\t\t<div class=\"elementor-widget-wrap elementor-element-populated\">\n\t\t\t\t\t\t<div class=\"elementor-element elementor-element-c4d263e elementor-widget elementor-widget-text-editor\" data-id=\"c4d263e\" data-element_type=\"widget\" data-widget_type=\"text-editor.default\">\n\t\t\t\t<div class=\"elementor-widget-container\">\n\t\t\t\t\t\t\t<div class=\"qx-element-wrap\"><div id=\"qx-image-19107\" class=\"qx-element qx-element-image-v2\"><img decoding=\"async\" class=\"qx-img-fluid\" src=\"https:\/\/www.aevaledeste.pt\/agrupamento\/images\/NoticiasIMG\/AssociacaoPais.jpg\" alt=\"\" data-src=\"https:\/\/www.aevaledeste.pt\/agrupamento\/images\/NoticiasIMG\/AssociacaoPais.jpg\" \/><\/div><\/div><div class=\"qx-element-wrap\"><div id=\"qx-heading-1134\" class=\"qx-element qx-element-heading-v2\"><h4>Mail: apeb2e3viatodos@gmail.com<\/h4><\/div><\/div>\t\t\t\t\t\t<\/div>\n\t\t\t\t<\/div>\n\t\t\t\t\t<\/div>\n\t\t<\/div>\n\t\t\t\t\t<\/div>\n\t\t<\/section>\n\t\t\t\t<\/div>","protected":false},"excerpt":{"rendered":"<p>Associa\u00e7\u00e3o de Pais A Associa\u00e7\u00e3o de Pais \u00e9 constitu\u00edda pelos Representantes de Pais e Encarregados de Educa\u00e7\u00e3o.\u00a0 Mensagem A\u00a0Associa\u00e7\u00e3o da Escola B\u00e1sica e Secund\u00e1ria do Vale D\u2019Este de Viatodos congrega e representa os Pais e Encarregados de Educa\u00e7\u00e3o, cujos filhos ou educandos estejam matriculados na&nbsp;<a href=\"https:\/\/aevaledeste.pt\/site\/en\/associacao-de-pais\/\">&hellip;<\/a><\/p>","protected":false},"author":5,"featured_media":0,"parent":0,"menu_order":0,"comment_status":"closed","ping_status":"closed","template":"","meta":{"footnotes":""},"class_list":["post-2284","page","type-page","status-publish","hentry","odd"],"yoast_head":"<!-- This site is optimized with the Yoast SEO plugin v23.7 - https:\/\/yoast.com\/wordpress\/plugins\/seo\/ -->\n<title>Associa\u00e7\u00e3o de Pais - Agrupamento de Escolas de Vale D&#039;Este<\/title>\n<meta name=\"robots\" content=\"index, follow, max-snippet:-1, max-image-preview:large, max-video-preview:-1\" \/>\n<link rel=\"canonical\" href=\"https:\/\/aevaledeste.pt\/site\/en\/associacao-de-pais\/\" \/>\n<meta property=\"og:locale\" content=\"en_US\" \/>\n<meta property=\"og:type\" content=\"article\" \/>\n<meta property=\"og:title\" content=\"Associa\u00e7\u00e3o de Pais - Agrupamento de Escolas de Vale D&#039;Este\" \/>\n<meta property=\"og:description\" content=\"Associa\u00e7\u00e3o de Pais A Associa\u00e7\u00e3o de Pais \u00e9 constitu\u00edda pelos Representantes de Pais e Encarregados de Educa\u00e7\u00e3o.\u00a0 Mensagem A\u00a0Associa\u00e7\u00e3o da Escola B\u00e1sica e Secund\u00e1ria do Vale D\u2019Este de Viatodos congrega e representa os Pais e Encarregados de Educa\u00e7\u00e3o, cujos filhos ou educandos estejam matriculados na&nbsp;&hellip;\" \/>\n<meta property=\"og:url\" content=\"https:\/\/aevaledeste.pt\/site\/en\/associacao-de-pais\/\" \/>\n<meta property=\"og:site_name\" content=\"Agrupamento de Escolas de Vale D&#039;Este\" \/>\n<meta property=\"article:modified_time\" content=\"2023-10-17T09:59:00+00:00\" \/>\n<meta property=\"og:image\" content=\"https:\/\/www.aevaledeste.pt\/agrupamento\/images\/NoticiasIMG\/AssociacaoPais.jpg\" \/>\n<meta name=\"twitter:card\" content=\"summary_large_image\" \/>\n<meta name=\"twitter:label1\" content=\"Est. reading time\" \/>\n\t<meta name=\"twitter:data1\" content=\"1 minute\" \/>\n<script type=\"application\/ld+json\" class=\"yoast-schema-graph\">{\"@context\":\"https:\/\/schema.org\",\"@graph\":[{\"@type\":\"WebPage\",\"@id\":\"https:\/\/aevaledeste.pt\/site\/associacao-de-pais\/\",\"url\":\"https:\/\/aevaledeste.pt\/site\/associacao-de-pais\/\",\"name\":\"Associa\u00e7\u00e3o de Pais - Agrupamento de Escolas de Vale D&#039;Este\",\"isPartOf\":{\"@id\":\"https:\/\/aevaledeste.pt\/site\/#website\"},\"primaryImageOfPage\":{\"@id\":\"https:\/\/aevaledeste.pt\/site\/associacao-de-pais\/#primaryimage\"},\"image\":{\"@id\":\"https:\/\/aevaledeste.pt\/site\/associacao-de-pais\/#primaryimage\"},\"thumbnailUrl\":\"https:\/\/www.aevaledeste.pt\/agrupamento\/images\/NoticiasIMG\/AssociacaoPais.jpg\",\"datePublished\":\"2023-08-07T20:40:00+00:00\",\"dateModified\":\"2023-10-17T09:59:00+00:00\",\"breadcrumb\":{\"@id\":\"https:\/\/aevaledeste.pt\/site\/associacao-de-pais\/#breadcrumb\"},\"inLanguage\":\"en-US\",\"potentialAction\":[{\"@type\":\"ReadAction\",\"target\":[\"https:\/\/aevaledeste.pt\/site\/associacao-de-pais\/\"]}]},{\"@type\":\"ImageObject\",\"inLanguage\":\"en-US\",\"@id\":\"https:\/\/aevaledeste.pt\/site\/associacao-de-pais\/#primaryimage\",\"url\":\"https:\/\/www.aevaledeste.pt\/agrupamento\/images\/NoticiasIMG\/AssociacaoPais.jpg\",\"contentUrl\":\"https:\/\/www.aevaledeste.pt\/agrupamento\/images\/NoticiasIMG\/AssociacaoPais.jpg\"},{\"@type\":\"BreadcrumbList\",\"@id\":\"https:\/\/aevaledeste.pt\/site\/associacao-de-pais\/#breadcrumb\",\"itemListElement\":[{\"@type\":\"ListItem\",\"position\":1,\"name\":\"In\u00edcio\",\"item\":\"https:\/\/aevaledeste.pt\/site\/\"},{\"@type\":\"ListItem\",\"position\":2,\"name\":\"Associa\u00e7\u00e3o de Pais\"}]},{\"@type\":\"WebSite\",\"@id\":\"https:\/\/aevaledeste.pt\/site\/#website\",\"url\":\"https:\/\/aevaledeste.pt\/site\/\",\"name\":\"Agrupamento de Escolas de Vale D&#039;Este\",\"description\":\"Faz a tua escolha!\",\"publisher\":{\"@id\":\"https:\/\/aevaledeste.pt\/site\/#organization\"},\"potentialAction\":[{\"@type\":\"SearchAction\",\"target\":{\"@type\":\"EntryPoint\",\"urlTemplate\":\"https:\/\/aevaledeste.pt\/site\/?s={search_term_string}\"},\"query-input\":{\"@type\":\"PropertyValueSpecification\",\"valueRequired\":true,\"valueName\":\"search_term_string\"}}],\"inLanguage\":\"en-US\"},{\"@type\":\"Organization\",\"@id\":\"https:\/\/aevaledeste.pt\/site\/#organization\",\"name\":\"Agrupamento de Escolas de Vale D&#039;Este\",\"url\":\"https:\/\/aevaledeste.pt\/site\/\",\"logo\":{\"@type\":\"ImageObject\",\"inLanguage\":\"en-US\",\"@id\":\"https:\/\/aevaledeste.pt\/site\/#\/schema\/logo\/image\/\",\"url\":\"https:\/\/aevaledeste.pt\/site\/wp-content\/uploads\/2022\/09\/1-e1664446422139.png\",\"contentUrl\":\"https:\/\/aevaledeste.pt\/site\/wp-content\/uploads\/2022\/09\/1-e1664446422139.png\",\"width\":600,\"height\":78,\"caption\":\"Agrupamento de Escolas de Vale D&#039;Este\"},\"image\":{\"@id\":\"https:\/\/aevaledeste.pt\/site\/#\/schema\/logo\/image\/\"}}]}<\/script>\n<!-- \/ Yoast SEO plugin. -->","yoast_head_json":{"title":"Associa\u00e7\u00e3o de Pais - Agrupamento de Escolas de Vale D&#039;Este","robots":{"index":"index","follow":"follow","max-snippet":"max-snippet:-1","max-image-preview":"max-image-preview:large","max-video-preview":"max-video-preview:-1"},"canonical":"https:\/\/aevaledeste.pt\/site\/en\/associacao-de-pais\/","og_locale":"en_US","og_type":"article","og_title":"Associa\u00e7\u00e3o de Pais - Agrupamento de Escolas de Vale D&#039;Este","og_description":"Associa\u00e7\u00e3o de Pais A Associa\u00e7\u00e3o de Pais \u00e9 constitu\u00edda pelos Representantes de Pais e Encarregados de Educa\u00e7\u00e3o.\u00a0 Mensagem A\u00a0Associa\u00e7\u00e3o da Escola B\u00e1sica e Secund\u00e1ria do Vale D\u2019Este de Viatodos congrega e representa os Pais e Encarregados de Educa\u00e7\u00e3o, cujos filhos ou educandos estejam matriculados na&nbsp;&hellip;","og_url":"https:\/\/aevaledeste.pt\/site\/en\/associacao-de-pais\/","og_site_name":"Agrupamento de Escolas de Vale D&#039;Este","article_modified_time":"2023-10-17T09:59:00+00:00","og_image":[{"url":"https:\/\/www.aevaledeste.pt\/agrupamento\/images\/NoticiasIMG\/AssociacaoPais.jpg"}],"twitter_card":"summary_large_image","twitter_misc":{"Est. reading time":"1 minute"},"schema":{"@context":"https:\/\/schema.org","@graph":[{"@type":"WebPage","@id":"https:\/\/aevaledeste.pt\/site\/associacao-de-pais\/","url":"https:\/\/aevaledeste.pt\/site\/associacao-de-pais\/","name":"Associa\u00e7\u00e3o de Pais - Agrupamento de Escolas de Vale D&#039;Este","isPartOf":{"@id":"https:\/\/aevaledeste.pt\/site\/#website"},"primaryImageOfPage":{"@id":"https:\/\/aevaledeste.pt\/site\/associacao-de-pais\/#primaryimage"},"image":{"@id":"https:\/\/aevaledeste.pt\/site\/associacao-de-pais\/#primaryimage"},"thumbnailUrl":"https:\/\/www.aevaledeste.pt\/agrupamento\/images\/NoticiasIMG\/AssociacaoPais.jpg","datePublished":"2023-08-07T20:40:00+00:00","dateModified":"2023-10-17T09:59:00+00:00","breadcrumb":{"@id":"https:\/\/aevaledeste.pt\/site\/associacao-de-pais\/#breadcrumb"},"inLanguage":"en-US","potentialAction":[{"@type":"ReadAction","target":["https:\/\/aevaledeste.pt\/site\/associacao-de-pais\/"]}]},{"@type":"ImageObject","inLanguage":"en-US","@id":"https:\/\/aevaledeste.pt\/site\/associacao-de-pais\/#primaryimage","url":"https:\/\/www.aevaledeste.pt\/agrupamento\/images\/NoticiasIMG\/AssociacaoPais.jpg","contentUrl":"https:\/\/www.aevaledeste.pt\/agrupamento\/images\/NoticiasIMG\/AssociacaoPais.jpg"},{"@type":"BreadcrumbList","@id":"https:\/\/aevaledeste.pt\/site\/associacao-de-pais\/#breadcrumb","itemListElement":[{"@type":"ListItem","position":1,"name":"In\u00edcio","item":"https:\/\/aevaledeste.pt\/site\/"},{"@type":"ListItem","position":2,"name":"Associa\u00e7\u00e3o de Pais"}]},{"@type":"WebSite","@id":"https:\/\/aevaledeste.pt\/site\/#website","url":"https:\/\/aevaledeste.pt\/site\/","name":"Agrupamento de Escolas de Vale D&#039;Este","description":"Faz a tua escolha!","publisher":{"@id":"https:\/\/aevaledeste.pt\/site\/#organization"},"potentialAction":[{"@type":"SearchAction","target":{"@type":"EntryPoint","urlTemplate":"https:\/\/aevaledeste.pt\/site\/?s={search_term_string}"},"query-input":{"@type":"PropertyValueSpecification","valueRequired":true,"valueName":"search_term_string"}}],"inLanguage":"en-US"},{"@type":"Organization","@id":"https:\/\/aevaledeste.pt\/site\/#organization","name":"Agrupamento de Escolas de Vale D&#039;Este","url":"https:\/\/aevaledeste.pt\/site\/","logo":{"@type":"ImageObject","inLanguage":"en-US","@id":"https:\/\/aevaledeste.pt\/site\/#\/schema\/logo\/image\/","url":"https:\/\/aevaledeste.pt\/site\/wp-content\/uploads\/2022\/09\/1-e1664446422139.png","contentUrl":"https:\/\/aevaledeste.pt\/site\/wp-content\/uploads\/2022\/09\/1-e1664446422139.png","width":600,"height":78,"caption":"Agrupamento de Escolas de Vale D&#039;Este"},"image":{"@id":"https:\/\/aevaledeste.pt\/site\/#\/schema\/logo\/image\/"}}]}},"_links":{"self":[{"href":"https:\/\/aevaledeste.pt\/site\/en\/wp-json\/wp\/v2\/pages\/2284","targetHints":{"allow":["GET"]}}],"collection":[{"href":"https:\/\/aevaledeste.pt\/site\/en\/wp-json\/wp\/v2\/pages"}],"about":[{"href":"https:\/\/aevaledeste.pt\/site\/en\/wp-json\/wp\/v2\/types\/page"}],"author":[{"embeddable":true,"href":"https:\/\/aevaledeste.pt\/site\/en\/wp-json\/wp\/v2\/users\/5"}],"replies":[{"embeddable":true,"href":"https:\/\/aevaledeste.pt\/site\/en\/wp-json\/wp\/v2\/comments?post=2284"}],"version-history":[{"count":15,"href":"https:\/\/aevaledeste.pt\/site\/en\/wp-json\/wp\/v2\/pages\/2284\/revisions"}],"predecessor-version":[{"id":3613,"href":"https:\/\/aevaledeste.pt\/site\/en\/wp-json\/wp\/v2\/pages\/2284\/revisions\/3613"}],"wp:attachment":[{"href":"https:\/\/aevaledeste.pt\/site\/en\/wp-json\/wp\/v2\/media?parent=2284"}],"curies":[{"name":"wp","href":"https:\/\/api.w.org\/{rel}","templated":true}]}}