{"id":1954,"date":"2023-07-03T14:00:18","date_gmt":"2023-07-03T14:00:18","guid":{"rendered":"https:\/\/aevaledeste.pt\/site\/?page_id=1954"},"modified":"2023-08-07T21:20:38","modified_gmt":"2023-08-07T21:20:38","slug":"regimento-regulamento-do-ensino-profissional","status":"publish","type":"page","link":"https:\/\/aevaledeste.pt\/site\/en\/regimento-regulamento-do-ensino-profissional\/","title":{"rendered":"Regimento\/Regulamento do Ensino Profissional"},"content":{"rendered":"<div data-elementor-type=\"wp-page\" data-elementor-id=\"1954\" class=\"elementor elementor-1954\">\n\t\t\t\t\t\t<section class=\"elementor-section elementor-top-section elementor-element elementor-element-23c05d2 elementor-section-boxed elementor-section-height-default elementor-section-height-default\" data-id=\"23c05d2\" data-element_type=\"section\">\n\t\t\t\t\t\t<div class=\"elementor-container elementor-column-gap-default\">\n\t\t\t\t\t<div class=\"elementor-column elementor-col-100 elementor-top-column elementor-element elementor-element-480daa2\" data-id=\"480daa2\" data-element_type=\"column\">\n\t\t\t<div class=\"elementor-widget-wrap elementor-element-populated\">\n\t\t\t\t\t\t<div class=\"elementor-element elementor-element-a2ed1e1 elementor-widget elementor-widget-text-editor\" data-id=\"a2ed1e1\" data-element_type=\"widget\" data-widget_type=\"text-editor.default\">\n\t\t\t\t<div class=\"elementor-widget-container\">\n\t\t\t\t\t\t\t<p><!-- wp:paragraph --><\/p>\n<blockquote>\n<h4>REGIMENTO\/REGULAMENTO DO ENSINO PROFISSIONAL&nbsp;<\/h4>\n<\/blockquote>\n<p><!-- \/wp:quote --><\/p>\n<p><!-- wp:paragraph --><\/p>\n<p><br><\/p>\n<ul>\n<li>Regimento EQAVET (<a href=\"https:\/\/aevaledeste.pt\/site\/wp-content\/uploads\/2023\/07\/regimento_EQAVET.pdf\" target=\"_blank\">aqui<\/a>)<\/li>\n<li>Regulamento de Avalia\u00e7\u00e3o (<a href=\"https:\/\/aevaledeste.pt\/site\/wp-content\/uploads\/2023\/07\/Regulamento_Avaliacao_profissional.pdf\" target=\"_blank\">aqui<\/a>)<\/li>\n<li>Regimento de Assiduidade (<a href=\"https:\/\/aevaledeste.pt\/site\/wp-content\/uploads\/2023\/07\/regime_assiduidade_20_21_vf.pdf\" target=\"_blank\">aqui<\/a>)<\/li>\n<li><span style=\"font-family: var( --e-global-typography-secondary-font-family ), Sans-serif; font-weight: var( --e-global-typography-secondary-font-weight ); letter-spacing: 0.1px;\">Regulamento de Forma\u00e7\u00e3o em Contexto de Trabalho (<a href=\"https:\/\/aevaledeste.pt\/site\/wp-content\/uploads\/2023\/07\/RegulamentoFCT__portaria_235A_vf.pdf\" target=\"_blank\">aqui<\/a>)<\/span><\/li>\n<li>Regulamento de Prova de Aptid\u00e3o Profissional (<a href=\"https:\/\/aevaledeste.pt\/site\/wp-content\/uploads\/2023\/07\/RegulamentoPAP_PROF_pelo235A.pdf\" target=\"_blank\">aqui<\/a>)<\/li>\n<li>Regulamento de Permutas (<a href=\"https:\/\/aevaledeste.pt\/site\/wp-content\/uploads\/2023\/07\/regulamento_permutas_reposicoes_cursos_profissionaisVF.pdf\" target=\"_blank\">aqui<\/a>)<\/li>\n<\/ul>\n<p><!-- \/wp:quote --><\/p>\n<p><!-- wp:paragraph --><\/p>\n<p><!-- \/wp:paragraph --><\/p>\t\t\t\t\t\t<\/div>\n\t\t\t\t<\/div>\n\t\t\t\t\t<\/div>\n\t\t<\/div>\n\t\t\t\t\t<\/div>\n\t\t<\/section>\n\t\t\t\t<\/div>","protected":false},"excerpt":{"rendered":"<p>REGIMENTO\/REGULAMENTO DO ENSINO PROFISSIONAL&nbsp; Regimento EQAVET (aqui) Regulamento de Avalia\u00e7\u00e3o (aqui) Regimento de Assiduidade (aqui) Regulamento de Forma\u00e7\u00e3o em Contexto de Trabalho (aqui) Regulamento de Prova de Aptid\u00e3o Profissional (aqui) Regulamento de Permutas (aqui)<\/p>","protected":false},"author":5,"featured_media":0,"parent":0,"menu_order":0,"comment_status":"closed","ping_status":"closed","template":"","meta":{"footnotes":""},"class_list":["post-1954","page","type-page","status-publish","hentry","odd"],"yoast_head":"<!-- This site is optimized with the Yoast SEO plugin v23.7 - https:\/\/yoast.com\/wordpress\/plugins\/seo\/ -->\n<title>Regimento\/Regulamento do Ensino Profissional - Agrupamento de Escolas de Vale D&#039;Este<\/title>\n<meta name=\"robots\" content=\"index, follow, max-snippet:-1, max-image-preview:large, max-video-preview:-1\" \/>\n<link rel=\"canonical\" href=\"https:\/\/aevaledeste.pt\/site\/en\/regimento-regulamento-do-ensino-profissional\/\" \/>\n<meta property=\"og:locale\" content=\"en_US\" \/>\n<meta property=\"og:type\" content=\"article\" \/>\n<meta property=\"og:title\" content=\"Regimento\/Regulamento do Ensino Profissional - Agrupamento de Escolas de Vale D&#039;Este\" \/>\n<meta property=\"og:description\" content=\"REGIMENTO\/REGULAMENTO DO ENSINO PROFISSIONAL&nbsp; Regimento EQAVET (aqui) Regulamento de Avalia\u00e7\u00e3o (aqui) Regimento de Assiduidade (aqui) Regulamento de Forma\u00e7\u00e3o em Contexto de Trabalho (aqui) Regulamento de Prova de Aptid\u00e3o Profissional (aqui) Regulamento de Permutas (aqui)\" \/>\n<meta property=\"og:url\" content=\"https:\/\/aevaledeste.pt\/site\/en\/regimento-regulamento-do-ensino-profissional\/\" \/>\n<meta property=\"og:site_name\" content=\"Agrupamento de Escolas de Vale D&#039;Este\" \/>\n<meta property=\"article:modified_time\" content=\"2023-08-07T21:20:38+00:00\" \/>\n<meta name=\"twitter:card\" content=\"summary_large_image\" \/>\n<script type=\"application\/ld+json\" class=\"yoast-schema-graph\">{\"@context\":\"https:\/\/schema.org\",\"@graph\":[{\"@type\":\"WebPage\",\"@id\":\"https:\/\/aevaledeste.pt\/site\/regimento-regulamento-do-ensino-profissional\/\",\"url\":\"https:\/\/aevaledeste.pt\/site\/regimento-regulamento-do-ensino-profissional\/\",\"name\":\"Regimento\/Regulamento do Ensino Profissional - Agrupamento de Escolas de Vale D&#039;Este\",\"isPartOf\":{\"@id\":\"https:\/\/aevaledeste.pt\/site\/#website\"},\"datePublished\":\"2023-07-03T14:00:18+00:00\",\"dateModified\":\"2023-08-07T21:20:38+00:00\",\"breadcrumb\":{\"@id\":\"https:\/\/aevaledeste.pt\/site\/regimento-regulamento-do-ensino-profissional\/#breadcrumb\"},\"inLanguage\":\"en-US\",\"potentialAction\":[{\"@type\":\"ReadAction\",\"target\":[\"https:\/\/aevaledeste.pt\/site\/regimento-regulamento-do-ensino-profissional\/\"]}]},{\"@type\":\"BreadcrumbList\",\"@id\":\"https:\/\/aevaledeste.pt\/site\/regimento-regulamento-do-ensino-profissional\/#breadcrumb\",\"itemListElement\":[{\"@type\":\"ListItem\",\"position\":1,\"name\":\"In\u00edcio\",\"item\":\"https:\/\/aevaledeste.pt\/site\/\"},{\"@type\":\"ListItem\",\"position\":2,\"name\":\"Regimento\/Regulamento do Ensino Profissional\"}]},{\"@type\":\"WebSite\",\"@id\":\"https:\/\/aevaledeste.pt\/site\/#website\",\"url\":\"https:\/\/aevaledeste.pt\/site\/\",\"name\":\"Agrupamento de Escolas de Vale D&#039;Este\",\"description\":\"Faz a tua escolha!\",\"publisher\":{\"@id\":\"https:\/\/aevaledeste.pt\/site\/#organization\"},\"potentialAction\":[{\"@type\":\"SearchAction\",\"target\":{\"@type\":\"EntryPoint\",\"urlTemplate\":\"https:\/\/aevaledeste.pt\/site\/?s={search_term_string}\"},\"query-input\":{\"@type\":\"PropertyValueSpecification\",\"valueRequired\":true,\"valueName\":\"search_term_string\"}}],\"inLanguage\":\"en-US\"},{\"@type\":\"Organization\",\"@id\":\"https:\/\/aevaledeste.pt\/site\/#organization\",\"name\":\"Agrupamento de Escolas de Vale D&#039;Este\",\"url\":\"https:\/\/aevaledeste.pt\/site\/\",\"logo\":{\"@type\":\"ImageObject\",\"inLanguage\":\"en-US\",\"@id\":\"https:\/\/aevaledeste.pt\/site\/#\/schema\/logo\/image\/\",\"url\":\"https:\/\/aevaledeste.pt\/site\/wp-content\/uploads\/2022\/09\/1-e1664446422139.png\",\"contentUrl\":\"https:\/\/aevaledeste.pt\/site\/wp-content\/uploads\/2022\/09\/1-e1664446422139.png\",\"width\":600,\"height\":78,\"caption\":\"Agrupamento de Escolas de Vale D&#039;Este\"},\"image\":{\"@id\":\"https:\/\/aevaledeste.pt\/site\/#\/schema\/logo\/image\/\"}}]}<\/script>\n<!-- \/ Yoast SEO plugin. -->","yoast_head_json":{"title":"Regimento\/Regulamento do Ensino Profissional - Agrupamento de Escolas de Vale D&#039;Este","robots":{"index":"index","follow":"follow","max-snippet":"max-snippet:-1","max-image-preview":"max-image-preview:large","max-video-preview":"max-video-preview:-1"},"canonical":"https:\/\/aevaledeste.pt\/site\/en\/regimento-regulamento-do-ensino-profissional\/","og_locale":"en_US","og_type":"article","og_title":"Regimento\/Regulamento do Ensino Profissional - Agrupamento de Escolas de Vale D&#039;Este","og_description":"REGIMENTO\/REGULAMENTO DO ENSINO PROFISSIONAL&nbsp; Regimento EQAVET (aqui) Regulamento de Avalia\u00e7\u00e3o (aqui) Regimento de Assiduidade (aqui) Regulamento de Forma\u00e7\u00e3o em Contexto de Trabalho (aqui) Regulamento de Prova de Aptid\u00e3o Profissional (aqui) Regulamento de Permutas (aqui)","og_url":"https:\/\/aevaledeste.pt\/site\/en\/regimento-regulamento-do-ensino-profissional\/","og_site_name":"Agrupamento de Escolas de Vale D&#039;Este","article_modified_time":"2023-08-07T21:20:38+00:00","twitter_card":"summary_large_image","schema":{"@context":"https:\/\/schema.org","@graph":[{"@type":"WebPage","@id":"https:\/\/aevaledeste.pt\/site\/regimento-regulamento-do-ensino-profissional\/","url":"https:\/\/aevaledeste.pt\/site\/regimento-regulamento-do-ensino-profissional\/","name":"Regimento\/Regulamento do Ensino Profissional - Agrupamento de Escolas de Vale D&#039;Este","isPartOf":{"@id":"https:\/\/aevaledeste.pt\/site\/#website"},"datePublished":"2023-07-03T14:00:18+00:00","dateModified":"2023-08-07T21:20:38+00:00","breadcrumb":{"@id":"https:\/\/aevaledeste.pt\/site\/regimento-regulamento-do-ensino-profissional\/#breadcrumb"},"inLanguage":"en-US","potentialAction":[{"@type":"ReadAction","target":["https:\/\/aevaledeste.pt\/site\/regimento-regulamento-do-ensino-profissional\/"]}]},{"@type":"BreadcrumbList","@id":"https:\/\/aevaledeste.pt\/site\/regimento-regulamento-do-ensino-profissional\/#breadcrumb","itemListElement":[{"@type":"ListItem","position":1,"name":"In\u00edcio","item":"https:\/\/aevaledeste.pt\/site\/"},{"@type":"ListItem","position":2,"name":"Regimento\/Regulamento do Ensino Profissional"}]},{"@type":"WebSite","@id":"https:\/\/aevaledeste.pt\/site\/#website","url":"https:\/\/aevaledeste.pt\/site\/","name":"Agrupamento de Escolas de Vale D&#039;Este","description":"Faz a tua escolha!","publisher":{"@id":"https:\/\/aevaledeste.pt\/site\/#organization"},"potentialAction":[{"@type":"SearchAction","target":{"@type":"EntryPoint","urlTemplate":"https:\/\/aevaledeste.pt\/site\/?s={search_term_string}"},"query-input":{"@type":"PropertyValueSpecification","valueRequired":true,"valueName":"search_term_string"}}],"inLanguage":"en-US"},{"@type":"Organization","@id":"https:\/\/aevaledeste.pt\/site\/#organization","name":"Agrupamento de Escolas de Vale D&#039;Este","url":"https:\/\/aevaledeste.pt\/site\/","logo":{"@type":"ImageObject","inLanguage":"en-US","@id":"https:\/\/aevaledeste.pt\/site\/#\/schema\/logo\/image\/","url":"https:\/\/aevaledeste.pt\/site\/wp-content\/uploads\/2022\/09\/1-e1664446422139.png","contentUrl":"https:\/\/aevaledeste.pt\/site\/wp-content\/uploads\/2022\/09\/1-e1664446422139.png","width":600,"height":78,"caption":"Agrupamento de Escolas de Vale D&#039;Este"},"image":{"@id":"https:\/\/aevaledeste.pt\/site\/#\/schema\/logo\/image\/"}}]}},"_links":{"self":[{"href":"https:\/\/aevaledeste.pt\/site\/en\/wp-json\/wp\/v2\/pages\/1954","targetHints":{"allow":["GET"]}}],"collection":[{"href":"https:\/\/aevaledeste.pt\/site\/en\/wp-json\/wp\/v2\/pages"}],"about":[{"href":"https:\/\/aevaledeste.pt\/site\/en\/wp-json\/wp\/v2\/types\/page"}],"author":[{"embeddable":true,"href":"https:\/\/aevaledeste.pt\/site\/en\/wp-json\/wp\/v2\/users\/5"}],"replies":[{"embeddable":true,"href":"https:\/\/aevaledeste.pt\/site\/en\/wp-json\/wp\/v2\/comments?post=1954"}],"version-history":[{"count":17,"href":"https:\/\/aevaledeste.pt\/site\/en\/wp-json\/wp\/v2\/pages\/1954\/revisions"}],"predecessor-version":[{"id":2303,"href":"https:\/\/aevaledeste.pt\/site\/en\/wp-json\/wp\/v2\/pages\/1954\/revisions\/2303"}],"wp:attachment":[{"href":"https:\/\/aevaledeste.pt\/site\/en\/wp-json\/wp\/v2\/media?parent=1954"}],"curies":[{"name":"wp","href":"https:\/\/api.w.org\/{rel}","templated":true}]}}