{"id":1925,"date":"2023-07-03T13:32:04","date_gmt":"2023-07-03T13:32:04","guid":{"rendered":"https:\/\/aevaledeste.pt\/site\/?page_id=1925"},"modified":"2025-02-04T09:44:51","modified_gmt":"2025-02-04T09:44:51","slug":"planos-curriculares-de-departamento","status":"publish","type":"page","link":"https:\/\/aevaledeste.pt\/site\/en\/planos-curriculares-de-departamento\/","title":{"rendered":"Planos Curriculares de Departamento"},"content":{"rendered":"<div data-elementor-type=\"wp-page\" data-elementor-id=\"1925\" class=\"elementor elementor-1925\">\n\t\t\t\t\t\t<section class=\"elementor-section elementor-top-section elementor-element elementor-element-23c05d2 elementor-section-boxed elementor-section-height-default elementor-section-height-default\" data-id=\"23c05d2\" data-element_type=\"section\">\n\t\t\t\t\t\t<div class=\"elementor-container elementor-column-gap-default\">\n\t\t\t\t\t<div class=\"elementor-column elementor-col-100 elementor-top-column elementor-element elementor-element-480daa2\" data-id=\"480daa2\" data-element_type=\"column\">\n\t\t\t<div class=\"elementor-widget-wrap elementor-element-populated\">\n\t\t\t\t\t\t<div class=\"elementor-element elementor-element-a2ed1e1 elementor-widget elementor-widget-text-editor\" data-id=\"a2ed1e1\" data-element_type=\"widget\" data-widget_type=\"text-editor.default\">\n\t\t\t\t<div class=\"elementor-widget-container\">\n\t\t\t\t\t\t\t<blockquote>\n<h4>PLANOS CURRICULARES DE DEPARTAMENTO\u00a0<\/h4>\n<\/blockquote>\n<p><!-- \/wp:quote --><\/p>\n<p><!-- wp:paragraph --><\/p>\n<p><span style=\"font-family: var( --e-global-typography-secondary-font-family ), Sans-serif; font-weight: var( --e-global-typography-secondary-font-weight ); letter-spacing: 0.1px;\"><u>Planos curriculares:<\/u><\/span><\/p>\n<ul>\n<li>Pr\u00e9-Escolar\u00a0\u00a0(<a href=\"https:\/\/aevaledeste.pt\/site\/wp-content\/uploads\/2025\/02\/Pre-Escolar_Plano_Curricular_Departamento.pdf\" target=\"_blank\" rel=\"noopener\">aqui<\/a>)<\/li>\n<li>1.\u00ba Ciclo\u00a0(<a href=\"https:\/\/aevaledeste.pt\/site\/wp-content\/uploads\/2025\/02\/Plano-Curricular-de-Departamento-1CEB_2024-25_Com-Ingles.pdf\" target=\"_blank\" rel=\"noopener\">aqui<\/a>)<\/li>\n<li>Departamento de Express\u00f5es (<a href=\"https:\/\/aevaledeste.pt\/site\/wp-content\/uploads\/2025\/02\/PCD_EXPRESSOES_24-25_VsDef.pdf\" target=\"_blank\" rel=\"noopener\">aqui<\/a>)<\/li>\n<li><span style=\"font-family: var( --e-global-typography-secondary-font-family ), Sans-serif; font-weight: var( --e-global-typography-secondary-font-weight ); letter-spacing: 0.1px;\">Ci\u00eancias Sociais e Humanas (<a href=\"https:\/\/aevaledeste.pt\/site\/wp-content\/uploads\/2025\/02\/Plano-Curricular-Final_CSH_2024_2025.pdf\" target=\"_blank\" rel=\"noopener\">aqui<\/a>)<\/span><\/li>\n<li>Matem\u00e1tica e Ci\u00eancias Experimentais (<a href=\"https:\/\/aevaledeste.pt\/site\/wp-content\/uploads\/2025\/02\/PCD_2024_2025_Matematica-e-Ciencias-Experimentais-1.pdf\" target=\"_blank\" rel=\"noopener\">aqui<\/a>)<\/li>\n<li>L\u00ednguas e Literatura (<a href=\"https:\/\/aevaledeste.pt\/site\/wp-content\/uploads\/2025\/02\/PDC_Dept-LL_24-25_doc_unico.pdf\" target=\"_blank\" rel=\"noopener\">aqui)<\/a><\/li>\n<\/ul>\n<p><!-- \/wp:quote --><\/p>\n<p><!-- wp:paragraph --><\/p>\n<p><!-- \/wp:paragraph --><\/p>\t\t\t\t\t\t<\/div>\n\t\t\t\t<\/div>\n\t\t\t\t\t<\/div>\n\t\t<\/div>\n\t\t\t\t\t<\/div>\n\t\t<\/section>\n\t\t\t\t<\/div>","protected":false},"excerpt":{"rendered":"<p>PLANOS CURRICULARES DE DEPARTAMENTO\u00a0 Planos curriculares: Pr\u00e9-Escolar\u00a0\u00a0(aqui) 1.\u00ba Ciclo\u00a0(aqui) Departamento de Express\u00f5es (aqui) Ci\u00eancias Sociais e Humanas (aqui) Matem\u00e1tica e Ci\u00eancias Experimentais (aqui) L\u00ednguas e Literatura (aqui)<\/p>","protected":false},"author":5,"featured_media":0,"parent":0,"menu_order":0,"comment_status":"closed","ping_status":"closed","template":"","meta":{"footnotes":""},"class_list":["post-1925","page","type-page","status-publish","hentry","odd"],"yoast_head":"<!-- This site is optimized with the Yoast SEO plugin v23.7 - https:\/\/yoast.com\/wordpress\/plugins\/seo\/ -->\n<title>Planos Curriculares de Departamento - Agrupamento de Escolas de Vale D&#039;Este<\/title>\n<meta name=\"robots\" content=\"index, follow, max-snippet:-1, max-image-preview:large, max-video-preview:-1\" \/>\n<link rel=\"canonical\" href=\"https:\/\/aevaledeste.pt\/site\/en\/planos-curriculares-de-departamento\/\" \/>\n<meta property=\"og:locale\" content=\"en_US\" \/>\n<meta property=\"og:type\" content=\"article\" \/>\n<meta property=\"og:title\" content=\"Planos Curriculares de Departamento - Agrupamento de Escolas de Vale D&#039;Este\" \/>\n<meta property=\"og:description\" content=\"PLANOS CURRICULARES DE DEPARTAMENTO\u00a0 Planos curriculares: Pr\u00e9-Escolar\u00a0\u00a0(aqui) 1.\u00ba Ciclo\u00a0(aqui) Departamento de Express\u00f5es (aqui) Ci\u00eancias Sociais e Humanas (aqui) Matem\u00e1tica e Ci\u00eancias Experimentais (aqui) L\u00ednguas e Literatura (aqui)\" \/>\n<meta property=\"og:url\" content=\"https:\/\/aevaledeste.pt\/site\/en\/planos-curriculares-de-departamento\/\" \/>\n<meta property=\"og:site_name\" content=\"Agrupamento de Escolas de Vale D&#039;Este\" \/>\n<meta property=\"article:modified_time\" content=\"2025-02-04T09:44:51+00:00\" \/>\n<meta name=\"twitter:card\" content=\"summary_large_image\" \/>\n<meta name=\"twitter:label1\" content=\"Est. reading time\" \/>\n\t<meta name=\"twitter:data1\" content=\"1 minute\" \/>\n<script type=\"application\/ld+json\" class=\"yoast-schema-graph\">{\"@context\":\"https:\/\/schema.org\",\"@graph\":[{\"@type\":\"WebPage\",\"@id\":\"https:\/\/aevaledeste.pt\/site\/planos-curriculares-de-departamento\/\",\"url\":\"https:\/\/aevaledeste.pt\/site\/planos-curriculares-de-departamento\/\",\"name\":\"Planos Curriculares de Departamento - Agrupamento de Escolas de Vale D&#039;Este\",\"isPartOf\":{\"@id\":\"https:\/\/aevaledeste.pt\/site\/#website\"},\"datePublished\":\"2023-07-03T13:32:04+00:00\",\"dateModified\":\"2025-02-04T09:44:51+00:00\",\"breadcrumb\":{\"@id\":\"https:\/\/aevaledeste.pt\/site\/planos-curriculares-de-departamento\/#breadcrumb\"},\"inLanguage\":\"en-US\",\"potentialAction\":[{\"@type\":\"ReadAction\",\"target\":[\"https:\/\/aevaledeste.pt\/site\/planos-curriculares-de-departamento\/\"]}]},{\"@type\":\"BreadcrumbList\",\"@id\":\"https:\/\/aevaledeste.pt\/site\/planos-curriculares-de-departamento\/#breadcrumb\",\"itemListElement\":[{\"@type\":\"ListItem\",\"position\":1,\"name\":\"In\u00edcio\",\"item\":\"https:\/\/aevaledeste.pt\/site\/\"},{\"@type\":\"ListItem\",\"position\":2,\"name\":\"Planos Curriculares de Departamento\"}]},{\"@type\":\"WebSite\",\"@id\":\"https:\/\/aevaledeste.pt\/site\/#website\",\"url\":\"https:\/\/aevaledeste.pt\/site\/\",\"name\":\"Agrupamento de Escolas de Vale D&#039;Este\",\"description\":\"Faz a tua escolha!\",\"publisher\":{\"@id\":\"https:\/\/aevaledeste.pt\/site\/#organization\"},\"potentialAction\":[{\"@type\":\"SearchAction\",\"target\":{\"@type\":\"EntryPoint\",\"urlTemplate\":\"https:\/\/aevaledeste.pt\/site\/?s={search_term_string}\"},\"query-input\":{\"@type\":\"PropertyValueSpecification\",\"valueRequired\":true,\"valueName\":\"search_term_string\"}}],\"inLanguage\":\"en-US\"},{\"@type\":\"Organization\",\"@id\":\"https:\/\/aevaledeste.pt\/site\/#organization\",\"name\":\"Agrupamento de Escolas de Vale D&#039;Este\",\"url\":\"https:\/\/aevaledeste.pt\/site\/\",\"logo\":{\"@type\":\"ImageObject\",\"inLanguage\":\"en-US\",\"@id\":\"https:\/\/aevaledeste.pt\/site\/#\/schema\/logo\/image\/\",\"url\":\"https:\/\/aevaledeste.pt\/site\/wp-content\/uploads\/2022\/09\/1-e1664446422139.png\",\"contentUrl\":\"https:\/\/aevaledeste.pt\/site\/wp-content\/uploads\/2022\/09\/1-e1664446422139.png\",\"width\":600,\"height\":78,\"caption\":\"Agrupamento de Escolas de Vale D&#039;Este\"},\"image\":{\"@id\":\"https:\/\/aevaledeste.pt\/site\/#\/schema\/logo\/image\/\"}}]}<\/script>\n<!-- \/ Yoast SEO plugin. -->","yoast_head_json":{"title":"Planos Curriculares de Departamento - Agrupamento de Escolas de Vale D&#039;Este","robots":{"index":"index","follow":"follow","max-snippet":"max-snippet:-1","max-image-preview":"max-image-preview:large","max-video-preview":"max-video-preview:-1"},"canonical":"https:\/\/aevaledeste.pt\/site\/en\/planos-curriculares-de-departamento\/","og_locale":"en_US","og_type":"article","og_title":"Planos Curriculares de Departamento - Agrupamento de Escolas de Vale D&#039;Este","og_description":"PLANOS CURRICULARES DE DEPARTAMENTO\u00a0 Planos curriculares: Pr\u00e9-Escolar\u00a0\u00a0(aqui) 1.\u00ba Ciclo\u00a0(aqui) Departamento de Express\u00f5es (aqui) Ci\u00eancias Sociais e Humanas (aqui) Matem\u00e1tica e Ci\u00eancias Experimentais (aqui) L\u00ednguas e Literatura (aqui)","og_url":"https:\/\/aevaledeste.pt\/site\/en\/planos-curriculares-de-departamento\/","og_site_name":"Agrupamento de Escolas de Vale D&#039;Este","article_modified_time":"2025-02-04T09:44:51+00:00","twitter_card":"summary_large_image","twitter_misc":{"Est. reading time":"1 minute"},"schema":{"@context":"https:\/\/schema.org","@graph":[{"@type":"WebPage","@id":"https:\/\/aevaledeste.pt\/site\/planos-curriculares-de-departamento\/","url":"https:\/\/aevaledeste.pt\/site\/planos-curriculares-de-departamento\/","name":"Planos Curriculares de Departamento - Agrupamento de Escolas de Vale D&#039;Este","isPartOf":{"@id":"https:\/\/aevaledeste.pt\/site\/#website"},"datePublished":"2023-07-03T13:32:04+00:00","dateModified":"2025-02-04T09:44:51+00:00","breadcrumb":{"@id":"https:\/\/aevaledeste.pt\/site\/planos-curriculares-de-departamento\/#breadcrumb"},"inLanguage":"en-US","potentialAction":[{"@type":"ReadAction","target":["https:\/\/aevaledeste.pt\/site\/planos-curriculares-de-departamento\/"]}]},{"@type":"BreadcrumbList","@id":"https:\/\/aevaledeste.pt\/site\/planos-curriculares-de-departamento\/#breadcrumb","itemListElement":[{"@type":"ListItem","position":1,"name":"In\u00edcio","item":"https:\/\/aevaledeste.pt\/site\/"},{"@type":"ListItem","position":2,"name":"Planos Curriculares de Departamento"}]},{"@type":"WebSite","@id":"https:\/\/aevaledeste.pt\/site\/#website","url":"https:\/\/aevaledeste.pt\/site\/","name":"Agrupamento de Escolas de Vale D&#039;Este","description":"Faz a tua escolha!","publisher":{"@id":"https:\/\/aevaledeste.pt\/site\/#organization"},"potentialAction":[{"@type":"SearchAction","target":{"@type":"EntryPoint","urlTemplate":"https:\/\/aevaledeste.pt\/site\/?s={search_term_string}"},"query-input":{"@type":"PropertyValueSpecification","valueRequired":true,"valueName":"search_term_string"}}],"inLanguage":"en-US"},{"@type":"Organization","@id":"https:\/\/aevaledeste.pt\/site\/#organization","name":"Agrupamento de Escolas de Vale D&#039;Este","url":"https:\/\/aevaledeste.pt\/site\/","logo":{"@type":"ImageObject","inLanguage":"en-US","@id":"https:\/\/aevaledeste.pt\/site\/#\/schema\/logo\/image\/","url":"https:\/\/aevaledeste.pt\/site\/wp-content\/uploads\/2022\/09\/1-e1664446422139.png","contentUrl":"https:\/\/aevaledeste.pt\/site\/wp-content\/uploads\/2022\/09\/1-e1664446422139.png","width":600,"height":78,"caption":"Agrupamento de Escolas de Vale D&#039;Este"},"image":{"@id":"https:\/\/aevaledeste.pt\/site\/#\/schema\/logo\/image\/"}}]}},"_links":{"self":[{"href":"https:\/\/aevaledeste.pt\/site\/en\/wp-json\/wp\/v2\/pages\/1925","targetHints":{"allow":["GET"]}}],"collection":[{"href":"https:\/\/aevaledeste.pt\/site\/en\/wp-json\/wp\/v2\/pages"}],"about":[{"href":"https:\/\/aevaledeste.pt\/site\/en\/wp-json\/wp\/v2\/types\/page"}],"author":[{"embeddable":true,"href":"https:\/\/aevaledeste.pt\/site\/en\/wp-json\/wp\/v2\/users\/5"}],"replies":[{"embeddable":true,"href":"https:\/\/aevaledeste.pt\/site\/en\/wp-json\/wp\/v2\/comments?post=1925"}],"version-history":[{"count":19,"href":"https:\/\/aevaledeste.pt\/site\/en\/wp-json\/wp\/v2\/pages\/1925\/revisions"}],"predecessor-version":[{"id":6300,"href":"https:\/\/aevaledeste.pt\/site\/en\/wp-json\/wp\/v2\/pages\/1925\/revisions\/6300"}],"wp:attachment":[{"href":"https:\/\/aevaledeste.pt\/site\/en\/wp-json\/wp\/v2\/media?parent=1925"}],"curies":[{"name":"wp","href":"https:\/\/api.w.org\/{rel}","templated":true}]}}