{"id":1284,"date":"2022-11-21T23:04:21","date_gmt":"2022-11-21T23:04:21","guid":{"rendered":"https:\/\/testevaledeste.pt\/angela\/?page_id=1284"},"modified":"2025-02-24T23:36:40","modified_gmt":"2025-02-24T23:36:40","slug":"eqavet_informacao_stakeholders","status":"publish","type":"page","link":"https:\/\/aevaledeste.pt\/site\/en\/eqavet_informacao_stakeholders\/","title":{"rendered":"EQAVET_Informacao_stakeholders"},"content":{"rendered":"<div data-elementor-type=\"wp-page\" data-elementor-id=\"1284\" class=\"elementor elementor-1284\">\n\t\t\t\t\t\t<section class=\"elementor-section elementor-top-section elementor-element elementor-element-68a6da79 elementor-section-boxed elementor-section-height-default elementor-section-height-default\" data-id=\"68a6da79\" data-element_type=\"section\">\n\t\t\t\t\t\t<div class=\"elementor-container elementor-column-gap-default\">\n\t\t\t\t\t<div class=\"elementor-column elementor-col-100 elementor-top-column elementor-element elementor-element-4c036a1f\" data-id=\"4c036a1f\" data-element_type=\"column\">\n\t\t\t<div class=\"elementor-widget-wrap elementor-element-populated\">\n\t\t\t\t\t\t<div class=\"elementor-element elementor-element-5545584f elementor-widget elementor-widget-text-editor\" data-id=\"5545584f\" data-element_type=\"widget\" data-widget_type=\"text-editor.default\">\n\t\t\t\t<div class=\"elementor-widget-container\">\n\t\t\t\t\t\t\t<blockquote>\n<h4>INFORMA\u00c7\u00c3O AOS STAKEHOLDERS<\/h4>\n<\/blockquote>\n<p><!-- \/wp:quote --><\/p>\n<p><!-- wp:paragraph --><\/p>\n<p><a href=\"https:\/\/aevaledeste.pt\/site\/en\/eqavet_relatorios\/\" target=\"_blank\" rel=\"noopener\">Relat\u00f3rios EQAVET\u00a0<\/a><\/p>\n<hr \/>\n<p><a href=\"https:\/\/aevaledeste.pt\/site\/wp-content\/uploads\/2023\/09\/SPO_EQAVET_TO_2022_2023.pdf\" target=\"_blank\" rel=\"noopener\">T\u00e9cnico de Opera\u00e7\u00f5es\u00a0 Tur\u00edsticas &#8211; Origem dos alunos<\/a><\/p>\n<hr \/>\n<p><a href=\"https:\/\/aevaledeste.pt\/site\/wp-content\/uploads\/2023\/09\/SPO_EQAVET_InfDes_2021_2022.pdf\" target=\"_blank\" rel=\"noopener\">T\u00e9cnico de Inform\u00e1tica &#8211; Sistemas \/ T\u00e9cnico de Desporto &#8211; Origem dos alunos<\/a><\/p>\n<hr \/>\n<p><a href=\"https:\/\/aevaledeste.pt\/site\/wp-content\/uploads\/2023\/09\/noticia_atribuicao_selo_qualidade_2021.pdf\" target=\"_blank\" rel=\"noopener\">Processo EQAVET 2021: Atribui\u00e7\u00e3o do selo de qualidade ao\u00a0Agrupamento de Escolas de Vale D&#8217;Este<\/a><\/p>\n<hr \/>\n<p><a href=\"https:\/\/aevaledeste.pt\/site\/wp-content\/uploads\/2023\/09\/relatorio_sessao_publica.pdf\" target=\"_blank\" rel=\"noopener\">Relat\u00f3rio da Sess\u00e3o P\u00fablica 2022<\/a><\/p>\n<hr \/>\n<p><a href=\"https:\/\/aevaledeste.pt\/site\/wp-content\/uploads\/2023\/09\/relatorio_final_EQAVET_2021.pdf\" target=\"_blank\" rel=\"noopener\">Relat\u00f3rio Final EQAVET 2021<\/a><\/p>\n<hr \/>\n<p><a href=\"https:\/\/aevaledeste.pt\/site\/wp-content\/uploads\/2023\/09\/Relatorio_Progresso_Anual2021_vf.pdf\" target=\"_blank\" rel=\"noopener\">Relat\u00f3rio de Progresso Anual<\/a><\/p>\n<hr \/>\n<p><a href=\"https:\/\/aevaledeste.pt\/site\/wp-content\/uploads\/2023\/09\/Doc_Base_Vale_DEste_2020.pdf\" target=\"_blank\" rel=\"noopener\">Documento Base<\/a><\/p>\n<hr \/>\n<p><a href=\"https:\/\/aevaledeste.pt\/site\/wp-content\/uploads\/2023\/09\/Plano_acao_AEValeDEste_2020.pdf\" target=\"_blank\" rel=\"noopener\">Plano de A\u00e7\u00e3o<\/a><\/p>\n<hr \/>\n<p><a href=\"https:\/\/drive.google.com\/drive\/folders\/15raALtpKe-wH9zpfm0WFhEDQPWifh_Z1?usp=sharing\" target=\"_blank\" rel=\"noopener\">Resultados<\/a><\/p>\n<hr \/>\n<p><a href=\"https:\/\/aevaledeste.pt\/site\/wp-content\/uploads\/2023\/09\/Relatorio_Operador_AEValeDEste_2020_vf.pdf\" target=\"_blank\" rel=\"noopener\">Relat\u00f3rio do Operador<\/a><\/p>\n<hr \/>\n<p><a href=\"https:\/\/aevaledeste.pt\/site\/wp-content\/uploads\/2024\/05\/relatorio_sessao_publica-2024_alterado.pdf\" target=\"_blank\" rel=\"noopener\">Relat\u00f3rio da Sess\u00e3o P\u00fablica 2024<\/a><\/p>\n<hr \/>\n<p><a href=\"https:\/\/aevaledeste.pt\/site\/wp-content\/uploads\/2025\/02\/noticia_renovacao_selo_qualidade_2025.pdf\" target=\"_blank\" rel=\"noopener\">Processo EQAVET &#8211; Renova\u00e7\u00e3o do Selo de Qualidade 2025<\/a><\/p>\n<hr \/>\n<p><a href=\"https:\/\/aevaledeste.pt\/site\/wp-content\/uploads\/2025\/02\/2025_relatorio-final-2025.pdf\" target=\"_blank\" rel=\"noopener\">Relat\u00f3rio Final de Verifica\u00e7\u00e3o EQAVET &#8211; 2025<\/a><\/p>\n<p>\u00a0<\/p>\n<p><!-- \/wp:quote --><\/p>\n<p><!-- wp:paragraph --><\/p>\n<p><!-- \/wp:paragraph --><\/p>\t\t\t\t\t\t<\/div>\n\t\t\t\t<\/div>\n\t\t\t\t\t<\/div>\n\t\t<\/div>\n\t\t\t\t\t<\/div>\n\t\t<\/section>\n\t\t\t\t<section class=\"elementor-section elementor-top-section elementor-element elementor-element-4170d65 elementor-section-boxed elementor-section-height-default elementor-section-height-default\" data-id=\"4170d65\" data-element_type=\"section\">\n\t\t\t\t\t\t<div class=\"elementor-container elementor-column-gap-default\">\n\t\t\t\t\t<div class=\"elementor-column elementor-col-100 elementor-top-column elementor-element elementor-element-2288e1f\" data-id=\"2288e1f\" data-element_type=\"column\">\n\t\t\t<div class=\"elementor-widget-wrap elementor-element-populated\">\n\t\t\t\t\t\t<div class=\"elementor-element elementor-element-59e2207 elementor-widget elementor-widget-text-editor\" data-id=\"59e2207\" data-element_type=\"widget\" data-widget_type=\"text-editor.default\">\n\t\t\t\t<div class=\"elementor-widget-container\">\n\t\t\t\t\t\t\t<p><!-- wp:paragraph --><\/p>\n<blockquote>\n<h4>OFERTA FORMATIVA<\/h4>\n<\/blockquote>\n<p><!-- \/wp:quote --><\/p>\n<p><!-- wp:paragraph --><\/p>\n<p><span style=\"text-decoration: underline;\"><strong>T\u00e9cnico de Multim\u00e9dia: 2023-2026<\/strong><\/span><\/p>\n<ul>\n<li><a href=\"https:\/\/drive.google.com\/drive\/folders\/1D4rwk-xwhOIlCjnRceqBw3fwQMSEy31X?usp=sharing\" target=\"_blank\" rel=\"noopener\">Projeto Integrador<\/a><\/li>\n<li><a href=\"https:\/\/drive.google.com\/drive\/folders\/1t7d07Unr7VKudgows7XfT7bePXKJkwFu?usp=sharing\" target=\"_blank\" rel=\"noopener\">Inqu\u00e9ritos de satisfa\u00e7\u00e3o<\/a><\/li>\n<li><a href=\"https:\/\/drive.google.com\/drive\/folders\/19vufE7zNtIOVguy9RbXjUH0GDGap5wMz?usp=sharing\" target=\"_blank\" rel=\"noopener\">Relat\u00f3rios de atividades<\/a><\/li>\n<\/ul>\n<p><span style=\"text-decoration: underline;\"><strong>T\u00e9cnico de Opera\u00e7\u00f5es Tur\u00edsticas: 2022-2025<\/strong><\/span><\/p>\n<ul>\n<li><a href=\"https:\/\/drive.google.com\/drive\/folders\/1F-S_SQYe3XmMF0N6A769nPRLpx7d6jm0?usp=sharing\" target=\"_blank\" rel=\"noopener\">Projeto Integrador<\/a><\/li>\n<li><a href=\"https:\/\/drive.google.com\/drive\/folders\/1agZGAGKgVtW8UY9cMzbdfAwXrm-icLKU?usp=sharing\" target=\"_blank\" rel=\"noopener\">Inqu\u00e9ritos de satisfa\u00e7\u00e3o<\/a><\/li>\n<li><a href=\"https:\/\/drive.google.com\/drive\/folders\/1qrdqNM48bn1ZtNrYRZW6geTJO_o30OD_?usp=sharing\" target=\"_blank\" rel=\"noopener\">Relat\u00f3rios de atividades<\/a><\/li>\n<\/ul>\n<p><span style=\"text-decoration: underline;\"><strong>T\u00e9cnico de Inform\u00e1tica &#8211; Sistemas\/T\u00e9cnico de Desporto: 2021-2024<\/strong><\/span><\/p>\n<ul>\n<li><a href=\"https:\/\/drive.google.com\/drive\/folders\/1gCEi6CfmVp2BrzpIRA-tFeLCVD-Xpa0F?usp=sharing\" target=\"_blank\" rel=\"noopener\">Projeto Integrador<\/a><\/li>\n<li><a href=\"https:\/\/drive.google.com\/drive\/folders\/1KBNQzR32d9vJffGnrPO2k9TAwJNYZNXa?usp=sharing\" target=\"_blank\" rel=\"noopener\">Inqu\u00e9ritos de Satisfa\u00e7\u00e3o<\/a><\/li>\n<li><a href=\"https:\/\/drive.google.com\/drive\/folders\/1lc1dwvG79S6C7O0XyGRoA7m-WqTgKBvN?usp=sharing\" target=\"_blank\" rel=\"noopener\">Relat\u00f3rios de atividades<\/a><\/li>\n<\/ul>\n<p><span style=\"text-decoration: underline;\"><strong>T\u00e9cnico de Multim\u00e9dia: 2020-2023<\/strong><\/span><\/p>\n<ul>\n<li><a href=\"https:\/\/drive.google.com\/drive\/folders\/1FL4pnshjMOZxZ-BTsliGHvCRDqb_wwA9?usp=sharing\">Projeto Integrador<\/a><\/li>\n<li><a href=\"https:\/\/drive.google.com\/drive\/folders\/1Xp7qxqzrq_3K36aNNYmF6HqUj2yWU3eG?usp=sharing\">Inqu\u00e9ritos de satisfa\u00e7\u00e3o<\/a><\/li>\n<li><a href=\"https:\/\/drive.google.com\/drive\/folders\/11XzOZoBRvUeBgZwHFD1w_mGVG3b3885Y?usp=sharing\">Relat\u00f3rios das atividades<\/a><\/li>\n<\/ul>\n<p><span style=\"text-decoration: underline;\"><strong>T\u00e9cnico de Opera\u00e7\u00f5es Tur\u00edsticas: 2019-2022<\/strong><\/span><\/p>\n<ul>\n<li><a href=\"https:\/\/drive.google.com\/drive\/folders\/1ix6ZEDkMNATgS19W1qL9Lg_4lLCzfn7H?usp=sharing\" target=\"_blank\" rel=\"noopener\">Projeto Integrador<\/a><\/li>\n<li><a href=\"https:\/\/drive.google.com\/drive\/folders\/1KsBQTOsLDwpit216o2ysuooh_NchZ649?usp=sharing\">Inqu\u00e9ritos de Satisfa\u00e7\u00e3o<\/a><\/li>\n<li><a href=\"https:\/\/aevaledeste.pt\/site\/wp-content\/uploads\/2023\/10\/Relatorio-Sessao-antigos-alunos-Turismo.pdf\" target=\"_blank\" rel=\"noopener\">Sess\u00e3o Antigos Alunos<\/a><\/li>\n<\/ul>\n<p><span style=\"text-decoration: underline;\"><strong>T\u00e9cnico de Desporto: 2018-2021<\/strong><\/span><\/p>\n<ul>\n<li><a href=\"https:\/\/drive.google.com\/drive\/folders\/1lr1DUF4tfkicHBT2FeqzaMmFIgOGsHlS?usp=sharing\">Inqu\u00e9ritos de Satisfa\u00e7\u00e3o<\/a><\/li>\n<\/ul>\n<p><!-- \/wp:quote --><\/p>\n<p><!-- wp:paragraph --><\/p>\n<p><!-- \/wp:paragraph --><\/p>\t\t\t\t\t\t<\/div>\n\t\t\t\t<\/div>\n\t\t\t\t\t<\/div>\n\t\t<\/div>\n\t\t\t\t\t<\/div>\n\t\t<\/section>\n\t\t\t\t<\/div>","protected":false},"excerpt":{"rendered":"<p>INFORMA\u00c7\u00c3O AOS STAKEHOLDERS Relat\u00f3rios EQAVET\u00a0 T\u00e9cnico de Opera\u00e7\u00f5es\u00a0 Tur\u00edsticas &#8211; Origem dos alunos T\u00e9cnico de Inform\u00e1tica &#8211; Sistemas \/ T\u00e9cnico de Desporto &#8211; Origem dos alunos Processo EQAVET 2021: Atribui\u00e7\u00e3o do selo de qualidade ao\u00a0Agrupamento de Escolas de Vale D&#8217;Este Relat\u00f3rio da Sess\u00e3o P\u00fablica 2022&nbsp;<a href=\"https:\/\/aevaledeste.pt\/site\/en\/eqavet_informacao_stakeholders\/\">&hellip;<\/a><\/p>","protected":false},"author":5,"featured_media":0,"parent":0,"menu_order":0,"comment_status":"closed","ping_status":"closed","template":"","meta":{"footnotes":""},"class_list":["post-1284","page","type-page","status-publish","hentry","odd"],"yoast_head":"<!-- This site is optimized with the Yoast SEO plugin v23.7 - https:\/\/yoast.com\/wordpress\/plugins\/seo\/ -->\n<title>EQAVET_Informacao_stakeholders - Agrupamento de Escolas de Vale D&#039;Este<\/title>\n<meta name=\"robots\" content=\"index, follow, max-snippet:-1, max-image-preview:large, max-video-preview:-1\" \/>\n<link rel=\"canonical\" href=\"https:\/\/aevaledeste.pt\/site\/en\/eqavet_informacao_stakeholders\/\" \/>\n<meta property=\"og:locale\" content=\"en_US\" \/>\n<meta property=\"og:type\" content=\"article\" \/>\n<meta property=\"og:title\" content=\"EQAVET_Informacao_stakeholders - Agrupamento de Escolas de Vale D&#039;Este\" \/>\n<meta property=\"og:description\" content=\"INFORMA\u00c7\u00c3O AOS STAKEHOLDERS Relat\u00f3rios EQAVET\u00a0 T\u00e9cnico de Opera\u00e7\u00f5es\u00a0 Tur\u00edsticas &#8211; Origem dos alunos T\u00e9cnico de Inform\u00e1tica &#8211; Sistemas \/ T\u00e9cnico de Desporto &#8211; Origem dos alunos Processo EQAVET 2021: Atribui\u00e7\u00e3o do selo de qualidade ao\u00a0Agrupamento de Escolas de Vale D&#8217;Este Relat\u00f3rio da Sess\u00e3o P\u00fablica 2022&nbsp;&hellip;\" \/>\n<meta property=\"og:url\" content=\"https:\/\/aevaledeste.pt\/site\/en\/eqavet_informacao_stakeholders\/\" \/>\n<meta property=\"og:site_name\" content=\"Agrupamento de Escolas de Vale D&#039;Este\" \/>\n<meta property=\"article:modified_time\" content=\"2025-02-24T23:36:40+00:00\" \/>\n<meta name=\"twitter:card\" content=\"summary_large_image\" \/>\n<meta name=\"twitter:label1\" content=\"Est. reading time\" \/>\n\t<meta name=\"twitter:data1\" content=\"1 minute\" \/>\n<script type=\"application\/ld+json\" class=\"yoast-schema-graph\">{\"@context\":\"https:\/\/schema.org\",\"@graph\":[{\"@type\":\"WebPage\",\"@id\":\"https:\/\/aevaledeste.pt\/site\/eqavet_informacao_stakeholders\/\",\"url\":\"https:\/\/aevaledeste.pt\/site\/eqavet_informacao_stakeholders\/\",\"name\":\"EQAVET_Informacao_stakeholders - Agrupamento de Escolas de Vale D&#039;Este\",\"isPartOf\":{\"@id\":\"https:\/\/aevaledeste.pt\/site\/#website\"},\"datePublished\":\"2022-11-21T23:04:21+00:00\",\"dateModified\":\"2025-02-24T23:36:40+00:00\",\"breadcrumb\":{\"@id\":\"https:\/\/aevaledeste.pt\/site\/eqavet_informacao_stakeholders\/#breadcrumb\"},\"inLanguage\":\"en-US\",\"potentialAction\":[{\"@type\":\"ReadAction\",\"target\":[\"https:\/\/aevaledeste.pt\/site\/eqavet_informacao_stakeholders\/\"]}]},{\"@type\":\"BreadcrumbList\",\"@id\":\"https:\/\/aevaledeste.pt\/site\/eqavet_informacao_stakeholders\/#breadcrumb\",\"itemListElement\":[{\"@type\":\"ListItem\",\"position\":1,\"name\":\"In\u00edcio\",\"item\":\"https:\/\/aevaledeste.pt\/site\/\"},{\"@type\":\"ListItem\",\"position\":2,\"name\":\"EQAVET_Informacao_stakeholders\"}]},{\"@type\":\"WebSite\",\"@id\":\"https:\/\/aevaledeste.pt\/site\/#website\",\"url\":\"https:\/\/aevaledeste.pt\/site\/\",\"name\":\"Agrupamento de Escolas de Vale D&#039;Este\",\"description\":\"Faz a tua escolha!\",\"publisher\":{\"@id\":\"https:\/\/aevaledeste.pt\/site\/#organization\"},\"potentialAction\":[{\"@type\":\"SearchAction\",\"target\":{\"@type\":\"EntryPoint\",\"urlTemplate\":\"https:\/\/aevaledeste.pt\/site\/?s={search_term_string}\"},\"query-input\":{\"@type\":\"PropertyValueSpecification\",\"valueRequired\":true,\"valueName\":\"search_term_string\"}}],\"inLanguage\":\"en-US\"},{\"@type\":\"Organization\",\"@id\":\"https:\/\/aevaledeste.pt\/site\/#organization\",\"name\":\"Agrupamento de Escolas de Vale D&#039;Este\",\"url\":\"https:\/\/aevaledeste.pt\/site\/\",\"logo\":{\"@type\":\"ImageObject\",\"inLanguage\":\"en-US\",\"@id\":\"https:\/\/aevaledeste.pt\/site\/#\/schema\/logo\/image\/\",\"url\":\"https:\/\/aevaledeste.pt\/site\/wp-content\/uploads\/2022\/09\/1-e1664446422139.png\",\"contentUrl\":\"https:\/\/aevaledeste.pt\/site\/wp-content\/uploads\/2022\/09\/1-e1664446422139.png\",\"width\":600,\"height\":78,\"caption\":\"Agrupamento de Escolas de Vale D&#039;Este\"},\"image\":{\"@id\":\"https:\/\/aevaledeste.pt\/site\/#\/schema\/logo\/image\/\"}}]}<\/script>\n<!-- \/ Yoast SEO plugin. -->","yoast_head_json":{"title":"EQAVET_Informacao_stakeholders - Agrupamento de Escolas de Vale D&#039;Este","robots":{"index":"index","follow":"follow","max-snippet":"max-snippet:-1","max-image-preview":"max-image-preview:large","max-video-preview":"max-video-preview:-1"},"canonical":"https:\/\/aevaledeste.pt\/site\/en\/eqavet_informacao_stakeholders\/","og_locale":"en_US","og_type":"article","og_title":"EQAVET_Informacao_stakeholders - Agrupamento de Escolas de Vale D&#039;Este","og_description":"INFORMA\u00c7\u00c3O AOS STAKEHOLDERS Relat\u00f3rios EQAVET\u00a0 T\u00e9cnico de Opera\u00e7\u00f5es\u00a0 Tur\u00edsticas &#8211; Origem dos alunos T\u00e9cnico de Inform\u00e1tica &#8211; Sistemas \/ T\u00e9cnico de Desporto &#8211; Origem dos alunos Processo EQAVET 2021: Atribui\u00e7\u00e3o do selo de qualidade ao\u00a0Agrupamento de Escolas de Vale D&#8217;Este Relat\u00f3rio da Sess\u00e3o P\u00fablica 2022&nbsp;&hellip;","og_url":"https:\/\/aevaledeste.pt\/site\/en\/eqavet_informacao_stakeholders\/","og_site_name":"Agrupamento de Escolas de Vale D&#039;Este","article_modified_time":"2025-02-24T23:36:40+00:00","twitter_card":"summary_large_image","twitter_misc":{"Est. reading time":"1 minute"},"schema":{"@context":"https:\/\/schema.org","@graph":[{"@type":"WebPage","@id":"https:\/\/aevaledeste.pt\/site\/eqavet_informacao_stakeholders\/","url":"https:\/\/aevaledeste.pt\/site\/eqavet_informacao_stakeholders\/","name":"EQAVET_Informacao_stakeholders - Agrupamento de Escolas de Vale D&#039;Este","isPartOf":{"@id":"https:\/\/aevaledeste.pt\/site\/#website"},"datePublished":"2022-11-21T23:04:21+00:00","dateModified":"2025-02-24T23:36:40+00:00","breadcrumb":{"@id":"https:\/\/aevaledeste.pt\/site\/eqavet_informacao_stakeholders\/#breadcrumb"},"inLanguage":"en-US","potentialAction":[{"@type":"ReadAction","target":["https:\/\/aevaledeste.pt\/site\/eqavet_informacao_stakeholders\/"]}]},{"@type":"BreadcrumbList","@id":"https:\/\/aevaledeste.pt\/site\/eqavet_informacao_stakeholders\/#breadcrumb","itemListElement":[{"@type":"ListItem","position":1,"name":"In\u00edcio","item":"https:\/\/aevaledeste.pt\/site\/"},{"@type":"ListItem","position":2,"name":"EQAVET_Informacao_stakeholders"}]},{"@type":"WebSite","@id":"https:\/\/aevaledeste.pt\/site\/#website","url":"https:\/\/aevaledeste.pt\/site\/","name":"Agrupamento de Escolas de Vale D&#039;Este","description":"Faz a tua escolha!","publisher":{"@id":"https:\/\/aevaledeste.pt\/site\/#organization"},"potentialAction":[{"@type":"SearchAction","target":{"@type":"EntryPoint","urlTemplate":"https:\/\/aevaledeste.pt\/site\/?s={search_term_string}"},"query-input":{"@type":"PropertyValueSpecification","valueRequired":true,"valueName":"search_term_string"}}],"inLanguage":"en-US"},{"@type":"Organization","@id":"https:\/\/aevaledeste.pt\/site\/#organization","name":"Agrupamento de Escolas de Vale D&#039;Este","url":"https:\/\/aevaledeste.pt\/site\/","logo":{"@type":"ImageObject","inLanguage":"en-US","@id":"https:\/\/aevaledeste.pt\/site\/#\/schema\/logo\/image\/","url":"https:\/\/aevaledeste.pt\/site\/wp-content\/uploads\/2022\/09\/1-e1664446422139.png","contentUrl":"https:\/\/aevaledeste.pt\/site\/wp-content\/uploads\/2022\/09\/1-e1664446422139.png","width":600,"height":78,"caption":"Agrupamento de Escolas de Vale D&#039;Este"},"image":{"@id":"https:\/\/aevaledeste.pt\/site\/#\/schema\/logo\/image\/"}}]}},"_links":{"self":[{"href":"https:\/\/aevaledeste.pt\/site\/en\/wp-json\/wp\/v2\/pages\/1284","targetHints":{"allow":["GET"]}}],"collection":[{"href":"https:\/\/aevaledeste.pt\/site\/en\/wp-json\/wp\/v2\/pages"}],"about":[{"href":"https:\/\/aevaledeste.pt\/site\/en\/wp-json\/wp\/v2\/types\/page"}],"author":[{"embeddable":true,"href":"https:\/\/aevaledeste.pt\/site\/en\/wp-json\/wp\/v2\/users\/5"}],"replies":[{"embeddable":true,"href":"https:\/\/aevaledeste.pt\/site\/en\/wp-json\/wp\/v2\/comments?post=1284"}],"version-history":[{"count":59,"href":"https:\/\/aevaledeste.pt\/site\/en\/wp-json\/wp\/v2\/pages\/1284\/revisions"}],"predecessor-version":[{"id":6522,"href":"https:\/\/aevaledeste.pt\/site\/en\/wp-json\/wp\/v2\/pages\/1284\/revisions\/6522"}],"wp:attachment":[{"href":"https:\/\/aevaledeste.pt\/site\/en\/wp-json\/wp\/v2\/media?parent=1284"}],"curies":[{"name":"wp","href":"https:\/\/api.w.org\/{rel}","templated":true}]}}